{"id":2748,"date":"2017-12-18T18:31:36","date_gmt":"2017-12-18T18:31:36","guid":{"rendered":"http:\/\/biblian.is\/gudbrandsbiblia\/onnur-mosebok-6-kafli\/"},"modified":"2017-12-18T18:31:36","modified_gmt":"2017-12-18T18:31:36","slug":"onnur-mosebok-6-kafli","status":"publish","type":"page","link":"https:\/\/biblian.is\/gudbrandsbiblia\/onnur-mosebok-6-kafli\/","title":{"rendered":"\u00d6nnur M\u00f3seb\u00f3k 6. kafli"},"content":{"rendered":"<p>Gu\u00f0 tala\u00f0i vi\u00f0 M\u00f3sen og sag\u00f0i til hans: &#8222;\u00c9g er Drottinn. Og \u00e9g vitra\u00f0ist Abraham, \u00cdsak og Jakob, a\u00f0 \u00e9g vilda vera \u00feeirra Alm\u00e1ttigur Gu\u00f0. En mitt nafn, Drottinn, hef \u00e9g ekki opinbera\u00f0 \u00feeim. \u00c9g hefi og so uppreist minn s\u00e1ttm\u00e1la vi\u00f0 \u00fe\u00e1 og h\u00e9t \u00e9g a\u00f0 gefa \u00feeim Kanaansland, \u00feeirra umfer\u00f0arland \u00ed hverju \u00feeir hafa veri\u00f0 framandi. So og hefi \u00e9g heyrt s\u00fdting \u00cdsraelssona, hverja Egyptarnir \u00fevinga me\u00f0 st\u00f3rum \u00fer\u00e6ld\u00f3mi, og \u00e9g minnist \u00e1 minn s\u00e1ttm\u00e1la.<\/p>\n<p>\t\u00dear fyrir, seg\u00f0u so \u00cdsraelssonum: \u00c9g er Drottinn og \u00e9g vil \u00fatlei\u00f0a y\u00f0ur fr\u00e1 \u00fer\u00e6ld\u00f3mi egypskra manna og frelsa y\u00f0ur af y\u00f0ar \u00feyngslum og endurleysa y\u00f0ur me\u00f0 \u00fatr\u00e9ttum armlegg og st\u00f3rum d\u00f3mi. Og \u00e9g vil taka y\u00f0ur m\u00e9r til l\u00fd\u00f0s og \u00e9g vil vera y\u00f0ar Gu\u00f0, svo a\u00f0 \u00fe\u00e9r skulu\u00f0 vita a\u00f0 \u00e9g er Drottinn, y\u00f0ar Gu\u00f0, sem \u00fat hefur leitt y\u00f0ur fr\u00e1 egypskra manna \u00fer\u00e6ld\u00f3mi og innleiddi y\u00f0ur \u00ed \u00fea\u00f0 land, yfir hvert \u00e9g <span class=\"athugasemd\" title=\"a \/ (Upph\u00f3f) \/ \u00c9g h\u00e9t me\u00f0 ei\u00f0i \/ \u00fat supra Gen. Xxis (???)\">[<\/span> upph\u00f3f m\u00edna h\u00f6nd, a\u00f0 \u00e9g g\u00e6fi \u00fea\u00f0 Abraham, \u00cdsak og Jakob, \u00fea\u00f0 vil \u00e9g gefa y\u00f0ur til eignar. \u00c9g er Drottinn.&#8220; \u00deetta sag\u00f0i M\u00f3ses \u00cdsraelssonum. En \u00feeir hl\u00fdddu honum ekki fyrir hugarangist og h\u00f6r\u00f0um \u00fer\u00e6ld\u00f3mi.<\/p>\n<p>\t\u00de\u00e1 tala\u00f0i Drottinn vi\u00f0 M\u00f3sen og sag\u00f0i: &#8222;Far \u00fe\u00fa inn og tala vi\u00f0 fara\u00f3nem Egyptalands k\u00f3ng a\u00f0 hann leyfi \u00cdsraelssonum a\u00f0 fara af s\u00ednu landi.&#8220; M\u00f3ses tala\u00f0i fyrir Drottni og sag\u00f0i: &#8222;Sj\u00e1, \u00cdsraelssynir hl\u00fd\u00f0a m\u00e9r ekki. Hvernin skyldi \u00fe\u00e1 fara\u00f3 hl\u00fd\u00f0a m\u00e9r? \u00dear me\u00f0 er \u00e9g me\u00f0 <span class=\"athugasemd\" title=\"b \/ (\u00d3umskornum) \/ \u00dea\u00f0 er, \u00f3m\u00e1lsnjallur\">[<\/span> \u00f3umskornum v\u00f6rum.&#8220; So tala\u00f0i Drottinn me\u00f0 M\u00f3sen og Aron og gaf \u00feeim b\u00edfalning til \u00cdsraelssona og til fara\u00f3nem k\u00f3ngsins \u00ed Egyptalandi a\u00f0 \u00feeir leiddu \u00cdsraelssonu burt \u00far Egyptalandi.<\/p>\n<p>\t\u00deessir eru h\u00f6f\u00f0ingja \u00ed s\u00e9rhverri \u00e6ttkv\u00edsl fe\u00f0ranna: Synir R\u00faben, \u00feess frumgetna sonar \u00cdsraels eru \u00feessir: Henok, Pall\u00fa, Hesron, Karm\u00ed. <span class=\"athugasemd\" title=\"Synir R\u00faben\">[<\/span> \u00deessir eru kyn\u00fe\u00e6ttir komnir af R\u00faben. S\u00edmeons synir eru \u00feessir: Jem\u00fael, Jam\u00edn, \u00d3had, Jak\u00edn, S\u00f3har og S\u00e1l, sonur \u00feeirrar kanversku kvinnu. <span class=\"athugasemd\" title=\"Synir S\u00edmeon\">[<\/span> \u00deetta er S\u00edmeons \u00e6ttkv\u00edsl.<\/p>\n<p>\t\u00deessi eru sonan\u00f6fn Lev\u00ed \u00ed \u00feeirra \u00e6ttkv\u00edsl: Gerson, Kahat og Merar\u00ed. <span class=\"athugasemd\" title=\"Synir Lev\u00ed\">[<\/span> En Lev\u00ed var\u00f0 hundra\u00f0 sj\u00f6 og \u00ferj\u00e1tygu \u00e1ra gamall. Synir Gerson eru \u00feessir: L\u00edbn\u00ed og S\u00edmei me\u00f0 s\u00ednum \u00e6ttkv\u00edslum. \u00deessir eru Kahat synir: Amram, Jesehar, Hebron, \u00das\u00edel. Og Kahat var\u00f0 hundra\u00f0 \u00ferj\u00fa og \u00ferj\u00e1tyu <span class=\"athugasemd\" title=\"svo\">[<\/span> \u00e1ra gamall. \u00deessir Merar\u00ed synir: Mahel\u00ed og M\u00fas\u00ed. \u00deessir eru komnir af Lev\u00ed me\u00f0 s\u00ednum \u00e6ttkv\u00edslum. Og Amram t\u00f3k s\u00edna f\u00f6\u00f0urs systir J\u00f3kebed s\u00e9r til eiginkvinnu. <span class=\"athugasemd\" title=\"Amram fa\u00f0ir M\u00f3ses og Arons\">[<\/span> Og h\u00fan gat vi\u00f0 honum Aron og M\u00f3se. En Amram var\u00f0 hundra\u00f0 sj\u00f6 og \u00ferj\u00e1tygu \u00e1ra gamall. \u00deessir eru Jesears synir: K\u00f3ra, Nefeg, S\u00edkr\u00ed. \u00das\u00edels synir eru \u00feessir: M\u00edsael, Elsafan, S\u00edtr\u00ed.<\/p>\n<p>\tAron \u00e1tti El\u00edsabet, d\u00f3ttur Am\u00ednadab, systur Nahasson. Og h\u00fan f\u00e6ddi honum Nadab, Ab\u00edh\u00fa, Eleasar, \u00cdtamar. Synir K\u00f3ra eru \u00feessir: Asser, Elkana, Ab\u00edasaf. \u00dea\u00f0 er s\u00fa K\u00f3r\u00edters \u00e6tt. En El\u00edasar, Arons son, hann t\u00f3k s\u00e9r af P\u00fat\u00edels d\u00e6trum s\u00e9r eiginkvinnu, h\u00fan gat honum P\u00ednehas. \u00deessir eru h\u00f6f\u00f0ingjar \u00e1 me\u00f0al fe\u00f0ranna, Lev\u00edtanna \u00e6ttkv\u00edslar.<\/p>\n<p>\t\u00deetta eru \u00feeir Aron og M\u00f3ses til hverra Drottinn sag\u00f0i: &#8222;F\u00e6ri\u00f0 \u00cdsraelssonu af Egyptalandi me\u00f0 \u00feeirra her.&#8220; \u00deessir eru \u00feeir sem t\u00f6lu\u00f0u vi\u00f0 fara\u00f3nem Egyptalands k\u00f3ng, a\u00f0 \u00feeir leiddi \u00cdsraelssonu af Egyptalandi, sem er M\u00f3ses og Aron. Og \u00e1 sama degi tala\u00f0i Drottinn vi\u00f0 M\u00f3sen \u00ed Egyptalandi og sag\u00f0i til hans: &#8222;\u00c9g er Drottinn. Tala \u00fe\u00fa vi\u00f0 fara\u00f3 Egyptalands k\u00f3ng allt \u00fea\u00f0 \u00e9g segi \u00fe\u00e9r.&#8220; Og hann svara\u00f0i Drottni: &#8222;Sj\u00e1, \u00e9g er me\u00f0 \u00f3umskornum v\u00f6rum. Hvernin skal \u00fe\u00e1 fara\u00f3 heyra mig?&#8220;<\/p>\n","protected":false},"excerpt":{"rendered":"<p>Gu\u00f0 tala\u00f0i vi\u00f0 M\u00f3sen og sag\u00f0i til hans: &#8222;\u00c9g er Drottinn. Og \u00e9g vitra\u00f0ist Abraham, \u00cdsak og Jakob, a\u00f0 \u00e9g vilda vera \u00feeirra Alm\u00e1ttigur Gu\u00f0. En mitt nafn, Drottinn, hef \u00e9g ekki opinbera\u00f0 \u00feeim. \u00c9g hefi og so uppreist minn s\u00e1ttm\u00e1la vi\u00f0 \u00fe\u00e1 og h\u00e9t \u00e9g a\u00f0 gefa \u00feeim Kanaansland, \u00feeirra umfer\u00f0arland \u00ed hverju \u00feeir hafa veri\u00f0 framandi. So og hefi \u00e9g heyrt s\u00fdting \u00cdsraelssona, hverja Egyptarnir \u00fevinga me\u00f0 st\u00f3rum \u00fer\u00e6ld\u00f3mi, og \u00e9g minnist \u00e1 minn s\u00e1ttm\u00e1la. \u00dear fyrir, seg\u00f0u so \u00cdsraelssonum: \u00c9g er Drottinn og \u00e9g vil \u00fatlei\u00f0a y\u00f0ur fr\u00e1 \u00fer\u00e6ld\u00f3mi egypskra manna og frelsa y\u00f0ur af y\u00f0ar \u00feyngslum <a href=\"https:\/\/biblian.is\/gudbrandsbiblia\/onnur-mosebok-6-kafli\/\"> [&#8230;]<\/a><\/p>\n","protected":false},"author":1,"featured_media":0,"parent":0,"menu_order":0,"comment_status":"open","ping_status":"open","template":"bibliukaflar.php","meta":{"footnotes":""},"class_list":["post-2748","page","type-page","status-publish","hentry"],"_links":{"self":[{"href":"https:\/\/biblian.is\/gudbrandsbiblia\/wp-json\/wp\/v2\/pages\/2748","targetHints":{"allow":["GET"]}}],"collection":[{"href":"https:\/\/biblian.is\/gudbrandsbiblia\/wp-json\/wp\/v2\/pages"}],"about":[{"href":"https:\/\/biblian.is\/gudbrandsbiblia\/wp-json\/wp\/v2\/types\/page"}],"author":[{"embeddable":true,"href":"https:\/\/biblian.is\/gudbrandsbiblia\/wp-json\/wp\/v2\/users\/1"}],"replies":[{"embeddable":true,"href":"https:\/\/biblian.is\/gudbrandsbiblia\/wp-json\/wp\/v2\/comments?post=2748"}],"version-history":[{"count":0,"href":"https:\/\/biblian.is\/gudbrandsbiblia\/wp-json\/wp\/v2\/pages\/2748\/revisions"}],"wp:attachment":[{"href":"https:\/\/biblian.is\/gudbrandsbiblia\/wp-json\/wp\/v2\/media?parent=2748"}],"curies":[{"name":"wp","href":"https:\/\/api.w.org\/{rel}","templated":true}]}}