{"id":2746,"date":"2017-12-18T18:31:36","date_gmt":"2017-12-18T18:31:36","guid":{"rendered":"http:\/\/biblian.is\/gudbrandsbiblia\/onnur-mosebok-4-kafli\/"},"modified":"2017-12-18T18:31:36","modified_gmt":"2017-12-18T18:31:36","slug":"onnur-mosebok-4-kafli","status":"publish","type":"page","link":"https:\/\/biblian.is\/gudbrandsbiblia\/onnur-mosebok-4-kafli\/","title":{"rendered":"\u00d6nnur M\u00f3seb\u00f3k 4. kafli"},"content":{"rendered":"<p>M\u00f3ses svara\u00f0i og sag\u00f0i: &#8222;Sj\u00e1, ekki munu \u00feeir tr\u00faa m\u00e9r n\u00e9 heldur hl\u00fd\u00f0a m\u00ednum or\u00f0um, heldur munu \u00feeir segja: Gu\u00f0 hefur ekki vitrast \u00fe\u00e9r.&#8220; \u00de\u00e1 sag\u00f0i Drottinn til hans: &#8222;Hva\u00f0 er \u00fea\u00f0 sem \u00fe\u00fa hefur \u00ed \u00feinni hendi?&#8220; Hann sag\u00f0i: &#8222;V\u00f6ndur er \u00fea\u00f0.&#8220; <span class=\"athugasemd\" title=\"\u00derj\u00fa teikn er M\u00f3ses skal gj\u00f6ra hvar af \u00feeir skulu merkja a\u00f0 hann s\u00e9 af Gu\u00f0i sendur\">[<\/span> Hann sag\u00f0i: &#8222;Kasta \u00fe\u00fa honum fr\u00e1 \u00fe\u00e9r \u00e1 j\u00f6r\u00f0ina.&#8220; Og hann kasta\u00f0i honum fr\u00e1 s\u00e9r. \u00de\u00e1 var\u00f0 hann a\u00f0 einum h\u00f6ggormi. Og M\u00f3ses fl\u00fd\u00f0i undan honum. \u00de\u00e1 sag\u00f0i Drottinn til hans: &#8222;\u00datr\u00e9tt \u00fe\u00edna h\u00f6nd og gr\u00edp um hans hala.&#8220; So r\u00e9tti hann \u00fat h\u00f6ndina og h\u00e9lt honum og hann var\u00f0 a\u00f0 einum vendi aftur \u00ed hans hendi. &#8222;\u00dear fyrir munu \u00feeir tr\u00faa a\u00f0 Drottinn, Gu\u00f0 \u00feeirra fe\u00f0ra, Gu\u00f0 Abrahams, Gu\u00f0 \u00cdsaks og Gu\u00f0 Jakobs, hafi vitrast \u00fe\u00e9r.&#8220;<\/p>\n<p>\tOg Drottinn sag\u00f0i enn aftur til hans: &#8222;St\u00edktu \u00feinni hendi \u00ed barm \u00fe\u00e9r.&#8220; Og hann l\u00e9t hana \u00ed sinn barm og t\u00f3k hana \u00fat aftur og sj\u00e1, h\u00fan var or\u00f0in l\u00edk\u00fer\u00e1 sem snj\u00f3r. Og hann sag\u00f0i: &#8222;St\u00edktu henni \u00ed barm \u00fe\u00e9r aftur. Og hann stakk henni aftur \u00ed barminn og t\u00f3k hana \u00fat og sj\u00e1, \u00fe\u00e1 var h\u00fan or\u00f0in aftur l\u00edka sem anna\u00f0 hans hold. &#8222;S\u00e9 \u00fea\u00f0 so a\u00f0 \u00feeir vilji eigi tr\u00faa \u00fe\u00e9r n\u00e9 heyra \u00fe\u00edna r\u00f6dd vi\u00f0 \u00fea\u00f0 fyrra teikn \u00fe\u00e1 skulu \u00feeir \u00fe\u00f3 tr\u00faa \u00feinni r\u00f6ddu vi\u00f0 \u00fea\u00f0 seirna teikni\u00f0.&#8220;<\/p>\n<p>\tEn ef \u00feeir tr\u00faa ekki \u00feessum tveimur jarteiknum og hl\u00fd\u00f0a ekki \u00feinni r\u00f6ddu \u00fe\u00e1 tak vatn \u00far \u00e1nni og aus \u00fev\u00ed upp\u00e1 \u00feurrt land, so skal \u00fea\u00f0 vatn sem \u00fe\u00fa t\u00f3kst \u00far \u00e1nni ver\u00f0a a\u00f0 bl\u00f3\u00f0i \u00e1 \u00feurru landi.&#8220;<\/p>\n<p>\t\u00de\u00e1 sag\u00f0i M\u00f3ses til Drottins: &#8222;Drottinn, \u00e9g hefi ekki h\u00e9r til dags haft gott or\u00f0f\u00e6ri s\u00ed\u00f0an \u00fe\u00fa tala\u00f0ir vi\u00f0 \u00feinn \u00fe\u00e9nara, \u00fev\u00ed eg hef \u00feungt m\u00e1lf\u00e6ri og em l\u00edtt talandi.&#8220; <span class=\"athugasemd\" title=\"M\u00f3ses hefur \u00feungt m\u00e1lf\u00e6ri\">[<\/span> Drottinn sag\u00f0i til hans: &#8222;Hver hefur skapa\u00f0 mannsins munn e\u00f0a hver hefur gj\u00f6rt \u00feann dumba og daufa, sj\u00e1andi e\u00f0a \u00feann blinda? Hefi \u00e9g Drottinn ekki gj\u00f6rt \u00fea\u00f0? So far n\u00fa h\u00e9\u00f0an, \u00e9g vil vera me\u00f0 \u00fe\u00ednum munni og kenna \u00fe\u00e9r hva\u00f0 \u00fe\u00fa skalt tala.&#8220;<\/p>\n<p>\tM\u00f3ses svara\u00f0i: &#8222;Minn Drottinn, send \u00fe\u00fa hvern \u00fe\u00fa vilt senda.&#8220; <span class=\"athugasemd\" title=\"Matt. 10 \/ S\u00fdrak 45 \/ Exod. 7\">[<\/span> \u00de\u00e1 var\u00f0 Drottinn mj\u00f6g rei\u00f0ur M\u00f3se og sag\u00f0i: &#8222;Veit \u00e9g \u00fe\u00f3 vel a\u00f0 \u00feinn br\u00f3\u00f0ir Aron af Lev\u00ed slekti hann er m\u00e1lsnjallur. Og sj\u00e1, hann skal fara \u00fat \u00ed m\u00f3ti \u00fe\u00e9r og n\u00e6r hann s\u00e9r \u00feig \u00fe\u00e1 mun hann fagna \u00ed s\u00ednu hjarta. \u00de\u00fa skalt tala til hans og leggja or\u00f0in \u00ed hans munn og \u00e9g vil vera me\u00f0 \u00fe\u00ednum og hans munni og l\u00e6ra ykkur hva\u00f0 \u00fei\u00f0 skulu\u00f0 gj\u00f6ra og hann skal tala vegna \u00fe\u00edn til f\u00f3lksins. Hann skal vera \u00feinn munnur og \u00fe\u00fa munt vera hans Gu\u00f0 og \u00feennan v\u00f6nd tak me\u00f0, me\u00f0 hverjum a\u00f0 \u00fe\u00fa skalt jarteiknirnar gj\u00f6ra.&#8220;<\/p>\n<p>\tM\u00f3ses gekk burt og kom aftur til s\u00edns m\u00e1gs Jetr\u00f3 og sag\u00f0i til hans: &#8222;K\u00e6ri, leyf m\u00e9r a\u00f0 fara so \u00e9g megi koma til minna br\u00e6\u00f0ra aftur sem a\u00f0 eru \u00ed Egyptalandi og vita ef \u00feeir eru enn n\u00fa \u00e1 l\u00edfi.&#8220; Jetr\u00f3 svara\u00f0i: &#8222;Far \u00fe\u00fa \u00ed fri\u00f0i.&#8220; Og Drottinn sag\u00f0i til hans \u00ed Mad\u00edan: &#8222;Far h\u00e9\u00f0an og fer\u00f0ast aftur \u00ed Egyptaland, \u00fev\u00ed \u00feeir eru dau\u00f0ir sem leitu\u00f0u eftir a\u00f0 l\u00edfl\u00e1ta \u00feig.&#8220; M\u00f3ses t\u00f3k s\u00edna kvinnu og s\u00edna sonu og setti \u00feau upp\u00e1 eirn asna og f\u00f3r aftur til Egyptalands, berandi Gu\u00f0s v\u00f6nd \u00ed sinni hendi.<\/p>\n<p>\tOg Drottinn sag\u00f0i til M\u00f3se: &#8222;Sj\u00e1 so til n\u00e6r \u00fe\u00fa kemur aftur \u00ed Egyptaland a\u00f0 \u00fe\u00fa gj\u00f6rir allar \u00feessar jarteiknir fyrir fara\u00f3ne sem \u00e9g hefi lagt \u00ed \u00fe\u00ednar hendur. En \u00e9g vil her\u00f0a hans hjarta so a\u00f0 hann mun ekki l\u00e1ta f\u00f3lki\u00f0 laust. En \u00fe\u00fa skalt segja til hans: So segir Drottinn: \u00cdsrael er minn frumgetinn sonur. \u00c9g b\u00fd\u00f0 \u00fe\u00e9r a\u00f0 \u00fe\u00fa l\u00e1tir minn son lausan so hann megi \u00fej\u00f3na m\u00e9r. En viljir \u00fe\u00fa \u00fea\u00f0 ekki \u00fe\u00e1 skal \u00e9g lj\u00f3sta \u00ed hel \u00feinn frumgetinn son.&#8220;<\/p>\n<p>\tEn sem M\u00f3ses kom til herbergis nokkurs \u00e1 veginum kom Drottinn \u00ed m\u00f3ti honum og vildi dey\u00f0a hann. En Sipp\u00f3ra t\u00f3k \u00fe\u00e1 eirn stein og umskar yfirh\u00fa\u00f0ina \u00e1 s\u00ednum syni, snart vi\u00f0 hans f\u00e6tur og sag\u00f0i: &#8222;\u00de\u00fa ert m\u00e9r eirn <span class=\"athugasemd\" title=\"a Bl\u00f3\u00f0br\u00fa\u00f0gumi \/ \u00dea\u00f0 er a\u00f0 skilja, h\u00fan reiddist og sag\u00f0i: \u00dea\u00f0 kostar bl\u00f3\u00f0 a\u00f0 \u00fe\u00fa er minn ma\u00f0ur, \u00e9g hl\u00fdt a\u00f0 umskera mitt barn, hva\u00f0 h\u00fan gj\u00f6r\u00f0i nau\u00f0ug so sem a\u00f0ra vanvir\u00f0u hj\u00e1 \u00feeim hei\u00f0nu, en \u00feetta merkir l\u00f6gm\u00e1lsins l\u00fd\u00f0, hver e\u00f0 gjarna vill hafa Gu\u00f0 en vill \u00fe\u00f3 ei l\u00ed\u00f0a krossinn n\u00e9 l\u00e1ta umskera \u00feann gamla Adam \u00feanga\u00f0 til \u00fea\u00f0 hl\u00fdtur a\u00f0 ske\">[<\/span> bl\u00f3\u00f0br\u00fa\u00f0gumi.&#8220; \u00de\u00e1 l\u00e9t hann hann vera. En h\u00fan kalla\u00f0i bl\u00f3\u00f0br\u00fa\u00f0guma vegna umskurnarinnar.<\/p>\n<p>\tOg Drottinn sag\u00f0i til Arons: &#8222;Far \u00fe\u00fa \u00e1 ey\u00f0im\u00f6rk til fundar vi\u00f0 M\u00f3sen.&#8220; Og hann f\u00f3r og m\u00e6tti honum hj\u00e1 Gu\u00f0s fjalli og kyssti hann. Og M\u00f3ses sag\u00f0i Aroni \u00f6ll or\u00f0 Drottins \u00feess er hann sendi og allar \u00fe\u00e6r jarteiknir sem hann bau\u00f0 honum. \u00deeir f\u00f3ru burt og s\u00f6fnu\u00f0u saman \u00f6llum \u00feeim inum elstu af \u00cdsraelssonum. Og Aron tala\u00f0i \u00f6ll \u00feau or\u00f0 sem Drottinn m\u00e6lti fyrir M\u00f3sen og gj\u00f6r\u00f0i jarteiknir fyrir f\u00f3lkinu og f\u00f3lki\u00f0 tr\u00fa\u00f0i. Og sem \u00feeir heyr\u00f0u \u00fea\u00f0 a\u00f0 Drottinn haf\u00f0i vitja\u00f0 \u00cdsraelssona og s\u00e9\u00f0 \u00feeirra kv\u00f6l f\u00e9llu \u00feeir fram og b\u00e1\u00f0ust fyrir.<\/p>\n","protected":false},"excerpt":{"rendered":"<p>M\u00f3ses svara\u00f0i og sag\u00f0i: &#8222;Sj\u00e1, ekki munu \u00feeir tr\u00faa m\u00e9r n\u00e9 heldur hl\u00fd\u00f0a m\u00ednum or\u00f0um, heldur munu \u00feeir segja: Gu\u00f0 hefur ekki vitrast \u00fe\u00e9r.&#8220; \u00de\u00e1 sag\u00f0i Drottinn til hans: &#8222;Hva\u00f0 er \u00fea\u00f0 sem \u00fe\u00fa hefur \u00ed \u00feinni hendi?&#8220; Hann sag\u00f0i: &#8222;V\u00f6ndur er \u00fea\u00f0.&#8220; [ Hann sag\u00f0i: &#8222;Kasta \u00fe\u00fa honum fr\u00e1 \u00fe\u00e9r \u00e1 j\u00f6r\u00f0ina.&#8220; Og hann kasta\u00f0i honum fr\u00e1 s\u00e9r. \u00de\u00e1 var\u00f0 hann a\u00f0 einum h\u00f6ggormi. Og M\u00f3ses fl\u00fd\u00f0i undan honum. \u00de\u00e1 sag\u00f0i Drottinn til hans: &#8222;\u00datr\u00e9tt \u00fe\u00edna h\u00f6nd og gr\u00edp um hans hala.&#8220; So r\u00e9tti hann \u00fat h\u00f6ndina og h\u00e9lt honum og hann var\u00f0 a\u00f0 einum vendi aftur \u00ed hans <a href=\"https:\/\/biblian.is\/gudbrandsbiblia\/onnur-mosebok-4-kafli\/\"> [&#8230;]<\/a><\/p>\n","protected":false},"author":1,"featured_media":0,"parent":0,"menu_order":0,"comment_status":"open","ping_status":"open","template":"bibliukaflar.php","meta":{"footnotes":""},"class_list":["post-2746","page","type-page","status-publish","hentry"],"_links":{"self":[{"href":"https:\/\/biblian.is\/gudbrandsbiblia\/wp-json\/wp\/v2\/pages\/2746","targetHints":{"allow":["GET"]}}],"collection":[{"href":"https:\/\/biblian.is\/gudbrandsbiblia\/wp-json\/wp\/v2\/pages"}],"about":[{"href":"https:\/\/biblian.is\/gudbrandsbiblia\/wp-json\/wp\/v2\/types\/page"}],"author":[{"embeddable":true,"href":"https:\/\/biblian.is\/gudbrandsbiblia\/wp-json\/wp\/v2\/users\/1"}],"replies":[{"embeddable":true,"href":"https:\/\/biblian.is\/gudbrandsbiblia\/wp-json\/wp\/v2\/comments?post=2746"}],"version-history":[{"count":0,"href":"https:\/\/biblian.is\/gudbrandsbiblia\/wp-json\/wp\/v2\/pages\/2746\/revisions"}],"wp:attachment":[{"href":"https:\/\/biblian.is\/gudbrandsbiblia\/wp-json\/wp\/v2\/media?parent=2746"}],"curies":[{"name":"wp","href":"https:\/\/api.w.org\/{rel}","templated":true}]}}