{"id":2745,"date":"2017-12-18T18:31:36","date_gmt":"2017-12-18T18:31:36","guid":{"rendered":"http:\/\/biblian.is\/gudbrandsbiblia\/onnur-mosebok-3-kafli\/"},"modified":"2017-12-18T18:31:36","modified_gmt":"2017-12-18T18:31:36","slug":"onnur-mosebok-3-kafli","status":"publish","type":"page","link":"https:\/\/biblian.is\/gudbrandsbiblia\/onnur-mosebok-3-kafli\/","title":{"rendered":"\u00d6nnur M\u00f3seb\u00f3k 3. kafli"},"content":{"rendered":"<p>Og M\u00f3ses g\u00e6tti sau\u00f0a Jetr\u00f3, m\u00e1gs s\u00edns, kennimanns \u00ed Mad\u00edan, og hann h\u00e9lt f\u00e9nu innarlega \u00ed ey\u00f0im\u00f6rku og kom til Gu\u00f0s fjalls H\u00f3reb.<\/p>\n<p>\tOg engill Drottins birtist honum \u00ed einum gl\u00f3anda eldsloga af einum runni. Og hann s\u00e1 a\u00f0 runnuruinn loga\u00f0i af eldi en brann \u00fe\u00f3 ekki. \u00de\u00e1 m\u00e6lti hann: &#8222;\u00c9g vil fara \u00feanga\u00f0 og sj\u00e1 s\u00fdn \u00fe\u00e1 hina miklu, hvar fyrir runnurinn brennur ekki upp.&#8220; Og sem Drottinn s\u00e1 a\u00f0 hann gekk \u00feanga\u00f0 a\u00f0 sko\u00f0a \u00fe\u00e1 kalla\u00f0i Gu\u00f0 til hans \u00far runninum og sag\u00f0i: &#8222;M\u00f3ses, M\u00f3ses.&#8220; Hann svara\u00f0i: &#8222;H\u00e9r er \u00e9g.&#8220; Og hann sag\u00f0i: &#8222;Kom \u00fe\u00fa ekki h\u00e9r n\u00e6r. Leystu sk\u00f3kl\u00e6\u00f0i af \u00fe\u00ednum f\u00f3tum \u00fev\u00ed a\u00f0 s\u00e1 sta\u00f0ur sem \u00fe\u00fa stendur \u00e1 er heil\u00f6g j\u00f6r\u00f0.&#8220; Og hann sag\u00f0i enn framarmeir: &#8222;\u00c9g er \u00fe\u00edns f\u00f6\u00f0urs Gu\u00f0, Gu\u00f0 Abrahams, Gu\u00f0 \u00cdsaks og Gu\u00f0 Jakobs.&#8220; <span class=\"athugasemd\" title=\"Matt. 22 \/ Mark. 12 \/ L\u00fak. 20\">[<\/span> Moyses byrg\u00f0i sitt andlit \u00fev\u00ed hann \u00feor\u00f0i ekki a\u00f0 l\u00edta \u00ed gegn Gu\u00f0i.<\/p>\n<p>\t\u00de\u00e1 sag\u00f0i Drottinn: &#8222;\u00c9g hefi s\u00e9\u00f0 kv\u00f6l m\u00edns f\u00f3lks \u00ed Egyptalandi og heyrt \u00feeirra kall undir \u00feeim sem \u00fe\u00e1 \u00fer\u00e6lka. <span class=\"athugasemd\" title=\"Gu\u00f0 talar vi\u00f0 M\u00f3sen \u00far runninum, a\u00f0 hann vilji leysa \u00cdsrael\">[<\/span> Og \u00e9g veit \u00feeirra harm og \u00e9g er n\u00fa ofanfarinn a\u00f0 leysa \u00fe\u00e1 af hendi egypskra og \u00fatlei\u00f0a \u00fe\u00e1 af \u00fev\u00ed landi \u00ed eitt gott og v\u00edtt land og \u00ed \u00fea\u00f0 land sem fl\u00fdtur \u00ed mj\u00f3lk og hunangi, \u00ed \u00fe\u00e1 sta\u00f0i \u00fear n\u00fa eru Kananei, Hetei, Amorei, Peresei, Hevei og Jeb\u00fasei. \u00dev\u00ed a\u00f0 \u00cdsraelssona kall er n\u00fa komi\u00f0 fyrir mig og \u00e9g hefi s\u00e9\u00f0 \u00feeirra \u00fer\u00e6ld\u00f3m me\u00f0 hverjum a\u00f0 Egyptarnir \u00ferengja \u00feeim. So far n\u00fa \u00feanga\u00f0, \u00e9g vil senda \u00feig til fara\u00f3nem, a\u00f0 \u00fe\u00fa \u00fatlei\u00f0ir mitt f\u00f3lk, \u00cdsraelssonu, af Egyptalandi.&#8220; <span class=\"athugasemd\" title=\"M\u00f3ses kallan\">[<\/span> <\/p>\n<p>\tM\u00f3ses sag\u00f0i til Gu\u00f0s: &#8222;Hver em \u00e9g a\u00f0 \u00e9g fari til fundar vi\u00f0 fara\u00f3nem og lei\u00f0i \u00e9g \u00cdsraelssonu af Egyptalandi?&#8220; Hann sag\u00f0i: &#8222;\u00c9g vil vera me\u00f0 \u00fe\u00e9r. Og \u00feetta skaltu hafa til marks a\u00f0 \u00e9g sendi \u00feig: \u00de\u00e1 \u00fe\u00fa hefur leitt mitt f\u00f3lk af Egyptalandi \u00fe\u00e1 munu \u00fe\u00e9r f\u00e6ra Gu\u00f0i f\u00f3rnir \u00e1 \u00feessu fjalli.&#8220; M\u00f3ses sag\u00f0i til Gu\u00f0s: &#8222;Sj\u00e1, \u00feegar \u00e9g kem til \u00cdsraelssona og \u00e9g segi til \u00feeirra: Gu\u00f0 fe\u00f0ra y\u00f0ar sendi mig til y\u00f0ar, og ef \u00feeir segja \u00fe\u00e1 til m\u00edn: Hvert er hans nafn? Hverju skal \u00e9g \u00fe\u00e1 svara?&#8220; Gu\u00f0 sag\u00f0i til M\u00f3sen: &#8222;\u00c9g mun vera s\u00e1 sem \u00e9g mun vera&#8220; og sag\u00f0i: &#8222;Svo skaltu segja til \u00cdsraelssona: \u00c9g mun vera, hann sendi mig til y\u00f0ar.&#8220;<\/p>\n<p>\tOg enn sag\u00f0i Gu\u00f0 til M\u00f3sen: &#8222;So skaltu segja til \u00cdsraelssona: Drottinn, y\u00f0ra fe\u00f0ra Gu\u00f0, Gu\u00f0 Abrahams, Gu\u00f0 \u00cdsaks og Gu\u00f0 Jakobs, sendi mig til y\u00f0ar. <span class=\"athugasemd\" title=\"Gu\u00f0s nafn\">[<\/span> \u00deetta er mitt nafn a\u00f0 eil\u00edfu, \u00fear me\u00f0 skulu menn nefna mig um aldir og a\u00f0 eil\u00edfu. \u00dear fyrir, far n\u00fa \u00feanga\u00f0 og safna saman \u00f6ldungum \u00cdsrael og m\u00e6l vi\u00f0 \u00fe\u00e1: Drottinn, Gu\u00f0 y\u00f0ra fe\u00f0ra, Gu\u00f0 Abrahams, Gu\u00f0 \u00cdsaks og Gu\u00f0 Jakobs, birtist m\u00e9r og sag\u00f0i: \u00c9g hefi vitja\u00f0 y\u00f0ar og s\u00e9\u00f0 hefi \u00e9g allt \u00fea\u00f0 y\u00f0ur hefur ske\u00f0 \u00ed Egyptalandi. Og \u00e9g hefi sagt: \u00c9g vil \u00fatlei\u00f0a y\u00f0ur af Egyptalands \u00e1nau\u00f0 inn \u00ed land Kananei, Hetei, Amorei, Peresei, Hevei og Jeb\u00fasei, \u00ed \u00fea\u00f0 land sem fl\u00fdtur \u00ed mj\u00f6lk <span class=\"athugasemd\" title=\"svo\">[<\/span> og hunangi.<\/p>\n<p>\tOg \u00feegar \u00feeir heyra \u00fe\u00edn or\u00f0 \u00fe\u00e1 skaltu og \u00feeir elstu af \u00cdsrael fara inn fyrir Egyptalands k\u00f3ng og segja so til hans: Drottinn, Gu\u00f0 ebreskra manna, hefur kalla\u00f0 oss. So l\u00e1t oss n\u00fa fara \u00feriggja daga lei\u00f0 \u00e1 ey\u00f0im\u00f6rk a\u00f0 v\u00e9r f\u00e6rum f\u00f3rnir Drottni Gu\u00f0i vorum. En \u00e9g veit a\u00f0 Egyptalands k\u00f3ngur mun ekki l\u00e1ta y\u00f0ur fara utan fyrir eina styrkva h\u00f6nd. \u00dev\u00ed mun \u00e9g \u00fatr\u00e9tta m\u00edna h\u00f6nd og lj\u00f3sta Egyptaland me\u00f0 allrahanda st\u00f3rmerkjum, \u00feeim er \u00e9g mun gj\u00f6ra \u00e1 milli \u00feeirra. S\u00ed\u00f0an mun hann l\u00e1ta y\u00f0ur fara.<\/p>\n<p>\tOg \u00e9g vil gefa \u00feessu f\u00f3lki n\u00e1\u00f0 hj\u00e1 \u00feeim egypskum a\u00f0 \u00fe\u00e9r skulu\u00f0 ekki fara snau\u00f0ir fr\u00e1 \u00feeim \u00fe\u00e1 \u00fe\u00e9r fari\u00f0 af landinu heldur skal hver kvinna bi\u00f0ja s\u00edna grannkonu og \u00fe\u00e1 sem h\u00fan er \u00ed h\u00fasi me\u00f0 um silfurker, gullker og kl\u00e6\u00f0na\u00f0, \u00fea\u00f0 skulu \u00fe\u00e9r leggja upp\u00e1 y\u00f0ra sonu og d\u00e6tur og r\u00e6na Egyptaland.&#8220;<\/p>\n","protected":false},"excerpt":{"rendered":"<p>Og M\u00f3ses g\u00e6tti sau\u00f0a Jetr\u00f3, m\u00e1gs s\u00edns, kennimanns \u00ed Mad\u00edan, og hann h\u00e9lt f\u00e9nu innarlega \u00ed ey\u00f0im\u00f6rku og kom til Gu\u00f0s fjalls H\u00f3reb. Og engill Drottins birtist honum \u00ed einum gl\u00f3anda eldsloga af einum runni. Og hann s\u00e1 a\u00f0 runnuruinn loga\u00f0i af eldi en brann \u00fe\u00f3 ekki. \u00de\u00e1 m\u00e6lti hann: &#8222;\u00c9g vil fara \u00feanga\u00f0 og sj\u00e1 s\u00fdn \u00fe\u00e1 hina miklu, hvar fyrir runnurinn brennur ekki upp.&#8220; Og sem Drottinn s\u00e1 a\u00f0 hann gekk \u00feanga\u00f0 a\u00f0 sko\u00f0a \u00fe\u00e1 kalla\u00f0i Gu\u00f0 til hans \u00far runninum og sag\u00f0i: &#8222;M\u00f3ses, M\u00f3ses.&#8220; Hann svara\u00f0i: &#8222;H\u00e9r er \u00e9g.&#8220; Og hann sag\u00f0i: &#8222;Kom \u00fe\u00fa ekki h\u00e9r n\u00e6r. <a href=\"https:\/\/biblian.is\/gudbrandsbiblia\/onnur-mosebok-3-kafli\/\"> [&#8230;]<\/a><\/p>\n","protected":false},"author":1,"featured_media":0,"parent":0,"menu_order":0,"comment_status":"open","ping_status":"open","template":"bibliukaflar.php","meta":{"footnotes":""},"class_list":["post-2745","page","type-page","status-publish","hentry"],"_links":{"self":[{"href":"https:\/\/biblian.is\/gudbrandsbiblia\/wp-json\/wp\/v2\/pages\/2745","targetHints":{"allow":["GET"]}}],"collection":[{"href":"https:\/\/biblian.is\/gudbrandsbiblia\/wp-json\/wp\/v2\/pages"}],"about":[{"href":"https:\/\/biblian.is\/gudbrandsbiblia\/wp-json\/wp\/v2\/types\/page"}],"author":[{"embeddable":true,"href":"https:\/\/biblian.is\/gudbrandsbiblia\/wp-json\/wp\/v2\/users\/1"}],"replies":[{"embeddable":true,"href":"https:\/\/biblian.is\/gudbrandsbiblia\/wp-json\/wp\/v2\/comments?post=2745"}],"version-history":[{"count":0,"href":"https:\/\/biblian.is\/gudbrandsbiblia\/wp-json\/wp\/v2\/pages\/2745\/revisions"}],"wp:attachment":[{"href":"https:\/\/biblian.is\/gudbrandsbiblia\/wp-json\/wp\/v2\/media?parent=2745"}],"curies":[{"name":"wp","href":"https:\/\/api.w.org\/{rel}","templated":true}]}}