{"id":2743,"date":"2017-12-18T18:31:36","date_gmt":"2017-12-18T18:31:36","guid":{"rendered":"http:\/\/biblian.is\/gudbrandsbiblia\/onnur-mosebok-1-kafli\/"},"modified":"2017-12-18T18:31:36","modified_gmt":"2017-12-18T18:31:36","slug":"onnur-mosebok-1-kafli","status":"publish","type":"page","link":"https:\/\/biblian.is\/gudbrandsbiblia\/onnur-mosebok-1-kafli\/","title":{"rendered":"\u00d6nnur M\u00f3seb\u00f3k 1. kafli"},"content":{"rendered":"<p>Ex\u00f3dus. Aunnur b\u00f3k M\u00f3se<\/p>\n<p>\u00deessi eru n\u00f6fn \u00cdsraelis sona sem komu \u00ed Egyptaland me\u00f0 Jakob, hver me\u00f0 sitt h\u00fas: R\u00faben, S\u00edmeon, Lev\u00ed, J\u00fada, \u00cdsaskar, Seb\u00falon, Ben-Jam\u00edn, Dan, Neftal\u00ed, Ga\u00f0, Asser. <span class=\"athugasemd\" title=\"Jakobs synir sem me\u00f0 honum komu \u00ed Egyptaland\">[<\/span> Og allar s\u00e1lir sem voru komnar af Jakobs lendum, \u00fe\u00e6r voru sj\u00f6tygi. En J\u00f3sef var \u00e1\u00f0ur fyrir \u00ed Egyptalandi. Og sem J\u00f3sef var anda\u00f0ur og allir hans br\u00e6\u00f0ur og \u00feeir allir sem lifa\u00f0 h\u00f6f\u00f0u \u00e1 \u00feeim t\u00edma \u00fe\u00e1 fj\u00f6lga\u00f0i \u00cdsraels sonu og \u00feeir g\u00e1tu b\u00f6rn og jukust og ur\u00f0u mj\u00f6g margir, so a\u00f0 landi\u00f0 var\u00f0 fullt af \u00feeirra mannfj\u00f6lda. <\/p>\n<p>\tSo kom n\u00fdr k\u00f3ngur \u00ed Egyptaland, hann vissi engin deili \u00e1 J\u00f3sef. <span class=\"athugasemd\" title=\"R\u00e1\u00f0agj\u00f6r\u00f0 \u00feess n\u00fdja k\u00f3ngs a\u00f0 \u00ferykkja ni\u00f0ur \u00cdsraels l\u00fd\u00f0 \/ Act. 7\">[<\/span> Og hann sag\u00f0i til s\u00edns f\u00f3lks: &#8222;Sj\u00e1i\u00f0, l\u00fd\u00f0ur \u00cdsraels sona er margur og fleiri en v\u00e9r. N\u00fa vel, v\u00e9r viljum \u00ferengja \u00feeim me\u00f0 k\u00e6nsku, so a\u00f0 ei fj\u00f6lgist l\u00fd\u00f0ur \u00feeirra so mj\u00f6g. \u00dev\u00ed a\u00f0 ef \u00f3fri\u00f0ur gj\u00f6rist \u00fe\u00e1 mega \u00feeir hlaupa \u00ed li\u00f0 me\u00f0 \u00f3vinum vorum og berjast \u00ed m\u00f3ti oss og fara so \u00ed burt af landinu.&#8220;<\/p>\n<p>\tOg \u00fear voru settir verkstj\u00f3rnarmenn yfir \u00fe\u00e1, \u00feeir e\u00f0 \u00fe\u00e1 skyldu kvelja me\u00f0 \u00feungum \u00fer\u00e6ld\u00f3mi. \u00dev\u00ed a\u00f0 menn voru \u00fe\u00e1 a\u00f0 byggja fara\u00f3ne borgirnar P\u00ed\u00feon og Raemses, a\u00f0 leggja inn \u00ed hans inntektir. En \u00feess meir \u00feeir pl\u00e1gu\u00f0u f\u00f3lki\u00f0, \u00feess meir fj\u00f6lga\u00f0i \u00fea\u00f0 og margfalda\u00f0ist. Og \u00feeir h\u00e9ldu \u00cdsraelssonu sv\u00edundulega <span class=\"athugasemd\" title=\"???: suiunduliga\">[<\/span>. Og \u00feeir egypsku \u00fej\u00e1\u00f0u \u00cdsraelssonu \u00f3miskunnsamlega me\u00f0 \u00fer\u00e6ld\u00f3mi og gj\u00f6r\u00f0u \u00feeim \u00feeirra l\u00edf lei\u00f0inlegt me\u00f0 leireltu og grj\u00f3tgj\u00f6r\u00f0 og allrahanda verki \u00e1 m\u00f6rkinni og me\u00f0 allrahanda erfi\u00f0i sem \u00feeir l\u00f6g\u00f0u \u00f3miskunnsamlega \u00e1 \u00fe\u00e1.<\/p>\n<p>\tOg k\u00f3ngurinn \u00ed Egyptalandi m\u00e6lti til \u00feeirra ebresku yfirsetukvenna, ein h\u00e9t Sef\u00f3ra en s\u00fa \u00f6nnur P\u00faa: &#8222;N\u00e6r \u00fei\u00f0 sitji\u00f0 yfir \u00feeim ebresku kvinnum og \u00fei\u00f0 sj\u00e1i\u00f0 \u00ed f\u00e6\u00f0ingunni a\u00f0 \u00fe\u00e6r ala sveinb\u00f6rn \u00fe\u00e1 l\u00edfl\u00e1ti\u00f0 \u00feau. En ef meyb\u00f6rn eru \u00fe\u00e1 l\u00e1ti\u00f0 \u00feau lifa.&#8220; <span class=\"athugasemd\" title=\"Fara\u00f3 b\u00fd\u00f0ur a\u00f0 drepa \u00f6ll sveinb\u00f6rn \/ Kap. 18\">[<\/span> En yfirsetukonurnar \u00f3ttu\u00f0ust Gu\u00f0 og gj\u00f6r\u00f0u ekki so sem Egyptalandsk\u00f3ngur haf\u00f0i \u00feeim bo\u00f0i\u00f0, heldur l\u00e9tu \u00fe\u00e6r sveinb\u00f6rnin lifa. <\/p>\n<p>\t\u00de\u00e1 kalla\u00f0i Egyptalandsk\u00f3ngur yfirsetukonurnar fyrir sig og sag\u00f0i til \u00feeirra: &#8222;\u00dev\u00ed gj\u00f6ri \u00fei\u00f0 \u00fea\u00f0 a\u00f0 \u00fei\u00f0 l\u00e1ti\u00f0 sveinb\u00f6rnin lifa?&#8220; Lj\u00f3sm\u00e6\u00f0urnar sv\u00f6ru\u00f0u fara\u00f3ne: &#8222;\u00de\u00e6r ebresku konurnar eru ekki l\u00edkar \u00feeim egypsku, \u00fev\u00ed a\u00f0 \u00fe\u00e6r eru hraustar konur, og \u00e1\u00f0ur en \u00fea\u00f0 yfirsetukonurnar koma til \u00feeirra \u00fe\u00e1 f\u00e6\u00f0a \u00fe\u00e6r b\u00f6rn s\u00edn.&#8220; \u00dear fyrir gj\u00f6r\u00f0i Gu\u00f0 yfirsetukonunum gott. Og f\u00f3lki\u00f0 j\u00f3kst og var\u00f0 mj\u00f6g margt. Og s\u00f6kum \u00feess a\u00f0 yfirsetukonurnar \u00f3ttu\u00f0ust Gu\u00f0 \u00fe\u00e1 bygg\u00f0i hann \u00feeim h\u00fas. <\/p>\n<p>\t\u00de\u00e1 bau\u00f0 fara\u00f3 \u00f6llu s\u00ednu f\u00f3lki og sag\u00f0i: &#8222;Kasti\u00f0 \u00f6llum sveinb\u00f6rnum \u00ed \u00e1na sem a\u00f0 f\u00e6\u00f0ast og l\u00e1ti\u00f0 \u00f6ll meyb\u00f6rn lifa.&#8220;<\/p>\n","protected":false},"excerpt":{"rendered":"<p>Ex\u00f3dus. Aunnur b\u00f3k M\u00f3se \u00deessi eru n\u00f6fn \u00cdsraelis sona sem komu \u00ed Egyptaland me\u00f0 Jakob, hver me\u00f0 sitt h\u00fas: R\u00faben, S\u00edmeon, Lev\u00ed, J\u00fada, \u00cdsaskar, Seb\u00falon, Ben-Jam\u00edn, Dan, Neftal\u00ed, Ga\u00f0, Asser. [ Og allar s\u00e1lir sem voru komnar af Jakobs lendum, \u00fe\u00e6r voru sj\u00f6tygi. En J\u00f3sef var \u00e1\u00f0ur fyrir \u00ed Egyptalandi. Og sem J\u00f3sef var anda\u00f0ur og allir hans br\u00e6\u00f0ur og \u00feeir allir sem lifa\u00f0 h\u00f6f\u00f0u \u00e1 \u00feeim t\u00edma \u00fe\u00e1 fj\u00f6lga\u00f0i \u00cdsraels sonu og \u00feeir g\u00e1tu b\u00f6rn og jukust og ur\u00f0u mj\u00f6g margir, so a\u00f0 landi\u00f0 var\u00f0 fullt af \u00feeirra mannfj\u00f6lda. So kom n\u00fdr k\u00f3ngur \u00ed Egyptaland, hann vissi engin deili <a href=\"https:\/\/biblian.is\/gudbrandsbiblia\/onnur-mosebok-1-kafli\/\"> [&#8230;]<\/a><\/p>\n","protected":false},"author":1,"featured_media":0,"parent":0,"menu_order":0,"comment_status":"open","ping_status":"open","template":"bibliukaflar.php","meta":{"footnotes":""},"class_list":["post-2743","page","type-page","status-publish","hentry"],"_links":{"self":[{"href":"https:\/\/biblian.is\/gudbrandsbiblia\/wp-json\/wp\/v2\/pages\/2743","targetHints":{"allow":["GET"]}}],"collection":[{"href":"https:\/\/biblian.is\/gudbrandsbiblia\/wp-json\/wp\/v2\/pages"}],"about":[{"href":"https:\/\/biblian.is\/gudbrandsbiblia\/wp-json\/wp\/v2\/types\/page"}],"author":[{"embeddable":true,"href":"https:\/\/biblian.is\/gudbrandsbiblia\/wp-json\/wp\/v2\/users\/1"}],"replies":[{"embeddable":true,"href":"https:\/\/biblian.is\/gudbrandsbiblia\/wp-json\/wp\/v2\/comments?post=2743"}],"version-history":[{"count":0,"href":"https:\/\/biblian.is\/gudbrandsbiblia\/wp-json\/wp\/v2\/pages\/2743\/revisions"}],"wp:attachment":[{"href":"https:\/\/biblian.is\/gudbrandsbiblia\/wp-json\/wp\/v2\/media?parent=2743"}],"curies":[{"name":"wp","href":"https:\/\/api.w.org\/{rel}","templated":true}]}}