{"id":2732,"date":"2017-12-18T18:31:33","date_gmt":"2017-12-18T18:31:33","guid":{"rendered":"http:\/\/biblian.is\/gudbrandsbiblia\/fyrsta-mosebok-40-kafli\/"},"modified":"2017-12-18T18:31:33","modified_gmt":"2017-12-18T18:31:33","slug":"fyrsta-mosebok-40-kafli","status":"publish","type":"page","link":"https:\/\/biblian.is\/gudbrandsbiblia\/fyrsta-mosebok-40-kafli\/","title":{"rendered":"Fyrsta M\u00f3seb\u00f3k 40. kafli"},"content":{"rendered":"<p>S\u00e1 atbur\u00f0ur var \u00fear eftir a\u00f0 skenkjari k\u00f3ngsins \u00ed Egyptalandi og so hans bakari brutu \u00ed m\u00f3ti s\u00ednum herra Egyptalands k\u00f3ngi. Og fara\u00f3 reiddist b\u00e1\u00f0um s\u00ednum \u00fej\u00f3nustum\u00f6nnum, \u00feeim ypparsta skenkjara og ypparsta bakara, og l\u00e9t setja \u00fe\u00e1 \u00ed hofmeistarans h\u00fas \u00ed myrkvastofu \u00fear sem J\u00f3sef var fyrir \u00ed fangelsi. Og h\u00f6f\u00f0ingi myrkvastofunnar setti J\u00f3sef yfir \u00fe\u00e1 a\u00f0 hann skyldi \u00fej\u00f3na \u00feeim og \u00feeir s\u00e1tu nokkra daga \u00ed myrkvastofu.<\/p>\n<p>\tB\u00e1\u00f0a Egyptalandsk\u00f3ngs \u00fej\u00f3nustumenn, skenkjarann og bakarann, dreymdi \u00e1 einni n\u00f3ttu undir eins hvorn \u00feeirra sinn draum og hvers \u00feeirra draumur haf\u00f0i s\u00edna merking. <span class=\"athugasemd\" title=\"Draumar skenkjarans og bakarans\">[<\/span><\/p>\n<p>\t\u00de\u00e1 J\u00f3sef kom n\u00fa inn til \u00feeirra um morguninn og s\u00e1 a\u00f0 \u00feeir voru \u00f3gla\u00f0ari en \u00feeir voru vanir. Hann spur\u00f0i \u00fe\u00e1 a\u00f0 og sag\u00f0i: &#8222;\u00dev\u00ed eru \u00fei\u00f0 n\u00fa so \u00f3k\u00e1tir \u00ed dag hj\u00e1 \u00fev\u00ed sem vani er til?&#8220; \u00deeir sv\u00f6ru\u00f0u: &#8222;Okkur hefur dreymt einn draum og h\u00e9r er enginn sem hann kann a\u00f0 r\u00e1\u00f0a fyrir okkur.&#8220; J\u00f3sef sag\u00f0i: &#8222;Gu\u00f0 mun r\u00e1\u00f0a mega draumana. En segi\u00f0 m\u00e9r \u00fe\u00f3 hva\u00f0 ykkur dreymdi.&#8220;<\/p>\n<p>\t\u00de\u00e1 svara\u00f0i s\u00e1 hinn ypparsti skenkjari og framsag\u00f0i fyrir J\u00f3sef sinn draum og sag\u00f0i: &#8222;Eg s\u00e1 \u00ed draumi v\u00ednvi\u00f0 standa me\u00f0 \u00feremur kv\u00edslum, \u00feeir ur\u00f0u gr\u00e6nir, uxu og bl\u00f3mgu\u00f0ust, so a\u00f0 v\u00ednberin \u00fear \u00e1 ur\u00f0u fullvaxin, og eg \u00fe\u00f3ttist hafa Pharaonis bor\u00f0ker \u00ed minni hendi og eg t\u00f3k berin og sprengdi \u00feau \u00ed keri\u00f0 og so r\u00e9tta eg keri\u00f0 \u00ed Pharaonis h\u00f6nd.&#8220;<\/p>\n<p>\t\u00de\u00e1 sag\u00f0i J\u00f3sef til hans: &#8222;\u00deetta er \u00fat\u00fe\u00fd\u00f0ing draumsins. \u00der\u00edkv\u00edsl\u00f3ttur v\u00ednvi\u00f0ur merkir \u00ferj\u00e1 daga og a\u00f0 \u00feremur d\u00f6gum li\u00f0num mun fara\u00f3 upphefja \u00feitt h\u00f6fu\u00f0 og setja \u00feig aftur til \u00feinnar tignar so \u00fe\u00fa munt r\u00e9tta bor\u00f0keri\u00f0 \u00ed hans h\u00f6nd so sem \u00fe\u00fa plaga\u00f0ir fyrr a\u00f0 gj\u00f6ra. <span class=\"athugasemd\" title=\"J\u00f3sef \u00fatleggur draumana skenkjarans og bakarans\">[<\/span> En minnstu m\u00edn \u00fe\u00e1 \u00fe\u00e9r vel gengur og veit m\u00e9r \u00fe\u00e1 miskunn a\u00f0 \u00fe\u00fa segir \u00fe\u00e1 pharaone a\u00f0 hann taki mig af \u00feessari myrkvastofu, \u00fev\u00ed a\u00f0 m\u00e9r var me\u00f0 leynd burt stoli\u00f0 og var eg fluttur af landi Ebreorum. \u00dear me\u00f0 hefi eg saklaus l\u00e1tinn veri\u00f0 \u00ed \u00feessa myrkvastofu.&#8220;<\/p>\n<p>\tN\u00fa sem s\u00e1 ypparsti bakari s\u00e1 \u00feetta, a\u00f0 J\u00f3sef r\u00e9\u00f0 drauminn so vel, \u00fe\u00e1 sag\u00f0i hann til J\u00f3sefs: &#8222;Mig dreymdi og so  draum. Eg \u00fe\u00f3ttist bera \u00ferj\u00e1r hv\u00edtar karfir \u00e1 m\u00ednu h\u00f6f\u00f0i. Og \u00ed \u00feeirri efstu k\u00f6rf voru allra handa steiktar kr\u00e1sir til handa pharaone. En fuglarnir \u00e1tu \u00far k\u00f6rfinni \u00e1 m\u00ednu h\u00f6f\u00f0i.&#8220; \u00de\u00e1 svara\u00f0i J\u00f3sef og sag\u00f0i: &#8222;\u00deetta er \u00fat\u00fe\u00fd\u00f0ingin: \u00derj\u00e1r karfir eru \u00fer\u00edr dagar og eftir \u00ferj\u00e1 daga mun fara\u00f3 upphefja \u00feitt h\u00f6fu\u00f0 og festa \u00feig \u00e1 g\u00e1lga og fuglar munu sl\u00edta \u00feitt hold af \u00fe\u00e9r.&#8220;<\/p>\n<p>\t\u00c1 \u00feeim \u00feri\u00f0ja degi \u00fea\u00f0an \u00fe\u00e1 h\u00e9lt fara\u00f3 sinn bur\u00f0ardag og gj\u00f6r\u00f0i \u00f6llum s\u00ednum \u00fe\u00e9nurum eitt miki\u00f0 gestabo\u00f0. \u00de\u00e1 upph\u00f3f hann \u00feess ypparsta skenkjara h\u00f6fu\u00f0 og svo \u00feess ypparsta bakarans \u00e1 me\u00f0al sinna \u00fe\u00e9nara. Og hann setti \u00feann ypparsta skenkjara aftur til s\u00edns emb\u00e6ttis, a\u00f0 hann skyldi r\u00e9tta keri\u00f0 \u00ed Pharaonis h\u00f6nd. En \u00feann ypparsta bakara l\u00e9t hann hengja so sem J\u00f3sef haf\u00f0i \u00fat\u00fe\u00fdtt honum. En s\u00e1 \u00e6\u00f0sti skenkjarinn minntist ekki \u00e1 J\u00f3sef heldur gleymdi honum. <span class=\"athugasemd\" title=\"Skenkjarinn gleymir J\u00f3sef\">[<\/span><\/p>\n","protected":false},"excerpt":{"rendered":"<p>S\u00e1 atbur\u00f0ur var \u00fear eftir a\u00f0 skenkjari k\u00f3ngsins \u00ed Egyptalandi og so hans bakari brutu \u00ed m\u00f3ti s\u00ednum herra Egyptalands k\u00f3ngi. Og fara\u00f3 reiddist b\u00e1\u00f0um s\u00ednum \u00fej\u00f3nustum\u00f6nnum, \u00feeim ypparsta skenkjara og ypparsta bakara, og l\u00e9t setja \u00fe\u00e1 \u00ed hofmeistarans h\u00fas \u00ed myrkvastofu \u00fear sem J\u00f3sef var fyrir \u00ed fangelsi. Og h\u00f6f\u00f0ingi myrkvastofunnar setti J\u00f3sef yfir \u00fe\u00e1 a\u00f0 hann skyldi \u00fej\u00f3na \u00feeim og \u00feeir s\u00e1tu nokkra daga \u00ed myrkvastofu. B\u00e1\u00f0a Egyptalandsk\u00f3ngs \u00fej\u00f3nustumenn, skenkjarann og bakarann, dreymdi \u00e1 einni n\u00f3ttu undir eins hvorn \u00feeirra sinn draum og hvers \u00feeirra draumur haf\u00f0i s\u00edna merking. [ \u00de\u00e1 J\u00f3sef kom n\u00fa inn til \u00feeirra um <a href=\"https:\/\/biblian.is\/gudbrandsbiblia\/fyrsta-mosebok-40-kafli\/\"> [&#8230;]<\/a><\/p>\n","protected":false},"author":1,"featured_media":0,"parent":0,"menu_order":0,"comment_status":"open","ping_status":"open","template":"bibliukaflar.php","meta":{"footnotes":""},"class_list":["post-2732","page","type-page","status-publish","hentry"],"_links":{"self":[{"href":"https:\/\/biblian.is\/gudbrandsbiblia\/wp-json\/wp\/v2\/pages\/2732","targetHints":{"allow":["GET"]}}],"collection":[{"href":"https:\/\/biblian.is\/gudbrandsbiblia\/wp-json\/wp\/v2\/pages"}],"about":[{"href":"https:\/\/biblian.is\/gudbrandsbiblia\/wp-json\/wp\/v2\/types\/page"}],"author":[{"embeddable":true,"href":"https:\/\/biblian.is\/gudbrandsbiblia\/wp-json\/wp\/v2\/users\/1"}],"replies":[{"embeddable":true,"href":"https:\/\/biblian.is\/gudbrandsbiblia\/wp-json\/wp\/v2\/comments?post=2732"}],"version-history":[{"count":0,"href":"https:\/\/biblian.is\/gudbrandsbiblia\/wp-json\/wp\/v2\/pages\/2732\/revisions"}],"wp:attachment":[{"href":"https:\/\/biblian.is\/gudbrandsbiblia\/wp-json\/wp\/v2\/media?parent=2732"}],"curies":[{"name":"wp","href":"https:\/\/api.w.org\/{rel}","templated":true}]}}