{"id":2730,"date":"2017-12-18T18:31:33","date_gmt":"2017-12-18T18:31:33","guid":{"rendered":"http:\/\/biblian.is\/gudbrandsbiblia\/fyrsta-mosebok-38-kafli\/"},"modified":"2017-12-18T18:31:33","modified_gmt":"2017-12-18T18:31:33","slug":"fyrsta-mosebok-38-kafli","status":"publish","type":"page","link":"https:\/\/biblian.is\/gudbrandsbiblia\/fyrsta-mosebok-38-kafli\/","title":{"rendered":"Fyrsta M\u00f3seb\u00f3k 38. kafli"},"content":{"rendered":"<p>\u00dea\u00f0 bar til \u00e1 \u00feeim sama t\u00edma a\u00f0 J\u00fada f\u00f3r ofan fr\u00e1 s\u00ednum br\u00e6\u00f0rum og gaf sig til eins manns af Odollam, hann h\u00e9t H\u00edra. Og \u00fear leit J\u00fada eins kanversks manns d\u00f3ttir, hann h\u00e9t S\u00faha, og f\u00e9kk hennar. <span class=\"athugasemd\" title=\"J\u00fada kvongast\">[<\/span> Og sem hann lag\u00f0ist me\u00f0 henni var\u00f0 h\u00fan \u00feungu\u00f0 og f\u00e6ddi einn son, \u00feann nefndi h\u00fan Ger. <span class=\"athugasemd\" title=\"Synir J\u00fada\">[<\/span> H\u00fan var\u00f0 og \u00f3l\u00e9tt \u00ed anna\u00f0 sinn og \u00e1tti einn son, \u00feann nefndi h\u00fan \u00d3nan. H\u00fan gat og enn \u00feri\u00f0ja son, \u00feann kalla\u00f0i h\u00fan Sela. H\u00fan var \u00ed Kes\u00edb \u00fe\u00e1 h\u00fan f\u00e6ddi hann.<\/p>\n<p>\tEn J\u00fadas gifti sinn frumgetinn son Ger einni kvinnu sem h\u00e9t Tamar. <span class=\"athugasemd\" title=\"Tamar\">[<\/span> En hann var sk\u00e1lkur \u00ed augliti Drottins, \u00fear fyrir sl\u00f3 Drottinn hann \u00ed hel. <span class=\"athugasemd\" title=\"Num 26\">[<\/span> \u00de\u00e1 sag\u00f0i J\u00fada til \u00d3nan: &#8222;Gakk inn til \u00feinnar br\u00f3\u00f0urkvinnu og tak hana til ekta so \u00fe\u00fa megir uppvekja \u00fe\u00edns br\u00f3\u00f0urs s\u00e6\u00f0i.&#8220; En \u00fev\u00ed a\u00f0 \u00d3nan vissi \u00fea\u00f0 a\u00f0 s\u00e6\u00f0i\u00f0 var ekki hans eigi\u00f0, \u00fe\u00f3 a\u00f0 hann leg\u00f0ist me\u00f0 s\u00edns br\u00f3\u00f0urkvinnu l\u00e9t hann \u00fea\u00f0 \u00e1 j\u00f6r\u00f0 falla og spillast so hann skyldi ei uppvekja s\u00ednum br\u00f3\u00f0ur s\u00e6\u00f0i. <span class=\"athugasemd\" title=\"Deut. 25 Math. 22\">[<\/span> \u00dea\u00f0 misl\u00edka\u00f0i Drottni er hann gj\u00f6r\u00f0i, \u00fev\u00ed l\u00e9t hann hann og sl\u00e1st \u00ed hel. \u00de\u00e1 sag\u00f0i J\u00fada til sinnar m\u00e1gkonu Tamar: &#8222;Vert \u00fe\u00fa ein ekkja \u00ed \u00fe\u00edns f\u00f6\u00f0urs h\u00fasi \u00fear til minn son Sela er vaxinn.&#8220; \u00dev\u00ed hann hugsa\u00f0i: &#8222;Ske m\u00e1 a\u00f0 hann deyi so sem hans br\u00e6\u00f0ur.&#8220; Tamar f\u00f3r burt og var \u00ed s\u00edns f\u00f6\u00f0urs h\u00fasi.<\/p>\n<p>\tOg eftir marga daga li\u00f0na anda\u00f0ist d\u00f3ttir S\u00faha, h\u00fasfr\u00fa J\u00fada. Og \u00fear eftir sem J\u00fadas haf\u00f0i \u00fati s\u00edna sorg \u00fe\u00e1 f\u00f3r hann upp til Timnat a\u00f0 klippa s\u00edna sau\u00f0i me\u00f0 s\u00ednum <span class=\"athugasemd\" title=\"sword Vin\">[<\/span> hir\u00f0ir, H\u00edra af Odollam. \u00deetta spur\u00f0i Tamar, a\u00f0 m\u00e1gur hennar f\u00e6ri upp til Timnat a\u00f0 klippa sitt f\u00e9. Og h\u00fan lag\u00f0i sinn ekkjub\u00faning af s\u00e9r og vaf\u00f0i um sig einum m\u00f6ttli og huldi sig og setti sig fyrir dyrnar \u00e1 \u00feeim vegi sem liggur til Timnat. \u00dev\u00ed h\u00fan s\u00e1 a\u00f0 Sela var fullvaxinn en h\u00fan var \u00fe\u00f3 ei gift honum.<\/p>\n<p>\tEn \u00fe\u00e1 n\u00fa J\u00fadas s\u00e1 hana \u00e6tla\u00f0i hann a\u00f0 vera mundi ein portkona \u00fev\u00ed h\u00fan haf\u00f0i huli\u00f0 sitt andlit. Hann gekk af veginum \u00feanga\u00f0 sem h\u00fan sat og sag\u00f0i: &#8222;Leyf m\u00e9r a\u00f0 liggja hj\u00e1 \u00fe\u00e9r.&#8220; \u00dev\u00ed a\u00f0 hann vissi ekki a\u00f0 \u00fea\u00f0 var hans sonarkvinna. H\u00fan svara\u00f0i: &#8222;Hva\u00f0 vilt \u00fe\u00fa gefa m\u00e9r a\u00f0 eg leyfi \u00fe\u00e9r \u00fea\u00f0?&#8220; Hann sag\u00f0i: &#8222;Eg vil senda \u00fe\u00e9r einn geithafur af hj\u00f6r\u00f0inni.&#8220; H\u00fan svara\u00f0i: &#8222;F\u00e1 m\u00e9r \u00fe\u00e1 nokku\u00f0 \u00ed panta \u00fear til \u00fe\u00fa sendir m\u00e9r hann.&#8220; Hann sag\u00f0i: &#8222;Hva\u00f0 vilt \u00fe\u00fa \u00fe\u00e1 a\u00f0 eg f\u00e1i \u00fe\u00e9r til panta?&#8220; H\u00fan svara\u00f0i: &#8222;\u00deitt fingurgull, \u00feinn nasad\u00fak og \u00feinn staf sem \u00fe\u00fa hefur \u00ed hendinni.&#8220; So f\u00e9kk hann henni \u00feetta og l\u00e1 hj\u00e1 henni og h\u00fan f\u00e9kk getna\u00f0 af \u00feeirra vi\u00f0skiptum, st\u00f3\u00f0 upp og gekk \u00ed burt og lag\u00f0i k\u00e1puna af s\u00e9r og f\u00e6r\u00f0i sig \u00ed sinn ekkjub\u00faning aftur.<\/p>\n<p>\tOg J\u00fada sendi geithafurinn me\u00f0 s\u00ednum <span class=\"athugasemd\" title=\"sword Vin\">[<\/span> hir\u00f0ir af Odollam og a\u00f0 hann skyldi heimta pantana aftur af kvinnunni en hann fann hana hvergi. \u00de\u00e1 spur\u00f0i hann f\u00f3lki\u00f0 a\u00f0 \u00ed \u00feeim sta\u00f0 og sag\u00f0i: &#8222;Hvar mun s\u00fa portkona sem sat \u00fat vi\u00f0 veginn \u00ed dag?&#8220; \u00deeir sv\u00f6ru\u00f0u: &#8222;Engin portkona hefur \u00fear veri\u00f0.&#8220; Og hann kom til J\u00fada aftur og sag\u00f0i: &#8222;Ekki fann eg hana og f\u00f3lki\u00f0 \u00ed \u00feeim sta\u00f0 sag\u00f0i \u00fear hef\u00f0i engin portkona veri\u00f0.&#8220; \u00de\u00e1 sag\u00f0i J\u00fada: &#8222;Hafi h\u00fan \u00fea\u00f0 h\u00fan heldur. Eigi m\u00e1 h\u00fan v\u00e6na oss \u00f3sanninda, \u00fev\u00ed eg senda geithafurinn sem eg lofa\u00f0a en h\u00fan fannst ekki.&#8220;<\/p>\n<p>\t\u00derimur m\u00e1nu\u00f0um \u00fear eftir li\u00f0num var J\u00fada sagt: &#8222;Tamar, \u00fe\u00edns sonar kona, er n\u00fa or\u00f0in portkona og s\u00e9, h\u00e9r me\u00f0 er h\u00fan or\u00f0in \u00f3l\u00e9tt \u00ed frillul\u00edfi.&#8220; \u00de\u00e1 svara\u00f0i J\u00fada: &#8222;F\u00e6ri\u00f0 hana hinga\u00f0, h\u00fan skal brennast.&#8220; Og \u00fe\u00e1 h\u00fan var framleidd sendi h\u00fan bo\u00f0 til s\u00edns m\u00e1gs og sag\u00f0i: &#8222;Af \u00feeim manni hefi eg getna\u00f0 fengi\u00f0 sem \u00feetta heyrir til&#8220; og sag\u00f0i: &#8222;Veist \u00fe\u00fa ekki hverjum \u00feessi hringur og \u00feessi kl\u00fatur og \u00feessi stafur tilheyrir?&#8220; J\u00fada \u00feekkti \u00fea\u00f0 og sag\u00f0i: &#8222;H\u00fan er r\u00e9ttv\u00edsari en eg \u00fev\u00ed eg gaf henni ekki minn son Sela.&#8220; Og hann kenndi hennar ekki \u00fea\u00f0an \u00ed fr\u00e1.<\/p>\n<p>\tOg sem h\u00fan skyldi n\u00fa ver\u00f0a l\u00e9ttari \u00fe\u00e1 gekk h\u00fan me\u00f0 tv\u00edbura og \u00ed sj\u00e1lfri f\u00e6\u00f0ingunni \u00fe\u00e1 kom \u00fear ein barnsh\u00f6nd \u00ed lj\u00f3s. Yfirsetukonan t\u00f3k \u00fe\u00e1 einn rau\u00f0an \u00fer\u00e1\u00f0 og batt um h\u00f6ndina og sag\u00f0i: &#8222;\u00deessi skal fyrst f\u00e6\u00f0ast.&#8220; En sem hann t\u00f3k s\u00edna h\u00f6nd a\u00f0 s\u00e9r \u00fe\u00e1 kom hans br\u00f3\u00f0ir til og h\u00fan sag\u00f0i: &#8222;\u00dev\u00ed hefur \u00fe\u00fa fyrir \u00fe\u00edna skuld gj\u00f6rt soddan sprungu?&#8220; Og hann var nefndur Peres. <span class=\"athugasemd\" title=\"Peres \u00fe\u00fd\u00f0ist sundursl\u00edtari\">[<\/span> \u00dear eftir var hans br\u00f3\u00f0ir f\u00e6ddur sem haf\u00f0i \u00feann rau\u00f0a \u00fer\u00e1\u00f0 um s\u00edna h\u00f6nd. Og hann var kalla\u00f0ur Sera. <span class=\"athugasemd\" title=\"Sera Uppruni\">[<\/span><\/p>\n","protected":false},"excerpt":{"rendered":"<p>\u00dea\u00f0 bar til \u00e1 \u00feeim sama t\u00edma a\u00f0 J\u00fada f\u00f3r ofan fr\u00e1 s\u00ednum br\u00e6\u00f0rum og gaf sig til eins manns af Odollam, hann h\u00e9t H\u00edra. Og \u00fear leit J\u00fada eins kanversks manns d\u00f3ttir, hann h\u00e9t S\u00faha, og f\u00e9kk hennar. [ Og sem hann lag\u00f0ist me\u00f0 henni var\u00f0 h\u00fan \u00feungu\u00f0 og f\u00e6ddi einn son, \u00feann nefndi h\u00fan Ger. [ H\u00fan var\u00f0 og \u00f3l\u00e9tt \u00ed anna\u00f0 sinn og \u00e1tti einn son, \u00feann nefndi h\u00fan \u00d3nan. H\u00fan gat og enn \u00feri\u00f0ja son, \u00feann kalla\u00f0i h\u00fan Sela. H\u00fan var \u00ed Kes\u00edb \u00fe\u00e1 h\u00fan f\u00e6ddi hann. En J\u00fadas gifti sinn frumgetinn son Ger einni kvinnu <a href=\"https:\/\/biblian.is\/gudbrandsbiblia\/fyrsta-mosebok-38-kafli\/\"> [&#8230;]<\/a><\/p>\n","protected":false},"author":1,"featured_media":0,"parent":0,"menu_order":0,"comment_status":"open","ping_status":"open","template":"bibliukaflar.php","meta":{"footnotes":""},"class_list":["post-2730","page","type-page","status-publish","hentry"],"_links":{"self":[{"href":"https:\/\/biblian.is\/gudbrandsbiblia\/wp-json\/wp\/v2\/pages\/2730","targetHints":{"allow":["GET"]}}],"collection":[{"href":"https:\/\/biblian.is\/gudbrandsbiblia\/wp-json\/wp\/v2\/pages"}],"about":[{"href":"https:\/\/biblian.is\/gudbrandsbiblia\/wp-json\/wp\/v2\/types\/page"}],"author":[{"embeddable":true,"href":"https:\/\/biblian.is\/gudbrandsbiblia\/wp-json\/wp\/v2\/users\/1"}],"replies":[{"embeddable":true,"href":"https:\/\/biblian.is\/gudbrandsbiblia\/wp-json\/wp\/v2\/comments?post=2730"}],"version-history":[{"count":0,"href":"https:\/\/biblian.is\/gudbrandsbiblia\/wp-json\/wp\/v2\/pages\/2730\/revisions"}],"wp:attachment":[{"href":"https:\/\/biblian.is\/gudbrandsbiblia\/wp-json\/wp\/v2\/media?parent=2730"}],"curies":[{"name":"wp","href":"https:\/\/api.w.org\/{rel}","templated":true}]}}