{"id":2728,"date":"2017-12-18T18:31:33","date_gmt":"2017-12-18T18:31:33","guid":{"rendered":"http:\/\/biblian.is\/gudbrandsbiblia\/fyrsta-mosebok-36-kafli\/"},"modified":"2017-12-18T18:31:33","modified_gmt":"2017-12-18T18:31:33","slug":"fyrsta-mosebok-36-kafli","status":"publish","type":"page","link":"https:\/\/biblian.is\/gudbrandsbiblia\/fyrsta-mosebok-36-kafli\/","title":{"rendered":"Fyrsta M\u00f3seb\u00f3k 36. kafli"},"content":{"rendered":"<p>\u00deetta er Esa\u00fa \u00e6ttkv\u00edsl, sem nefnist Ed\u00f3m: Esa\u00fa t\u00f3k s\u00e9r kvinnu af Kanaans d\u00e6trum, Ada d\u00f3ttir Elons Hetei og Ahal\u00edbama, d\u00f3ttur Ana, d\u00f3ttur S\u00edbeons Hevitei, og Basmat, \u00cdsmaels d\u00f3ttir, Nebaj\u00f3ts systir. Og Ada f\u00e6ddi Esa\u00fa El\u00edfas. En Basmat f\u00e6ddi Reg\u00fael. Ahal\u00edbama f\u00e6ddi Jeh\u00fas, Jaelam og K\u00f3ra. \u00deessir eru Esa\u00fa synir sem hann \u00e1tti \u00ed Kanaanslandi.<\/p>\n<p>\tOg Esa\u00fa t\u00f3k s\u00ednar kvinnur, sonu og d\u00e6tur og \u00fe\u00e6r allar s\u00e1lir sem voru \u00ed hans h\u00fasi, sinn b\u00fasmala og allt sitt kvikf\u00e9 og alla \u00fe\u00e1 fj\u00e1rhluti sem honum h\u00f6f\u00f0u aflast \u00ed Kanaanslandi og f\u00f3r \u00ed anna\u00f0 land fr\u00e1 Jakob s\u00ednum br\u00f3\u00f0ur. \u00dev\u00ed \u00feeirra au\u00f0\u00e6fi voru so mikil a\u00f0 \u00feeir m\u00e1ttu ekki b\u00faa til samans og \u00fea\u00f0 land \u00ed hverju \u00feeir voru framandi bar \u00fe\u00e1 ekki fyrir s\u00f6kum fj\u00f6lda hjar\u00f0ar \u00feeirra. Og Esa\u00fa bj\u00f3 \u00e1 fjallbygg\u00f0um Se\u00edr. En Esa\u00fa er Ed\u00f3m.<\/p>\n<p>\t\u00deetta er \u00e6ttkv\u00edsl Esa\u00fa, af hverjum Ed\u00f3m\u00edtar eru komnir \u00e1 fjallinu Se\u00edr, og \u00feetta er heiti sona Esa\u00fa: El\u00edfas, son Ada, kvinnu Esa\u00fa, Reg\u00fael, son Basmat, kvinnu Esa\u00fa. En \u00feessir voru El\u00edfas synir: Teman, \u00d3mar, Sef\u00f3, Gaetam og Kenas. Og Timna var frilla El\u00edfas Esa\u00fa sonar, h\u00fan gat vi\u00f0 honum Amalek. \u00deessir eru synir Esa\u00fa af Ada hans kvinnu. En Reg\u00faels synir eru \u00feessir: Nahat, Sera, Samma, Misa. \u00deessir eru synir Basmat, kvinnu Esa\u00fa. \u00deessir eru synir Ahal\u00edbama, kvinnu Esa\u00fa: D\u00f3ttir Ana, d\u00f3ttir S\u00edbeon, sem h\u00fan gat Esa\u00fa: Je\u00fas, Jaelam og K\u00f3ra.<\/p>\n<p>\t\u00deessir eru hertugar \u00e1 me\u00f0al sona Esa\u00fa. Synir El\u00edfas Esa\u00fa frumgetna sonar voru \u00feessir: Hertugi Teman, hertugi \u00d3mar, hertugi Sef\u00f3, hertugi Kenas, hertugi K\u00f3ra, hertugi Gaetam, hertugi Amalek. \u00deessir eru hertugar komnir af El\u00edfas \u00ed landi Ed\u00f3m og eru synir Ada. \u00deessir eru synir Rag\u00faels sonar Esa\u00fa: Hertugi Nahat, hertugi Sera, hertugi Samma, hertugi Misa. \u00deessir eru hertugar komnir af Reg\u00fael \u00ed landi Ed\u00f3m og eru \u00feessir synir Basmat, kvinnu Esa\u00fa. Hertugi Je\u00fas, hertugi Jaelam, hertugi K\u00f3ra. \u00deessir hertugar komu af Ahal\u00edbama, Adas d\u00f3ttir, kvinnu Esa\u00fa. \u00deessir eru synirnir Esa\u00fa og \u00feeirra hertugar. Hann er Ed\u00f3m.<\/p>\n<p>\t\u00deessir eru synir Se\u00edr Horei sem bjuggu \u00ed landinu: L\u00f3tan, S\u00f3bal, S\u00edbeon, Ana, D\u00edson, Eser og D\u00edsan. <span class=\"athugasemd\" title=\"Synir Se\u00edr\">[<\/span> \u00deessir eru hertugar Horei, sonar Se\u00edr \u00ed landinu Ed\u00f3m. En \u00feessir eru L\u00f3tans synir: H\u00f3r\u00ed og Heman. Og L\u00f3tans systir h\u00e9t Timna. \u00deessir voru S\u00f3bals synir: Alvan, Manahat, Ebal, Sef\u00f3 og \u00d3nam. \u00deessir voru synir S\u00edbeon: A\u00eda og Ana. Og \u00feessi Ana var s\u00e1 sem fann m\u00falasna \u00ed ey\u00f0im\u00f6rku \u00fe\u00e1 hann geymdi s\u00edns f\u00f6\u00f0urs S\u00edbeons asna. \u00deessir voru Anas synir: D\u00edson og Ahal\u00edbama, \u00fea\u00f0 er Anas d\u00f3ttir. \u00deessir voru synir D\u00edson: Hemdan, Esban, Jetran og Karan. \u00deessir voru Esers synir: B\u00edlhan, Savan og Akan. Synir D\u00edsan voru \u00das og Aran.<\/p>\n<p>\t\u00deessir voru hertugar Horeorum: Hertugi L\u00f3tan, hertugi S\u00f3bal, hertugi S\u00edbeon, hertugi Ana, hertugi D\u00edson, hertugi Eser, hertugi D\u00edsan. \u00deessir voru hertugar Horeorum sem r\u00edktu \u00ed landinu Se\u00edr.<\/p>\n<p>\t\u00deessir eru \u00feeir k\u00f3ngar sem r\u00edktu \u00ed landi Ed\u00f3m fyrr en \u00cdsraels synir h\u00f6f\u00f0u k\u00f3nga: <span class=\"athugasemd\" title=\"Konungar \u00ed Ed\u00f3m\">[<\/span> Bela Be\u00f3rsson var k\u00f3ngur \u00ed Ed\u00f3m og hans borg h\u00e9t D\u00ednhaba. <span class=\"athugasemd\" title=\"Bela\">[<\/span> En sem Bela dey\u00f0i var\u00f0 J\u00f3bab Serhason af Basra k\u00f3ngur \u00ed hans sta\u00f0. <span class=\"athugasemd\" title=\"J\u00f3bab\">[<\/span> \u00de\u00e1 J\u00f3bab anda\u00f0ist var H\u00fasan af landi Themanorum k\u00f3ngur \u00ed hans sta\u00f0. <span class=\"athugasemd\" title=\"H\u00fasan\">[<\/span> En \u00fe\u00e1 H\u00fasam dey\u00f0i var\u00f0 Hadad Bedadsson k\u00f3ngur \u00ed hans sta\u00f0, hver e\u00f0 sl\u00f3 \u00fe\u00e1 Madianitos \u00e1 Moabiters m\u00f6rkum. <span class=\"athugasemd\" title=\"Hadad\">[<\/span> Og hans sta\u00f0ur h\u00e9t Av\u00edt. En sem Hadad dey\u00f0i t\u00f3k k\u00f3ngd\u00f3m Samla af Masrek. <span class=\"athugasemd\" title=\"Samla\">[<\/span> \u00de\u00e1 Samla dey\u00f0i t\u00f3k k\u00f3ngd\u00f3m eftir hann S\u00e1l af vatni Reh\u00f3b\u00f3t. <span class=\"athugasemd\" title=\"S\u00e1l\">[<\/span> Eftir andl\u00e1t S\u00e1ls t\u00f3k k\u00f3ngd\u00f3m Baalhanan Akborsson. <span class=\"athugasemd\" title=\"Baalhanan\">[<\/span> Eftir Baalhanan Akborsson t\u00f3k Hadar k\u00f3ngd\u00f3m og hans sta\u00f0ur h\u00e9t Pag\u00fa og hans kvinna h\u00e9t Mehethabeel, d\u00f3ttir Matred, d\u00f3ttur Mesahab. <span class=\"athugasemd\" title=\"Hadar\">[<\/span> <\/p>\n<p>\t\u00deessi eru \u00feeirra hertuga n\u00f6fn sem komu af Esa\u00fa, eftir \u00feeirra \u00e6tternist\u00f6\u00f0um og n\u00f6fnum: Hertugi Timna, hertugi Alva, hertugi Jetet, hertugi Ahal\u00edbama, hertugi Ela, hertugi P\u00ednon, hertugi Knas, hertugi Teman, hertugi Mibsar, hergtugi Magd\u00edel, hertugi \u00cdram. \u00deetta eru \u00feeir h\u00f6f\u00f0ingjar \u00ed Ed\u00f3m, eftir \u00fev\u00ed sem \u00feeir bjuggu \u00ed s\u00ednu erf\u00f0alandi. En Esa\u00fa er fa\u00f0ir \u00feeirra Edomitarum.<\/p>\n","protected":false},"excerpt":{"rendered":"<p>\u00deetta er Esa\u00fa \u00e6ttkv\u00edsl, sem nefnist Ed\u00f3m: Esa\u00fa t\u00f3k s\u00e9r kvinnu af Kanaans d\u00e6trum, Ada d\u00f3ttir Elons Hetei og Ahal\u00edbama, d\u00f3ttur Ana, d\u00f3ttur S\u00edbeons Hevitei, og Basmat, \u00cdsmaels d\u00f3ttir, Nebaj\u00f3ts systir. Og Ada f\u00e6ddi Esa\u00fa El\u00edfas. En Basmat f\u00e6ddi Reg\u00fael. Ahal\u00edbama f\u00e6ddi Jeh\u00fas, Jaelam og K\u00f3ra. \u00deessir eru Esa\u00fa synir sem hann \u00e1tti \u00ed Kanaanslandi. Og Esa\u00fa t\u00f3k s\u00ednar kvinnur, sonu og d\u00e6tur og \u00fe\u00e6r allar s\u00e1lir sem voru \u00ed hans h\u00fasi, sinn b\u00fasmala og allt sitt kvikf\u00e9 og alla \u00fe\u00e1 fj\u00e1rhluti sem honum h\u00f6f\u00f0u aflast \u00ed Kanaanslandi og f\u00f3r \u00ed anna\u00f0 land fr\u00e1 Jakob s\u00ednum br\u00f3\u00f0ur. \u00dev\u00ed \u00feeirra au\u00f0\u00e6fi <a href=\"https:\/\/biblian.is\/gudbrandsbiblia\/fyrsta-mosebok-36-kafli\/\"> [&#8230;]<\/a><\/p>\n","protected":false},"author":1,"featured_media":0,"parent":0,"menu_order":0,"comment_status":"open","ping_status":"open","template":"bibliukaflar.php","meta":{"footnotes":""},"class_list":["post-2728","page","type-page","status-publish","hentry"],"_links":{"self":[{"href":"https:\/\/biblian.is\/gudbrandsbiblia\/wp-json\/wp\/v2\/pages\/2728","targetHints":{"allow":["GET"]}}],"collection":[{"href":"https:\/\/biblian.is\/gudbrandsbiblia\/wp-json\/wp\/v2\/pages"}],"about":[{"href":"https:\/\/biblian.is\/gudbrandsbiblia\/wp-json\/wp\/v2\/types\/page"}],"author":[{"embeddable":true,"href":"https:\/\/biblian.is\/gudbrandsbiblia\/wp-json\/wp\/v2\/users\/1"}],"replies":[{"embeddable":true,"href":"https:\/\/biblian.is\/gudbrandsbiblia\/wp-json\/wp\/v2\/comments?post=2728"}],"version-history":[{"count":0,"href":"https:\/\/biblian.is\/gudbrandsbiblia\/wp-json\/wp\/v2\/pages\/2728\/revisions"}],"wp:attachment":[{"href":"https:\/\/biblian.is\/gudbrandsbiblia\/wp-json\/wp\/v2\/media?parent=2728"}],"curies":[{"name":"wp","href":"https:\/\/api.w.org\/{rel}","templated":true}]}}