{"id":2725,"date":"2017-12-18T18:31:33","date_gmt":"2017-12-18T18:31:33","guid":{"rendered":"http:\/\/biblian.is\/gudbrandsbiblia\/fyrsta-mosebok-33-kafli\/"},"modified":"2017-12-18T18:31:33","modified_gmt":"2017-12-18T18:31:33","slug":"fyrsta-mosebok-33-kafli","status":"publish","type":"page","link":"https:\/\/biblian.is\/gudbrandsbiblia\/fyrsta-mosebok-33-kafli\/","title":{"rendered":"Fyrsta M\u00f3seb\u00f3k 33. kafli"},"content":{"rendered":"<p>Jakob leit s\u00ednum augum upp og s\u00e1 sinn br\u00f3\u00f0ur Esa\u00fa komanda me\u00f0 fj\u00f6gur hundru\u00f0 manns. Hann skipa\u00f0i s\u00ednum sonum til Lea og til Rakel og til beggja \u00feeirra amb\u00e1tta. Og hann skipa\u00f0i amb\u00e1ttunum og \u00feeirra sonum fremst, \u00fear n\u00e6st Lea me\u00f0 s\u00ednum b\u00f6rnum, en Rakel seinast me\u00f0 J\u00f3sef. En hann gekk fram undan \u00feeim og f\u00e9ll sj\u00f6 sinnum til jar\u00f0ar \u00fear til hann kom til s\u00edns br\u00f3\u00f0urs. <\/p>\n<p>\tEsa\u00fa rann \u00ed m\u00f3t honum og t\u00f3k hann \u00ed fang s\u00e9r, lag\u00f0i hendur um h\u00e1ls honum og kyssti hann. Og \u00feeir gr\u00e9tu b\u00e1\u00f0ir. Og hann lyfti s\u00ednum augum upp, s\u00e1 kvinnurnar og b\u00f6rnin og sag\u00f0i: &#8222;Hva\u00f0a f\u00f3lk er \u00feetta sem er me\u00f0 \u00fe\u00e9r?&#8220; Hann svara\u00f0i: &#8222;\u00deetta eru sm\u00e1b\u00f6rn \u00feau sem Gu\u00f0 hefur gefi\u00f0 \u00fe\u00ednum \u00fe\u00e9nara.&#8220; Og amb\u00e1ttirnar gengu fram me\u00f0 s\u00ednum sonum og lutu honum. Lea gekk og fram me\u00f0 s\u00ednum b\u00f6rnum og laut honum. \u00dear eftir gekk J\u00f3sef og Rakel fram og lutu honum.<\/p>\n<p>\tOg hann sag\u00f0i: &#8222;Hva\u00f0 vilt \u00fe\u00fa me\u00f0 allan \u00feann flokk sem kom \u00e1 m\u00f3ti m\u00e9r?&#8220; Hann svara\u00f0i: &#8222;A\u00f0 eg megi finna n\u00e1\u00f0 fyrir m\u00ednum herra.&#8220; Esa\u00fa sag\u00f0i: &#8222;Minn br\u00f3\u00f0ir, eg hefi n\u00f3g, haf\u00f0u sj\u00e1lfur \u00fe\u00edna eign.&#8220; Jakob svara\u00f0i: &#8222;Eigi so. Hafi eg fundi\u00f0 n\u00e1\u00f0 fyrir \u00fe\u00e9r \u00fe\u00e1 me\u00f0tak n\u00fa \u00feessa g\u00e1fu af minni hendi. \u00dev\u00ed eg s\u00e1 \u00fe\u00edna \u00e1sj\u00f3nu l\u00edka sem eg hef\u00f0i s\u00e9\u00f0 Gu\u00f0s \u00e1sj\u00f3nu og l\u00e1t \u00fe\u00e9r \u00feetta vel \u00fe\u00f3knast af m\u00e9r og tak \u00feessa blessan af m\u00e9r sem eg hefi f\u00e6rt \u00fe\u00e9r. \u00dev\u00ed Gu\u00f0 gaf m\u00e9r \u00fea\u00f0 og eg hefi aldeilis n\u00f3g eftir.&#8220; So neyddi hann hann \u00fear til a\u00f0 hann me\u00f0t\u00f3k \u00fea\u00f0.<\/p>\n<p>\tOg hann sag\u00f0i: &#8222;L\u00e1tum oss fer\u00f0ast \u00e1 veginn me\u00f0 \u00fe\u00e9r, v\u00e9r viljum fara til samans.&#8220; En Jakob svara\u00f0i honum: &#8222;Minn herra, \u00fe\u00fa s\u00e9r vel a\u00f0 eg hefi ung b\u00f6rn me\u00f0fer\u00f0is, \u00fear til me\u00f0 f\u00e9 og n\u00fdb\u00e6rar k\u00fdr. Ef so ske\u00f0ur n\u00fa a\u00f0 \u00feetta \u00fereytist \u00e1 einum degi \u00fe\u00e1 mun hj\u00f6r\u00f0in deyja fyrir m\u00e9r. Minn herra, fer\u00f0ist \u00fe\u00e9r undan y\u00f0rum \u00fe\u00e9nara, eg vil reka so h\u00e6gt \u00e1 eftir svo sem b\u00f6rnin og hj\u00f6r\u00f0in geta gengi\u00f0, \u00fear til a\u00f0 eg kem til m\u00edns herra \u00ed Se\u00edr.&#8220;<\/p>\n<p>\tEsa\u00fa svara\u00f0i: &#8222;\u00de\u00e1 vil eg \u00fe\u00f3 l\u00e1ta eftir hj\u00e1 \u00fe\u00e9r nokkra af \u00feessum m\u00f6nnum sem eru me\u00f0 m\u00e9r.&#8220; Hann svara\u00f0i: &#8222;Hva\u00f0 gj\u00f6rist \u00feess \u00fe\u00f6rf? L\u00e1t mig a\u00f0eins finna n\u00e1\u00f0 fyrir \u00fe\u00e9r, minn herra.&#8220; So fer\u00f0a\u00f0ist Esa\u00fa \u00feann sama dag aftur \u00feann r\u00e9tta veg til Se\u00edr. En Jakob f\u00f3r til S\u00fak\u00f3t og bygg\u00f0i s\u00e9r \u00fear eitt h\u00fas, gj\u00f6r\u00f0i og tjaldb\u00fa\u00f0ir handa sinni hj\u00f6r\u00f0. <span class=\"athugasemd\" title=\"S\u00fak\u00f3t kallast tjald e\u00f0ur hreysi\">[<\/span> Og \u00fev\u00ed kallast s\u00e1 sta\u00f0ur S\u00fak\u00f3t. <\/p>\n<p>\tEftir \u00fea\u00f0 f\u00f3r Jakob til Salem \u00ed \u00fe\u00e1 borg S\u00edkems sem liggur \u00ed Kanaanslandi, \u00fe\u00e1 hann var kominn af Mesopotamia, og hann setti s\u00edna bygg\u00f0 utan sta\u00f0ar og keypti eitt l\u00edti\u00f0 akurland af Hemorssonum, Sik\u00edms f\u00f6\u00f0ur, fyrir hundra\u00f0 <span class=\"athugasemd\" title=\"sword e\u00f0ur Sau\u00f0i\">[<\/span> silfurpeninga og setti \u00fear s\u00edna tjaldb\u00fa\u00f0 og uppbygg\u00f0i \u00fear eitt altari og \u00e1kalla\u00f0i \u00fear nafn \u00feess sterka Gu\u00f0s \u00cdsraels.<\/p>\n","protected":false},"excerpt":{"rendered":"<p>Jakob leit s\u00ednum augum upp og s\u00e1 sinn br\u00f3\u00f0ur Esa\u00fa komanda me\u00f0 fj\u00f6gur hundru\u00f0 manns. Hann skipa\u00f0i s\u00ednum sonum til Lea og til Rakel og til beggja \u00feeirra amb\u00e1tta. Og hann skipa\u00f0i amb\u00e1ttunum og \u00feeirra sonum fremst, \u00fear n\u00e6st Lea me\u00f0 s\u00ednum b\u00f6rnum, en Rakel seinast me\u00f0 J\u00f3sef. En hann gekk fram undan \u00feeim og f\u00e9ll sj\u00f6 sinnum til jar\u00f0ar \u00fear til hann kom til s\u00edns br\u00f3\u00f0urs. Esa\u00fa rann \u00ed m\u00f3t honum og t\u00f3k hann \u00ed fang s\u00e9r, lag\u00f0i hendur um h\u00e1ls honum og kyssti hann. Og \u00feeir gr\u00e9tu b\u00e1\u00f0ir. Og hann lyfti s\u00ednum augum upp, s\u00e1 kvinnurnar og b\u00f6rnin <a href=\"https:\/\/biblian.is\/gudbrandsbiblia\/fyrsta-mosebok-33-kafli\/\"> [&#8230;]<\/a><\/p>\n","protected":false},"author":1,"featured_media":0,"parent":0,"menu_order":0,"comment_status":"open","ping_status":"open","template":"bibliukaflar.php","meta":{"footnotes":""},"class_list":["post-2725","page","type-page","status-publish","hentry"],"_links":{"self":[{"href":"https:\/\/biblian.is\/gudbrandsbiblia\/wp-json\/wp\/v2\/pages\/2725","targetHints":{"allow":["GET"]}}],"collection":[{"href":"https:\/\/biblian.is\/gudbrandsbiblia\/wp-json\/wp\/v2\/pages"}],"about":[{"href":"https:\/\/biblian.is\/gudbrandsbiblia\/wp-json\/wp\/v2\/types\/page"}],"author":[{"embeddable":true,"href":"https:\/\/biblian.is\/gudbrandsbiblia\/wp-json\/wp\/v2\/users\/1"}],"replies":[{"embeddable":true,"href":"https:\/\/biblian.is\/gudbrandsbiblia\/wp-json\/wp\/v2\/comments?post=2725"}],"version-history":[{"count":0,"href":"https:\/\/biblian.is\/gudbrandsbiblia\/wp-json\/wp\/v2\/pages\/2725\/revisions"}],"wp:attachment":[{"href":"https:\/\/biblian.is\/gudbrandsbiblia\/wp-json\/wp\/v2\/media?parent=2725"}],"curies":[{"name":"wp","href":"https:\/\/api.w.org\/{rel}","templated":true}]}}