{"id":2721,"date":"2017-12-18T18:31:33","date_gmt":"2017-12-18T18:31:33","guid":{"rendered":"http:\/\/biblian.is\/gudbrandsbiblia\/fyrsta-mosebok-29-kafli\/"},"modified":"2017-12-18T18:31:33","modified_gmt":"2017-12-18T18:31:33","slug":"fyrsta-mosebok-29-kafli","status":"publish","type":"page","link":"https:\/\/biblian.is\/gudbrandsbiblia\/fyrsta-mosebok-29-kafli\/","title":{"rendered":"Fyrsta M\u00f3seb\u00f3k 29. kafli"},"content":{"rendered":"<p>S\u00ed\u00f0an fer\u00f0a\u00f0ist Jakob \u00ed burt \u00fea\u00f0an \u00ed \u00fea\u00f0 land sem a\u00f0 liggur til austurs. Og hann s\u00e1 \u00fear einn vatsbrunn \u00e1 akrinum og \u00fear l\u00e1gu hj\u00e1 brunninum \u00ferennar sau\u00f0ahjar\u00f0ir, \u00fev\u00ed \u00feeir voru vanar a\u00f0 vatna sinni hj\u00f6r\u00f0 af brunninum. \u00dear var og einn st\u00f3r steinn lag\u00f0ur ofan yfir munn brunnsins. Og \u00feeir pl\u00f6gu\u00f0u a\u00f0 safna allri hj\u00f6r\u00f0inni \u00feanga\u00f0 og velta so steininum af brunninum og v\u00f6tnu\u00f0u f\u00e9nu, l\u00f6g\u00f0u s\u00ed\u00f0an steininn aftur yfir brunnsmunnann sem hann l\u00e1 \u00e1\u00f0ur.<\/p>\n<p>\tOg Jakob sag\u00f0i til \u00feeirra: &#8222;K\u00e6rir br\u00e6\u00f0ur, hva\u00f0an eru \u00fe\u00e9r?&#8220; \u00deeir sv\u00f6ru\u00f0u: &#8222;V\u00e9r erum af Haran.&#8220; Hann sag\u00f0i til \u00feeirra: &#8222;\u00deekki \u00fe\u00e9r ekki Laban Nahorsson?&#8220; \u00deeir sv\u00f6ru\u00f0u: &#8222;J\u00e1, vel \u00feekkjum v\u00e9r hann.&#8220; Hann sag\u00f0i: &#8222;Er hann heill?&#8220; \u00deeir sv\u00f6ru\u00f0u: &#8222;Vel m\u00e1 hann. Sj\u00e1, \u00fear kemur hans d\u00f3ttir Rakel me\u00f0 hans sau\u00f0i.&#8220; \u00de\u00e1 m\u00e6lti Jakob: &#8222;Miki\u00f0 er enn dags eftir og er ei m\u00e1l a\u00f0 reka hj\u00f6r\u00f0ina heim. Vatni\u00f0 \u00fe\u00e9r hj\u00f6r\u00f0inni, fari\u00f0 s\u00ed\u00f0an og l\u00e1ti\u00f0 hana b\u00edta.&#8220; \u00deeir sv\u00f6ru\u00f0u: &#8222;V\u00e9r megum ekki fyrr enn \u00f6ll hj\u00f6r\u00f0in kemur til samans, so v\u00e9r getum velt steininum fr\u00e1 brunninum og vatna\u00f0 so hj\u00f6r\u00f0inni.&#8220;<\/p>\n<p>\tOg sem hann r\u00e6ddi \u00feetta vi\u00f0 \u00fe\u00e1 kom Rakel me\u00f0 sau\u00f0i s\u00edns f\u00f6\u00f0urs, \u00fev\u00ed h\u00fan g\u00e6tti \u00feeirra. <span class=\"athugasemd\" title=\"Rakel g\u00e6tir sau\u00f0a\">[<\/span> En sem Jakob s\u00e1 Rakel, d\u00f3ttir Laban s\u00edns m\u00f3\u00f0urbr\u00f3\u00f0ur, og sau\u00f0i Laban s\u00edns m\u00f3\u00f0urbr\u00f3\u00f0urs, f\u00f3r hann til og velti steininum af brunninum og vatna\u00f0i sau\u00f0um Labans m\u00f3\u00f0urbr\u00f3\u00f0urs s\u00edns. Hann minntist vi\u00f0 Rakel og gr\u00e9t og sag\u00f0i henni a\u00f0 hann v\u00e6ri hennar systrungur, en h\u00fan hlj\u00f3p og sag\u00f0i \u00feetta s\u00ednum f\u00f6\u00f0ur.<\/p>\n<p>\tEn sem Laban heyr\u00f0i a\u00f0 Jakob systursonur hans var kominn rann hann \u00fat \u00e1 m\u00f3ti honum, t\u00f3k hann s\u00e9r \u00ed fang og minntist til hans og fylgdi honum inn \u00ed sitt h\u00fas. <span class=\"athugasemd\" title=\"Laban\">[<\/span> \u00de\u00e1 kunngj\u00f6r\u00f0i hann Laban alla s\u00f6k sinnar farar. \u00de\u00e1 sag\u00f0i Laban til hans: &#8222;N\u00fa vel, \u00fe\u00fa ert mitt hold og bein.&#8220; Og sem hann haf\u00f0i n\u00fa veri\u00f0 me\u00f0 honum einn m\u00e1nu\u00f0 \u00fe\u00e1 sag\u00f0i Laban til Jakobs: &#8222;\u00de\u00f3 a\u00f0 \u00fe\u00fa s\u00e9rt minn br\u00f3\u00f0ir, skyldir \u00fe\u00fa fyrir \u00fev\u00ed \u00fej\u00f3na m\u00e9r fyrir ekkert? \u00dear fyrir seg m\u00e9r hva\u00f0 \u00fe\u00fa vilt a\u00f0 \u00feitt verkkaup skal vera?&#8220;<\/p>\n<p>\tLaban \u00e1tti tv\u00e6r d\u00e6tur, s\u00fa eldri h\u00e9t Lea en yngri h\u00e9t Rakel. <span class=\"athugasemd\" title=\"Lea Rakel Labans d\u00e6tur\">[<\/span> Lea var augnd\u00f6pur en Rakel var v\u00e6n og fr\u00ed\u00f0. Og Jakob f\u00e9kk elsku til Rakelar og sag\u00f0i: &#8222;Eg vil \u00fej\u00f3na \u00fe\u00e9r \u00ed sj\u00f6 \u00e1r til \u00feess a\u00f0 \u00fe\u00fa gefir m\u00e9r \u00fe\u00edna yngri d\u00f3ttur.&#8220; Laban svara\u00f0i: &#8222;Betra \u00feyki m\u00e9r a\u00f0 eg gefi \u00fe\u00e9r hana heldur en einum \u00f6\u00f0rum manni. Vertu hj\u00e1 m\u00e9r.&#8220;<\/p>\n<p>\tSo \u00fej\u00f3na\u00f0i Jakob \u00ed sj\u00f6 \u00e1r fyrir Rakel og s\u00fdndist honum sem f\u00e1ir dagar v\u00e6ri fyrir \u00e1st \u00feeirri sem hann haf\u00f0i \u00e1 henni. Eftir \u00fea\u00f0 sag\u00f0i Jakob til Laban: &#8222;Gef m\u00e9r n\u00fa m\u00edna kvinnu, \u00fev\u00ed a\u00f0 t\u00edminn er n\u00fa kominn a\u00f0 eg skuli hverfa til hennar.&#8220; \u00de\u00e1 bau\u00f0 Laban \u00f6llu f\u00f3lki \u00ed \u00feeim sta\u00f0 og gj\u00f6r\u00f0i br\u00fa\u00f0laup. En um kveldi\u00f0 t\u00f3k hann s\u00edna d\u00f3ttir Lea og leiddi hana inn til hans. Og hann l\u00e1 hj\u00e1 henni. <span class=\"athugasemd\" title=\"Lea kvinna Jakobs \">[<\/span> Og Laban gaf Lea sinni d\u00f3ttur s\u00edna \u00fej\u00f3nustup\u00edku Silpa henni til amb\u00e1ttar. <span class=\"athugasemd\" title=\"Silpa\">[<\/span> En um morguninn \u00fe\u00e1 s\u00e1 Jakob a\u00f0 \u00feetta var Lea. \u00de\u00e1 sag\u00f0i hann til Labans: &#8222;Hvar fyrir hefur \u00fe\u00fa so gj\u00f6rt vi\u00f0 mig? Hefi eg ekki \u00fej\u00f3na\u00f0 \u00fe\u00e9r fyrir Rakel? \u00dev\u00ed hefur \u00fe\u00fa so sviki\u00f0 mig?&#8220; Laban svara\u00f0i: &#8222;\u00dea\u00f0 er ekki si\u00f0ur \u00ed voru landi a\u00f0 \u00fe\u00e6r enu yngri s\u00e9 \u00fatgefnar fyrr en \u00fe\u00e6r eldri. Haltu \u00fat vikuna me\u00f0 henni, so vil eg gefa \u00fe\u00e9r hina a\u00f0ra fyrir \u00fe\u00e1 \u00fej\u00f3nustu sem \u00fe\u00fa skalt \u00fej\u00f3na m\u00e9r \u00ed \u00f6nnur sj\u00f6 \u00e1r.&#8220; Jakob gj\u00f6r\u00f0i so og h\u00e9lt \u00fe\u00e1 viku \u00fat. So gaf hann honum Rakel s\u00edna d\u00f3ttur til h\u00fasfr\u00fa. <span class=\"athugasemd\" title=\"Rakel Jakobs kvinna\">[<\/span> Og Laban gaf Rakel sinni d\u00f3ttur B\u00edla til amb\u00e1ttar. <span class=\"athugasemd\" title=\"B\u00edla\">[<\/span> So gekk hann inn til Rakelar og elska\u00f0i Rakel meir en Lea og \u00fej\u00f3na\u00f0i hj\u00e1 honum \u00f6nnur sj\u00f6 \u00e1r fyrir hennar skuld.<\/p>\n<p>\tEn er Drottinn s\u00e1 a\u00f0 Lea var fyrirlitin \u00fe\u00e1 gj\u00f6r\u00f0i hann hana \u00e1vaxtarsamlega en Rakel var \u00f3byrja. Og Lea var\u00f0 \u00f3l\u00e9tt og f\u00e6ddi einn son og kalla\u00f0i hann R\u00faben og sag\u00f0i: &#8222;Drottinn hefur s\u00e9\u00f0 til minnar l\u00e6gingar. <span class=\"athugasemd\" title=\"R\u00faben \u00fe\u00fd\u00f0ir S\u00edonar son\">[<\/span> N\u00fa skal minn ma\u00f0ur elska mig.&#8220; Og h\u00fan var\u00f0 enn \u00ed anna\u00f0 sinn \u00f3l\u00e9tt og f\u00e6ddi einn son og sag\u00f0i: &#8222;Drottinn hefur heyrt a\u00f0 eg er forsm\u00e1\u00f0 og hefur gefi\u00f0 m\u00e9r \u00feennan&#8220; og h\u00fan nefndi hann S\u00edmeon. <span class=\"athugasemd\" title=\"S\u00edmeon kallast Heyrari\">[<\/span> Og enn aftur var\u00f0 h\u00fan \u00f3l\u00e9tt og f\u00e6ddi einn son og sag\u00f0i: &#8222;N\u00fa skal minn ma\u00f0ur halda sig vi\u00f0 mig \u00fev\u00ed eg hefi f\u00e6tt honum \u00ferj\u00e1 sonu&#8220; og \u00fev\u00ed kalla\u00f0i h\u00fan \u00feann sama Lev\u00ed. <span class=\"athugasemd\" title=\"Lev\u00ed Vi\u00f0aukinn\">[<\/span> S\u00ed\u00f0an var\u00f0 h\u00fan \u00ed fj\u00f3r\u00f0a sinn \u00f3l\u00e9tt og f\u00e6ddi einn son og sag\u00f0i: &#8222;N\u00fa vil eg \u00feakka Drottni.&#8220; \u00dear fyrir kalla\u00f0i h\u00fan hann J\u00fada, og h\u00fan l\u00e9t af a\u00f0 eiga b\u00f6rn. <span class=\"athugasemd\" title=\"J\u00fada Me\u00f0kennari\">[<\/span><\/p>\n","protected":false},"excerpt":{"rendered":"<p>S\u00ed\u00f0an fer\u00f0a\u00f0ist Jakob \u00ed burt \u00fea\u00f0an \u00ed \u00fea\u00f0 land sem a\u00f0 liggur til austurs. Og hann s\u00e1 \u00fear einn vatsbrunn \u00e1 akrinum og \u00fear l\u00e1gu hj\u00e1 brunninum \u00ferennar sau\u00f0ahjar\u00f0ir, \u00fev\u00ed \u00feeir voru vanar a\u00f0 vatna sinni hj\u00f6r\u00f0 af brunninum. \u00dear var og einn st\u00f3r steinn lag\u00f0ur ofan yfir munn brunnsins. Og \u00feeir pl\u00f6gu\u00f0u a\u00f0 safna allri hj\u00f6r\u00f0inni \u00feanga\u00f0 og velta so steininum af brunninum og v\u00f6tnu\u00f0u f\u00e9nu, l\u00f6g\u00f0u s\u00ed\u00f0an steininn aftur yfir brunnsmunnann sem hann l\u00e1 \u00e1\u00f0ur. Og Jakob sag\u00f0i til \u00feeirra: &#8222;K\u00e6rir br\u00e6\u00f0ur, hva\u00f0an eru \u00fe\u00e9r?&#8220; \u00deeir sv\u00f6ru\u00f0u: &#8222;V\u00e9r erum af Haran.&#8220; Hann sag\u00f0i til \u00feeirra: &#8222;\u00deekki \u00fe\u00e9r ekki <a href=\"https:\/\/biblian.is\/gudbrandsbiblia\/fyrsta-mosebok-29-kafli\/\"> [&#8230;]<\/a><\/p>\n","protected":false},"author":1,"featured_media":0,"parent":0,"menu_order":0,"comment_status":"open","ping_status":"open","template":"bibliukaflar.php","meta":{"footnotes":""},"class_list":["post-2721","page","type-page","status-publish","hentry"],"_links":{"self":[{"href":"https:\/\/biblian.is\/gudbrandsbiblia\/wp-json\/wp\/v2\/pages\/2721","targetHints":{"allow":["GET"]}}],"collection":[{"href":"https:\/\/biblian.is\/gudbrandsbiblia\/wp-json\/wp\/v2\/pages"}],"about":[{"href":"https:\/\/biblian.is\/gudbrandsbiblia\/wp-json\/wp\/v2\/types\/page"}],"author":[{"embeddable":true,"href":"https:\/\/biblian.is\/gudbrandsbiblia\/wp-json\/wp\/v2\/users\/1"}],"replies":[{"embeddable":true,"href":"https:\/\/biblian.is\/gudbrandsbiblia\/wp-json\/wp\/v2\/comments?post=2721"}],"version-history":[{"count":0,"href":"https:\/\/biblian.is\/gudbrandsbiblia\/wp-json\/wp\/v2\/pages\/2721\/revisions"}],"wp:attachment":[{"href":"https:\/\/biblian.is\/gudbrandsbiblia\/wp-json\/wp\/v2\/media?parent=2721"}],"curies":[{"name":"wp","href":"https:\/\/api.w.org\/{rel}","templated":true}]}}