{"id":2720,"date":"2017-12-18T18:31:33","date_gmt":"2017-12-18T18:31:33","guid":{"rendered":"http:\/\/biblian.is\/gudbrandsbiblia\/fyrsta-mosebok-28-kafli\/"},"modified":"2017-12-18T18:31:33","modified_gmt":"2017-12-18T18:31:33","slug":"fyrsta-mosebok-28-kafli","status":"publish","type":"page","link":"https:\/\/biblian.is\/gudbrandsbiblia\/fyrsta-mosebok-28-kafli\/","title":{"rendered":"Fyrsta M\u00f3seb\u00f3k 28. kafli"},"content":{"rendered":"<p>N\u00fa kalla\u00f0i \u00cdsak Jakob, son sinn, fyrir sig og blessa\u00f0i hann, bau\u00f0 honum og sag\u00f0i til hans: &#8222;\u00de\u00fa skalt ekki taka \u00fe\u00e9r eiginkonu af \u00feeim Kanaans d\u00e6trum, heldur tak \u00feig upp og far \u00ed Mesopotamian til Bat\u00faels, \u00fe\u00edns m\u00f3\u00f0urs f\u00f6\u00f0urs h\u00fass, og tak \u00fe\u00e9r \u00fear eiginkonu til handa af d\u00e6trum Laban, \u00fe\u00edns m\u00f3\u00f0urbr\u00f3\u00f0ur. <span class=\"athugasemd\" title=\"Jakob fer \u00ed Haran \u00d3see 12\">[<\/span> Alm\u00e1ttugur Gu\u00f0 blessi \u00feig og gj\u00f6ri \u00feig \u00e1vaxtarsaman og margfaldi \u00feig so \u00fe\u00fa ver\u00f0ir til eins mikils f\u00f3lks. Hann gefi \u00fe\u00e9r Abrahams blessan, \u00fe\u00e9r og \u00fe\u00ednu s\u00e6\u00f0i me\u00f0 \u00fe\u00e9r, so a\u00f0 \u00fe\u00fa eignist \u00fea\u00f0 land \u00ed hverju \u00fe\u00fa ert framandi, hvert Gu\u00f0 gaf Abraham.&#8220; So sendi \u00cdsak Jakob \u00feanga\u00f0 og l\u00e9t hann fara \u00ed Mesopotamian til Labans Bat\u00faelssonar hins s\u00fdrlenska, hver a\u00f0 var br\u00f3\u00f0ir Rebekku m\u00f3\u00f0ur Jakobs og Esa\u00fa.<\/p>\n<p>\tEn sem Esa\u00fa s\u00e1 \u00fea\u00f0 a\u00f0 \u00cdsak haf\u00f0i blessa\u00f0 Jakob og sent hann til Mesopotamian a\u00f0 hann skyldi giftast \u00fear og a\u00f0 hann haf\u00f0i blessa\u00f0 hann, bo\u00f0i\u00f0 honum og sagt so: &#8222;\u00de\u00fa skalt ei taka \u00fe\u00e9r eiginkonu af Kanaans d\u00e6trum&#8220; og a\u00f0 Jakob var s\u00ednum f\u00f6\u00f0ur og m\u00f3\u00f0ur hl\u00fd\u00f0ugur og f\u00f3r burt \u00ed Mesopotamian, hann s\u00e1 og einnin a\u00f0 hans f\u00f6\u00f0ur \u00cdsak var ekki um \u00fe\u00e6r Kanaans d\u00e6tur, \u00fe\u00e1 gekk hann burt til \u00cdsmael og t\u00f3k s\u00e9r til eiginkonu d\u00f3ttur \u00cdsmael Abrahamssonar, Mahalat, systir Nebaj\u00f3t, a\u00f0 auk \u00feeirra kvenna sem hann \u00e1tti \u00e1\u00f0ur. <span class=\"athugasemd\" title=\"Mahalat kvinna Esa\u00fa\">[<\/span><\/p>\n<p>\tEn Jakob f\u00f3r fr\u00e1 Ber-Saba og reisti til Haran. Og hann kom \u00ed nokkurn sta\u00f0, \u00fear var hann um n\u00f3tt, \u00fev\u00ed a\u00f0 s\u00f3lin var undirgengin. Og hann t\u00f3k einn stein \u00ed \u00feeim sama sta\u00f0 og lag\u00f0i hann undir sitt h\u00f6fu\u00f0 og lag\u00f0i sig til svefns \u00ed \u00feeim sama sta\u00f0. Og hann s\u00e1 \u00ed svefni og sj\u00e1 \u00fe\u00fa: Einn stigi st\u00f3\u00f0 \u00e1 j\u00f6r\u00f0u og hann t\u00f3k allt til himins og sj\u00e1, Gu\u00f0s englar f\u00f3ru upp og ofan eftir stiganum. Og Drottinn st\u00f3\u00f0 vi\u00f0 ofanver\u00f0an stigann og sag\u00f0i: &#8222;Eg er Drottinn Gu\u00f0 \u00fe\u00edns f\u00f6\u00f0urs Abrahams og \u00cdsaks. \u00deetta land \u00e1 hverju \u00fe\u00fa liggur n\u00fa vil eg gefa \u00fe\u00e9r og \u00fe\u00ednu s\u00e6\u00f0i. <span class=\"athugasemd\" title=\"Kanaans land Jakob fyrirheiti\u00f0\">[<\/span> Og \u00feitt s\u00e6\u00f0i skal ver\u00f0a sem duft \u00e1 j\u00f6r\u00f0unni og \u00fe\u00fa skalt \u00fatbrei\u00f0ast til vesturs og austurs, nor\u00f0urs og su\u00f0urs. Og \u00ed \u00fe\u00e9r og \u00fe\u00ednu s\u00e6\u00f0i skulu allar \u00fej\u00f3\u00f0ir \u00e1 j\u00f6r\u00f0unni blessast. <span class=\"athugasemd\" title=\"Christus fyrirheitinn Jakob Gen. 26\">[<\/span> Og sj\u00e1 \u00fe\u00fa, eg er me\u00f0 \u00fe\u00e9r og eg vil var\u00f0veita \u00feig hvert sem \u00fe\u00fa fer og eg vil f\u00e6ra \u00feig \u00ed \u00feetta land aftur. Og eg vil ekki yfirgefa \u00feig fyrr en eg hefi fullkomna\u00f0 \u00fea\u00f0 allt sem eg hefi sagt \u00fe\u00e9r.&#8220;<\/p>\n<p>\tOg sem Jakob vakna\u00f0i af s\u00ednum svefni sag\u00f0i hann: &#8222;Sannlega er Drottinn \u00ed \u00feessum sta\u00f0 og eg vissi \u00fea\u00f0 ekki.&#8220; Hann \u00f3tta\u00f0ist og sag\u00f0i: &#8222;Hversu <span class=\"athugasemd\" title=\"sword \u00d3gurlegur\">[<\/span> heilagur er \u00feessi sta\u00f0ur? H\u00e9r er ekki anna\u00f0 en Gu\u00f0s h\u00fas og h\u00e9r er hli\u00f0 himins.&#8220; Og Jakob st\u00f3\u00f0 upp snemma morguns og t\u00f3k \u00feann stein sem hann haf\u00f0i lagt undir sitt h\u00f6fu\u00f0 og reisti hann upp til eins marks og hellti vi\u00f0smj\u00f6ri yfir hann. Og hann kalla\u00f0i \u00feann sama sta\u00f0 Bet-El; \u00e1\u00f0ur h\u00e9t s\u00e1 sta\u00f0ur L\u00fas. <span class=\"athugasemd\" title=\"Betel L\u00fas \">[<\/span> <\/p>\n<p>\tOg Jakob strengdi eitt heit og sag\u00f0i: &#8222;Ef Gu\u00f0 er me\u00f0 m\u00e9r og var\u00f0veitir mig \u00e1 \u00feessum vegi sem eg n\u00fa fer\u00f0ast og gefur m\u00e9r brau\u00f0 a\u00f0 eta og kl\u00e6\u00f0ir mig og f\u00e6rir mig heim aftur til m\u00edns f\u00f6\u00f0urs h\u00fass me\u00f0 fri\u00f0i, \u00fe\u00e1 skal Drottinn vera minn Gu\u00f0. <span class=\"athugasemd\" title=\"Gen. 35\">[<\/span> Og \u00feessi steinn sem eg hefi h\u00e9r uppreist til eins teikns skal ver\u00f0a Gu\u00f0s h\u00fas. Og eg vil f\u00e6ra \u00fe\u00e9r t\u00edundir af \u00f6llu \u00fev\u00ed sem \u00fe\u00fa gefur m\u00e9r.&#8220;<\/p>\n","protected":false},"excerpt":{"rendered":"<p>N\u00fa kalla\u00f0i \u00cdsak Jakob, son sinn, fyrir sig og blessa\u00f0i hann, bau\u00f0 honum og sag\u00f0i til hans: &#8222;\u00de\u00fa skalt ekki taka \u00fe\u00e9r eiginkonu af \u00feeim Kanaans d\u00e6trum, heldur tak \u00feig upp og far \u00ed Mesopotamian til Bat\u00faels, \u00fe\u00edns m\u00f3\u00f0urs f\u00f6\u00f0urs h\u00fass, og tak \u00fe\u00e9r \u00fear eiginkonu til handa af d\u00e6trum Laban, \u00fe\u00edns m\u00f3\u00f0urbr\u00f3\u00f0ur. [ Alm\u00e1ttugur Gu\u00f0 blessi \u00feig og gj\u00f6ri \u00feig \u00e1vaxtarsaman og margfaldi \u00feig so \u00fe\u00fa ver\u00f0ir til eins mikils f\u00f3lks. Hann gefi \u00fe\u00e9r Abrahams blessan, \u00fe\u00e9r og \u00fe\u00ednu s\u00e6\u00f0i me\u00f0 \u00fe\u00e9r, so a\u00f0 \u00fe\u00fa eignist \u00fea\u00f0 land \u00ed hverju \u00fe\u00fa ert framandi, hvert Gu\u00f0 gaf Abraham.&#8220; So sendi <a href=\"https:\/\/biblian.is\/gudbrandsbiblia\/fyrsta-mosebok-28-kafli\/\"> [&#8230;]<\/a><\/p>\n","protected":false},"author":1,"featured_media":0,"parent":0,"menu_order":0,"comment_status":"open","ping_status":"open","template":"bibliukaflar.php","meta":{"footnotes":""},"class_list":["post-2720","page","type-page","status-publish","hentry"],"_links":{"self":[{"href":"https:\/\/biblian.is\/gudbrandsbiblia\/wp-json\/wp\/v2\/pages\/2720","targetHints":{"allow":["GET"]}}],"collection":[{"href":"https:\/\/biblian.is\/gudbrandsbiblia\/wp-json\/wp\/v2\/pages"}],"about":[{"href":"https:\/\/biblian.is\/gudbrandsbiblia\/wp-json\/wp\/v2\/types\/page"}],"author":[{"embeddable":true,"href":"https:\/\/biblian.is\/gudbrandsbiblia\/wp-json\/wp\/v2\/users\/1"}],"replies":[{"embeddable":true,"href":"https:\/\/biblian.is\/gudbrandsbiblia\/wp-json\/wp\/v2\/comments?post=2720"}],"version-history":[{"count":0,"href":"https:\/\/biblian.is\/gudbrandsbiblia\/wp-json\/wp\/v2\/pages\/2720\/revisions"}],"wp:attachment":[{"href":"https:\/\/biblian.is\/gudbrandsbiblia\/wp-json\/wp\/v2\/media?parent=2720"}],"curies":[{"name":"wp","href":"https:\/\/api.w.org\/{rel}","templated":true}]}}