{"id":2717,"date":"2017-12-18T18:31:33","date_gmt":"2017-12-18T18:31:33","guid":{"rendered":"http:\/\/biblian.is\/gudbrandsbiblia\/fyrsta-mosebok-25-kafli\/"},"modified":"2017-12-18T18:31:33","modified_gmt":"2017-12-18T18:31:33","slug":"fyrsta-mosebok-25-kafli","status":"publish","type":"page","link":"https:\/\/biblian.is\/gudbrandsbiblia\/fyrsta-mosebok-25-kafli\/","title":{"rendered":"Fyrsta M\u00f3seb\u00f3k 25. kafli"},"content":{"rendered":"<p>Og Abraham gifti sig aftur og t\u00f3k s\u00e9r eina kvinnu sem h\u00e9t Ket\u00fara. <span class=\"athugasemd\" title=\"Abrahams b\u00f6rn sem hann \u00e1tti vi\u00f0 Ket\u00fara I. Para. I\">[<\/span> H\u00fan f\u00e6ddi honum \u00feessa sonu: Simron og Jaksan, Medan og Mid\u00edan, Jesbak og S\u00faa. Og Jaksa gat Seba og Dedan. En Dedan b\u00f6rn voru \u00feessi: Ass\u00far\u00edm og Lat\u00fas\u00edm og Le\u00fam\u00edm. Og Mid\u00edans b\u00f6rn voru Efa, Efer, Hanok, Ab\u00edda og Eldaa. \u00deessir allir eru Keture synir.<\/p>\n<p>\tOg Abraham gaf \u00cdsak \u00f6ll s\u00edn au\u00f0\u00e6fi. En \u00feeim \u00f6\u00f0rum b\u00f6rnum sem hann haf\u00f0i me\u00f0 s\u00ednum frillum gaf hann g\u00e1fur og l\u00e9t \u00fe\u00e1 fara \u00e1 burt \u00ed austur\u00e1tt fr\u00e1 s\u00ednum syni \u00cdsak \u00e1 me\u00f0an hann var enn \u00e1 l\u00edfi.<\/p>\n<p>\t\u00deetta er Abrahams aldur sem hann lif\u00f0i, hundra\u00f0 fimm og sj\u00f6t\u00edgir \u00e1r, so hann f\u00f3r hnignandi og anda\u00f0ist \u00ed g\u00f3\u00f0ri elli \u00fe\u00e1 hann var hniginn a\u00f0 aldri og saddur af l\u00edfd\u00f6gum, og safna\u00f0ist til s\u00edns f\u00f3lks. <span class=\"athugasemd\" title=\"Abrahams aldur clxxv \u00e1r\">[<\/span> Og hans synir \u00cdsak og \u00cdsmael j\u00f6r\u00f0u\u00f0u hann \u00ed \u00feeirri tvefaldri gr\u00f6f \u00e1 akri Efrons S\u00f3ar Het\u00edters sonar, sem a\u00f0 liggur \u00fevert yfir fr\u00e1 Mamre, \u00e1 \u00feeim akri hv\u00f6rn Abraham keypti a\u00f0 Hets sonum. \u00dear var Abraham jar\u00f0a\u00f0ur hj\u00e1 Sara sinni eiginkvinnu.<\/p>\n<p>\tOg eftir andl\u00e1t Abrahams blessa\u00f0i Gu\u00f0 \u00cdsak hans son og \u00cdsak bj\u00f3 hj\u00e1 \u00feeim brunni \u00feess lifanda og sj\u00e1anda.<\/p>\n<p>\t\u00deessi er \u00cdsmaels Abrahamssonar \u00e6ttkv\u00edsl sem Agar egypska amb\u00e1tt Saru f\u00e6ddi honum, og \u00feessi eru \u00cdsmaelssona n\u00f6fn, sem \u00feeirra \u00e6tt er nefnd eftir: Nebaj\u00f3t var hans frumgetinn son, s\u00ed\u00f0an Kedar, Adbeel, M\u00edbsam, Misma, D\u00fama, Masa, Hadar, Tema, Jet\u00far, Nafis og Kedma. <span class=\"athugasemd\" title=\"\u00cdsmaels \u00e6ttkv\u00edsl\">[<\/span> \u00deessir eru \u00cdsmaels synir me\u00f0 \u00feeirra n\u00f6fnum, \u00fat\u00ed \u00feeirra k\u00f6stulum og st\u00f6\u00f0um, t\u00f3lf h\u00f6f\u00f0ingjar yfir \u00feeirra f\u00f3lki. Og \u00feetta er \u00cdsmaelis aldur, hundra\u00f0 \u00ferj\u00e1tigu og sj\u00f6 \u00e1r, f\u00f3r hann hnignandi og anda\u00f0ist og safna\u00f0ist til s\u00edns f\u00f3lks. <span class=\"athugasemd\" title=\"\u00cdsmaels aldur\">[<\/span> Og \u00feeir bjuggu fr\u00e1 Hev\u00edla og inn til S\u00far gegnt Egyptalandi, \u00fear sem menn fara til Assyriam. Hann <span class=\"athugasemd\" title=\"sword anda\u00f0ist\">[<\/span> f\u00e9ll fyrir \u00f6llum hans br\u00e6\u00f0rum.<\/p>\n<p>\t\u00deessi er \u00cdsak Abrahams sonar \u00e6ttkv\u00edsl: Abraham gat \u00cdsak. <span class=\"athugasemd\" title=\"\u00cdsaks \u00e6ttkv\u00edsl\">[<\/span> Og \u00cdsak var fj\u00f6rutigu \u00e1ra gamall \u00fe\u00e1 hann gekk a\u00f0 eiga Rebekku Bat\u00faels d\u00f3ttir hins s\u00fdrlenska af Mesopotamia, systir Labans hins s\u00fdrlenska.<\/p>\n<p>\tOg \u00cdsak ba\u00f0 til Drottins fyrir sinni kvinnu, \u00fev\u00ed h\u00fan var \u00f3byrja. Og Drottinn heyr\u00f0i hans b\u00e6n og Rebekka hans kvinna f\u00e9kk getna\u00f0. Og b\u00f6rnin hnitlu\u00f0ust vi\u00f0 \u00ed hennar kvi\u00f0i. \u00de\u00e1 sag\u00f0i h\u00fan: &#8222;Ef \u00fea\u00f0 skal so ganga m\u00e9r \u00fev\u00ed er eg \u00fe\u00e1 \u00f3l\u00e9tt or\u00f0in?&#8220; Og h\u00fan gekk \u00ed burt og spur\u00f0i Drottinn \u00fear a\u00f0. Og Drottinn svara\u00f0i henni: &#8222;Tv\u00e6r \u00fej\u00f3\u00f0ir eru \u00ed \u00fe\u00ednum kvi\u00f0i og tveggja handa l\u00fd\u00f0ir skulu skiljast fr\u00e1 \u00fe\u00ednum kvi\u00f0i. Og l\u00fd\u00f0ur mun l\u00fd\u00f0 yfirst\u00edga og hinn meiri mun \u00feeim minna \u00fej\u00f3na.&#8220;<\/p>\n<p>\tOg sem s\u00e1 t\u00edmi kom a\u00f0 h\u00fan skyldi l\u00e9ttari ver\u00f0a, sj\u00e1, \u00fe\u00e1 voru \u00fear tv\u00edburar \u00ed hennar kvi\u00f0i. Og hinn fyrsti sem kom \u00ed lj\u00f3s, hann var rau\u00f0ur a\u00f0 lit og allur saman lo\u00f0inn sem eitt skinn. Og \u00feeir nefndu hann Esa\u00fa. <span class=\"athugasemd\" title=\"Esa\u00fa\">[<\/span> Jafnsnart kom \u00ed lj\u00f3s hans br\u00f3\u00f0ir og h\u00e9lt um ristina \u00e1 Esa\u00fa sinni hendi, og \u00fev\u00ed nefndu \u00feeir hann Jakob. <span class=\"athugasemd\" title=\"Jakob\">[<\/span> \u00cdsak var sextugur a\u00f0 aldri \u00fe\u00e1 \u00feeir voru f\u00e6ddir. Og sem sveinarnir voru n\u00fa vaxnir \u00fe\u00e1 gj\u00f6r\u00f0ist Esa\u00fa vei\u00f0ima\u00f0ur og akurma\u00f0ur, en Jakob var einfaldur ma\u00f0ur og bj\u00f3 \u00ed tjaldb\u00fa\u00f0inni. \u00cdsak elska\u00f0i Esa\u00fa og \u00e1t gjarna af hans vei\u00f0i, en Rebekka unni meir Jakob.<\/p>\n<p>\tOg Jakob haf\u00f0i matgj\u00f6rt einn r\u00e9tt. Og \u00ed \u00fev\u00ed bili kom Esa\u00fa af akri og var m\u00f3\u00f0ur og sag\u00f0i til Jakobs: &#8222;L\u00e1t mig smakka af \u00feeirri rau\u00f0u <span class=\"athugasemd\" title=\"sword So\u00f0ningu\">[<\/span> matgj\u00f6r\u00f0 \u00feinni, \u00fev\u00ed eg em mj\u00f6g m\u00f3\u00f0ur.&#8220; Og af \u00fev\u00ed kallast hann Ed\u00f3m. En Jakob sag\u00f0i: &#8222;Sel \u00fe\u00fa m\u00e9r \u00fe\u00e1 \u00ed dag \u00fe\u00edna frumgetning.&#8220; Esa\u00fa svara\u00f0i: &#8222;Sj\u00e1, eg m\u00e1 deyja, hva\u00f0 sto\u00f0ar mig s\u00fa frumgetning?&#8220; \u00de\u00e1 sag\u00f0i Jakob: &#8222;\u00de\u00e1 vinn m\u00e9r ei\u00f0 \u00ed dag \u00fear a\u00f0.&#8220; Og hann s\u00f3r honum ei\u00f0 og seldi hann Jakobi s\u00edna frumgetning. \u00de\u00e1 gaf Jakob honum brau\u00f0 og af \u00feeirri matgj\u00f6r\u00f0 sem hann haf\u00f0i tilreitt. Og hann \u00e1t og drakk, reis upp og gekk \u00ed burt. So l\u00edtils virti Esa\u00fa s\u00edna frumgetning.<\/p>\n","protected":false},"excerpt":{"rendered":"<p>Og Abraham gifti sig aftur og t\u00f3k s\u00e9r eina kvinnu sem h\u00e9t Ket\u00fara. [ H\u00fan f\u00e6ddi honum \u00feessa sonu: Simron og Jaksan, Medan og Mid\u00edan, Jesbak og S\u00faa. Og Jaksa gat Seba og Dedan. En Dedan b\u00f6rn voru \u00feessi: Ass\u00far\u00edm og Lat\u00fas\u00edm og Le\u00fam\u00edm. Og Mid\u00edans b\u00f6rn voru Efa, Efer, Hanok, Ab\u00edda og Eldaa. \u00deessir allir eru Keture synir. Og Abraham gaf \u00cdsak \u00f6ll s\u00edn au\u00f0\u00e6fi. En \u00feeim \u00f6\u00f0rum b\u00f6rnum sem hann haf\u00f0i me\u00f0 s\u00ednum frillum gaf hann g\u00e1fur og l\u00e9t \u00fe\u00e1 fara \u00e1 burt \u00ed austur\u00e1tt fr\u00e1 s\u00ednum syni \u00cdsak \u00e1 me\u00f0an hann var enn \u00e1 l\u00edfi. \u00deetta er <a href=\"https:\/\/biblian.is\/gudbrandsbiblia\/fyrsta-mosebok-25-kafli\/\"> [&#8230;]<\/a><\/p>\n","protected":false},"author":1,"featured_media":0,"parent":0,"menu_order":0,"comment_status":"open","ping_status":"open","template":"bibliukaflar.php","meta":{"footnotes":""},"class_list":["post-2717","page","type-page","status-publish","hentry"],"_links":{"self":[{"href":"https:\/\/biblian.is\/gudbrandsbiblia\/wp-json\/wp\/v2\/pages\/2717","targetHints":{"allow":["GET"]}}],"collection":[{"href":"https:\/\/biblian.is\/gudbrandsbiblia\/wp-json\/wp\/v2\/pages"}],"about":[{"href":"https:\/\/biblian.is\/gudbrandsbiblia\/wp-json\/wp\/v2\/types\/page"}],"author":[{"embeddable":true,"href":"https:\/\/biblian.is\/gudbrandsbiblia\/wp-json\/wp\/v2\/users\/1"}],"replies":[{"embeddable":true,"href":"https:\/\/biblian.is\/gudbrandsbiblia\/wp-json\/wp\/v2\/comments?post=2717"}],"version-history":[{"count":0,"href":"https:\/\/biblian.is\/gudbrandsbiblia\/wp-json\/wp\/v2\/pages\/2717\/revisions"}],"wp:attachment":[{"href":"https:\/\/biblian.is\/gudbrandsbiblia\/wp-json\/wp\/v2\/media?parent=2717"}],"curies":[{"name":"wp","href":"https:\/\/api.w.org\/{rel}","templated":true}]}}