{"id":2714,"date":"2017-12-18T18:31:33","date_gmt":"2017-12-18T18:31:33","guid":{"rendered":"http:\/\/biblian.is\/gudbrandsbiblia\/fyrsta-mosebok-22-kafli\/"},"modified":"2017-12-18T18:31:33","modified_gmt":"2017-12-18T18:31:33","slug":"fyrsta-mosebok-22-kafli","status":"publish","type":"page","link":"https:\/\/biblian.is\/gudbrandsbiblia\/fyrsta-mosebok-22-kafli\/","title":{"rendered":"Fyrsta M\u00f3seb\u00f3k 22. kafli"},"content":{"rendered":"<p>Eftir \u00feessa atbur\u00f0i freista\u00f0i Gu\u00f0 Abrahams og sag\u00f0i til hans: &#8222;Abraham.&#8220; Hann svara\u00f0i: &#8222;H\u00e9r em eg.&#8220; Og hann sag\u00f0i: &#8222;Tak \u00feinn einkason \u00cdsak \u00feann \u00fe\u00fa elskar og far \u00ed burt \u00ed \u00fea\u00f0 landi\u00f0 Mor\u00eda og f\u00e6r hann \u00fear \u00ed f\u00f3rn til einnrar brennif\u00f3rnar \u00e1 einu \u00fev\u00ed fjalli sem eg vil v\u00edsa \u00fe\u00e9r.&#8220; <span class=\"athugasemd\" title=\"Gu\u00f0 b\u00fd\u00f0ur Abraham a\u00f0 f\u00f3rnf\u00e6ra \u00cdsak\">[<\/span> <\/p>\n<p>\tAbraham st\u00f3\u00f0 upp snemma morguns og s\u00f6\u00f0la\u00f0i sinn asna, t\u00f3k me\u00f0 s\u00e9r tvo af s\u00ednum \u00fe\u00e9nurum og sinn son \u00cdsak, klauf vi\u00f0inn til brennioffursins, t\u00f3k sig upp og fer\u00f0a\u00f0ist til \u00feess sta\u00f0ar sem Gu\u00f0 haf\u00f0i bo\u00f0i\u00f0 honum. <span class=\"athugasemd\" title=\"J\u00fadit 8 R\u00f3m. 4 Ebre. 11 S\u00fdrak 44\">[<\/span> Og \u00e1 \u00feeim \u00feri\u00f0ja degi upplyfti Abraham s\u00ednum augum og s\u00e1 \u00feann sta\u00f0 \u00e1lengdar. \u00de\u00e1 sag\u00f0i hann til sinna \u00fe\u00e9nara: &#8222;B\u00ed\u00f0i\u00f0 h\u00e9r me\u00f0 asnann en eg og sveinninn viljum fara \u00feanga\u00f0. Og \u00fe\u00e1 vi\u00f0 h\u00f6fum loki\u00f0 b\u00e6n okkar \u00fe\u00e1 viljum vi\u00f0 koma til ykkar aftur.&#8220;<\/p>\n<p>\tOg Abraham t\u00f3k f\u00f3rnarvi\u00f0inn og lag\u00f0i hann upp\u00e1 sinn son \u00cdsak en hann bar eldinn og sver\u00f0i\u00f0 s\u00e9r \u00ed h\u00f6ndum. Og \u00feeir gengu tveir saman. \u00de\u00e1 m\u00e6lti \u00cdsak vi\u00f0 sinn f\u00f6\u00f0ur Abraham: &#8222;Minn fa\u00f0ir.&#8220; Abraham svara\u00f0i: &#8222;H\u00e9r em eg minn son.&#8220; Og hann sag\u00f0i: &#8222;Sj\u00e1 \u00fe\u00fa, h\u00e9r er eldurinn og vi\u00f0urinn, en hvar er <span class=\"athugasemd\" title=\"sword Tafni\u00f0\">[<\/span> kvikindi\u00f0 til brennioffursins?&#8220; Abraham svara\u00f0i: &#8222;Minn son, Gu\u00f0 mun sj\u00e1 s\u00e9r fyrir kvikindi til brennioffursins.&#8220; Og \u00feeir gengu tveir saman.<\/p>\n<p>\tOg er \u00feeir komu til \u00feess sta\u00f0ar sem Gu\u00f0 haf\u00f0i sagt honum \u00fe\u00e1 bygg\u00f0i Abraham \u00fear eitt altari og lag\u00f0i vi\u00f0inn \u00fear \u00e1 ofan og batt sinn son \u00cdsak og lag\u00f0i hann upp\u00e1 altari\u00f0 ofan \u00e1 vi\u00f0inn, r\u00e9tti s\u00edna h\u00f6nd \u00fat og greip sver\u00f0i\u00f0 og atla\u00f0i a\u00f0 h\u00f6ggva sinn son. <span class=\"athugasemd\" title=\"F\u00edg\u00fara og fyrirmynd f\u00f3rnf\u00e6ringar Christi vegna hverrar Gu\u00f0 vill syndirnar fyrirgefa og veita \u00fea\u00f0 eil\u00edfa l\u00edf\">[<\/span><\/p>\n<p>\t\u00de\u00e1 kalla\u00f0i engill Drottins af himni til hans og sag\u00f0i: &#8222;Abraham, Abraham.&#8220; Hann svara\u00f0i: &#8222;H\u00e9r em eg.&#8220; Og hann sag\u00f0i: &#8222;Legg ekki \u00fe\u00edna h\u00f6nd \u00e1 sveininn og gj\u00f6r honum ekkert. \u00dev\u00ed n\u00fa veit eg a\u00f0 \u00fe\u00fa \u00f3ttast Gu\u00f0 a\u00f0 \u00fe\u00fa v\u00e6g\u00f0ir ekki \u00fe\u00ednum einkasyni fyrir m\u00ednar sakir.&#8220; \u00de\u00e1 upplyfti Abraham s\u00ednum augum og s\u00e1 einn hr\u00fat fastan \u00e1 hornunum \u00e1 baki s\u00e9r \u00ed einum klungur\u00feyrni. Og hann gekk \u00feanga\u00f0 og t\u00f3k hr\u00fatinn og f\u00e6r\u00f0i hann \u00ed f\u00f3rn til brennioffurs \u00ed s\u00edns sonar sta\u00f0. Og Abraham kalla\u00f0i \u00feann sta\u00f0 Drottinn s\u00e9r. \u00dear fyrir er \u00fea\u00f0 m\u00e1lt\u00e6ki til \u00feessa dags: &#8222;\u00c1 \u00fev\u00ed fjalli Drottinn s\u00e9r.&#8220;<\/p>\n<p>\tOg Gu\u00f0s engill kalla\u00f0i enn \u00ed anna\u00f0 sinni af himni og sag\u00f0i: &#8222;Eg hefi svari\u00f0 vi\u00f0 mig sj\u00e1lfan, segir Drottinn: Af \u00fev\u00ed a\u00f0 \u00fe\u00fa gj\u00f6r\u00f0ir \u00feennan hlut og vildir ei v\u00e6gja \u00fe\u00ednum einkasyni \u00fe\u00e1 mun eg blessa \u00feig og margfalda \u00feitt s\u00e6\u00f0i l\u00edka sem stj\u00f6rnur \u00e1 himnum og so sem sand \u00e1 sj\u00e1varstr\u00f6ndu. Og \u00feitt s\u00e6\u00f0i skal eignast borgarhli\u00f0 sinna \u00f3vina. <span class=\"athugasemd\" title=\"Christus Gen 12; 18; 28; Act. 3; Gal 3\">[<\/span> Og \u00ed \u00fe\u00ednu s\u00e6\u00f0i skulu allar \u00fej\u00f3\u00f0ir \u00e1 j\u00f6r\u00f0unni blessast. \u00dev\u00ed \u00fe\u00fa varst hl\u00fd\u00f0inn minni r\u00f6ddu.&#8220; Og Abraham f\u00f3r aftur til sinna \u00fe\u00e9nara og \u00feeir t\u00f3ku sig upp og f\u00f3ru \u00ed Bersaba, \u00fear var bygg\u00f0 Abrahams.<\/p>\n<p>\tEftir \u00feessa atbur\u00f0i ske\u00f0i \u00fea\u00f0 so a\u00f0 Abraham var sagt a\u00f0 Milka hef\u00f0i f\u00e6tt hans br\u00f3\u00f0ur Nahor b\u00f6rn, sem er \u00das \u00feann frumgetna og B\u00fas hans br\u00f3\u00f0ir og Kem\u00fael, af hverjum Syr\u00ed eru komnir, og Kesed og Has\u00f3 og Pildas og Je\u00f0laf og Bat\u00fael. <span class=\"athugasemd\" title=\"Nahors kynsl\u00f3\u00f0\">[<\/span> En Bat\u00fael gat Rebekka. <span class=\"athugasemd\" title=\"Rebekka\">[<\/span> \u00deesi \u00e1tta f\u00e6ddi Milka Nahor Abrahams br\u00f3\u00f0ur. Og hans frilla h\u00e9t Reh\u00fama, h\u00fan f\u00e6ddi og so Teba, Gahan, Tahas og Maaka.<\/p>\n","protected":false},"excerpt":{"rendered":"<p>Eftir \u00feessa atbur\u00f0i freista\u00f0i Gu\u00f0 Abrahams og sag\u00f0i til hans: &#8222;Abraham.&#8220; Hann svara\u00f0i: &#8222;H\u00e9r em eg.&#8220; Og hann sag\u00f0i: &#8222;Tak \u00feinn einkason \u00cdsak \u00feann \u00fe\u00fa elskar og far \u00ed burt \u00ed \u00fea\u00f0 landi\u00f0 Mor\u00eda og f\u00e6r hann \u00fear \u00ed f\u00f3rn til einnrar brennif\u00f3rnar \u00e1 einu \u00fev\u00ed fjalli sem eg vil v\u00edsa \u00fe\u00e9r.&#8220; [ Abraham st\u00f3\u00f0 upp snemma morguns og s\u00f6\u00f0la\u00f0i sinn asna, t\u00f3k me\u00f0 s\u00e9r tvo af s\u00ednum \u00fe\u00e9nurum og sinn son \u00cdsak, klauf vi\u00f0inn til brennioffursins, t\u00f3k sig upp og fer\u00f0a\u00f0ist til \u00feess sta\u00f0ar sem Gu\u00f0 haf\u00f0i bo\u00f0i\u00f0 honum. [ Og \u00e1 \u00feeim \u00feri\u00f0ja degi upplyfti Abraham s\u00ednum augum <a href=\"https:\/\/biblian.is\/gudbrandsbiblia\/fyrsta-mosebok-22-kafli\/\"> [&#8230;]<\/a><\/p>\n","protected":false},"author":1,"featured_media":0,"parent":0,"menu_order":0,"comment_status":"open","ping_status":"open","template":"bibliukaflar.php","meta":{"footnotes":""},"class_list":["post-2714","page","type-page","status-publish","hentry"],"_links":{"self":[{"href":"https:\/\/biblian.is\/gudbrandsbiblia\/wp-json\/wp\/v2\/pages\/2714","targetHints":{"allow":["GET"]}}],"collection":[{"href":"https:\/\/biblian.is\/gudbrandsbiblia\/wp-json\/wp\/v2\/pages"}],"about":[{"href":"https:\/\/biblian.is\/gudbrandsbiblia\/wp-json\/wp\/v2\/types\/page"}],"author":[{"embeddable":true,"href":"https:\/\/biblian.is\/gudbrandsbiblia\/wp-json\/wp\/v2\/users\/1"}],"replies":[{"embeddable":true,"href":"https:\/\/biblian.is\/gudbrandsbiblia\/wp-json\/wp\/v2\/comments?post=2714"}],"version-history":[{"count":0,"href":"https:\/\/biblian.is\/gudbrandsbiblia\/wp-json\/wp\/v2\/pages\/2714\/revisions"}],"wp:attachment":[{"href":"https:\/\/biblian.is\/gudbrandsbiblia\/wp-json\/wp\/v2\/media?parent=2714"}],"curies":[{"name":"wp","href":"https:\/\/api.w.org\/{rel}","templated":true}]}}