{"id":2712,"date":"2017-12-18T18:31:30","date_gmt":"2017-12-18T18:31:30","guid":{"rendered":"http:\/\/biblian.is\/gudbrandsbiblia\/fyrsta-mosebok-20-kafli\/"},"modified":"2017-12-18T18:31:30","modified_gmt":"2017-12-18T18:31:30","slug":"fyrsta-mosebok-20-kafli","status":"publish","type":"page","link":"https:\/\/biblian.is\/gudbrandsbiblia\/fyrsta-mosebok-20-kafli\/","title":{"rendered":"Fyrsta M\u00f3seb\u00f3k 20. kafli"},"content":{"rendered":"<p>Abraham flutti sig \u00fea\u00f0an \u00ed su\u00f0ur\u00e1tt landsins og setti b\u00fasta\u00f0 sinn \u00e1 millum Kades og S\u00far og var\u00f0 <span class=\"athugasemd\" title=\"sword framandi\">[<\/span> \u00fatlendingur \u00ed Gerar og sag\u00f0i um s\u00edna kvinnu Sara: &#8222;H\u00fan er m\u00edn systir.&#8220; <span class=\"athugasemd\" title=\"Gen. 12\">[<\/span> \u00de\u00e1 sendi Ab\u00edmelek k\u00f3ngurinn af Gerar bo\u00f0 eftir henni og l\u00e9t s\u00e6kja hana.<\/p>\n<p>\tEn Gu\u00f0 kom um n\u00f3tt til Ab\u00edmelek \u00ed draumi og sag\u00f0i til hans: &#8222;Sj\u00e1 \u00fe\u00fa, \u00fe\u00fa skalt deyja vegna \u00feeirrar kvinnu sem \u00fe\u00fa hefur teki\u00f0, \u00fev\u00ed h\u00fan \u00e1 s\u00e9r mann.&#8220; <span class=\"athugasemd\" title=\"Ab\u00edmelek\">[<\/span> En Ab\u00edmelek haf\u00f0i ekki snert hana. Hann sag\u00f0i: &#8222;Drottinn, viltu \u00fe\u00e1 sl\u00e1 r\u00e9ttl\u00e1tt f\u00f3lk \u00ed hel? Hefur hann ekki sj\u00e1lfur sagt m\u00e9r a\u00f0 h\u00fan v\u00e6ri s\u00edn systir? H\u00fan hefur og sagt a\u00f0 hann v\u00e6ri sinn br\u00f3\u00f0ir. Eg gj\u00f6r\u00f0a \u00feetta af einf\u00f6ldu hjarta og me\u00f0 saklausum h\u00f6ndum.&#8220;<\/p>\n<p>\tOg Drottinn sag\u00f0i til hans \u00ed svefni: &#8222;Eg veit a\u00f0 \u00fe\u00fa gj\u00f6r\u00f0ir \u00fea\u00f0 af einf\u00f6ldu hjarta. \u00dear fyrir hef eg var\u00f0veitt \u00feig so \u00fe\u00fa misgj\u00f6r\u00f0ir ekki vi\u00f0 mig og ei leyf\u00f0a eg \u00fe\u00e9r a\u00f0 snerta hana. So f\u00e1 n\u00fa manninum s\u00edna kvinnu aftur, \u00fev\u00ed hann er sp\u00e1ma\u00f0ur, og l\u00e1t hann bi\u00f0ja fyrir \u00fe\u00e9r og muntu lifa. <span class=\"athugasemd\" title=\"Abraham einn sp\u00e1ma\u00f0ur\">[<\/span> En ef \u00fe\u00fa f\u00e6r honum hana ekki aftur \u00fe\u00e1 skaltu vita a\u00f0 \u00fe\u00fa munt vissulega deyja og allt \u00fea\u00f0 \u00feitt er.&#8220; <\/p>\n<p>\tAb\u00edmelek reis upp \u00e1rla og kalla\u00f0i saman alla s\u00edna \u00fe\u00e9nara og tala\u00f0i \u00f6ll \u00feessi or\u00f0 fyrir \u00feeirra eyrum og f\u00f3lki\u00f0 var\u00f0 mj\u00f6g \u00f3ttaslegi\u00f0. En Ab\u00edmelek kalla\u00f0i \u00e1 Abraham og sag\u00f0i til hans: &#8222;\u00dev\u00ed hefur \u00fe\u00fa gj\u00f6rt oss \u00feetta? Hva\u00f0 hefi eg misgj\u00f6rt vi\u00f0 \u00feig a\u00f0 \u00fe\u00fa vildir lei\u00f0a sl\u00edkan gl\u00e6o yfir mig og mitt r\u00edki? Ekki hefur \u00fe\u00fa breytt vi\u00f0 mig eftir \u00fev\u00ed sem \u00fe\u00e9r bar.&#8220; Og Ab\u00edmelek \u00e1v\u00edta\u00f0i enn framar Abraham og sag\u00f0i: &#8222;Hva\u00f0 s\u00e1stu \u00ed \u00fev\u00ed a\u00f0 \u00fe\u00fa gj\u00f6r\u00f0ir \u00feetta?&#8220;<\/p>\n<p>\tAbraham svara\u00f0i: &#8222;Eg hugsa\u00f0i me\u00f0 m\u00e9r: Ske m\u00e1 a\u00f0 ei s\u00e9 Gu\u00f0s \u00f3tti \u00ed \u00feessum sta\u00f0 og kann vera a\u00f0 \u00feeir sl\u00e1i mig \u00ed hel vegna minnar kvinnu. <span class=\"athugasemd\" title=\"Gen. 12\">[<\/span> H\u00fan er \u00fe\u00f3 \u00ed sannleika m\u00edn systir, \u00fev\u00ed h\u00fan er m\u00edns f\u00f6\u00f0urs d\u00f3ttir, en ei minnar m\u00f3\u00f0ur d\u00f3ttir, og er or\u00f0in m\u00edn eiginkvinna. En \u00fe\u00e1 Gu\u00f0 bau\u00f0 m\u00e9r a\u00f0 ganga \u00fat af m\u00edns f\u00f6\u00f0urs h\u00fasi \u00fe\u00e1 sag\u00f0a eg til hennar: Veit m\u00e9r \u00fe\u00e1 miskunn a\u00f0 hvar sem vi\u00f0 komum \u00fe\u00e1 seg\u00f0u a\u00f0 eg s\u00e9 \u00feinn br\u00f3\u00f0ir.&#8220;<\/p>\n<p>\t\u00de\u00e1 t\u00f3k Ab\u00edmelek naut og sau\u00f0i, \u00fer\u00e6la og amb\u00e1ttir og gaf \u00fea\u00f0 Abraham og f\u00e9kk honum aftur Saram s\u00edna eiginkvinnu og sag\u00f0i: &#8222;Sj\u00e1 \u00fe\u00fa, mitt land stendur opi\u00f0 fyrir \u00fe\u00e9r, \u00fear fyrir m\u00e1ttu b\u00faa hvar \u00fe\u00e9r best l\u00edkar.&#8220; Og hann sag\u00f0i til Sara: &#8222;Sj\u00e1 \u00fe\u00fa, eg hefi gefi\u00f0 \u00fe\u00ednum br\u00f3\u00f0ur M. Silfurpeninga. Sj\u00e1, \u00fea\u00f0 skal vera ein hulda fyrir \u00fe\u00ednum augum, fyrir \u00f6llum \u00feeim sem eru hj\u00e1 \u00fe\u00e9r og \u00ed \u00f6llum st\u00f6\u00f0um.&#8220; Og \u00fea\u00f0 var hennar straff. <\/p>\n<p>\tOg Abraham ba\u00f0 til Gu\u00f0s og Gu\u00f0 l\u00e6kna\u00f0i Ab\u00edmelek og hans kvinnu og hans amb\u00e1ttir a\u00f0 \u00fe\u00e6r f\u00e6ddu b\u00f6rn. \u00dev\u00ed Drottinn haf\u00f0i \u00e1\u00f0ur tillukt allan m\u00f3\u00f0urlegan kvi\u00f0 \u00ed Ab\u00edmeleks h\u00fasi fyrir sakir Saru Abrahams kvinnu.<\/p>\n","protected":false},"excerpt":{"rendered":"<p>Abraham flutti sig \u00fea\u00f0an \u00ed su\u00f0ur\u00e1tt landsins og setti b\u00fasta\u00f0 sinn \u00e1 millum Kades og S\u00far og var\u00f0 [ \u00fatlendingur \u00ed Gerar og sag\u00f0i um s\u00edna kvinnu Sara: &#8222;H\u00fan er m\u00edn systir.&#8220; [ \u00de\u00e1 sendi Ab\u00edmelek k\u00f3ngurinn af Gerar bo\u00f0 eftir henni og l\u00e9t s\u00e6kja hana. En Gu\u00f0 kom um n\u00f3tt til Ab\u00edmelek \u00ed draumi og sag\u00f0i til hans: &#8222;Sj\u00e1 \u00fe\u00fa, \u00fe\u00fa skalt deyja vegna \u00feeirrar kvinnu sem \u00fe\u00fa hefur teki\u00f0, \u00fev\u00ed h\u00fan \u00e1 s\u00e9r mann.&#8220; [ En Ab\u00edmelek haf\u00f0i ekki snert hana. Hann sag\u00f0i: &#8222;Drottinn, viltu \u00fe\u00e1 sl\u00e1 r\u00e9ttl\u00e1tt f\u00f3lk \u00ed hel? Hefur hann ekki sj\u00e1lfur sagt m\u00e9r a\u00f0 <a href=\"https:\/\/biblian.is\/gudbrandsbiblia\/fyrsta-mosebok-20-kafli\/\"> [&#8230;]<\/a><\/p>\n","protected":false},"author":1,"featured_media":0,"parent":0,"menu_order":0,"comment_status":"open","ping_status":"open","template":"bibliukaflar.php","meta":{"footnotes":""},"class_list":["post-2712","page","type-page","status-publish","hentry"],"_links":{"self":[{"href":"https:\/\/biblian.is\/gudbrandsbiblia\/wp-json\/wp\/v2\/pages\/2712","targetHints":{"allow":["GET"]}}],"collection":[{"href":"https:\/\/biblian.is\/gudbrandsbiblia\/wp-json\/wp\/v2\/pages"}],"about":[{"href":"https:\/\/biblian.is\/gudbrandsbiblia\/wp-json\/wp\/v2\/types\/page"}],"author":[{"embeddable":true,"href":"https:\/\/biblian.is\/gudbrandsbiblia\/wp-json\/wp\/v2\/users\/1"}],"replies":[{"embeddable":true,"href":"https:\/\/biblian.is\/gudbrandsbiblia\/wp-json\/wp\/v2\/comments?post=2712"}],"version-history":[{"count":0,"href":"https:\/\/biblian.is\/gudbrandsbiblia\/wp-json\/wp\/v2\/pages\/2712\/revisions"}],"wp:attachment":[{"href":"https:\/\/biblian.is\/gudbrandsbiblia\/wp-json\/wp\/v2\/media?parent=2712"}],"curies":[{"name":"wp","href":"https:\/\/api.w.org\/{rel}","templated":true}]}}