{"id":2708,"date":"2017-12-18T18:31:30","date_gmt":"2017-12-18T18:31:30","guid":{"rendered":"http:\/\/biblian.is\/gudbrandsbiblia\/fyrsta-mosebok-16-kafli\/"},"modified":"2017-12-18T18:31:30","modified_gmt":"2017-12-18T18:31:30","slug":"fyrsta-mosebok-16-kafli","status":"publish","type":"page","link":"https:\/\/biblian.is\/gudbrandsbiblia\/fyrsta-mosebok-16-kafli\/","title":{"rendered":"Fyrsta M\u00f3seb\u00f3k 16. kafli"},"content":{"rendered":"<p>Sara\u00ed Abrams kvinna \u00e1tti ekkert barn. En h\u00fan haf\u00f0i eina egypska amb\u00e1tt. S\u00fa h\u00e9t Hagar. Og Sara sag\u00f0i til Abram: &#8222;Sj\u00e1 \u00fe\u00fa, Drottinn hefur <span class=\"athugasemd\" title=\"a (Tillukt) \u00dea\u00f0 er, hann hefur ekki gefi\u00f0 m\u00e9r e\u00f0li til barneignar\">[<\/span> tillukt mig so eg m\u00e1 eigi b\u00f6rn eiga. Legg hj\u00e1 \u00fe\u00e9r amb\u00e1tt m\u00edna so eg megi ef ske m\u00e6tti <span class=\"athugasemd\" title=\"b (Uppbyggjast) \u00dea\u00f0 er, b\u00f6rn a\u00f0 f\u00e1\">[<\/span> uppbyggjast af henni.&#8220; Abram hl\u00fdddi raust Sara\u00ed. So t\u00f3k Sara\u00ed Abrams kvinna \u00fe\u00e1 egypsku amb\u00e1tt Agar og gaf hana s\u00ednum manni Abram til kvinnu \u00fe\u00e1 \u00feau h\u00f6f\u00f0u b\u00fai\u00f0 t\u00edu \u00e1r \u00ed Kanaanslandi. <\/p>\n<p>\tOg hann gekk inn til Agar og h\u00fan var\u00f0 \u00f3l\u00e9tt. Og sem h\u00fan s\u00e1 a\u00f0 h\u00fan var \u00f3l\u00e9tt virti h\u00fan l\u00edtils s\u00edna h\u00fasfr\u00fa hj\u00e1 s\u00e9r. \u00de\u00e1 sag\u00f0i Sara\u00ed til Abram: &#8222;\u00de\u00fa gj\u00f6rir m\u00e9r \u00f3r\u00e9tt. Eg lag\u00f0a m\u00edna amb\u00e1tt hj\u00e1 \u00fe\u00e9r en n\u00fa h\u00fan s\u00e9r a\u00f0 h\u00fan hefur getna\u00f0 fengi\u00f0 fyrirl\u00edtur h\u00fan mig. D\u00e6mi Gu\u00f0 \u00ed millum \u00fe\u00edn og m\u00edn.&#8220; \u00de\u00e1 sag\u00f0i Abram til Sara\u00ed: &#8222;Sj\u00e1 \u00fe\u00fa, \u00fe\u00edn amb\u00e1tt er undir \u00fe\u00ednu valdi, gj\u00f6r vi\u00f0 hana sl\u00edkt \u00fe\u00fa vilt.&#8220; <span class=\"athugasemd\" title=\"Agar fl\u00fdr fr\u00e1 Sara\u00ed\">[<\/span> <\/p>\n<p>\tOg sem Sara\u00ed vildi \u00fej\u00e1 hana \u00fe\u00e1 fl\u00fd\u00f0i Agar \u00ed burt fr\u00e1 henni. En engill Drottins fann hana hj\u00e1 einum brunni \u00ed ey\u00f0im\u00f6rkinni sem a\u00f0 liggur hj\u00e1 \u00feeirri uppsprettu sem er \u00e1 veginum til S\u00far. Hann sag\u00f0i til hennar: &#8222;Agar, Sara\u00ed amb\u00e1tt, hva\u00f0an kemur \u00fe\u00fa? Og hvert viltu fara?&#8220; H\u00fan sag\u00f0i: &#8222;Eg fl\u00fd\u00f0i fr\u00e1 minni h\u00fasfr\u00fa Sara\u00ed.&#8220; Og engill Drottins sag\u00f0i til hennar: &#8222;Far heim aftur til \u00feinnar h\u00fasfr\u00far og au\u00f0m\u00fdk \u00fe\u00fa \u00feig undir hennar hendi.&#8220;<\/p>\n<p>\tOg engill Drottins sag\u00f0i til hennar: &#8222;Eg vil margfalda \u00feitt s\u00e6\u00f0i so \u00fea\u00f0 skal enginn kunna a\u00f0 telja fyrir fj\u00f6lda sakir.&#8220; Og engill Drottins sag\u00f0i framar meir til hennar: &#8222;Sj\u00e1, \u00fe\u00fa ert \u00f3l\u00e9tt or\u00f0in og \u00fe\u00fa munt son f\u00e6\u00f0a, hans nafn skalt \u00fe\u00fa kalla \u00cdsmael. <span class=\"athugasemd\" title=\"\u00cdsmael kallast Gu\u00f0 b\u00e6nheyrir\">[<\/span> \u00dev\u00ed Drottinn hefur heyrt \u00feinn m\u00f3tgang. Hann mun vera einn grimmur ma\u00f0ur og hans h\u00f6nd skal vera \u00ed m\u00f3ti hverjum manni og hvers manns h\u00f6nd \u00ed m\u00f3ti honum og hann mun b\u00faa gagnvart \u00f6llum s\u00ednum br\u00e6\u00f0rum.&#8220;<\/p>\n<p>\tOg h\u00fan kalla\u00f0i herrans nafn sem tala\u00f0i vi\u00f0 hana: &#8222;\u00de\u00fa Gu\u00f0 sem s\u00e1st mig.&#8220; \u00dev\u00ed h\u00fan sag\u00f0i: &#8222;Sannarlega hefi eg s\u00e9\u00f0 h\u00e9r \u00feann sem mig s\u00e9r h\u00e9r eftir.&#8220; \u00dev\u00ed kalla\u00f0i h\u00fan \u00feann brunn brunn \u00feess lifanda og mig sj\u00e1anda, hver brunnur a\u00f0 liggur \u00e1 millum Kades og Bare\u00f0. <\/p>\n<p>\tOg Agar f\u00e6ddi Abram einn son og Abram kalla\u00f0i \u00feann son sem Agar f\u00e6ddi honum \u00cdsmael. <span class=\"athugasemd\" title=\"\u00cdsmael f\u00e6ddist \u00e1 lxxxvi \u00e1ri Abrahams\">[<\/span> Og Abram haf\u00f0i sex um \u00e1ttr\u00e6tt \u00fe\u00e1 Agar f\u00e6ddi honum \u00cdsmael.<\/p>\n","protected":false},"excerpt":{"rendered":"<p>Sara\u00ed Abrams kvinna \u00e1tti ekkert barn. En h\u00fan haf\u00f0i eina egypska amb\u00e1tt. S\u00fa h\u00e9t Hagar. Og Sara sag\u00f0i til Abram: &#8222;Sj\u00e1 \u00fe\u00fa, Drottinn hefur [ tillukt mig so eg m\u00e1 eigi b\u00f6rn eiga. Legg hj\u00e1 \u00fe\u00e9r amb\u00e1tt m\u00edna so eg megi ef ske m\u00e6tti [ uppbyggjast af henni.&#8220; Abram hl\u00fdddi raust Sara\u00ed. So t\u00f3k Sara\u00ed Abrams kvinna \u00fe\u00e1 egypsku amb\u00e1tt Agar og gaf hana s\u00ednum manni Abram til kvinnu \u00fe\u00e1 \u00feau h\u00f6f\u00f0u b\u00fai\u00f0 t\u00edu \u00e1r \u00ed Kanaanslandi. Og hann gekk inn til Agar og h\u00fan var\u00f0 \u00f3l\u00e9tt. Og sem h\u00fan s\u00e1 a\u00f0 h\u00fan var \u00f3l\u00e9tt virti h\u00fan l\u00edtils s\u00edna h\u00fasfr\u00fa <a href=\"https:\/\/biblian.is\/gudbrandsbiblia\/fyrsta-mosebok-16-kafli\/\"> [&#8230;]<\/a><\/p>\n","protected":false},"author":1,"featured_media":0,"parent":0,"menu_order":0,"comment_status":"open","ping_status":"open","template":"bibliukaflar.php","meta":{"footnotes":""},"class_list":["post-2708","page","type-page","status-publish","hentry"],"_links":{"self":[{"href":"https:\/\/biblian.is\/gudbrandsbiblia\/wp-json\/wp\/v2\/pages\/2708","targetHints":{"allow":["GET"]}}],"collection":[{"href":"https:\/\/biblian.is\/gudbrandsbiblia\/wp-json\/wp\/v2\/pages"}],"about":[{"href":"https:\/\/biblian.is\/gudbrandsbiblia\/wp-json\/wp\/v2\/types\/page"}],"author":[{"embeddable":true,"href":"https:\/\/biblian.is\/gudbrandsbiblia\/wp-json\/wp\/v2\/users\/1"}],"replies":[{"embeddable":true,"href":"https:\/\/biblian.is\/gudbrandsbiblia\/wp-json\/wp\/v2\/comments?post=2708"}],"version-history":[{"count":0,"href":"https:\/\/biblian.is\/gudbrandsbiblia\/wp-json\/wp\/v2\/pages\/2708\/revisions"}],"wp:attachment":[{"href":"https:\/\/biblian.is\/gudbrandsbiblia\/wp-json\/wp\/v2\/media?parent=2708"}],"curies":[{"name":"wp","href":"https:\/\/api.w.org\/{rel}","templated":true}]}}