{"id":2707,"date":"2017-12-18T18:31:30","date_gmt":"2017-12-18T18:31:30","guid":{"rendered":"http:\/\/biblian.is\/gudbrandsbiblia\/fyrsta-mosebok-15-kafli\/"},"modified":"2017-12-18T18:31:30","modified_gmt":"2017-12-18T18:31:30","slug":"fyrsta-mosebok-15-kafli","status":"publish","type":"page","link":"https:\/\/biblian.is\/gudbrandsbiblia\/fyrsta-mosebok-15-kafli\/","title":{"rendered":"Fyrsta M\u00f3seb\u00f3k 15. kafli"},"content":{"rendered":"<p>Eftir \u00feessa atbur\u00f0i bar so til a\u00f0 or\u00f0 Drottins ske\u00f0i til Abram \u00ed einni s\u00fdn og sag\u00f0i: &#8222;\u00d3ttast \u00fe\u00fa ekki Abram. Eg er \u00fe\u00edn vernd og \u00fe\u00edn mj\u00f6g st\u00f3r laun.&#8220; En Abram svara\u00f0i: &#8222;Drottinn, Drottinn, hva\u00f0 vilt \u00fe\u00fa gefa m\u00e9r? Eg fer h\u00e9\u00f0an barnlaus en minn verkstj\u00f3ri El\u00edasser af Damask\u00f3 \u00e1 einn son.&#8220; Og Abram sag\u00f0i framarmeir: &#8222;M\u00e9r hefur \u00fe\u00fa ekkert s\u00e6\u00f0i gefi\u00f0 og sj\u00e1\u00f0u, a\u00f0 sonur m\u00edns \u00fe\u00e9nara skal vera minn erfingi.&#8220; <\/p>\n<p>\tOg sj\u00e1 \u00fe\u00fa, Drottinn sag\u00f0i til hans: &#8222;Ekki skal hann vera \u00feinn erfingi, heldur s\u00e1 sem kemur af \u00fe\u00ednu l\u00edfi, s\u00e1 sami skal vera \u00feinn erfingi.&#8220; <span class=\"athugasemd\" title=\"Gu\u00f0 lofar Abram syni Gen. 17 R\u00f3m. 4 Gal. 3\">[<\/span> Og hann bau\u00f0 honum a\u00f0 ganga \u00fat og sag\u00f0i: &#8222;L\u00edttu \u00e1 himininn og tel stj\u00f6rnurnar ef \u00fe\u00fa getur.&#8220; Og hann sag\u00f0i til hans: &#8222;So skal \u00feitt s\u00e6\u00f0i ver\u00f0a.&#8220; Abram tr\u00fa\u00f0i Drottni og \u00fea\u00f0 reikna\u00f0i hann honum til r\u00e9ttl\u00e6tis. <\/p>\n<p>\tOg hann sag\u00f0i til hans: &#8222;Eg er Drottinn sem \u00fatleiddi \u00feig fr\u00e1 \u00dar \u00ed Kaldealandi a\u00f0 eg g\u00e6fi \u00fe\u00e9r \u00feetta land til eignar.&#8220; <span class=\"athugasemd\" title=\"\u00deri\u00f0ja fyrirheit um landi\u00f0 Kanaan\">[<\/span> \u00de\u00e1 sag\u00f0i Abram: &#8222;Drottinn, Drottinn, hva\u00f0a merki skal eg hafa til \u00feess a\u00f0 eg skuli \u00fea\u00f0 eignast?&#8220; Og hann sag\u00f0i til hans: &#8222;<span class=\"athugasemd\" title=\"a \u00dea\u00f0 er, eg f\u00f3rnf\u00e6ri\">[<\/span> Tak m\u00e9r eina k\u00fa \u00ferevetra og eina geit \u00ferevetra og einn hr\u00fat \u00ferevetran, eina turtild\u00fafu og eina unga d\u00fafu.&#8220; Og hann bar allt \u00feetta fram fyrir hann og skipti \u00fev\u00ed mitt \u00ed tvo hluti og lag\u00f0i partana hvorn gegnt \u00f6\u00f0rum, en fuglinum skipti hann ekki. Og fuglarnir flugu upp\u00e1 hr\u00e6in en Abram rak \u00fe\u00e1 \u00ed burtu. En sem s\u00f3lin var n\u00fa undirgengin f\u00e9ll \u00feungur svefnh\u00f6ggvi yfir Abram. Og sj\u00e1 \u00fe\u00fa, a\u00f0 \u00f3tta miklum og myrkri sl\u00f3 yfir hann.<\/p>\n<p>\t\u00de\u00e1 sag\u00f0i hann til Abram: &#8222;\u00dea\u00f0 skaltu vita a\u00f0 \u00feitt s\u00e6\u00f0i skal ver\u00f0a framandi \u00e1 annarlegri j\u00f6r\u00f0u sem a\u00f0 ekki heyrir \u00feeim til og \u00fear munu menn \u00fej\u00e1 \u00fea\u00f0 me\u00f0 \u00fer\u00e6ld\u00f3mi og pl\u00e1ga \u00fea\u00f0 \u00ed fj\u00f6gurhundru\u00f0 \u00e1ra. <span class=\"athugasemd\" title=\"\u00dat\u00fe\u00fd\u00f0ing offursins\">[<\/span> En eg vil d\u00e6ma \u00fea\u00f0 f\u00f3lk sem \u00feeir ver\u00f0a a\u00f0 \u00fej\u00f3na. <span class=\"athugasemd\" title=\"S\u00e1ttm\u00e1l vi\u00f0 Abram og fyrirheit um Kanaansland \u00ed fj\u00f3r\u00f0a sinni\">[<\/span> En \u00fear eftir munu \u00feeir fara \u00e1 burt \u00fea\u00f0an me\u00f0 miklum au\u00f0\u00e6fum. En \u00fe\u00fa skalt fara me\u00f0 fri\u00f0i til \u00feinna forfe\u00f0ra, greftra\u00f0ur \u00ed g\u00f3\u00f0ri elli. En \u00feeir skulu koma h\u00e9r aftur a\u00f0 li\u00f0num fj\u00f3rum manns\u00f6ldrum, \u00fev\u00ed a\u00f0 rangl\u00e6ti Amoritharum er enn ekki fullkomna\u00f0.&#8220; Og sem s\u00f3lin var undir gengin so a\u00f0 myrkt var or\u00f0i\u00f0, sj\u00e1 \u00fe\u00fa, \u00fe\u00e1 rauk einn ofn og einn eldslogi lei\u00f0 fram \u00e1 me\u00f0al stykkjanna.<\/p>\n<p>\t\u00c1 \u00feeim degi gj\u00f6r\u00f0i Drottinn eirn s\u00e1ttm\u00e1la vi\u00f0 Abram og sag\u00f0i: &#8222;\u00de\u00ednu s\u00e6\u00f0i vil\u00b4eg gefa \u00feetta land, fr\u00e1 vatsfallinu \u00ed Egyptalandi og til \u00feess st\u00f3ra vatsfalls Eufrates, \u00fe\u00e1 Ken\u00edta og Kinis\u00edta, Kadm\u00f3n\u00edta, Het\u00edta, Peres\u00edta og risana, Amor\u00edta, Kanan\u00edta, Gerges\u00edta, Jeb\u00fas\u00edta. <span class=\"athugasemd\" title=\"Innbyggjendur Kanaanslands Gen. 12\">[<\/span><\/p>\n","protected":false},"excerpt":{"rendered":"<p>Eftir \u00feessa atbur\u00f0i bar so til a\u00f0 or\u00f0 Drottins ske\u00f0i til Abram \u00ed einni s\u00fdn og sag\u00f0i: &#8222;\u00d3ttast \u00fe\u00fa ekki Abram. Eg er \u00fe\u00edn vernd og \u00fe\u00edn mj\u00f6g st\u00f3r laun.&#8220; En Abram svara\u00f0i: &#8222;Drottinn, Drottinn, hva\u00f0 vilt \u00fe\u00fa gefa m\u00e9r? Eg fer h\u00e9\u00f0an barnlaus en minn verkstj\u00f3ri El\u00edasser af Damask\u00f3 \u00e1 einn son.&#8220; Og Abram sag\u00f0i framarmeir: &#8222;M\u00e9r hefur \u00fe\u00fa ekkert s\u00e6\u00f0i gefi\u00f0 og sj\u00e1\u00f0u, a\u00f0 sonur m\u00edns \u00fe\u00e9nara skal vera minn erfingi.&#8220; Og sj\u00e1 \u00fe\u00fa, Drottinn sag\u00f0i til hans: &#8222;Ekki skal hann vera \u00feinn erfingi, heldur s\u00e1 sem kemur af \u00fe\u00ednu l\u00edfi, s\u00e1 sami skal vera \u00feinn erfingi.&#8220; [ <a href=\"https:\/\/biblian.is\/gudbrandsbiblia\/fyrsta-mosebok-15-kafli\/\"> [&#8230;]<\/a><\/p>\n","protected":false},"author":1,"featured_media":0,"parent":0,"menu_order":0,"comment_status":"open","ping_status":"open","template":"bibliukaflar.php","meta":{"footnotes":""},"class_list":["post-2707","page","type-page","status-publish","hentry"],"_links":{"self":[{"href":"https:\/\/biblian.is\/gudbrandsbiblia\/wp-json\/wp\/v2\/pages\/2707","targetHints":{"allow":["GET"]}}],"collection":[{"href":"https:\/\/biblian.is\/gudbrandsbiblia\/wp-json\/wp\/v2\/pages"}],"about":[{"href":"https:\/\/biblian.is\/gudbrandsbiblia\/wp-json\/wp\/v2\/types\/page"}],"author":[{"embeddable":true,"href":"https:\/\/biblian.is\/gudbrandsbiblia\/wp-json\/wp\/v2\/users\/1"}],"replies":[{"embeddable":true,"href":"https:\/\/biblian.is\/gudbrandsbiblia\/wp-json\/wp\/v2\/comments?post=2707"}],"version-history":[{"count":0,"href":"https:\/\/biblian.is\/gudbrandsbiblia\/wp-json\/wp\/v2\/pages\/2707\/revisions"}],"wp:attachment":[{"href":"https:\/\/biblian.is\/gudbrandsbiblia\/wp-json\/wp\/v2\/media?parent=2707"}],"curies":[{"name":"wp","href":"https:\/\/api.w.org\/{rel}","templated":true}]}}