{"id":2705,"date":"2017-12-18T18:31:30","date_gmt":"2017-12-18T18:31:30","guid":{"rendered":"http:\/\/biblian.is\/gudbrandsbiblia\/fyrsta-mosebok-13-kafli\/"},"modified":"2017-12-18T18:31:30","modified_gmt":"2017-12-18T18:31:30","slug":"fyrsta-mosebok-13-kafli","status":"publish","type":"page","link":"https:\/\/biblian.is\/gudbrandsbiblia\/fyrsta-mosebok-13-kafli\/","title":{"rendered":"Fyrsta M\u00f3seb\u00f3k 13. kafli"},"content":{"rendered":"<p>So f\u00f3r Abram af Egyptalandi me\u00f0 sinni kvinnu og \u00f6llu s\u00ednu f\u00f6runeyti \u00ed su\u00f0ur\u00e1tt og Lot var me\u00f0 honum. <span class=\"athugasemd\" title=\"Abram fer burt af Egyptalandi \u00ed Kanaans land\">[<\/span> Og Abram var st\u00f3rau\u00f0igur a\u00f0 kvikf\u00e9, so og l\u00edka af silfri og gulli. Og hann f\u00f3r aftur sama veg fr\u00e1 su\u00f0ri a\u00f0 Betel, til \u00feess sta\u00f0ar sem hans tjaldb\u00fa\u00f0 var fyrr, \u00ed millum Betel og A\u00ed, \u00ed \u00feeim sama sta\u00f0 sem hann haf\u00f0i \u00e1\u00f0ur gj\u00f6rt altari\u00f0 og pr\u00e9dika\u00f0 um nafn Drottins.<\/p>\n<p>\tEn Lot sem f\u00f3r me\u00f0 Abram haf\u00f0i b\u00e6\u00f0i naut og sau\u00f0i og so tjaldb\u00fa\u00f0ir. <span class=\"athugasemd\" title=\"Lot Gen. 36\">[<\/span> Og landi\u00f0 var \u00fer\u00f6ngt fyrir \u00fe\u00e1 b\u00e1\u00f0a a\u00f0 b\u00faa saman, \u00fev\u00ed \u00feeir h\u00f6f\u00f0u fj\u00f6lda kvikfj\u00e1r, so \u00feeir m\u00e1ttu ekki vera \u00ed samb\u00fdli. \u00dear fyrir var\u00f0 \u00f3sam\u00feykki \u00e1 millum fj\u00e1rhir\u00f0ara Abrams og \u00ed millum fj\u00e1rhir\u00f0ara Lots. \u00cd \u00feann t\u00edma bjuggu Kananei og so Ferisei \u00ed \u00fev\u00ed landi. <span class=\"athugasemd\" title=\"Kananei Feresei\">[<\/span> <\/p>\n<p>\t\u00de\u00e1 m\u00e6lti Abram vi\u00f0 Lot: &#8222;K\u00e6ri, l\u00e1tum ekki vera nokkra \u00fer\u00e6tu millum \u00fe\u00edn og m\u00edn, og ekki heldur \u00ed millum minna og \u00feinna fj\u00e1rhir\u00f0ara, \u00fev\u00ed vi\u00f0 erum br\u00e6\u00f0ur. Stendur ekki allt landi\u00f0 opi\u00f0 fyrir \u00fe\u00e9r? \u00dear fyrir skil \u00feig vi\u00f0 mig. Viljir \u00fe\u00fa v\u00edkja til vinstri handar \u00fe\u00e1 skal eg fara til h\u00e6gri, e\u00f0a viljir \u00fe\u00fa fara til h\u00e6gri handar \u00fe\u00e1 skal eg v\u00edkja til vinstri.&#8220; \u00de\u00e1 upph\u00f3f Lot s\u00edn augu og leit lands\u00e1lfu alla hj\u00e1 J\u00f3rdan. <span class=\"athugasemd\" title=\"J\u00f3rdanar h\u00e9r\u00f6\u00f0\">[<\/span> \u00dev\u00ed \u00e1\u00f0ur en Drottinn umturna\u00f0i S\u00f3d\u00f3ma og G\u00f3morra \u00fe\u00e1 v\u00f6kva\u00f0ist h\u00fan gj\u00f6rv\u00f6ll allt a\u00f0 S\u00f3ar l\u00edka sem parad\u00eds Drottins, l\u00edka sem Egyptaland. <\/p>\n<p>\tSo kj\u00f6ri Lot s\u00e9r allt \u00fea\u00f0 h\u00e9ra\u00f0 sem l\u00e1 hj\u00e1 J\u00f3rdan og f\u00f3r so burt \u00far austri. So skildust \u00feessir br\u00e6\u00f0ur a\u00f0 hvor fr\u00e1 \u00f6\u00f0rum. Og Abram bj\u00f3 \u00ed Kanaanlandi en Lot \u00ed st\u00f6\u00f0um \u00feess sama h\u00e9ra\u00f0s vi\u00f0 J\u00f3rdan og setti sinn b\u00fasta\u00f0 \u00ed S\u00f3d\u00f3ma. En menn \u00ed S\u00f3d\u00f3ma voru illir og syndgu\u00f0ust mj\u00f6g \u00ed m\u00f3ti Drottni. <span class=\"athugasemd\" title=\"S\u00f3d\u00f3ma borgarmenn\">[<\/span> <\/p>\n<p>\tOg sem Lot var n\u00fa skilinn vi\u00f0 Abram \u00fe\u00e1 m\u00e6lti Drottinn vi\u00f0 Abram: &#8222;Upplyftu \u00fe\u00ednum augum og l\u00edt \u00fe\u00fa fr\u00e1 \u00feessum sta\u00f0 sem \u00fe\u00fa b\u00fdr til nor\u00f0urs, su\u00f0urs, austurs og vesturs. <span class=\"athugasemd\" title=\"Anna\u00f0 fyrirheiti\u00f0 um Kanaans land\">[<\/span> \u00dev\u00ed a\u00f0 allt \u00fea\u00f0 land sem \u00fe\u00fa s\u00e9r vil eg gefa \u00fe\u00e9r og \u00fe\u00ednu s\u00e6\u00f0i \u00e6vinlega. <span class=\"athugasemd\" title=\"Gen 12; 15; 26; R\u00f3m 4\">[<\/span> Og eg vil margfalda \u00feitt s\u00e1\u00f0 sem duft \u00e1 j\u00f6r\u00f0u. Getur nokkur tali\u00f0 duft jar\u00f0arinnar, s\u00e1 skal telja \u00feitt s\u00e1\u00f0. \u00dear fyrir tak \u00feig upp og far \u00ed gegnum landi\u00f0, b\u00e6\u00f0i \u00e1 lengd \u00feess og breidd, \u00fev\u00ed eg vil gefa \u00fe\u00e9r \u00fea\u00f0.&#8220; So t\u00f3k Abram s\u00edna tjaldb\u00fa\u00f0 upp, kom og bj\u00f3 \u00ed <span class=\"athugasemd\" title=\"sword Lundinum\">[<\/span> dalnum Mamre, hver e\u00f0 liggur \u00ed Hebron, og bygg\u00f0i Drottni \u00fear eitt altari.<\/p>\n","protected":false},"excerpt":{"rendered":"<p>So f\u00f3r Abram af Egyptalandi me\u00f0 sinni kvinnu og \u00f6llu s\u00ednu f\u00f6runeyti \u00ed su\u00f0ur\u00e1tt og Lot var me\u00f0 honum. [ Og Abram var st\u00f3rau\u00f0igur a\u00f0 kvikf\u00e9, so og l\u00edka af silfri og gulli. Og hann f\u00f3r aftur sama veg fr\u00e1 su\u00f0ri a\u00f0 Betel, til \u00feess sta\u00f0ar sem hans tjaldb\u00fa\u00f0 var fyrr, \u00ed millum Betel og A\u00ed, \u00ed \u00feeim sama sta\u00f0 sem hann haf\u00f0i \u00e1\u00f0ur gj\u00f6rt altari\u00f0 og pr\u00e9dika\u00f0 um nafn Drottins. En Lot sem f\u00f3r me\u00f0 Abram haf\u00f0i b\u00e6\u00f0i naut og sau\u00f0i og so tjaldb\u00fa\u00f0ir. [ Og landi\u00f0 var \u00fer\u00f6ngt fyrir \u00fe\u00e1 b\u00e1\u00f0a a\u00f0 b\u00faa saman, \u00fev\u00ed \u00feeir h\u00f6f\u00f0u fj\u00f6lda <a href=\"https:\/\/biblian.is\/gudbrandsbiblia\/fyrsta-mosebok-13-kafli\/\"> [&#8230;]<\/a><\/p>\n","protected":false},"author":1,"featured_media":0,"parent":0,"menu_order":0,"comment_status":"open","ping_status":"open","template":"bibliukaflar.php","meta":{"footnotes":""},"class_list":["post-2705","page","type-page","status-publish","hentry"],"_links":{"self":[{"href":"https:\/\/biblian.is\/gudbrandsbiblia\/wp-json\/wp\/v2\/pages\/2705","targetHints":{"allow":["GET"]}}],"collection":[{"href":"https:\/\/biblian.is\/gudbrandsbiblia\/wp-json\/wp\/v2\/pages"}],"about":[{"href":"https:\/\/biblian.is\/gudbrandsbiblia\/wp-json\/wp\/v2\/types\/page"}],"author":[{"embeddable":true,"href":"https:\/\/biblian.is\/gudbrandsbiblia\/wp-json\/wp\/v2\/users\/1"}],"replies":[{"embeddable":true,"href":"https:\/\/biblian.is\/gudbrandsbiblia\/wp-json\/wp\/v2\/comments?post=2705"}],"version-history":[{"count":0,"href":"https:\/\/biblian.is\/gudbrandsbiblia\/wp-json\/wp\/v2\/pages\/2705\/revisions"}],"wp:attachment":[{"href":"https:\/\/biblian.is\/gudbrandsbiblia\/wp-json\/wp\/v2\/media?parent=2705"}],"curies":[{"name":"wp","href":"https:\/\/api.w.org\/{rel}","templated":true}]}}