{"id":2704,"date":"2017-12-18T18:31:30","date_gmt":"2017-12-18T18:31:30","guid":{"rendered":"http:\/\/biblian.is\/gudbrandsbiblia\/fyrsta-mosebok-12-kafli\/"},"modified":"2017-12-18T18:31:30","modified_gmt":"2017-12-18T18:31:30","slug":"fyrsta-mosebok-12-kafli","status":"publish","type":"page","link":"https:\/\/biblian.is\/gudbrandsbiblia\/fyrsta-mosebok-12-kafli\/","title":{"rendered":"Fyrsta M\u00f3seb\u00f3k 12. kafli"},"content":{"rendered":"<p>Og Drottinn sag\u00f0i til Abram: &#8222;Gakk \u00fat af \u00fe\u00ednu f\u00f3sturlandi og fr\u00e1 \u00fe\u00ednu fr\u00e6ndli\u00f0i og \u00fat af \u00fe\u00edns f\u00f6\u00f0ursh\u00fasi til \u00feess lands sem eg mun v\u00edsa \u00fe\u00e9r. <span class=\"athugasemd\" title=\"Act. 7 Ebre. 11\">[<\/span> Og eg vil gj\u00f6ra \u00feig a\u00f0 mikilli \u00fej\u00f3\u00f0 og blessa \u00feig og gj\u00f6ra \u00fe\u00e9r eitt st\u00f3rt nafn og \u00fe\u00fa skalt vera blessa\u00f0ur. Eg vil blessa \u00feann sem \u00fe\u00e9r blessar og so b\u00f6lva \u00feeim sem \u00fe\u00e9r b\u00f6lva. Og \u00ed \u00fe\u00e9r skulu blessast allar \u00e6ttkv\u00edslir \u00e1 j\u00f6r\u00f0unni.&#8220; <span class=\"athugasemd\" title=\"Fyrirheiti \u00fat af Christo\">[<\/span><\/p>\n<p>\tSo fer\u00f0a\u00f0ist Abram burt so sem Drottinn haf\u00f0i bo\u00f0i\u00f0 honum og Lot f\u00f3r me\u00f0 honum. Abram var sj\u00f6t\u00edgir og fimm \u00e1ra gamall \u00fe\u00e1 hann f\u00f3r \u00far Haran. Og Abram t\u00f3k s\u00edna h\u00fasfr\u00fa Sara\u00ed og Lot sinn br\u00f3\u00f0urson og alla \u00feeirra fj\u00e1rhluti sem \u00feeim haf\u00f0i aflast og so \u00fe\u00e6r s\u00e1lir sem \u00feeir h\u00f6f\u00f0u geti\u00f0 \u00ed Haran og f\u00f3ru \u00fat a\u00f0 reisa \u00ed landi\u00f0 Kanaan. Og sem \u00feeir voru komnir \u00ed \u00fea\u00f0 sama land f\u00f3r Abram \u00ed gegnum landi\u00f0 allt til \u00feess sta\u00f0ar e\u00f0 heitir S\u00edkem. Og til <span class=\"athugasemd\" title=\"sword Lundsins\">[<\/span> dalsins M\u00f3re. En Kananir bjuggu \u00ed \u00feann t\u00edma \u00ed landinu. <\/p>\n<p>\t\u00de\u00e1 birtist Drottinn Abram og sag\u00f0i: &#8222;\u00de\u00ednu s\u00e6\u00f0i vil eg gefa \u00feetta land.&#8220; <span class=\"athugasemd\" title=\"Fyrsta fyrirheit um Kanaans land\">[<\/span> Og hann bygg\u00f0i Drottni eitt altari \u00ed \u00feeim sta\u00f0 sem hann opinbera\u00f0ist honum. Eftir \u00fea\u00f0 fer\u00f0a\u00f0ist hann \u00fea\u00f0an til eins fjalls sem l\u00e1 fyrir austan Betel og reisti \u00fear upp sitt landtjald og haf\u00f0i Betel \u00e1 vestri s\u00ed\u00f0u en A\u00ed \u00e1 eystri. <span class=\"athugasemd\" title=\"Betel Deut. 34\">[<\/span> Og hann bygg\u00f0i Drottni \u00fear eitt altari og predika\u00f0i um Drottins nafn. \u00dear eftir fer\u00f0a\u00f0ist Abram fram lengra og f\u00f3r \u00ed su\u00f0ur\u00e1tt. <\/p>\n<p>\tOg \u00fear var\u00f0 miki\u00f0 hall\u00e6ri \u00ed landinu. <span class=\"athugasemd\" title=\"Hall\u00e6ri \u00e1 d\u00f6gum Abrams\">[<\/span> Og Abram fer\u00f0a\u00f0ist ofan til Egyptalands og vildi halda sig \u00fear sem einn framandi ma\u00f0ur, \u00fev\u00ed a\u00f0 mj\u00f6g miki\u00f0 hall\u00e6ri var \u00ed landinu. Og sem hann var kominn hart n\u00e6r \u00ed Egyptaland \u00fe\u00e1 sag\u00f0i hann til sinnar kvinnu Sara\u00ed: &#8222;Sj\u00e1\u00f0u, eg veit a\u00f0 \u00fe\u00fa ert harla fr\u00ed\u00f0 kona og \u00feegar \u00feeir egyptsku sj\u00e1 \u00feig \u00fe\u00e1 munu \u00feeir segja: \u00dea\u00f0 er hans eiginkona, so munu \u00feeir sl\u00e1 mig \u00ed hel en halda \u00fe\u00e9r eftir. <span class=\"athugasemd\" title=\"Abram fer \u00ed Egyptaland\">[<\/span> \u00dev\u00ed bi\u00f0 eg \u00feig a\u00f0 \u00fe\u00fa segir a\u00f0 \u00fe\u00fa s\u00e9rt systir m\u00edn so eg megi nj\u00f3ta \u00fe\u00edn og a\u00f0 eg megi halda l\u00edfi fyrir \u00fe\u00edna skuld.&#8220; <span class=\"athugasemd\" title=\"Gen. 20\">[<\/span> <\/p>\n<p>\tEn sem Abram kom \u00ed Egyptaland \u00fe\u00e1 s\u00e1u \u00feeir egypsku menn kvinnuna a\u00f0 h\u00fan var harla v\u00e6n. Og pharaonis h\u00f6f\u00f0ingjar s\u00e1u hana og s\u00f6g\u00f0u honum miki\u00f0 af hennar pr\u00fd\u00f0i. Og h\u00fan var h\u00f6f\u00f0 \u00ed pharaonis h\u00fas. En hann gj\u00f6r\u00f0i Abram til g\u00f3\u00f0a fyrir hennar skuld. Abram \u00e1tti naut, sau\u00f0i og asna, \u00fer\u00e6la og amb\u00e1ttir, \u00f6snur og \u00falfalda. En Drottinn pl\u00e1ga\u00f0i fara\u00f3menn me\u00f0 mikilli pl\u00e1gu og hans h\u00fas vegna Sara\u00ed Abrams kvinnu. <\/p>\n<p>\t\u00de\u00e1 kalla\u00f0i fara\u00f3 Abram til s\u00edn og sag\u00f0i til hans: &#8222;\u00dev\u00ed hefur \u00fe\u00fa gj\u00f6rt m\u00e9r soddan? \u00dev\u00ed sag\u00f0ir \u00fe\u00fa m\u00e9r ekki a\u00f0 h\u00fan v\u00e6ri \u00fe\u00edn eiginkona? \u00dev\u00ed sag\u00f0ir \u00fe\u00fa a\u00f0 h\u00fan v\u00e6ri \u00fe\u00edn systir so a\u00f0 eg t\u00e6ki hana m\u00e9r til eiginkvinnu? So tak n\u00fa \u00fe\u00edna eiginkvinnu og far \u00ed burt.&#8220; Og fara\u00f3 bau\u00f0 s\u00ednu f\u00f3lki a\u00f0 \u00fea\u00f0 skyldi fylgja honum \u00e1 veg og hans kvinnu og \u00f6llu \u00fev\u00ed sem honum tilheyr\u00f0i.<\/p>\n","protected":false},"excerpt":{"rendered":"<p>Og Drottinn sag\u00f0i til Abram: &#8222;Gakk \u00fat af \u00fe\u00ednu f\u00f3sturlandi og fr\u00e1 \u00fe\u00ednu fr\u00e6ndli\u00f0i og \u00fat af \u00fe\u00edns f\u00f6\u00f0ursh\u00fasi til \u00feess lands sem eg mun v\u00edsa \u00fe\u00e9r. [ Og eg vil gj\u00f6ra \u00feig a\u00f0 mikilli \u00fej\u00f3\u00f0 og blessa \u00feig og gj\u00f6ra \u00fe\u00e9r eitt st\u00f3rt nafn og \u00fe\u00fa skalt vera blessa\u00f0ur. Eg vil blessa \u00feann sem \u00fe\u00e9r blessar og so b\u00f6lva \u00feeim sem \u00fe\u00e9r b\u00f6lva. Og \u00ed \u00fe\u00e9r skulu blessast allar \u00e6ttkv\u00edslir \u00e1 j\u00f6r\u00f0unni.&#8220; [ So fer\u00f0a\u00f0ist Abram burt so sem Drottinn haf\u00f0i bo\u00f0i\u00f0 honum og Lot f\u00f3r me\u00f0 honum. Abram var sj\u00f6t\u00edgir og fimm \u00e1ra gamall \u00fe\u00e1 hann f\u00f3r \u00far <a href=\"https:\/\/biblian.is\/gudbrandsbiblia\/fyrsta-mosebok-12-kafli\/\"> [&#8230;]<\/a><\/p>\n","protected":false},"author":1,"featured_media":0,"parent":0,"menu_order":0,"comment_status":"open","ping_status":"open","template":"bibliukaflar.php","meta":{"footnotes":""},"class_list":["post-2704","page","type-page","status-publish","hentry"],"_links":{"self":[{"href":"https:\/\/biblian.is\/gudbrandsbiblia\/wp-json\/wp\/v2\/pages\/2704","targetHints":{"allow":["GET"]}}],"collection":[{"href":"https:\/\/biblian.is\/gudbrandsbiblia\/wp-json\/wp\/v2\/pages"}],"about":[{"href":"https:\/\/biblian.is\/gudbrandsbiblia\/wp-json\/wp\/v2\/types\/page"}],"author":[{"embeddable":true,"href":"https:\/\/biblian.is\/gudbrandsbiblia\/wp-json\/wp\/v2\/users\/1"}],"replies":[{"embeddable":true,"href":"https:\/\/biblian.is\/gudbrandsbiblia\/wp-json\/wp\/v2\/comments?post=2704"}],"version-history":[{"count":0,"href":"https:\/\/biblian.is\/gudbrandsbiblia\/wp-json\/wp\/v2\/pages\/2704\/revisions"}],"wp:attachment":[{"href":"https:\/\/biblian.is\/gudbrandsbiblia\/wp-json\/wp\/v2\/media?parent=2704"}],"curies":[{"name":"wp","href":"https:\/\/api.w.org\/{rel}","templated":true}]}}