{"id":2703,"date":"2017-12-18T18:31:30","date_gmt":"2017-12-18T18:31:30","guid":{"rendered":"http:\/\/biblian.is\/gudbrandsbiblia\/fyrsta-mosebok-11-kafli\/"},"modified":"2017-12-18T18:31:30","modified_gmt":"2017-12-18T18:31:30","slug":"fyrsta-mosebok-11-kafli","status":"publish","type":"page","link":"https:\/\/biblian.is\/gudbrandsbiblia\/fyrsta-mosebok-11-kafli\/","title":{"rendered":"Fyrsta M\u00f3seb\u00f3k 11. kafli"},"content":{"rendered":"<p>Ver\u00f6ldin \u00f6ll haf\u00f0i eitt tal og tungum\u00e1l. Og sem \u00feeir f\u00f3ru m\u00f3ti austri fundu \u00feeir \u00fear eitt sl\u00e9ttlendi \u00ed S\u00ednearlandi og bjuggu \u00fear. <span class=\"athugasemd\" title=\"S\u00ednear Turninn Babel\">[<\/span> Og hver sag\u00f0i til annars: &#8222;Komi\u00f0, gj\u00f6rum oss tigulsteina og brennum \u00fe\u00e1 \u00ed eldi.&#8220; Og \u00fe\u00e1 t\u00f3ku \u00feeir t\u00edgilsteina til m\u00fargrj\u00f3ts og l\u00edmstein til kalks. Og \u00feeir s\u00f6g\u00f0u: &#8222;Komi\u00f0, v\u00e9r viljum byggja oss einn sta\u00f0 og turn hvers h\u00e6\u00f0 a\u00f0 taki upp \u00ed himininn, og gj\u00f6rum oss so eitt nafn \u00e1\u00f0ur en v\u00e9r \u00fatskiptunst um \u00f6ll l\u00f6nd.&#8220;<\/p>\n<p>\t\u00de\u00e1 f\u00f3r Drottinn ofan a\u00f0 sj\u00e1 \u00feann sta\u00f0 og turn sem mannanna synir uppbygg\u00f0u. Og Drottinn sag\u00f0i: &#8222;S\u00e9, \u00feetta er ein \u00fej\u00f3\u00f0 og \u00feeir hafa allir eitt tungum\u00e1l og \u00feeir hafa uppbyrja\u00f0 a\u00f0 gj\u00f6ra soddan og ekki munu \u00feeir l\u00e1ta af a\u00f0 gj\u00f6ra allt \u00fea\u00f0 sem \u00feeir hafa fyrir sig teki\u00f0. Komi\u00f0, l\u00e1tum oss fara ofan og villa \u00feeirra tungum\u00e1l, a\u00f0 enginn skilji hva\u00f0 annar segir.&#8220; So sundurdreif\u00f0i Drottinn \u00feeim og \u00feeir f\u00f3ru \u00fea\u00f0an til allra landa so a\u00f0 \u00feeir ur\u00f0u af a\u00f0 l\u00e1ta a\u00f0 byggja \u00feann sta\u00f0. \u00dev\u00ed kallast hans nafn Babel \u00fev\u00ed Drottinn villti \u00fear allra landa tungum\u00e1l. <span class=\"athugasemd\" title=\"Tungum\u00e1lin skiptast\">[<\/span> Og hann sundurdreif\u00f0i \u00feeim \u00fea\u00f0an til allra landa. <\/p>\n<p>\t\u00deetta er Sems \u00e6ttkv\u00edsl. Sem var hundra\u00f0 \u00e1ra gamall og \u00e1tti Arpaksad tveimur \u00e1rum eftir fl\u00f3\u00f0i\u00f0. <span class=\"athugasemd\" title=\"Sems kynkv\u00edsl\">[<\/span> Og hann lif\u00f0i s\u00ed\u00f0an fimmhundru\u00f0 \u00e1ra og gat sonu og d\u00e6tur. <\/p>\n<p>\tEn Arpaksad var fimmt\u00e1n og tuttugu \u00e1ra gamall og gat Sala og hann lif\u00f0i s\u00ed\u00f0an fj\u00f6gur hundru\u00f0 og \u00ferj\u00fa \u00e1r og gat sonu og d\u00e6tur. <span class=\"athugasemd\" title=\"Arpaksad lif\u00f0i cccc xxx viy\">[<\/span> <\/p>\n<p>\tSala var \u00ferj\u00e1t\u00edgir \u00e1ra gamall, \u00fe\u00e1 gat hann Eber. Og hann lif\u00f0i s\u00ed\u00f0an fj\u00f6gur hundru\u00f0 og \u00ferj\u00fa \u00e1r og gat sonu og d\u00e6tur. <span class=\"athugasemd\" title=\"Sala 433\">[<\/span><\/p>\n<p>\tEber var fj\u00f3rt\u00e1n og tuttugu \u00e1ra gamall, gat og Peleg. Og hann lif\u00f0i s\u00ed\u00f0an fj\u00f6gur hundru\u00f0 og \u00ferj\u00e1tigu \u00e1r og gat sonu og d\u00e6tur. <span class=\"athugasemd\" title=\"Eber 464\">[<\/span><\/p>\n<p>\tPeleg var \u00fer\u00edtugur a\u00f0 aldri og gat Reg\u00fa. Og lif\u00f0i s\u00ed\u00f0an tv\u00f6hundru\u00f0 og n\u00edu \u00e1r og gat sonu og d\u00e6tur. <span class=\"athugasemd\" title=\"Peleg 239\">[<\/span><\/p>\n<p>\tReg\u00fa var t\u00f3lf og tuttugu \u00e1ra gamall og gat Ser\u00fag. Og lif\u00f0i s\u00ed\u00f0an tv\u00f6 hundru\u00f0 og sj\u00f6 \u00e1r og gat sonu og d\u00e6tur. <span class=\"athugasemd\" title=\"Reg\u00fa 239\">[<\/span><\/p>\n<p>\tSer\u00fag var \u00fer\u00edtugur a\u00f0 aldri og gat Nahor og lif\u00f0i \u00fear eftir tv\u00f6 hundru\u00f0 \u00e1ra og gat sonu og d\u00e6tur. <span class=\"athugasemd\" title=\"Ser\u00fag 230\">[<\/span><\/p>\n<p>\tNahor var n\u00edu og tuttugu \u00e1ra gamall og gat Tara og lif\u00f0i s\u00ed\u00f0an hundra\u00f0 og n\u00edtj\u00e1n \u00e1r og gat sonu og d\u00e6tur. <span class=\"athugasemd\" title=\"Nahor 148\">[<\/span><\/p>\n<p>\tTara var sj\u00f6tugur a\u00f0 aldri og gat Abram, Nahor og Haram. <span class=\"athugasemd\" title=\"Tara\">[<\/span> <\/p>\n<p>\t\u00deessi er Tara \u00e6ttkv\u00edsl. <span class=\"athugasemd\" title=\"Tare \u00e6ttkv\u00edsl Lot Abram Sara\u00ed\">[<\/span> Tara gat Abram, Nahor og Haran. En Haran gat Lot. En Haram anda\u00f0ist fyrr en fa\u00f0ir hans Tara \u00ed s\u00ednu f\u00f6\u00f0urlandi \u00ed \u00feeim sta\u00f0 \u00dar \u00ed Kaldea landi. En Abram og Nahor kvongu\u00f0ust. Abrams h\u00fasfr\u00fa h\u00e9t Sara\u00ed. En Nahors kvinna h\u00e9t Milka, Harams d\u00f3ttir, sem var fa\u00f0ir \u00feeirra Milka og Iska. En Sara\u00ed var \u00f3byrja og gat engin b\u00f6rn.  <\/p>\n<p>\tS\u00ed\u00f0an t\u00f3k Tara sinn son Abram og Lot sinn sonarson, Harams son, og Sara\u00ed s\u00edna sonarkonu, Abrams kvinnu, og \u00fatleiddi \u00feau fr\u00e1 \u00dar \u00ed Kaldea a\u00f0 hann f\u00e6ri \u00ed landi\u00f0 Kanaan. Og \u00feeir komu til Haran og bjuggu \u00fear. Og Tara var\u00f0 tv\u00f6 hundru\u00f0 og fimm \u00e1ra gamall og anda\u00f0ist \u00ed Haran. <span class=\"athugasemd\" title=\"Tara aldur ccv \u00e1r\">[<\/span><\/p>\n","protected":false},"excerpt":{"rendered":"<p>Ver\u00f6ldin \u00f6ll haf\u00f0i eitt tal og tungum\u00e1l. Og sem \u00feeir f\u00f3ru m\u00f3ti austri fundu \u00feeir \u00fear eitt sl\u00e9ttlendi \u00ed S\u00ednearlandi og bjuggu \u00fear. [ Og hver sag\u00f0i til annars: &#8222;Komi\u00f0, gj\u00f6rum oss tigulsteina og brennum \u00fe\u00e1 \u00ed eldi.&#8220; Og \u00fe\u00e1 t\u00f3ku \u00feeir t\u00edgilsteina til m\u00fargrj\u00f3ts og l\u00edmstein til kalks. Og \u00feeir s\u00f6g\u00f0u: &#8222;Komi\u00f0, v\u00e9r viljum byggja oss einn sta\u00f0 og turn hvers h\u00e6\u00f0 a\u00f0 taki upp \u00ed himininn, og gj\u00f6rum oss so eitt nafn \u00e1\u00f0ur en v\u00e9r \u00fatskiptunst um \u00f6ll l\u00f6nd.&#8220; \u00de\u00e1 f\u00f3r Drottinn ofan a\u00f0 sj\u00e1 \u00feann sta\u00f0 og turn sem mannanna synir uppbygg\u00f0u. Og Drottinn sag\u00f0i: &#8222;S\u00e9, \u00feetta <a href=\"https:\/\/biblian.is\/gudbrandsbiblia\/fyrsta-mosebok-11-kafli\/\"> [&#8230;]<\/a><\/p>\n","protected":false},"author":1,"featured_media":0,"parent":0,"menu_order":0,"comment_status":"open","ping_status":"open","template":"bibliukaflar.php","meta":{"footnotes":""},"class_list":["post-2703","page","type-page","status-publish","hentry"],"_links":{"self":[{"href":"https:\/\/biblian.is\/gudbrandsbiblia\/wp-json\/wp\/v2\/pages\/2703","targetHints":{"allow":["GET"]}}],"collection":[{"href":"https:\/\/biblian.is\/gudbrandsbiblia\/wp-json\/wp\/v2\/pages"}],"about":[{"href":"https:\/\/biblian.is\/gudbrandsbiblia\/wp-json\/wp\/v2\/types\/page"}],"author":[{"embeddable":true,"href":"https:\/\/biblian.is\/gudbrandsbiblia\/wp-json\/wp\/v2\/users\/1"}],"replies":[{"embeddable":true,"href":"https:\/\/biblian.is\/gudbrandsbiblia\/wp-json\/wp\/v2\/comments?post=2703"}],"version-history":[{"count":0,"href":"https:\/\/biblian.is\/gudbrandsbiblia\/wp-json\/wp\/v2\/pages\/2703\/revisions"}],"wp:attachment":[{"href":"https:\/\/biblian.is\/gudbrandsbiblia\/wp-json\/wp\/v2\/media?parent=2703"}],"curies":[{"name":"wp","href":"https:\/\/api.w.org\/{rel}","templated":true}]}}