{"id":2702,"date":"2017-12-18T18:31:30","date_gmt":"2017-12-18T18:31:30","guid":{"rendered":"http:\/\/biblian.is\/gudbrandsbiblia\/fyrsta-mosebok-10-kafli\/"},"modified":"2017-12-18T18:31:30","modified_gmt":"2017-12-18T18:31:30","slug":"fyrsta-mosebok-10-kafli","status":"publish","type":"page","link":"https:\/\/biblian.is\/gudbrandsbiblia\/fyrsta-mosebok-10-kafli\/","title":{"rendered":"Fyrsta M\u00f3seb\u00f3k 10. kafli"},"content":{"rendered":"<p>\u00deetta er \u00e6ttkv\u00edsl \u00feeirra N\u00f3a sona, Sem, Kam og Jafet, og \u00feeir g\u00e1tu b\u00f6rn eftir fl\u00f3\u00f0i\u00f0. \u00deessi eru Jafets b\u00f6rn: G\u00f3mer, Mag\u00f3g, Mada\u00ed, Javan, T\u00fabal, Mesek og T\u00edras. <span class=\"athugasemd\" title=\"Jafets \u00e6ttkv\u00edsl I. Par. 10\">[<\/span> En \u00feessi eru G\u00f3mers b\u00f6rn: Asenas, Rifat og T\u00f3gorma. \u00deessi eru Javans b\u00f6rn: El\u00edsa, Tarsis, Kit\u00edm og D\u00f3dan\u00edm. Af \u00feessum eru allar hei\u00f0ingjanna eyjar \u00fatskiptar \u00ed \u00feeirra l\u00f6ndum, hver eftir s\u00ednu tungum\u00e1li, \u00e6tt og f\u00f3lki. <\/p>\n<p>\t\u00deessi eru Kams b\u00f6rn: K\u00fas, M\u00edsra\u00edm, P\u00fat og Kanaan. <span class=\"athugasemd\" title=\"Kams \u00e6ttkv\u00edsl\">[<\/span> \u00deessi eru K\u00fas b\u00f6rn: Seba, Hev\u00edla, Sabta, Raema og Sabteka. Og \u00feessi eru Rahema b\u00f6rn: Skeba og Dedan. En K\u00fas gat Nimrod. <span class=\"athugasemd\" title=\"Nimrod\">[<\/span> Hann t\u00f3k til a\u00f0 ver\u00f0a einn mikilsh\u00e1ttar herra \u00e1 j\u00f6r\u00f0unni og var einn voldugur vei\u00f0ima\u00f0ur fyrir Drottni. \u00dear fyrir er \u00fea\u00f0 m\u00e1lt\u00e6ki uppkomi\u00f0: &#8222;Hann er einn voldugur vei\u00f0ima\u00f0ur fyrir Drottni so sem Nimrod.&#8220; Og Babel var upphaf hans r\u00edkis: Erek, Akad og Kalne \u00ed landi S\u00ednear. <span class=\"athugasemd\" title=\"Babel Ass\u00far N\u00edn\u00edve\">[<\/span> Af \u00fev\u00ed landi er Ass\u00far s\u00ed\u00f0an kominn og hann uppbygg\u00f0i N\u00edn\u00edve og Reh\u00f3b\u00f3t, \u00cdr og Kalak og \u00fear til Ressen millum N\u00edn\u00edve og Kalak og er \u00fea\u00f0 einn st\u00f3r sta\u00f0ur. M\u00edsra\u00edm gat L\u00fad\u00edn, Anam\u00edn, Leab\u00edm, Naft\u00fah\u00edm, Pat\u00fars\u00edm og Kast\u00fah\u00edm. Af \u00feessum eru komnir Filistei og Kaft\u00f3r\u00edm.<\/p>\n<p>\tEn Kanaan gat S\u00eddon sinn fyrsta son og Het, Jeb\u00fas\u00ed, Em\u00f3r\u00ed, Sirg\u00f3s\u00ed, Hiv\u00ed, Ark\u00ed, S\u00edn\u00ed, Arvad\u00ed, Semar\u00ed og Hamat\u00ed. <span class=\"athugasemd\" title=\"Kananei S\u00f3d\u00f3ma\">[<\/span> Af \u00feessum eru \u00fe\u00e6r Kanan\u00edta \u00e6ttir \u00fatkomnar. Og \u00feeirra lands\u00e1lfur taka fr\u00e1 S\u00eddon \u00ed gegnum Gerar inn til Gasa \u00fear til a\u00f0 menn koma til S\u00f3d\u00f3ma, G\u00f3morra, Adama, Seb\u00f3\u00edm og allt til Lasa. \u00deessir eru Kams synir, \u00feeirra \u00e6tt, tungum\u00e1l, l\u00f6nd og l\u00fd\u00f0ir. <\/p>\n<p>\tEn Sems Jafets elsti br\u00f3\u00f0ir gat og so b\u00f6rn. <span class=\"athugasemd\" title=\"Sems \u00e6ttkv\u00edsl I Par. I\">[<\/span> Hann er allra barna fa\u00f0ir af Eber og \u00feessir eru hans synir: Elam, Ass\u00far, Arpaksad, L\u00fad og Aaram. Synir Aaram eru \u00feessir: \u00das, H\u00fal, Geter og Mas. Arpaksad gat Sala, Sala gat Eber, Eber gat tvo sonu, einn h\u00e9t Peleg, \u00fev\u00ed a\u00f0 ver\u00f6ldin var skipt \u00ed hans t\u00ed\u00f0, hans br\u00f3\u00f0ir h\u00e9t Jaketan. Og Jaketan gat Alm\u00f3dad, Hasarmafet, Jara, Had\u00f3ram, \u00dasal, Dikela, \u00d3bal, Ab\u00edmel, Seba, \u00d3f\u00edr, Hev\u00edla og J\u00f3bab. \u00deessir eru allir Jafetans synir. Og \u00feeirra bygg\u00f0arl\u00f6g voru fr\u00e1 Mesa \u00fear til komi\u00f0 var til S\u00f3far til \u00feess fjalls m\u00f3t austri. \u00deessir eru Sems synir eftir \u00feeirra \u00e6tt, tungum\u00e1lum, landi og l\u00fd\u00f0um. \u00deessi er n\u00fa \u00e6tthringur N\u00f3asona \u00ed \u00feeirra \u00e6ttkv\u00edslum og f\u00f3lki. Af \u00feeim eru \u00fej\u00f3\u00f0irnar \u00fatkomnar \u00e1 j\u00f6r\u00f0ina eftir vatsfl\u00f3\u00f0i\u00f0.<\/p>\n","protected":false},"excerpt":{"rendered":"<p>\u00deetta er \u00e6ttkv\u00edsl \u00feeirra N\u00f3a sona, Sem, Kam og Jafet, og \u00feeir g\u00e1tu b\u00f6rn eftir fl\u00f3\u00f0i\u00f0. \u00deessi eru Jafets b\u00f6rn: G\u00f3mer, Mag\u00f3g, Mada\u00ed, Javan, T\u00fabal, Mesek og T\u00edras. [ En \u00feessi eru G\u00f3mers b\u00f6rn: Asenas, Rifat og T\u00f3gorma. \u00deessi eru Javans b\u00f6rn: El\u00edsa, Tarsis, Kit\u00edm og D\u00f3dan\u00edm. Af \u00feessum eru allar hei\u00f0ingjanna eyjar \u00fatskiptar \u00ed \u00feeirra l\u00f6ndum, hver eftir s\u00ednu tungum\u00e1li, \u00e6tt og f\u00f3lki. \u00deessi eru Kams b\u00f6rn: K\u00fas, M\u00edsra\u00edm, P\u00fat og Kanaan. [ \u00deessi eru K\u00fas b\u00f6rn: Seba, Hev\u00edla, Sabta, Raema og Sabteka. Og \u00feessi eru Rahema b\u00f6rn: Skeba og Dedan. En K\u00fas gat Nimrod. [ Hann t\u00f3k til <a href=\"https:\/\/biblian.is\/gudbrandsbiblia\/fyrsta-mosebok-10-kafli\/\"> [&#8230;]<\/a><\/p>\n","protected":false},"author":1,"featured_media":0,"parent":0,"menu_order":0,"comment_status":"open","ping_status":"open","template":"bibliukaflar.php","meta":{"footnotes":""},"class_list":["post-2702","page","type-page","status-publish","hentry"],"_links":{"self":[{"href":"https:\/\/biblian.is\/gudbrandsbiblia\/wp-json\/wp\/v2\/pages\/2702","targetHints":{"allow":["GET"]}}],"collection":[{"href":"https:\/\/biblian.is\/gudbrandsbiblia\/wp-json\/wp\/v2\/pages"}],"about":[{"href":"https:\/\/biblian.is\/gudbrandsbiblia\/wp-json\/wp\/v2\/types\/page"}],"author":[{"embeddable":true,"href":"https:\/\/biblian.is\/gudbrandsbiblia\/wp-json\/wp\/v2\/users\/1"}],"replies":[{"embeddable":true,"href":"https:\/\/biblian.is\/gudbrandsbiblia\/wp-json\/wp\/v2\/comments?post=2702"}],"version-history":[{"count":0,"href":"https:\/\/biblian.is\/gudbrandsbiblia\/wp-json\/wp\/v2\/pages\/2702\/revisions"}],"wp:attachment":[{"href":"https:\/\/biblian.is\/gudbrandsbiblia\/wp-json\/wp\/v2\/media?parent=2702"}],"curies":[{"name":"wp","href":"https:\/\/api.w.org\/{rel}","templated":true}]}}