{"id":2700,"date":"2017-12-18T18:31:30","date_gmt":"2017-12-18T18:31:30","guid":{"rendered":"http:\/\/biblian.is\/gudbrandsbiblia\/fyrsta-mosebok-8-kafli\/"},"modified":"2017-12-18T18:31:30","modified_gmt":"2017-12-18T18:31:30","slug":"fyrsta-mosebok-8-kafli","status":"publish","type":"page","link":"https:\/\/biblian.is\/gudbrandsbiblia\/fyrsta-mosebok-8-kafli\/","title":{"rendered":"Fyrsta M\u00f3seb\u00f3k 8. kafli"},"content":{"rendered":"<p>\u00de\u00e1 minntist Gu\u00f0 \u00e1 N\u00f3a og \u00e1 \u00f6ll d\u00fdr og \u00e1 \u00f6ll \u00feau kvikindi sem voru me\u00f0 honum \u00ed \u00f6rkinni. Og hann l\u00e9t vind koma \u00e1 j\u00f6r\u00f0ina og v\u00f6tnin minnku\u00f0u. Og uppsprettur undirdj\u00fapanna luktust aftur, s\u00f6mulei\u00f0is <span class=\"athugasemd\" title=\"sword Himna gluggarnir\">[<\/span> himnaraufarnar, og regninu af himnum var hamla\u00f0. Og vatni\u00f0 minnka\u00f0i \u00e1 j\u00f6r\u00f0unni meir og meir og \u00feverra\u00f0i eftir hundra\u00f0 og fimmt\u00edgir daga.<\/p>\n<p>\t\u00c1 \u00feeim seytj\u00e1nda degi \u00feess sj\u00f6unda m\u00e1na\u00f0ar nam \u00f6rkin sta\u00f0ar \u00e1 fjallinu <span class=\"athugasemd\" title=\"sword Armenie\">[<\/span> Ararat. Og vatni\u00f0 minnka\u00f0i og \u00feverra\u00f0i allt til hins t\u00edunda m\u00e1na\u00f0ar. \u00c1 fyrsta degi hins t\u00edunda m\u00e1na\u00f0ar skaut upp \u00feeim h\u00e6stu fjallatindum.<\/p>\n<p>\tOg fj\u00f6rut\u00edgir d\u00f6gum \u00fear eftir lauk N\u00f3i upp glugganum \u00e1 \u00f6rkinni sem hann haf\u00f0i gj\u00f6rt og l\u00e9t einn hrafn \u00fatflj\u00faga og hann fl\u00f3 \u00ed s\u00edfellu aftur og fram \u00fear til a\u00f0 vatni\u00f0 minnka\u00f0i af j\u00f6r\u00f0unni. <span class=\"athugasemd\" title=\"Hrafninn\">[<\/span> Eftir \u00fea\u00f0 l\u00e9t hann eina d\u00fafu \u00fatflj\u00faga fr\u00e1 s\u00e9r til a\u00f0 vita hvert vatni\u00f0 minnka\u00f0i ekki \u00e1 j\u00f6r\u00f0unni. <span class=\"athugasemd\" title=\"D\u00fafan\">[<\/span> Og sem d\u00fafan fann ekki so nokkurn \u00feurran sta\u00f0 a\u00f0 h\u00fan m\u00e6tti hv\u00edla sinn f\u00f3t upp\u00e1 kom h\u00fan til hans aftur \u00ed \u00f6rkina, \u00fev\u00ed a\u00f0 vatni\u00f0 var \u00fe\u00e1 enn yfir allri j\u00f6r\u00f0unni. So \u00fatr\u00e9tti hann s\u00edna h\u00f6nd og t\u00f3k hana til s\u00edn inn aftur \u00ed \u00f6rkina. <\/p>\n<p>\tOg hann bei\u00f0 \u00fe\u00e1 enn \u00ed a\u00f0ra sj\u00f6 daga og a\u00f0 \u00feeim li\u00f0num l\u00e9t hann d\u00fafuna flj\u00faga \u00ed anna\u00f0 sinn af \u00f6rkinni. Og h\u00fan kom aftur til hans a\u00f0 kveldi. Og sj\u00e1\u00f0u: H\u00fan haf\u00f0i \u00ed munni s\u00e9r einn kvist af <span class=\"athugasemd\" title=\"a Vi\u00f0smj\u00f6rsvi\u00f0arlauf merkir evangel\u00edum hvert heilagur andi l\u00e6tur predikast\">[<\/span> vi\u00f0smj\u00f6rstr\u00e9, gr\u00e6nan og laufivaxinn. \u00de\u00e1 skildi N\u00f3i a\u00f0 vatni\u00f0 var \u00feverra\u00f0 \u00e1 j\u00f6r\u00f0inni. En hann bei\u00f0 \u00fe\u00e1 enn a\u00f0ra sj\u00f6 daga og l\u00e9t \u00fe\u00e1 enn d\u00fafuna \u00fatflj\u00faga og kom h\u00fan \u00fe\u00e1 ekki til hans aftur.<\/p>\n<p>\tOg \u00fe\u00e1 N\u00f3i var sexhundru\u00f0 \u00e1ra gamall og eins \u00e1rs betur, \u00e1 \u00feann fyrsta dag hins fyrsta m\u00e1na\u00f0ar burt \u00feorna\u00f0i vatni\u00f0 \u00e1 j\u00f6r\u00f0inni. Og \u00fe\u00e1 t\u00f3k N\u00f3i yfirrj\u00e1fri\u00f0 af \u00f6rkinni, leit \u00fat og s\u00e1 a\u00f0 j\u00f6r\u00f0in var or\u00f0in \u00feurr. Og so var j\u00f6r\u00f0in \u00f6llungis \u00feurr \u00e1 \u00feeim sj\u00f6unda og tuttugasta degi \u00ed \u00feeim \u00f6\u00f0rum m\u00e1nu\u00f0i. <\/p>\n<p>\t\u00de\u00e1 tala\u00f0i Gu\u00f0 me\u00f0 N\u00f3a og sag\u00f0i: &#8222;Far \u00fe\u00fa \u00fat af \u00f6rkinni, \u00fe\u00fa og \u00fe\u00edn kvinna, \u00fe\u00ednir synir og \u00fe\u00ednar sonarkonur me\u00f0 \u00fe\u00e9r. Allsh\u00e1ttu\u00f0 kvikindi sem eru hj\u00e1 \u00fe\u00e9r af \u00f6llu holdi, af fuglum og f\u00e9na\u00f0i og af allra handa skri\u00f0kvikindum jar\u00f0arinnar skulu fara \u00fat me\u00f0 \u00fe\u00e9r, og hr\u00e6ri\u00f0 y\u00f0ur \u00e1 j\u00f6r\u00f0unni, vaxi\u00f0 og margfaldist \u00e1 j\u00f6r\u00f0unni.&#8220; Svo gekk N\u00f3i \u00fat me\u00f0 s\u00ednum sonum og me\u00f0 sinni kvinnu og me\u00f0 s\u00ednum sonar konum, so og allra handa d\u00fdr og allra handa skri\u00f0kvikindi, allra handa fuglar og allt \u00fea\u00f0 sem \u00e1 j\u00f6r\u00f0inni hr\u00e6rist, \u00fea\u00f0 gekk \u00fat af \u00f6rkinni, hvert til s\u00edns l\u00edka.<\/p>\n<p>\tOg N\u00f3i bygg\u00f0i Drottni eitt altari og t\u00f3k af allsh\u00e1ttu\u00f0um hreinum kvikindum og af allra handa hreinum fuglum og offra\u00f0i brennioffur \u00e1 altari\u00f0. <span class=\"athugasemd\" title=\"Esa. 45. Gen. 6.\">[<\/span> Og Drottinn lykta\u00f0i \u00feann s\u00e6tleiks ilm og sag\u00f0i \u00ed s\u00ednu hjarta: <\/p>\n<p>\t&#8222;Eg vil n\u00fa ekki h\u00e9r eftir b\u00f6lva j\u00f6r\u00f0unni fyrir mannsins skuld \u00fev\u00ed a\u00f0 <span class=\"athugasemd\" title=\"sword sinni\">[<\/span> hugskot mannlegs hjarta er illt \u00ed fr\u00e1 ungd\u00f3mi. Og h\u00e9r eftir vil eg ekki meir sl\u00e1 allt \u00fea\u00f0 sem lifir so sem eg hefi n\u00fa gj\u00f6rt. Og so lengi sem j\u00f6r\u00f0in stendur \u00fe\u00e1 skal ekki \u00ferj\u00f3ta s\u00e1\u00f0 og kornskur\u00f0, frost og hita, sumar og vetur, dag og n\u00f3tt.&#8220;<\/p>\n","protected":false},"excerpt":{"rendered":"<p>\u00de\u00e1 minntist Gu\u00f0 \u00e1 N\u00f3a og \u00e1 \u00f6ll d\u00fdr og \u00e1 \u00f6ll \u00feau kvikindi sem voru me\u00f0 honum \u00ed \u00f6rkinni. Og hann l\u00e9t vind koma \u00e1 j\u00f6r\u00f0ina og v\u00f6tnin minnku\u00f0u. Og uppsprettur undirdj\u00fapanna luktust aftur, s\u00f6mulei\u00f0is [ himnaraufarnar, og regninu af himnum var hamla\u00f0. Og vatni\u00f0 minnka\u00f0i \u00e1 j\u00f6r\u00f0unni meir og meir og \u00feverra\u00f0i eftir hundra\u00f0 og fimmt\u00edgir daga. \u00c1 \u00feeim seytj\u00e1nda degi \u00feess sj\u00f6unda m\u00e1na\u00f0ar nam \u00f6rkin sta\u00f0ar \u00e1 fjallinu [ Ararat. Og vatni\u00f0 minnka\u00f0i og \u00feverra\u00f0i allt til hins t\u00edunda m\u00e1na\u00f0ar. \u00c1 fyrsta degi hins t\u00edunda m\u00e1na\u00f0ar skaut upp \u00feeim h\u00e6stu fjallatindum. Og fj\u00f6rut\u00edgir d\u00f6gum \u00fear eftir lauk <a href=\"https:\/\/biblian.is\/gudbrandsbiblia\/fyrsta-mosebok-8-kafli\/\"> [&#8230;]<\/a><\/p>\n","protected":false},"author":1,"featured_media":0,"parent":0,"menu_order":0,"comment_status":"open","ping_status":"open","template":"bibliukaflar.php","meta":{"footnotes":""},"class_list":["post-2700","page","type-page","status-publish","hentry"],"_links":{"self":[{"href":"https:\/\/biblian.is\/gudbrandsbiblia\/wp-json\/wp\/v2\/pages\/2700","targetHints":{"allow":["GET"]}}],"collection":[{"href":"https:\/\/biblian.is\/gudbrandsbiblia\/wp-json\/wp\/v2\/pages"}],"about":[{"href":"https:\/\/biblian.is\/gudbrandsbiblia\/wp-json\/wp\/v2\/types\/page"}],"author":[{"embeddable":true,"href":"https:\/\/biblian.is\/gudbrandsbiblia\/wp-json\/wp\/v2\/users\/1"}],"replies":[{"embeddable":true,"href":"https:\/\/biblian.is\/gudbrandsbiblia\/wp-json\/wp\/v2\/comments?post=2700"}],"version-history":[{"count":0,"href":"https:\/\/biblian.is\/gudbrandsbiblia\/wp-json\/wp\/v2\/pages\/2700\/revisions"}],"wp:attachment":[{"href":"https:\/\/biblian.is\/gudbrandsbiblia\/wp-json\/wp\/v2\/media?parent=2700"}],"curies":[{"name":"wp","href":"https:\/\/api.w.org\/{rel}","templated":true}]}}