{"id":2698,"date":"2017-12-18T18:31:30","date_gmt":"2017-12-18T18:31:30","guid":{"rendered":"http:\/\/biblian.is\/gudbrandsbiblia\/fyrsta-mosebok-6-kafli\/"},"modified":"2017-12-18T18:31:30","modified_gmt":"2017-12-18T18:31:30","slug":"fyrsta-mosebok-6-kafli","status":"publish","type":"page","link":"https:\/\/biblian.is\/gudbrandsbiblia\/fyrsta-mosebok-6-kafli\/","title":{"rendered":"Fyrsta M\u00f3seb\u00f3k 6. kafli"},"content":{"rendered":"<p>Og \u00fe\u00e1 e\u00f0 mennina t\u00f3k a\u00f0 fj\u00f6lga \u00e1 j\u00f6r\u00f0u og \u00feeir g\u00e1tu d\u00e6tur \u00fe\u00e1 s\u00e1u Gu\u00f0s b\u00f6rn mannanna d\u00e6tur, a\u00f0 \u00fe\u00e6r voru fr\u00ed\u00f0ar, og \u00feeir gengu a\u00f0 eiga hverjar sem \u00feeir vildu. \u00de\u00e1 sag\u00f0i Drottinn: &#8222;Manneskjan vill ekki l\u00e1ta sig straffa framar meir af m\u00ednum anda, \u00fev\u00ed a\u00f0 h\u00fan er hold. Eg vil enn n\u00fa gefa \u00feeim frest um hundra\u00f0 \u00e1r og tuttugu.&#8220; <span class=\"athugasemd\" title=\"120 \u00e1ra frest gefinn til i\u00f0ranar\">[<\/span><\/p>\n<p>\t\u00c1 \u00feeim t\u00edma voru risar \u00e1 j\u00f6r\u00f0u. <span class=\"athugasemd\" title=\"Gen. 5\">[<\/span> \u00dev\u00ed a\u00f0 \u00fe\u00e1 Gu\u00f0s b\u00f6rn l\u00f6g\u00f0ust me\u00f0 d\u00e6trum mannanna og g\u00e1tu b\u00f6rn me\u00f0 \u00feeim, \u00fe\u00e1 jukust \u00fear af voldugir og nafnkunnugir menn \u00e1 j\u00f6r\u00f0unni. <\/p>\n<p>\tEn \u00fe\u00e1 e\u00f0 Drottinn s\u00e1 \u00fea\u00f0 a\u00f0 mannanna illska var mikil \u00e1 j\u00f6r\u00f0unni og a\u00f0 \u00f6ll \u00feeirra hjartans hugsan og \u00e1setningur var \u00e6t\u00ed\u00f0 til ills hneig\u00f0ur, \u00fe\u00e1 i\u00f0ra\u00f0ist Gu\u00f0 \u00fea\u00f0 hann haf\u00f0i manninn skapa\u00f0 \u00e1 j\u00f6r\u00f0u og \u00fea\u00f0 angra\u00f0i hann \u00ed s\u00ednu hjarta og hann sag\u00f0i: &#8222;Eg vil afm\u00e1 af j\u00f6r\u00f0u \u00fe\u00e1 manneskju sem eg hefi skapa\u00f0, b\u00e6\u00f0i menn og f\u00e9na\u00f0, skri\u00f0kvikindi og fugla loftsins, \u00fev\u00ed a\u00f0 eg i\u00f0rast a\u00f0 eg skapa\u00f0i \u00fea\u00f0.&#8220; En N\u00f3i fann n\u00e1\u00f0 hj\u00e1 Drottni.   <\/p>\n<p>\t\u00deessi er \u00e6ttkv\u00edsl N\u00f3a. <span class=\"athugasemd\" title=\"Synir N\u00f3a\">[<\/span> N\u00f3i var einn r\u00e9ttl\u00e1tur og \u00f3straffanlegur ma\u00f0ur og lif\u00f0i gu\u00f0r\u00e6kilega \u00ed sinni t\u00ed\u00f0. Hann gat \u00ferj\u00e1 sonu: Sem, Kam, Jafet. En j\u00f6r\u00f0in var fordj\u00f6rfu\u00f0 fyrir Gu\u00f0s augliti og full rangl\u00e6tis. \u00de\u00e1 leit Gu\u00f0 \u00e1 j\u00f6r\u00f0ina og sj\u00e1 \u00fe\u00fa: H\u00fan var fordj\u00f6rfu\u00f0. \u00dev\u00ed a\u00f0 allt hold haf\u00f0i fordjarfa\u00f0 s\u00edna vegu \u00e1 j\u00f6r\u00f0unni. \u00de\u00e1 m\u00e6lti Gu\u00f0 vi\u00f0 N\u00f3a: &#8222;Ending alls holds er komin fyrir m\u00e9r \u00fev\u00ed a\u00f0 j\u00f6r\u00f0in er full rangl\u00e6tis af \u00feeim. Sj\u00e1 \u00fe\u00fa, eg vil fordjarfa \u00fe\u00e1 \u00e1samt me\u00f0 j\u00f6r\u00f0unni.<\/p>\n<p>\tGj\u00f6r \u00fe\u00e9r eina \u00f6rk af grenivi\u00f0artrj\u00e1m og gj\u00f6r sm\u00e1 h\u00fas \u00ed henni og br\u00e6\u00f0 hana me\u00f0 bik utan og innan. <span class=\"athugasemd\" title=\"N\u00f3a \u00f6rk\">[<\/span> Og gj\u00f6r hana svo: H\u00fan skal vera \u00ferj\u00fahundru\u00f0 \u00e1lna \u00e1 lengd, fimmt\u00edgir \u00e1lna \u00e1 breidd og \u00ferj\u00e1t\u00edgir \u00e1lna \u00e1 h\u00e6\u00f0. \u00de\u00fa skalt og gj\u00f6ra einn glugg ofan \u00e1 \u00f6rkinni, einnrar \u00e1lnar h\u00e1van. Dyrnar skaltu setja utan \u00e1 hennar s\u00ed\u00f0u. Og h\u00fan skal hafa \u00ferj\u00fa loft, eitt ne\u00f0st, anna\u00f0 \u00ed mi\u00f0ju og \u00feri\u00f0ja efst. \u00dev\u00ed a\u00f0 sj\u00e1 \u00fe\u00fa: Eg vil l\u00e1ta koma eitt fl\u00f3\u00f0 vatna yfir j\u00f6r\u00f0ina til a\u00f0 dey\u00f0a allt hold \u00fea\u00f0 sem l\u00edfs anda hefur me\u00f0ur s\u00e9r undir himninum, allt \u00fea\u00f0 sem \u00e1 j\u00f6r\u00f0unni er skal fyrirfarast. <span class=\"athugasemd\" title=\"Vatna fl\u00f3\u00f0i\u00f0\">[<\/span> <\/p>\n<p>\tEn vi\u00f0 \u00feig vil eg gj\u00f6ra eitt s\u00e1ttm\u00e1l. Og \u00fe\u00fa skalt ganga \u00ed \u00f6rkina \u00e1samt me\u00f0 \u00fe\u00ednum sonum, \u00fe\u00edn kvinna og \u00fe\u00ednar sonarkvinnur. Og \u00fe\u00fa skalt innl\u00e1ta \u00ed \u00f6rkina allra handa d\u00fdr af \u00f6llu holdi, j\u00e1 eitt par, kallkyns og kvenkyns, a\u00f0 \u00feau haldi l\u00edfinu me\u00f0 \u00fe\u00e9r. Af fuglunum eftir \u00feeirra kyni, af f\u00e9na\u00f0inum eftir hans kyni, og af allsh\u00e1ttu\u00f0um skri\u00f0kvikindum jar\u00f0ar eftir \u00feeirra kyni. Af \u00feessu \u00f6llu skal eitt par fara inn til \u00fe\u00edn \u00ed \u00f6rkina svo \u00fea\u00f0 megi halda l\u00edfinu. Og \u00fe\u00fa skalt taka allsh\u00e1tta\u00f0ar f\u00e6\u00f0slur me\u00f0 \u00fe\u00e9r sem etandi eru og safna \u00feeim inn til \u00fe\u00edn so \u00fea\u00f0 megi vera \u00fe\u00e9r og \u00feeim til atvinnu.&#8220; Og N\u00f3i gj\u00f6r\u00f0i alla hluti so sem Gu\u00f0 bau\u00f0 honum.<\/p>\n","protected":false},"excerpt":{"rendered":"<p>Og \u00fe\u00e1 e\u00f0 mennina t\u00f3k a\u00f0 fj\u00f6lga \u00e1 j\u00f6r\u00f0u og \u00feeir g\u00e1tu d\u00e6tur \u00fe\u00e1 s\u00e1u Gu\u00f0s b\u00f6rn mannanna d\u00e6tur, a\u00f0 \u00fe\u00e6r voru fr\u00ed\u00f0ar, og \u00feeir gengu a\u00f0 eiga hverjar sem \u00feeir vildu. \u00de\u00e1 sag\u00f0i Drottinn: &#8222;Manneskjan vill ekki l\u00e1ta sig straffa framar meir af m\u00ednum anda, \u00fev\u00ed a\u00f0 h\u00fan er hold. Eg vil enn n\u00fa gefa \u00feeim frest um hundra\u00f0 \u00e1r og tuttugu.&#8220; [ \u00c1 \u00feeim t\u00edma voru risar \u00e1 j\u00f6r\u00f0u. [ \u00dev\u00ed a\u00f0 \u00fe\u00e1 Gu\u00f0s b\u00f6rn l\u00f6g\u00f0ust me\u00f0 d\u00e6trum mannanna og g\u00e1tu b\u00f6rn me\u00f0 \u00feeim, \u00fe\u00e1 jukust \u00fear af voldugir og nafnkunnugir menn \u00e1 j\u00f6r\u00f0unni. En \u00fe\u00e1 e\u00f0 Drottinn <a href=\"https:\/\/biblian.is\/gudbrandsbiblia\/fyrsta-mosebok-6-kafli\/\"> [&#8230;]<\/a><\/p>\n","protected":false},"author":1,"featured_media":0,"parent":0,"menu_order":0,"comment_status":"open","ping_status":"open","template":"bibliukaflar.php","meta":{"footnotes":""},"class_list":["post-2698","page","type-page","status-publish","hentry"],"_links":{"self":[{"href":"https:\/\/biblian.is\/gudbrandsbiblia\/wp-json\/wp\/v2\/pages\/2698","targetHints":{"allow":["GET"]}}],"collection":[{"href":"https:\/\/biblian.is\/gudbrandsbiblia\/wp-json\/wp\/v2\/pages"}],"about":[{"href":"https:\/\/biblian.is\/gudbrandsbiblia\/wp-json\/wp\/v2\/types\/page"}],"author":[{"embeddable":true,"href":"https:\/\/biblian.is\/gudbrandsbiblia\/wp-json\/wp\/v2\/users\/1"}],"replies":[{"embeddable":true,"href":"https:\/\/biblian.is\/gudbrandsbiblia\/wp-json\/wp\/v2\/comments?post=2698"}],"version-history":[{"count":0,"href":"https:\/\/biblian.is\/gudbrandsbiblia\/wp-json\/wp\/v2\/pages\/2698\/revisions"}],"wp:attachment":[{"href":"https:\/\/biblian.is\/gudbrandsbiblia\/wp-json\/wp\/v2\/media?parent=2698"}],"curies":[{"name":"wp","href":"https:\/\/api.w.org\/{rel}","templated":true}]}}