{"id":2695,"date":"2017-12-18T18:31:30","date_gmt":"2017-12-18T18:31:30","guid":{"rendered":"http:\/\/biblian.is\/gudbrandsbiblia\/fyrsta-mosebok-3-kafli\/"},"modified":"2017-12-18T18:31:30","modified_gmt":"2017-12-18T18:31:30","slug":"fyrsta-mosebok-3-kafli","status":"publish","type":"page","link":"https:\/\/biblian.is\/gudbrandsbiblia\/fyrsta-mosebok-3-kafli\/","title":{"rendered":"Fyrsta M\u00f3seb\u00f3k 3. kafli"},"content":{"rendered":"<p>Og h\u00f6ggormurinn var sl\u00e6gari heldur en \u00f6ll \u00f6nnur kvikindi \u00e1 j\u00f6r\u00f0unni sem Gu\u00f0 Drottinn haf\u00f0i skapa\u00f0. <span class=\"athugasemd\" title=\"H\u00f6ggormurinn sv\u00edkur Evam\">[<\/span> Og hann sag\u00f0i til kvinnunnar: &#8222;J\u00e1, skyldi Gu\u00f0 hafa sagt: \u00dei\u00f0 skulu\u00f0 ekki eta af allskyns trj\u00e1m \u00ed aldingar\u00f0inum?&#8220; \u00de\u00e1 sag\u00f0i konan til h\u00f6ggormsins: &#8222;Vi\u00f0 etum af \u00e1vexti trj\u00e1nna \u00ed aldingar\u00f0inum. En um \u00e1v\u00f6xt \u00feess tr\u00e9s sem stendur \u00ed mi\u00f0jum aldingar\u00f0inum, \u00fe\u00e1 sag\u00f0i Gu\u00f0: Eti\u00f0 ekki \u00fear af og komi\u00f0 ekki vi\u00f0 \u00fea\u00f0 so a\u00f0 \u00fei\u00f0 deyi\u00f0 ekki.&#8220; \u00de\u00e1 sag\u00f0i h\u00f6ggormurinn til kvinnunnar: &#8222;\u00cd \u00f6ngvan m\u00e1ta munu\u00f0 \u00fei\u00f0 dau\u00f0a deyja, heldur veit Gu\u00f0 \u00fea\u00f0 a\u00f0 \u00e1 hverjum degi sem \u00fei\u00f0 eti\u00f0 \u00fear af \u00fe\u00e1 munu ykkar augu opnast og \u00fei\u00f0 munu\u00f0 vera l\u00edka sem Gu\u00f0 og vita skyn g\u00f3\u00f0s og ills.&#8220;<\/p>\n<p>\tOg kvinnan s\u00e1 a\u00f0 tr\u00e9\u00f0 var gott a\u00f0 eta af og fagurt a\u00f0 sj\u00e1 og eitt girnilegt tr\u00e9 til fr\u00f3\u00f0leiks. <span class=\"athugasemd\" title=\"Fall Evu og Adams 1 Tim. 2\">[<\/span> Og h\u00fan t\u00f3k af \u00e1vextinum og \u00e1t og gaf s\u00ednum manni \u00fear af. Og hann \u00e1t. \u00de\u00e1 upplukust beggja \u00feeirra augu og formerktu \u00feau a\u00f0 \u00feau voru nakin. Og \u00feau festu saman f\u00edkjuvi\u00f0arbl\u00f6\u00f0 og gj\u00f6r\u00f0u s\u00e9r af laufkyrtla.<\/p>\n<p>\tOg \u00fe\u00e1 er \u00feau heyr\u00f0u Gu\u00f0s Drottins r\u00f6dd sem gekk um kring \u00ed aldingar\u00f0inum \u00fe\u00e1 dagurinn var or\u00f0inn kaldur \u00fe\u00e1 faldi Adam sig og hans kvinna fyrir augliti Gu\u00f0s Drottins \u00e1 milli trj\u00e1nna \u00ed aldingar\u00f0inum. <span class=\"athugasemd\" title=\"Adam og Eva for\u00f0ast Gu\u00f0 Gene. 2.\">[<\/span> Og Gu\u00f0 Drottinn kalla\u00f0i \u00e1 Adam og sag\u00f0i til hans: &#8222;Hvar ertu?&#8220; Hann svara\u00f0i: &#8222;Eg heyr\u00f0i \u00fe\u00edna r\u00f6dd \u00ed aldingar\u00f0inum og eg hr\u00e6ddunst \u00fev\u00ed eg var nakinn. Og af \u00fev\u00ed falda eg mig.&#8220; Og hann sag\u00f0i: &#8222;Hver sag\u00f0i \u00fe\u00e9r a\u00f0 \u00fe\u00fa v\u00e6rir nakinn? Nema hafir \u00fe\u00fa eti\u00f0 af \u00fev\u00ed tr\u00e9 sem eg banna\u00f0i \u00fe\u00e9r a\u00f0 eta af.&#8220; \u00de\u00e1 svara\u00f0i Adam: &#8222;Kvinnan s\u00fa sem \u00fe\u00fa gafst m\u00e9r til samlags, h\u00fan gaf m\u00e9r af tr\u00e9nu og eg \u00e1t.&#8220; \u00de\u00e1 sag\u00f0i Gu\u00f0 Drottinn til kvinnunnar: &#8222;\u00dev\u00ed gj\u00f6r\u00f0ir \u00fe\u00fa \u00fea\u00f0?&#8220; Kvinnan svara\u00f0i: &#8222;H\u00f6ggormurinn sveik mig so a\u00f0 eg \u00e1t.&#8220;<\/p>\n<p>\t\u00de\u00e1 sag\u00f0i Gu\u00f0 Drottinn til h\u00f6ggormsins: &#8222;Af \u00fev\u00ed a\u00f0 \u00fe\u00fa gj\u00f6r\u00f0ir \u00feetta \u00fe\u00e1 vert \u00fe\u00fa b\u00f6lva\u00f0ur \u00e1 me\u00f0al allra kvikinda og \u00e1 me\u00f0al allra d\u00fdra \u00e1 j\u00f6r\u00f0u. <span class=\"athugasemd\" title=\"Gu\u00f0 b\u00f6lvar h\u00f6ggorminum\">[<\/span> \u00de\u00fa skalt ganga \u00e1 \u00fe\u00ednum kvi\u00f0i og eta mold jar\u00f0ar alla \u00fe\u00edna l\u00edfdaga. Og eg vil setja \u00f3vinskap \u00e1 milli \u00fe\u00edn og kvinnunnar og \u00e1 milli \u00fe\u00edns s\u00e6\u00f0is og hennar s\u00e6\u00f0is. <span class=\"athugasemd\" title=\"Christus er fyrirheitinn\">[<\/span> \u00dea\u00f0 sama skal \u00ed sundur merja \u00feitt h\u00f6fu\u00f0. Og \u00fe\u00fa skalt b\u00edta hann \u00ed h\u00e6linn.&#8220;<\/p>\n<p>\tOg hann sag\u00f0i til kvinnunnar: &#8222;Eg vil fj\u00f6lga eymdir \u00fe\u00ednar, \u00feegar \u00fe\u00fa ver\u00f0ur \u00f3l\u00e9tt, \u00fe\u00e1 skaltu f\u00e6\u00f0a \u00fe\u00edn b\u00f6rn me\u00f0 s\u00f3tt, og \u00feinn vilji skal vera \u00fe\u00ednum manni undirgefinn og hann skal vera \u00feinn herra.&#8220; <span class=\"athugasemd\" title=\"Hirtingar kross yfir Adam og Evu\">[<\/span><\/p>\n<p>\tOg til Adams sag\u00f0i hann: &#8222;S\u00f6kum \u00feess \u00fe\u00fa hl\u00fdddir r\u00f6ddu konu \u00feinnar og \u00e1tst af \u00fev\u00ed tr\u00e9 af hverju eg bau\u00f0 \u00fe\u00e9r a\u00f0 \u00fe\u00fa skyldir ekki eta af, \u00fe\u00e1 skal j\u00f6r\u00f0in vera b\u00f6lvu\u00f0 fyrir \u00fe\u00edna skuld. Me\u00f0 erfi\u00f0i skaltu \u00feig af henni n\u00e6ra alla \u00fe\u00edna l\u00edfdaga. \u00deyrna og klungur skal h\u00fan bera \u00fe\u00e9r og \u00fe\u00fa skalt eta gr\u00f6s jar\u00f0arinnar. \u00cd \u00fe\u00edns andlits sveita skaltu neyta \u00fe\u00edns brau\u00f0s \u00feanga\u00f0 til \u00fe\u00fa ver\u00f0ur a\u00f0 j\u00f6r\u00f0u aftur, af hverri \u00fe\u00fa ert tekinn. \u00dev\u00ed a\u00f0 \u00fe\u00fa ert j\u00f6r\u00f0 og \u00fe\u00fa skalt a\u00f0 j\u00f6r\u00f0u aftur ver\u00f0a.&#8220;<\/p>\n<p>\tOg Adam nefndi s\u00edna kvinnu Heva, \u00fev\u00ed a\u00f0 h\u00fan er allra lifendra m\u00f3\u00f0ir. Og Gu\u00f0 Drottinn gj\u00f6r\u00f0i Adam og hans kvinnu skinnkyrtla og \u00ed kl\u00e6ddi \u00feau \u00feeim.<\/p>\n<p>\tOg Gu\u00f0 Drottinn sag\u00f0i: &#8222;Sj\u00e1i\u00f0, Adam er or\u00f0inn so sem einn af oss og veit b\u00e6\u00f0i gott og illt. En upp\u00e1 \u00fea\u00f0 hann ekki skal \u00fatr\u00e9tta s\u00edna h\u00f6nd og taka af \u00fev\u00ed l\u00edfsins tr\u00e9 og eta og lifa eil\u00edflega.&#8220;<\/p>\n<p>\t\u00de\u00e1 l\u00e9t Gu\u00f0 Drottinn hann burt \u00far \u00feeim aldingar\u00f0i Eden svo a\u00f0 hann skyldi erja j\u00f6r\u00f0ina af hverri hann var tekinn. <span class=\"athugasemd\" title=\"Adam og Eva rekast burt \u00far parad\u00eds\">[<\/span> Hann rak Adam burt og setti cher\u00fabim fyrir aldingar\u00f0inn Eden me\u00f0 eitt naki\u00f0 sveipanda sver\u00f0 til a\u00f0 geyma veginn (sem liggur) til l\u00edfsins tr\u00e9s.<\/p>\n","protected":false},"excerpt":{"rendered":"<p>Og h\u00f6ggormurinn var sl\u00e6gari heldur en \u00f6ll \u00f6nnur kvikindi \u00e1 j\u00f6r\u00f0unni sem Gu\u00f0 Drottinn haf\u00f0i skapa\u00f0. [ Og hann sag\u00f0i til kvinnunnar: &#8222;J\u00e1, skyldi Gu\u00f0 hafa sagt: \u00dei\u00f0 skulu\u00f0 ekki eta af allskyns trj\u00e1m \u00ed aldingar\u00f0inum?&#8220; \u00de\u00e1 sag\u00f0i konan til h\u00f6ggormsins: &#8222;Vi\u00f0 etum af \u00e1vexti trj\u00e1nna \u00ed aldingar\u00f0inum. En um \u00e1v\u00f6xt \u00feess tr\u00e9s sem stendur \u00ed mi\u00f0jum aldingar\u00f0inum, \u00fe\u00e1 sag\u00f0i Gu\u00f0: Eti\u00f0 ekki \u00fear af og komi\u00f0 ekki vi\u00f0 \u00fea\u00f0 so a\u00f0 \u00fei\u00f0 deyi\u00f0 ekki.&#8220; \u00de\u00e1 sag\u00f0i h\u00f6ggormurinn til kvinnunnar: &#8222;\u00cd \u00f6ngvan m\u00e1ta munu\u00f0 \u00fei\u00f0 dau\u00f0a deyja, heldur veit Gu\u00f0 \u00fea\u00f0 a\u00f0 \u00e1 hverjum degi sem \u00fei\u00f0 eti\u00f0 \u00fear af <a href=\"https:\/\/biblian.is\/gudbrandsbiblia\/fyrsta-mosebok-3-kafli\/\"> [&#8230;]<\/a><\/p>\n","protected":false},"author":1,"featured_media":0,"parent":0,"menu_order":0,"comment_status":"open","ping_status":"open","template":"bibliukaflar.php","meta":{"footnotes":""},"class_list":["post-2695","page","type-page","status-publish","hentry"],"_links":{"self":[{"href":"https:\/\/biblian.is\/gudbrandsbiblia\/wp-json\/wp\/v2\/pages\/2695","targetHints":{"allow":["GET"]}}],"collection":[{"href":"https:\/\/biblian.is\/gudbrandsbiblia\/wp-json\/wp\/v2\/pages"}],"about":[{"href":"https:\/\/biblian.is\/gudbrandsbiblia\/wp-json\/wp\/v2\/types\/page"}],"author":[{"embeddable":true,"href":"https:\/\/biblian.is\/gudbrandsbiblia\/wp-json\/wp\/v2\/users\/1"}],"replies":[{"embeddable":true,"href":"https:\/\/biblian.is\/gudbrandsbiblia\/wp-json\/wp\/v2\/comments?post=2695"}],"version-history":[{"count":0,"href":"https:\/\/biblian.is\/gudbrandsbiblia\/wp-json\/wp\/v2\/pages\/2695\/revisions"}],"wp:attachment":[{"href":"https:\/\/biblian.is\/gudbrandsbiblia\/wp-json\/wp\/v2\/media?parent=2695"}],"curies":[{"name":"wp","href":"https:\/\/api.w.org\/{rel}","templated":true}]}}