{"id":2694,"date":"2017-12-18T18:31:30","date_gmt":"2017-12-18T18:31:30","guid":{"rendered":"http:\/\/biblian.is\/gudbrandsbiblia\/fyrsta-mosebok-2-kafli\/"},"modified":"2017-12-18T18:31:30","modified_gmt":"2017-12-18T18:31:30","slug":"fyrsta-mosebok-2-kafli","status":"publish","type":"page","link":"https:\/\/biblian.is\/gudbrandsbiblia\/fyrsta-mosebok-2-kafli\/","title":{"rendered":"Fyrsta M\u00f3seb\u00f3k 2. kafli"},"content":{"rendered":"<p>\u00deannin algj\u00f6r\u00f0ist n\u00fa himinn og j\u00f6r\u00f0 og allur \u00feeirra <span class=\"athugasemd\" title=\"sword \u00f6ll \u00feeirra pr\u00fd\u00f0i\">[<\/span> her. Og so fullkomna\u00f0i Gu\u00f0 \u00e1 \u00feeim sj\u00f6unda degi s\u00edn verk sem hann gj\u00f6r\u00f0i. Og hv\u00edldist \u00feann sj\u00f6unda dag af \u00f6llu s\u00ednu verki sem hann gj\u00f6rt haf\u00f0i. Og hann blessa\u00f0i \u00feann sj\u00f6unda dag og helga\u00f0i hann, af \u00fev\u00ed a\u00f0 hann hv\u00edldist \u00e1 \u00feeim sama degi af \u00f6llum s\u00ednum verkum sem Gu\u00f0 skapa\u00f0i og gj\u00f6r\u00f0i. <span class=\"athugasemd\" title=\"Gu\u00f0 helgar \u00fevottdaginn Ebre. 4  Exo. 20\">[<\/span> <\/p>\n<p>\t\u00deannin var\u00f0 n\u00fa himinninn og j\u00f6r\u00f0in \u00fe\u00e1 \u00feau voru sk\u00f6pu\u00f0 \u00e1 \u00feeim t\u00edma \u00fe\u00e1 Gu\u00f0 Drottinn gj\u00f6r\u00f0i j\u00f6r\u00f0ina og himininn og allra handa tr\u00e9 \u00e1 m\u00f6rkinni sem ekki voru \u00e1\u00f0ur fyrri \u00e1 j\u00f6r\u00f0unni og allra handa jurtir \u00e1 akrinum sem ekki voru \u00e1\u00f0ur fyrri. \u00dev\u00ed a\u00f0 Drottinn Gu\u00f0 haf\u00f0i \u00fe\u00e1 enn ekki l\u00e1ti\u00f0 rigna \u00e1 j\u00f6r\u00f0ina og \u00fear var enginn ma\u00f0ur sem j\u00f6r\u00f0ina f\u00e1ga\u00f0i me\u00f0 s\u00ednu erfi\u00f0i. En \u00fear gekk upp ein \u00feoka af j\u00f6r\u00f0unni og v\u00f6kva\u00f0i alla j\u00f6r\u00f0ina.<\/p>\n<p>\tOg Gu\u00f0 Drottinn gj\u00f6r\u00f0i manninn af jar\u00f0ar leiri og bl\u00e9s einum lifandi anda \u00ed hans \u00e1sj\u00f3nu. Og so var\u00f0 ma\u00f0urinn ein lifandi s\u00e1l. <span class=\"athugasemd\" title=\"Adam 1 Kor. 15.\">[<\/span> <\/p>\n<p>\tOg Gu\u00f0 Drottinn planta\u00f0i einn aldingar\u00f0 \u00ed Eden \u00e1 m\u00f3ti austri og setti manninn \u00feanga\u00f0, hvern hann haf\u00f0i skapa\u00f0. Og Gu\u00f0 Drottinn l\u00e9t uppvaxa af j\u00f6r\u00f0unni allra handa tr\u00e9 sem f\u00f6gur voru a\u00f0 sj\u00e1 og lystileg a\u00f0 eta, og l\u00edfsins tr\u00e9 \u00ed mi\u00f0jum aldingar\u00f0inum og \u00fea\u00f0 skilningstr\u00e9 g\u00f3\u00f0s og ills. <span class=\"athugasemd\" title=\"Parad\u00eds\">[<\/span> <\/p>\n<p>\tOg \u00fear rann ein mikil uppspretta \u00fat af Eden til a\u00f0 v\u00f6kva aldingar\u00f0inn og s\u00fa uppspretta skiptist \u00fea\u00f0an \u00ed fj\u00f6gur st\u00f3r vatsf\u00f6ll. \u00dea\u00f0 fyrsta heitir P\u00edson, \u00fea\u00f0 fellur um allt landi\u00f0 Hev\u00edla og \u00fear finnst gull, og gulli\u00f0 \u00feess lands er forkostulegt, og \u00fear finnst bedell\u00edum og gimsteinninn \u00f3nyx. <span class=\"athugasemd\" title=\"P\u00edson\">[<\/span> \u00dea\u00f0 anna\u00f0 vatsfalli\u00f0 heitir G\u00edhon, \u00fea\u00f0 fellur um allt Bl\u00e1land. <span class=\"athugasemd\" title=\"G\u00edhon\">[<\/span> Hi\u00f0 \u00feri\u00f0ja vatsfalli\u00f0 heitir H\u00eddekel, \u00fea\u00f0 fellur fram hj\u00e1 Assyr\u00eda. \u00dea\u00f0 fj\u00f3r\u00f0a vatsfalli\u00f0 er Eufrates. <span class=\"athugasemd\" title=\"H\u00eddekel Eufrates\">[<\/span><\/p>\n<p>\tOg Drottinn Gu\u00f0 t\u00f3k manninn og setti hann \u00ed \u00feann aldingar\u00f0 Eden a\u00f0 hann skyldi yrkja hann og var\u00f0veita. Og Gu\u00f0 Drottinn bau\u00f0 manninum og sag\u00f0i: &#8222;\u00de\u00fa skalt eta af allra handa trj\u00e1m \u00ed aldingar\u00f0inum, en af \u00fev\u00ed skilnings tr\u00e9 g\u00f3\u00f0s og ills skaltu ekki eta. \u00dev\u00ed a\u00f0 \u00e1 hverjum degi sem \u00fe\u00fa etur af \u00fev\u00ed \u00fe\u00e1 skaltu dau\u00f0a deyja.&#8220; <span class=\"athugasemd\" title=\"Gu\u00f0s bo\u00f0 Adam gefi\u00f0\">[<\/span><\/p>\n<p>\tOg Drottinn Gu\u00f0 sag\u00f0i: &#8222;\u00dea\u00f0 er ei gott a\u00f0 ma\u00f0urinn s\u00e9 einnsaman. Eg vil gj\u00f6ra honum eina me\u00f0hj\u00e1lp \u00fe\u00e1 sem vera m\u00e1 hj\u00e1 honum.&#8220; \u00dev\u00ed a\u00f0 \u00fe\u00e1 Gu\u00f0 Drottinn haf\u00f0i skapa\u00f0 af j\u00f6r\u00f0unni allra handa d\u00fdr \u00e1 m\u00f6rkinni og allskyns fugla undir himninum \u00fe\u00e1 leiddi hann \u00feau til Adams so a\u00f0 hann s\u00e6i hva\u00f0 hann vildi nefna \u00feau. \u00dev\u00ed a\u00f0 hva\u00f0 helst nafn sem ma\u00f0urinn g\u00e6fi \u00f6llum lifandi kvikindum \u00fe\u00e1 skyldu \u00feau so heita. So gaf Adam allra handa f\u00e9na\u00f0i og fuglum loftsins og svo allra handa d\u00fdrum \u00e1 j\u00f6r\u00f0unni s\u00e9rhverju sitt nafn. En \u00fear fannst engin me\u00f0hj\u00e1lp fyrir manninn sem vera m\u00e6tti hj\u00e1 honum. <\/p>\n<p>\t\u00de\u00e1 l\u00e9t Gu\u00f0 Drottinn fastan svefn falla yfir manninn og \u00fe\u00e1 hann svaf t\u00f3k hann eitt af hans rifjum og byrg\u00f0i aftur me\u00f0 holdi. <span class=\"athugasemd\" title=\"Eva\">[<\/span> Og Gu\u00f0 Drottinn uppbygg\u00f0i eina kvinnu af rifbeini \u00fev\u00ed sem hann t\u00f3k af manninum og leiddi hana til hans. \u00de\u00e1 sag\u00f0i ma\u00f0urinn: &#8222;\u00deetta er bein af m\u00ednum beinum og hold af m\u00ednu holdi, \u00fear fyrir skal h\u00fan karlinna kallast, af \u00fev\u00ed h\u00fan er af karlmanni tekin.&#8220; <span class=\"athugasemd\" title=\"Hj\u00faskapar bands st\u00e9ttin Math. 19 Efe. 5. 1 Kor. 6.\">[<\/span> Og \u00feess vegna skal ma\u00f0urinn yfirgefa f\u00f6\u00f0ur sinn og m\u00f3\u00f0ur s\u00edna og halda s\u00e9r vi\u00f0 s\u00edna eiginkonu og \u00feau tv\u00f6 skulu vera eitt hold. Og \u00feau voru b\u00e6\u00f0i nakin, Adam og hans kvinna, og sk\u00f6mmu\u00f0ust s\u00edn ekki.<\/p>\n","protected":false},"excerpt":{"rendered":"<p>\u00deannin algj\u00f6r\u00f0ist n\u00fa himinn og j\u00f6r\u00f0 og allur \u00feeirra [ her. Og so fullkomna\u00f0i Gu\u00f0 \u00e1 \u00feeim sj\u00f6unda degi s\u00edn verk sem hann gj\u00f6r\u00f0i. Og hv\u00edldist \u00feann sj\u00f6unda dag af \u00f6llu s\u00ednu verki sem hann gj\u00f6rt haf\u00f0i. Og hann blessa\u00f0i \u00feann sj\u00f6unda dag og helga\u00f0i hann, af \u00fev\u00ed a\u00f0 hann hv\u00edldist \u00e1 \u00feeim sama degi af \u00f6llum s\u00ednum verkum sem Gu\u00f0 skapa\u00f0i og gj\u00f6r\u00f0i. [ \u00deannin var\u00f0 n\u00fa himinninn og j\u00f6r\u00f0in \u00fe\u00e1 \u00feau voru sk\u00f6pu\u00f0 \u00e1 \u00feeim t\u00edma \u00fe\u00e1 Gu\u00f0 Drottinn gj\u00f6r\u00f0i j\u00f6r\u00f0ina og himininn og allra handa tr\u00e9 \u00e1 m\u00f6rkinni sem ekki voru \u00e1\u00f0ur fyrri \u00e1 j\u00f6r\u00f0unni og allra <a href=\"https:\/\/biblian.is\/gudbrandsbiblia\/fyrsta-mosebok-2-kafli\/\"> [&#8230;]<\/a><\/p>\n","protected":false},"author":1,"featured_media":0,"parent":0,"menu_order":0,"comment_status":"open","ping_status":"open","template":"bibliukaflar.php","meta":{"footnotes":""},"class_list":["post-2694","page","type-page","status-publish","hentry"],"_links":{"self":[{"href":"https:\/\/biblian.is\/gudbrandsbiblia\/wp-json\/wp\/v2\/pages\/2694","targetHints":{"allow":["GET"]}}],"collection":[{"href":"https:\/\/biblian.is\/gudbrandsbiblia\/wp-json\/wp\/v2\/pages"}],"about":[{"href":"https:\/\/biblian.is\/gudbrandsbiblia\/wp-json\/wp\/v2\/types\/page"}],"author":[{"embeddable":true,"href":"https:\/\/biblian.is\/gudbrandsbiblia\/wp-json\/wp\/v2\/users\/1"}],"replies":[{"embeddable":true,"href":"https:\/\/biblian.is\/gudbrandsbiblia\/wp-json\/wp\/v2\/comments?post=2694"}],"version-history":[{"count":0,"href":"https:\/\/biblian.is\/gudbrandsbiblia\/wp-json\/wp\/v2\/pages\/2694\/revisions"}],"wp:attachment":[{"href":"https:\/\/biblian.is\/gudbrandsbiblia\/wp-json\/wp\/v2\/media?parent=2694"}],"curies":[{"name":"wp","href":"https:\/\/api.w.org\/{rel}","templated":true}]}}