{"id":2693,"date":"2017-12-18T18:31:30","date_gmt":"2017-12-18T18:31:30","guid":{"rendered":"http:\/\/biblian.is\/gudbrandsbiblia\/fyrsta-mosebok-1-kafli\/"},"modified":"2017-12-18T18:31:30","modified_gmt":"2017-12-18T18:31:30","slug":"fyrsta-mosebok-1-kafli","status":"publish","type":"page","link":"https:\/\/biblian.is\/gudbrandsbiblia\/fyrsta-mosebok-1-kafli\/","title":{"rendered":"Fyrsta M\u00f3seb\u00f3k 1. kafli"},"content":{"rendered":"<p>Genesis. Fyrsta b\u00f3k Moysi. <\/p>\n<p>\u00cd upphafi skapa\u00f0i Gu\u00f0 himin og j\u00f6r\u00f0. <span class=\"athugasemd\" title=\"J\u00f3h I. K\u00f3loss. I. S\u00e1 fyrsti dagur\">[<\/span> Og j\u00f6r\u00f0in var ey\u00f0i og t\u00f3m og myrkur var yfir undirdj\u00fapinu. Og Gu\u00f0s andi f\u00e6r\u00f0ist yfir v\u00f6tnin. Og Gu\u00f0 sag\u00f0i: &#8222;Ver\u00f0i lj\u00f3s!&#8220; Og \u00fear var\u00f0 lj\u00f3s. <span class=\"athugasemd\" title=\"Lj\u00f3s\">[<\/span> Og Gu\u00f0 s\u00e1 a\u00f0 lj\u00f3si\u00f0 var gott. \u00de\u00e1 skildi Gu\u00f0 lj\u00f3si\u00f0 fr\u00e1 myrkrunum og kalla\u00f0i lj\u00f3si\u00f0 dag en myrkri\u00f0 n\u00f3tt. \u00de\u00e1 var\u00f0 af kveldi og morni s\u00e1 fyrsti dagur. <\/p>\n<p>\tOg Gu\u00f0 sag\u00f0i: &#8222;\u00dear ver\u00f0i ein festing \u00e1 milli vatnanna sem \u00ed sundur skal skilja v\u00f6tnin hvor fr\u00e1 \u00f6\u00f0rum. <span class=\"athugasemd\" title=\"II. Dagur\">[<\/span> \u00de\u00e1 gj\u00f6r\u00f0i Gu\u00f0 eina festing og skildi v\u00f6tnin sem voru undir festingunni fr\u00e1 \u00feeim v\u00f6tnum sem voru yfir festingunni. <span class=\"athugasemd\" title=\"Festingin\">[<\/span> Og \u00fea\u00f0 ske\u00f0i so. Og Gu\u00f0 kalla\u00f0i festingina himin. <span class=\"athugasemd\" title=\"Himinninn\">[<\/span> \u00de\u00e1 var\u00f0 \u00fat af kveldi og morni s\u00e1 annar dagur. <\/p>\n<p>\tOg Gu\u00f0 sag\u00f0i: &#8222;Samansafnist v\u00f6tnin undir himninum \u00ed einn sta\u00f0 so a\u00f0 sj\u00e1st megi \u00feurrt land. <span class=\"athugasemd\" title=\"III. Dagur\">[<\/span> Og \u00fea\u00f0 ske\u00f0i so. Og Gu\u00f0 kalla\u00f0i \u00feurrlendi\u00f0 j\u00f6r\u00f0 og samansafnan vatnanna kalla\u00f0i hann sj\u00f3. Og Gu\u00f0 s\u00e1 a\u00f0 \u00fea\u00f0 var gott. <span class=\"athugasemd\" title=\"J\u00f6r\u00f0 Sj\u00f3rinn\">[<\/span> <\/p>\n<p>\tOg Gu\u00f0 sag\u00f0i: &#8222;L\u00e1ti j\u00f6r\u00f0in af s\u00e9r uppvaxa gr\u00e6n gr\u00f6s og jurtir hafandi s\u00e6\u00f0i \u00ed s\u00e9r og \u00e1vaxtars\u00f6m tr\u00e9 so a\u00f0 hvert beri \u00e1v\u00f6xt eftir sinni tegund og hafi sitt eigi\u00f0 s\u00e6\u00f0i \u00ed s\u00e9r sj\u00e1lfu \u00e1 j\u00f6r\u00f0unni. <span class=\"athugasemd\" title=\"Gr\u00f6s Jurtir Tr\u00e9\">[<\/span> Og \u00fea\u00f0 ske\u00f0i so. Og j\u00f6r\u00f0in framleiddi af s\u00e9r gr\u00e6n gr\u00f6s og jurtir hafandi s\u00e6\u00f0i hvert eftir sinni tegund og \u00e1vaxtars\u00f6m tr\u00e9 hafandi s\u00edn eigin s\u00e6\u00f0i me\u00f0 sj\u00e1lfum s\u00e9r hvert eftir sinni tegund. Og Gu\u00f0 s\u00e1 a\u00f0 \u00fea\u00f0 var gott. \u00de\u00e1 var\u00f0 \u00fat af kveldi og morni s\u00e1 \u00feri\u00f0ji dagur. <\/p>\n<p>\tOg Gu\u00f0 sag\u00f0i: &#8222;Ver\u00f0i lj\u00f3s \u00e1 festingu himinsins so \u00feau skilji daginn fr\u00e1 n\u00f3ttunni og gefi teikn <span class=\"athugasemd\" title=\"(T\u00edma) Vor Sumar Haust Vetur\">[<\/span>, t\u00edma, daga og \u00e1r og l\u00fdsi \u00e1 festingarhimni so \u00feau uppl\u00fdsi j\u00f6r\u00f0ina. <span class=\"athugasemd\" title=\"IIII. Dagur\">[<\/span> Og \u00fea\u00f0 ske\u00f0i so. Og Gu\u00f0 gj\u00f6r\u00f0i tv\u00f6 st\u00f3r lj\u00f3s. \u00dea\u00f0 st\u00e6rra lj\u00f3si\u00f0 a\u00f0 stj\u00f3rna deginum og \u00fea\u00f0 minna lj\u00f3si\u00f0 a\u00f0 stj\u00f3rna n\u00f3ttinni, \u00fear a\u00f0 auk stj\u00f6rnur. Og Gu\u00f0 setti \u00fe\u00e6r \u00e1 festingarhimininn svo a\u00f0 \u00fe\u00e6r skyldi sk\u00edna \u00e1 j\u00f6r\u00f0ina og stj\u00f3rna deginum og n\u00f3ttinni og a\u00f0 sundurgreina lj\u00f3si\u00f0 og myrkri\u00f0. Og Gu\u00f0 s\u00e1 a\u00f0 \u00fea\u00f0 var gott. Og \u00fear var\u00f0 af kveldi og morni s\u00e1 fj\u00f3r\u00f0i dagur. <\/p>\n<p>\tOg Gu\u00f0 sag\u00f0i: &#8222;V\u00f6tnin framlei\u00f0i af s\u00e9r hr\u00e6ranleg og lifandi kvikindi og fugla sem flj\u00faga skulu \u00e1 j\u00f6r\u00f0unni undir himinsins festingu.&#8220; <span class=\"athugasemd\" title=\"V. Dagur\">[<\/span> Og Gu\u00f0 skapa\u00f0i st\u00f3ra hvalfiska og allsh\u00e1ttu\u00f0 hr\u00e6ranleg og lifandi kvikindi sem v\u00f6tnin g\u00e1fu af s\u00e9r, s\u00e9rhv\u00f6rt eftir sinni tegund, og allskyns fja\u00f0ra\u00f0a fugla, s\u00e9rhv\u00f6rja eftir sinni tegund. <span class=\"athugasemd\" title=\"Fiskar Fuglar\">[<\/span> Og Gu\u00f0 s\u00e1 a\u00f0 \u00fea\u00f0 var gott. Og Gu\u00f0 blessa\u00f0i \u00fe\u00e1 og sag\u00f0i: &#8222;Aukist og margfaldist og uppfylli\u00f0 v\u00f6tnin sj\u00e1varins. Og fuglarnir margfaldist \u00e1 j\u00f6r\u00f0unni.&#8220; \u00de\u00e1 var\u00f0 af kveldi og morni s\u00e1 fimmti dagur. <\/p>\n<p>\tOg Gu\u00f0 sag\u00f0i: &#8222;J\u00f6r\u00f0in framlei\u00f0i lifandi kvikindi, s\u00e9rhvert eftir sinni tegund: F\u00e9na\u00f0, skri\u00f0kvikindi og sk\u00f3gd\u00fdr jar\u00f0ar, hvert eftir sinni tegund.&#8220; <span class=\"athugasemd\" title=\"VI. Dagur Kvikf\u00e9na\u00f0ur Villud\u00fdr Skri\u00f0kvikindi\">[<\/span> Og \u00fea\u00f0 ske\u00f0i so. Og Gu\u00f0 skapa\u00f0i sk\u00f3gd\u00fdr jar\u00f0arinnar hvert eftir sinni tegund og so f\u00e9na\u00f0inn eftir sinni tegund og allskyns skri\u00f0kvikindi jar\u00f0ar eftir sinni tegund. Og Gu\u00f0 s\u00e1 a\u00f0 \u00fea\u00f0 var gott. <\/p>\n<p>\tOg Gu\u00f0 sag\u00f0i: &#8222;V\u00e9r viljum gj\u00f6ra manninn eftir mynd og l\u00edking vorri, hver e\u00f0 drottna skal yfir fiskum sj\u00e1varins og yfir fuglum loftsins og yfir f\u00e9na\u00f0inum og yfir allri j\u00f6r\u00f0unni og yfir \u00f6llum skri\u00f0kvikindum sem hr\u00e6rast \u00e1 j\u00f6r\u00f0unni. <\/p>\n<p>\tOg Gu\u00f0 skapa\u00f0i manninn eftir sinni mynd, eftir Gu\u00f0s mynd skapa\u00f0i hann hann. <span class=\"athugasemd\" title=\"Manneskjan\">[<\/span> Og hann skapa\u00f0i \u00feau karlmann og kvinnu. Og Gu\u00f0 blessa\u00f0i \u00feau og sag\u00f0i til \u00feeirra: &#8222;Aukist \u00fei\u00f0 og margfaldist og uppfylli\u00f0 j\u00f6r\u00f0ina og gj\u00f6ri\u00f0 hana y\u00f0ur undirgefna og drottni\u00f0 yfir fiskum sj\u00e1varins og yfir fuglum loftsins og yfir \u00f6llum d\u00fdrum sem hr\u00e6rast \u00e1 j\u00f6r\u00f0unni. <\/p>\n<p>\tOg Gu\u00f0 sag\u00f0i: &#8222;Sj\u00e1i\u00f0, allsh\u00e1tta\u00f0ar jurtir sem gefa s\u00e6\u00f0i af s\u00e9r \u00e1 allri j\u00f6r\u00f0unni og allra handa \u00e1vaxtars\u00f6m tr\u00e9 sem gefa s\u00e6\u00f0i af s\u00e9r gef eg y\u00f0ur til f\u00e6\u00f0slu, og \u00f6llum d\u00fdrum jar\u00f0arinnar og \u00f6llum fuglum loftsins og \u00f6llum skri\u00f0kvikindum sem lifa \u00e1 j\u00f6r\u00f0u a\u00f0 \u00feau eti allskyns gr\u00e6nar jurtir.&#8220; <span class=\"athugasemd\" title=\"F\u00e6\u00f0sla mannanna og d\u00fdranna\">[<\/span> Og \u00fea\u00f0 ske\u00f0i so. Og Gu\u00f0 s\u00e1 alla hluti \u00fe\u00e1 sem hann haf\u00f0i gj\u00f6rt. Og sj\u00e1, \u00feeir voru harla g\u00f3\u00f0ir. Og \u00fear var\u00f0 af kveldi og morni s\u00e1 s\u00e9tti dagur.<\/p>\n","protected":false},"excerpt":{"rendered":"<p>Genesis. Fyrsta b\u00f3k Moysi. \u00cd upphafi skapa\u00f0i Gu\u00f0 himin og j\u00f6r\u00f0. [ Og j\u00f6r\u00f0in var ey\u00f0i og t\u00f3m og myrkur var yfir undirdj\u00fapinu. Og Gu\u00f0s andi f\u00e6r\u00f0ist yfir v\u00f6tnin. Og Gu\u00f0 sag\u00f0i: &#8222;Ver\u00f0i lj\u00f3s!&#8220; Og \u00fear var\u00f0 lj\u00f3s. [ Og Gu\u00f0 s\u00e1 a\u00f0 lj\u00f3si\u00f0 var gott. \u00de\u00e1 skildi Gu\u00f0 lj\u00f3si\u00f0 fr\u00e1 myrkrunum og kalla\u00f0i lj\u00f3si\u00f0 dag en myrkri\u00f0 n\u00f3tt. \u00de\u00e1 var\u00f0 af kveldi og morni s\u00e1 fyrsti dagur. Og Gu\u00f0 sag\u00f0i: &#8222;\u00dear ver\u00f0i ein festing \u00e1 milli vatnanna sem \u00ed sundur skal skilja v\u00f6tnin hvor fr\u00e1 \u00f6\u00f0rum. [ \u00de\u00e1 gj\u00f6r\u00f0i Gu\u00f0 eina festing og skildi v\u00f6tnin sem voru undir festingunni <a href=\"https:\/\/biblian.is\/gudbrandsbiblia\/fyrsta-mosebok-1-kafli\/\"> [&#8230;]<\/a><\/p>\n","protected":false},"author":1,"featured_media":0,"parent":0,"menu_order":0,"comment_status":"open","ping_status":"open","template":"bibliukaflar.php","meta":{"footnotes":""},"class_list":["post-2693","page","type-page","status-publish","hentry"],"_links":{"self":[{"href":"https:\/\/biblian.is\/gudbrandsbiblia\/wp-json\/wp\/v2\/pages\/2693","targetHints":{"allow":["GET"]}}],"collection":[{"href":"https:\/\/biblian.is\/gudbrandsbiblia\/wp-json\/wp\/v2\/pages"}],"about":[{"href":"https:\/\/biblian.is\/gudbrandsbiblia\/wp-json\/wp\/v2\/types\/page"}],"author":[{"embeddable":true,"href":"https:\/\/biblian.is\/gudbrandsbiblia\/wp-json\/wp\/v2\/users\/1"}],"replies":[{"embeddable":true,"href":"https:\/\/biblian.is\/gudbrandsbiblia\/wp-json\/wp\/v2\/comments?post=2693"}],"version-history":[{"count":0,"href":"https:\/\/biblian.is\/gudbrandsbiblia\/wp-json\/wp\/v2\/pages\/2693\/revisions"}],"wp:attachment":[{"href":"https:\/\/biblian.is\/gudbrandsbiblia\/wp-json\/wp\/v2\/media?parent=2693"}],"curies":[{"name":"wp","href":"https:\/\/api.w.org\/{rel}","templated":true}]}}