{"id":5927,"date":"2020-08-05T16:52:55","date_gmt":"2020-08-05T16:52:55","guid":{"rendered":"https:\/\/biblian.is\/fraedsla\/?page_id=5927"},"modified":"2026-04-17T13:01:06","modified_gmt":"2026-04-17T13:01:06","slug":"krossfestingar-sogulegt","status":"publish","type":"page","link":"https:\/\/biblian.is\/fraedsla\/ordtakasafn\/krossfestingar-sogulegt\/","title":{"rendered":"Krossfestingar (s\u00f6gulegt)"},"content":{"rendered":"<div class=\"kaflaheiti\">Krossfestingar (s\u00f6gulegt) &#8211; <em>Or\u00f0takasafn<\/em><\/div>\n<p>Sagnaritarinn J\u00f3sefus, sem var Gy\u00f0ingur l\u00fdsti \u00fev\u00ed, hvernig ma\u00f0ur h\u00e9kk \u00e1 krossi \u00fear til hann l\u00e9t l\u00edfi\u00f0 sem \u201ehinum aumasta dau\u00f0daga&#8220;. R\u00f3mverjinn Seneca h\u00e9lt \u00fev\u00ed fram a\u00f0 sj\u00e1lfsmor\u00f0 v\u00e6ri sk\u00e1rri en sl\u00edk refsing, sem kalla\u00f0ist krossfesting.<\/p>\n<p>\u00deessari grimm\u00fa\u00f0legu og au\u00f0m\u00fdkjandi aft\u00f6ku var fyrst beitt af Persum. Alexander mikli og hersh\u00f6f\u00f0ingjar hans komu \u00feessari skikkan \u00e1 \u00ed Mi\u00f0jar\u00f0arhafsl\u00f6ndunum. F\u00e6rni og skilvirkni R\u00f3mverjanna vi\u00f0 \u00feessa ger\u00f0 refsingar var\u00f0 enn\u00fe\u00e1 h\u00e1\u00fer\u00f3a\u00f0ri. Henni var ekki eing\u00f6ngu beitt gegn gl\u00e6pam\u00f6nnum heldur einnig sem vi\u00f0v\u00f6run vi\u00f0 m\u00f6gulegum upp\u00feotum \u00feeirra \u00fej\u00f3\u00f0a og \u00fej\u00f3\u00f0arbrota sem R\u00f3mverjar h\u00f6f\u00f0u lagt undir sig e\u00f0a jafnvel til \u00feess a\u00f0 svala bl\u00f3\u00f0\u00feorsta. Til d\u00e6mis var Gy\u00f0ingum mis\u00feyrmt og \u00feeir krossfestir \u00ed hringleikah\u00fasinu \u00ed Alexandr\u00edu, borgurunum til skemmtunar, \u00e1 valdat\u00edma Caligula keisara (37-41). \u00cd R\u00f3mverska keisarad\u00e6minu \u00feurfti a\u00f0 f\u00e1 sam\u00feykki fyrir krossfestingu fr\u00e1 r\u00f3mverskum landstj\u00f3ra sem r\u00edkti \u00e1 sta\u00f0num. R\u00f3mverskum borgurum var ekki refsa\u00f0 me\u00f0 sl\u00edkum aft\u00f6kum.<\/p>\n","protected":false},"excerpt":{"rendered":"<p>Krossfestingar (s\u00f6gulegt) &#8211; Or\u00f0takasafn Sagnaritarinn J\u00f3sefus, sem var Gy\u00f0ingur l\u00fdsti <a href=\"https:\/\/biblian.is\/fraedsla\/ordtakasafn\/krossfestingar-sogulegt\/\"> [&#8230;]<\/a><\/p>\n","protected":false},"author":1,"featured_media":0,"parent":4827,"menu_order":0,"comment_status":"closed","ping_status":"closed","template":"","meta":{"footnotes":""},"class_list":["post-5927","page","type-page","status-publish","hentry"],"_links":{"self":[{"href":"https:\/\/biblian.is\/fraedsla\/wp-json\/wp\/v2\/pages\/5927","targetHints":{"allow":["GET"]}}],"collection":[{"href":"https:\/\/biblian.is\/fraedsla\/wp-json\/wp\/v2\/pages"}],"about":[{"href":"https:\/\/biblian.is\/fraedsla\/wp-json\/wp\/v2\/types\/page"}],"author":[{"embeddable":true,"href":"https:\/\/biblian.is\/fraedsla\/wp-json\/wp\/v2\/users\/1"}],"replies":[{"embeddable":true,"href":"https:\/\/biblian.is\/fraedsla\/wp-json\/wp\/v2\/comments?post=5927"}],"version-history":[{"count":0,"href":"https:\/\/biblian.is\/fraedsla\/wp-json\/wp\/v2\/pages\/5927\/revisions"}],"up":[{"embeddable":true,"href":"https:\/\/biblian.is\/fraedsla\/wp-json\/wp\/v2\/pages\/4827"}],"wp:attachment":[{"href":"https:\/\/biblian.is\/fraedsla\/wp-json\/wp\/v2\/media?parent=5927"}],"curies":[{"name":"wp","href":"https:\/\/api.w.org\/{rel}","templated":true}]}}