{"id":5736,"date":"2019-06-18T17:46:48","date_gmt":"2019-06-18T17:46:48","guid":{"rendered":"https:\/\/biblian.is\/fraedsla\/?page_id=5736"},"modified":"2025-06-27T02:10:12","modified_gmt":"2025-06-27T02:10:12","slug":"sidara-petursbref-3-kafli","status":"publish","type":"page","link":"https:\/\/biblian.is\/fraedsla\/ritskyring\/sidara-petursbref-3-kafli\/","title":{"rendered":"S\u00ed\u00f0ara P\u00e9tursbr\u00e9f 3. kafli"},"content":{"rendered":"<h3>Vaki\u00f0, \u00fev\u00ed a\u00f0 endurkomu Drottins er ekki langt a\u00f0 b\u00ed\u00f0a.<\/h3>\n<p>\u00cd s\u00ed\u00f0asta kafla Fyrra P\u00e9tursbr\u00e9fs r\u00e6\u00f0ir um endurkomu Krists. Drottinn hefur l\u00e1ti\u00f0 hana dragast \u00e1 langinn \u00ed \u00fev\u00ed skyni a\u00f0 gefa m\u00f6nnum t\u00edma til \u00feess a\u00f0 i\u00f0rast og sn\u00faa baki vi\u00f0 syndinni (3.9). Hinir kristnu eiga ekki a\u00f0 l\u00e1ta \u00fea\u00f0 angra sig, \u00fe\u00f3tt einhverjir dragi d\u00e1r a\u00f0 \u00feeim fyrir \u00fea\u00f0, a\u00f0 endurkoman skuli ekki enn hafa or\u00f0i\u00f0. \u00deegar Jes\u00fas kemur aftur f\u00e6rir hann n\u00fdjan himin og n\u00fdja j\u00f6r\u00f0 (3.13).<\/p>\n<p><strong>3.1 <\/strong><em>anna\u00f0 br\u00e9fi\u00f0: <\/em>Fyrra almenna br\u00e9fi P\u00e9turs, sem svo er nefnt, haf\u00f0i \u00feegar veri\u00f0 dreift me\u00f0al safna\u00f0anna. Sj\u00e1 <a href=\"https:\/\/biblian.is\/fraedsla\/ritskyring\/fyrra-petursbref-inngangur\/\">innganginn a\u00f0 Fyrra P\u00e9tursbr\u00e9fi<\/a>.<\/p>\n<p><strong>3.2\u00a0<\/strong><em>sp\u00e1menn&#8230;postular: <\/em>Sj\u00e1 athugagrein vi\u00f0 1.19-21. &#8222;Postular&#8220; voru \u00feeir t\u00f3lf l\u00e6risveinar Jes\u00fa, sem hann valdi til \u00feess a\u00f0 brei\u00f0a fagna\u00f0arerindi\u00f0 \u00fat me\u00f0al \u00fej\u00f3\u00f0anna. Me\u00f0 &#8222;bo\u00f0or\u00f0i Drottins vors og frelsara&#8220; er tr\u00falega v\u00edsa\u00f0 til 2.21 (sj\u00e1 athugagrein \u00fear).<\/p>\n<p><strong>3.2\u00a0<\/strong><em>Drottins vors og frelsara: <\/em>Sj\u00e1 athugagreinar vi\u00f0 1.1 (Gu\u00f0 vor og frelsari Jes\u00fas Kristur) og 1.8 (Drottni vorum Jes\u00fa Kristi).<\/p>\n<p><strong>3.3 <\/strong><em>\u00e1 s\u00ed\u00f0ustu d\u00f6gum: <\/em>Sj\u00e1 athugagrein vi\u00f0 1.16. Sj\u00e1 og J\u00fad 18; 2T\u00edm 3.1-8.<\/p>\n<p><strong>3.4 <\/strong><em>s\u00ed\u00f0an fe\u00f0urnir sofnu\u00f0u: <\/em>H\u00e9r kann a\u00f0 vera \u00e1tt vi\u00f0 postulana, hina fyrstu lei\u00f0toga safna\u00f0anna. P\u00e1ll postuli var \u00feeirrar sko\u00f0unar, a\u00f0 Drottinn k\u00e6mi aftur innan skamms, og v\u00e6nti \u00feess jafnvel a\u00f0 f\u00e1 sj\u00e1lfur a\u00f0 lifa \u00feann dag (Fil 4.5; 1\u00deess 4.13-18).<\/p>\n<p>Falskennendur hafa s\u00fdnilega dregi\u00f0 \u00ed efa, a\u00f0 Drottinn k\u00e6mi aftur, og bent \u00e1 \u00fea\u00f0, m\u00e1li s\u00ednu stu\u00f0nings, a\u00f0 n\u00fa v\u00e6ru frumherjarnir l\u00e1tnir og enn dr\u00e6gist endurkoman \u00e1 langinn. Drottinn Gu\u00f0 hef\u00f0i ekki afskipti af l\u00edfi manna og mundi Jes\u00fas \u00fev\u00ed ekki sn\u00faa aftur til jar\u00f0arinnar.<\/p>\n<p><strong>3.7 <\/strong><em>ey\u00f0a me\u00f0 eldi&#8230;ver\u00f0a d\u00e6mdir: <\/em>Sj\u00e1 athugagreinar vi\u00f0 1.16 (komu Drottins vors Jes\u00fa Krists) og 2.4 (englunum).<\/p>\n<p><strong>3.9 <\/strong><em>Ekki er Drottinn seinn \u00e1 s\u00e9r: <\/em>Sj\u00e1 athugagrein vi\u00f0 3.4 (s\u00ed\u00f0an fe\u00f0urnir sofnu\u00f0u). Sj\u00e1 og Jl 2.12-14; J\u00f3n 3.7-9; 4.2; R\u00f3m 2.4).<\/p>\n<p><strong>3.10\u00a0<\/strong><em>degi Gu\u00f0s&#8230;himnarnir leysast sundur \u00ed eldi:<\/em>Sj\u00e1 athugagrein vi\u00f0 1.16. Sj\u00e1 og Jes 66.15-18; Sef 1.18; Mal 4.1; 1Kor 3.12,13; og &#8222;<a href=\"https:\/\/biblian.is\/fraedsla\/ordtakasafn\/eldur\/\">Eldur<\/a>&#8222;.<\/p>\n<p><strong>3.10 <\/strong><em>verk, sem \u00e1 henni eru, upp brenna: <\/em>\u00cd sumum handritum: &#8222;mun koma \u00ed lj\u00f3s, hver \u00feau eru.&#8220;<\/p>\n<p><strong>3.12\u00a0<\/strong><em>fl\u00fdta fyrir a\u00f0 hann komi: <\/em>E\u00f0a &#8222;\u00fei\u00f0 \u00e6ttu\u00f0 a\u00f0 \u00fer\u00e1 mj\u00f6g komu \u00feess dags.&#8220;<\/p>\n<p><strong>3.13 <\/strong><em>n\u00fds himins og n\u00fdrrar jar\u00f0ar: <\/em>\u00deessa hugmynd er og a\u00f0 finna \u00ed Jes 65: 17; 66.22; og \u00ed Opb 21.1.<\/p>\n<p><strong>3.15,16\u00a0<\/strong><em>P\u00e1ll&#8230;\u00ed \u00f6llum br\u00e9fum s\u00ednum&#8230;ritningar: <\/em>Samkv\u00e6mt or\u00f0r\u00e6\u00f0u h\u00f6fundar S\u00ed\u00f0ara P\u00e9tursbr\u00e9fs eru br\u00e9f P\u00e1ls postula or\u00f0in hluti af helgiritasafni kirkjunnar. \u00dear sem \u00e1r og dagur hefur li\u00f0i\u00f0 uns \u00feannig var fari\u00f0 a\u00f0 l\u00edta \u00e1 P\u00e1lsbr\u00e9fin, m\u00e1 \u00e1lykta a\u00f0 S\u00ed\u00f0ara P\u00e9tursbr\u00e9f s\u00e9 skrifa\u00f0 seint \u00e1 fyrstu \u00f6ldinni eftir Krists bur\u00f0.<\/p>\n<p>\u00deeir, sem sag\u00f0ir eru hafa &#8222;rangt\u00falka\u00f0&#8220; or\u00f0 P\u00e1ls, kunna a\u00f0 hafa nota\u00f0 kenningu hans um frelsi\u00f0 undan l\u00f6gm\u00e1linu (R\u00f3m 3.27-31; Gal 5.1) til \u00feess a\u00f0 r\u00e9ttl\u00e6ta \u00fea\u00f0, a\u00f0 \u00feeir heg\u00f0u\u00f0u s\u00e9r \u00ed \u00f6llum hlutum eins og \u00feeim sj\u00e1lfum s\u00fdndist (sj\u00e1 athugagrein vi\u00f0 2.19). Eins m\u00e1 vera, a\u00f0 \u00feeir hafi sagt P\u00e1l hafa rangt fyrir s\u00e9r \u00ed \u00fev\u00ed, sem hann kenndi um endurkomu Drottins (R\u00f3m 13.11,2; Fil 4.5; 1\u00deess 4.15; og sj\u00e1 ennfremur athugagrein vi\u00f0 3.4).<\/p>\n<p><strong>3.18\u00a0<\/strong><em>Amen: <\/em>Vantar \u00ed sum handrit.<\/p>\n","protected":false},"excerpt":{"rendered":"<p>Vaki\u00f0, \u00fev\u00ed a\u00f0 endurkomu Drottins er ekki langt a\u00f0 b\u00ed\u00f0a. <a href=\"https:\/\/biblian.is\/fraedsla\/ritskyring\/sidara-petursbref-3-kafli\/\"> [&#8230;]<\/a><\/p>\n","protected":false},"author":1,"featured_media":0,"parent":4829,"menu_order":0,"comment_status":"closed","ping_status":"closed","template":"","meta":{"footnotes":""},"class_list":["post-5736","page","type-page","status-publish","hentry"],"_links":{"self":[{"href":"https:\/\/biblian.is\/fraedsla\/wp-json\/wp\/v2\/pages\/5736","targetHints":{"allow":["GET"]}}],"collection":[{"href":"https:\/\/biblian.is\/fraedsla\/wp-json\/wp\/v2\/pages"}],"about":[{"href":"https:\/\/biblian.is\/fraedsla\/wp-json\/wp\/v2\/types\/page"}],"author":[{"embeddable":true,"href":"https:\/\/biblian.is\/fraedsla\/wp-json\/wp\/v2\/users\/1"}],"replies":[{"embeddable":true,"href":"https:\/\/biblian.is\/fraedsla\/wp-json\/wp\/v2\/comments?post=5736"}],"version-history":[{"count":0,"href":"https:\/\/biblian.is\/fraedsla\/wp-json\/wp\/v2\/pages\/5736\/revisions"}],"up":[{"embeddable":true,"href":"https:\/\/biblian.is\/fraedsla\/wp-json\/wp\/v2\/pages\/4829"}],"wp:attachment":[{"href":"https:\/\/biblian.is\/fraedsla\/wp-json\/wp\/v2\/media?parent=5736"}],"curies":[{"name":"wp","href":"https:\/\/api.w.org\/{rel}","templated":true}]}}