{"id":5730,"date":"2019-06-18T17:41:39","date_gmt":"2019-06-18T17:41:39","guid":{"rendered":"https:\/\/biblian.is\/fraedsla\/?page_id=5730"},"modified":"2022-12-16T13:58:59","modified_gmt":"2022-12-16T13:58:59","slug":"fyrra-petursbref-5-kafli","status":"publish","type":"page","link":"https:\/\/biblian.is\/fraedsla\/ritskyring\/fyrra-petursbref-5-kafli\/","title":{"rendered":"Fyrra P\u00e9tursbr\u00e9f 5. kafli"},"content":{"rendered":"<p><strong>5.1\u00a0<\/strong><em>\u00d6ldungana: <\/em>\u00de\u00e1, sem valdir hafa veri\u00f0 (v\u00edg\u00f0ir) til \u00e1kve\u00f0inna starfa innan safna\u00f0arins.<\/p>\n<p><strong>5.1\u00a0<\/strong><em>vottur p\u00edsla Krists: <\/em>P\u00e9tur, sem var einn af postulum Jes\u00fa, var\u00f0 vitni a\u00f0 krossfestingu hans.<\/p>\n<p><strong>5.2\u00a0<\/strong><em>hir\u00f0ar: <\/em>Sj\u00e1 og J\u00f3h 21.15-17 og &#8222;<a href=\"https:\/\/biblian.is\/fraedsla\/ordtakasafn\/fjarhirdar\/\">Fj\u00e1rhir\u00f0ar<\/a>&#8222;.<\/p>\n<p><strong>5.4\u00a0<\/strong><em>hinn \u00e6\u00f0sti hir\u00f0ir&#8230;d\u00fdr\u00f0arsveig sem aldrei f\u00f6lnar: <\/em>Sj\u00e1 og J\u00f3h 10.10-18; Heb 13.20, \u00fear sem r\u00e6\u00f0ir um &#8222;g\u00f3\u00f0a hir\u00f0inn&#8220;, sem er Jes\u00fas. \u00cd\u00fer\u00f3ttama\u00f0ur, sem unni\u00f0 haf\u00f0i keppni, f\u00e9kk a\u00f0 launum krans, sem fl\u00e9tta\u00f0ur var af bl\u00f3mum.<\/p>\n<p><strong>5.8\u00a0<\/strong><em>dj\u00f6fullinn: <\/em>Dj\u00f6fullinn, stundum nefndur Satan, er h\u00f6f\u00f0ingi \u00feeirra annarlegu afla sem standa \u00ed gegn Gu\u00f0i og l\u00fd\u00f0 hans.<\/p>\n<p><strong>5.10 <\/strong><em>eil\u00edfu d\u00fdr\u00f0ar: <\/em>Sj\u00e1 &#8222;<a href=\"https:\/\/biblian.is\/fraedsla\/ordtakasafn\/eilift-lif\/\">Eil\u00edft l\u00edf<\/a>&#8222;.<\/p>\n<p><strong>5.12\u00a0<\/strong><em>Silvanus: <\/em>Silvanus var einn af forystum\u00f6nnum kirkju fyrstu aldarinnar, sp\u00e1ma\u00f0ur og samstarfsma\u00f0ur P\u00e1ls postula, tr\u00falega hinn sami og nefndur var S\u00edlas (Post 15.22-41; 16.9-17.15; 2Kor 1.19; 1\u00deess 1.1; 2\u00deess 1.1).<\/p>\n<p><strong>5.13 <\/strong><em>Bab\u00fdlon: <\/em>Sennilega er h\u00e9r \u00e1tt vi\u00f0 R\u00f3m (sbr. Opb 18.1-24). \u00c1 fyrstu \u00f6ld kristninnar var Bab\u00fdlon ekki lengur st\u00f3rveldi, heldur R\u00f3m.<\/p>\n<p><strong>5.13\u00a0<\/strong><em>Mark\u00fas: <\/em>Mark\u00fas f\u00f3r me\u00f0 \u00feeim P\u00e1li og Barnabasi fr\u00e1 Ant\u00edokk\u00edu \u00e1 S\u00fdrlandi til Jer\u00fasalem me\u00f0 samskotaf\u00e9 handa s\u00f6fnu\u00f0inum \u00fear (Post 11.27-30; 12.12,25; 13.13.) S\u00ed\u00f0ar skildi lei\u00f0ir \u00feeirra Mark\u00fasar (J\u00f3hannesar Mark\u00fasar) og P\u00e1ls, er Mark\u00fas h\u00f3f a\u00f0 starfa me\u00f0 Barnabasi (Post 15.36-39). Sj\u00e1 og K\u00f3l 4.10-14; F\u00edlm 24.<\/p>\n<p><strong>5.14 <\/strong><em>k\u00e6rleikskossi: <\/em>\u00c1 gr\u00edskunni &#8222;heil\u00f6gum kossi.&#8220;<\/p>\n","protected":false},"excerpt":{"rendered":"<p>5.1\u00a0\u00d6ldungana: \u00de\u00e1, sem valdir hafa veri\u00f0 (v\u00edg\u00f0ir) til \u00e1kve\u00f0inna starfa <a href=\"https:\/\/biblian.is\/fraedsla\/ritskyring\/fyrra-petursbref-5-kafli\/\"> [&#8230;]<\/a><\/p>\n","protected":false},"author":1,"featured_media":0,"parent":4829,"menu_order":0,"comment_status":"closed","ping_status":"closed","template":"","meta":{"footnotes":""},"class_list":["post-5730","page","type-page","status-publish","hentry"],"_links":{"self":[{"href":"https:\/\/biblian.is\/fraedsla\/wp-json\/wp\/v2\/pages\/5730","targetHints":{"allow":["GET"]}}],"collection":[{"href":"https:\/\/biblian.is\/fraedsla\/wp-json\/wp\/v2\/pages"}],"about":[{"href":"https:\/\/biblian.is\/fraedsla\/wp-json\/wp\/v2\/types\/page"}],"author":[{"embeddable":true,"href":"https:\/\/biblian.is\/fraedsla\/wp-json\/wp\/v2\/users\/1"}],"replies":[{"embeddable":true,"href":"https:\/\/biblian.is\/fraedsla\/wp-json\/wp\/v2\/comments?post=5730"}],"version-history":[{"count":0,"href":"https:\/\/biblian.is\/fraedsla\/wp-json\/wp\/v2\/pages\/5730\/revisions"}],"up":[{"embeddable":true,"href":"https:\/\/biblian.is\/fraedsla\/wp-json\/wp\/v2\/pages\/4829"}],"wp:attachment":[{"href":"https:\/\/biblian.is\/fraedsla\/wp-json\/wp\/v2\/media?parent=5730"}],"curies":[{"name":"wp","href":"https:\/\/api.w.org\/{rel}","templated":true}]}}