{"id":5728,"date":"2019-06-18T17:40:00","date_gmt":"2019-06-18T17:40:00","guid":{"rendered":"https:\/\/biblian.is\/fraedsla\/?page_id=5728"},"modified":"2026-04-17T13:01:09","modified_gmt":"2026-04-17T13:01:09","slug":"fyrra-petursbref-4-kafli","status":"publish","type":"page","link":"https:\/\/biblian.is\/fraedsla\/ritskyring\/fyrra-petursbref-4-kafli\/","title":{"rendered":"Fyrra P\u00e9tursbr\u00e9f 4. kafli"},"content":{"rendered":"<h3>\u00dej\u00f3nusta og \u00feolg\u00e6\u00f0i \u00ed \u00fej\u00e1ningu allt til enda<\/h3>\n<p>S\u00e1 er Kristi tr\u00far, sem notar n\u00e1\u00f0arg\u00e1fur Gu\u00f0s til \u00feess a\u00f0 \u00fej\u00f3na \u00f6\u00f0rum (4.10,11). Kristnir menn eiga a\u00f0 fagna fyrir \u00fev\u00ed a\u00f0 f\u00e1 a\u00f0 l\u00ed\u00f0a, eins og Kristur lei\u00f0; \u00fej\u00e1ningar eru til marks um hl\u00fd\u00f0nina vi\u00f0 Gu\u00f0. Br\u00fdnt er fyrir safna\u00f0arlei\u00f0togum a\u00f0 vera tr\u00fair hir\u00f0ar hjar\u00f0arinnar, sem Gu\u00f0 hefur fali\u00f0 \u00feeim \u00e1 hendur, allt \u00fear til hinn \u00e6\u00f0sti hir\u00f0ir birtist, sem er Kristur.<\/p>\n<p><strong>4.1,2 <\/strong><em>er skilinn vi\u00f0 synd: <\/em>Hinir kristnu skulu vitna um tr\u00fa s\u00edna me\u00f0 \u00fev\u00ed a\u00f0 l\u00e1ta af \u00fev\u00ed \u00f3gu\u00f0legu l\u00edferni, sem samborgarar \u00feeirra \u00e1stunda, jafnvel \u00fe\u00f3tt \u00feeir s\u00e6ti ofs\u00f3knum fyrir viki\u00f0 (1P\u00e9t 1.14; 2.11,12; 3.8,9; 4.14-19). Sj\u00e1 &#8222;<a href=\"https:\/\/biblian.is\/fraedsla\/ordtakasafn\/synd\/\">Synd<\/a>&#8222;.<\/p>\n<p><strong>4.3 <\/strong><em>hlaupi\u00f0 ekki me\u00f0 \u00feeim \u00fat \u00ed sama spillingard\u00edki: <\/em>Sj\u00e1 athugagrein vi\u00f0 1.14. Samdrykkjurnar, sem h\u00e9r er \u00e1 minnst, hafa tr\u00falega veri\u00f0 svallsamar skemmtanir i\u00f0nf\u00e9laga og starfst\u00e9tta \u00ed Litlu-As\u00edu. Sumir hinna kristnu kunna a\u00f0 hafa \u00e1tt \u00fear hlut a\u00f0, enda sl\u00edk a\u00f0ild v\u00e6nleg til \u00feess a\u00f0 afla kunningja og vi\u00f0skiptasambanda.\u00a0Skur\u00f0go\u00f0in geta vel hafa veri\u00f0 l\u00edkneskjur af frj\u00f3semisgy\u00f0junni Artemis (sj\u00e1 Posts 19.23-29).<\/p>\n<p><strong>4.5\u00a0<\/strong><em>\u00feeim sem rei\u00f0ub\u00fainn er a\u00f0 d\u00e6ma lifendur og dau\u00f0a: <\/em>Sj\u00e1 athugagrein vi\u00f0 1.5.<\/p>\n<p><strong>4.6 <\/strong><em>dau\u00f0um var bo\u00f0a\u00f0 fagna\u00f0arerindi\u00f0: <\/em>Sj\u00e1 athugagrein vi\u00f0 1.25 (fagna\u00f0arerindi\u00f0). Hinir dau\u00f0u eru anna\u00f0 hvort l\u00e6risveinar Krists, sem l\u00e1tnir eru, e\u00f0a a\u00f0 \u00f6\u00f0rum kosti f\u00f3lki\u00f0 \u00e1 d\u00f6gum N\u00f3a (3.19).<\/p>\n<p><strong>4.7 <\/strong><em>endir allra hluta er \u00ed n\u00e1nd:<\/em>H\u00f6fundur Fyrra P\u00e9tursbr\u00e9fs segir Krist munu koma aftur, d\u00e6ma lifendur og dau\u00f0a og setja \u00e1 stofn Gu\u00f0s r\u00edki. Sj\u00e1 og 4.13 og athugagrein vi\u00f0 1.5.<\/p>\n<p><strong>4.10,11\u00a0<\/strong><em>n\u00e1\u00f0arg\u00e1fu&#8230;r\u00e1\u00f0smenn margv\u00edslegrar n\u00e1\u00f0ar Gu\u00f0s: <\/em>\u00cd ritum N\u00fdja testamentis er \u00fev\u00ed r\u00e9ttilega haldi\u00f0 fram, a\u00f0 n\u00e1\u00f0arg\u00e1furnar s\u00e9u fr\u00e1 heil\u00f6gum anda komnar (R\u00f3m 12.3-8; 1Kor 12.4-31).<\/p>\n<p><strong>4.12\u00a0<\/strong><em>eldraunina: <\/em>Sj\u00e1 athugagrein vi\u00f0 1.7.<\/p>\n<p><strong>4.13 <\/strong><em>\u00feegar d\u00fdr\u00f0 hans birtist: <\/em>Sj\u00e1 athugagreinar vi\u00f0 1.5 og 4.7.<\/p>\n<p><strong>4.17 <\/strong><em>t\u00edmi d\u00f3msins: <\/em>Sj\u00e1 athugagrein vi\u00f0 1.5.<\/p>\n","protected":false},"excerpt":{"rendered":"<p>\u00dej\u00f3nusta og \u00feolg\u00e6\u00f0i \u00ed \u00fej\u00e1ningu allt til enda S\u00e1 er <a href=\"https:\/\/biblian.is\/fraedsla\/ritskyring\/fyrra-petursbref-4-kafli\/\"> [&#8230;]<\/a><\/p>\n","protected":false},"author":1,"featured_media":0,"parent":4829,"menu_order":0,"comment_status":"closed","ping_status":"closed","template":"","meta":{"footnotes":""},"class_list":["post-5728","page","type-page","status-publish","hentry"],"_links":{"self":[{"href":"https:\/\/biblian.is\/fraedsla\/wp-json\/wp\/v2\/pages\/5728","targetHints":{"allow":["GET"]}}],"collection":[{"href":"https:\/\/biblian.is\/fraedsla\/wp-json\/wp\/v2\/pages"}],"about":[{"href":"https:\/\/biblian.is\/fraedsla\/wp-json\/wp\/v2\/types\/page"}],"author":[{"embeddable":true,"href":"https:\/\/biblian.is\/fraedsla\/wp-json\/wp\/v2\/users\/1"}],"replies":[{"embeddable":true,"href":"https:\/\/biblian.is\/fraedsla\/wp-json\/wp\/v2\/comments?post=5728"}],"version-history":[{"count":0,"href":"https:\/\/biblian.is\/fraedsla\/wp-json\/wp\/v2\/pages\/5728\/revisions"}],"up":[{"embeddable":true,"href":"https:\/\/biblian.is\/fraedsla\/wp-json\/wp\/v2\/pages\/4829"}],"wp:attachment":[{"href":"https:\/\/biblian.is\/fraedsla\/wp-json\/wp\/v2\/media?parent=5728"}],"curies":[{"name":"wp","href":"https:\/\/api.w.org\/{rel}","templated":true}]}}