{"id":5726,"date":"2019-06-18T17:38:58","date_gmt":"2019-06-18T17:38:58","guid":{"rendered":"https:\/\/biblian.is\/fraedsla\/?page_id=5726"},"modified":"2026-04-17T13:01:09","modified_gmt":"2026-04-17T13:01:09","slug":"fyrra-petursbref-3-kafli","status":"publish","type":"page","link":"https:\/\/biblian.is\/fraedsla\/ritskyring\/fyrra-petursbref-3-kafli\/","title":{"rendered":"Fyrra P\u00e9tursbr\u00e9f 3. kafli"},"content":{"rendered":"<p><strong>3.1-5 <\/strong><em>skulu\u00f0 \u00fei\u00f0, eiginkonur, vera eftirl\u00e1tar eiginm\u00f6nnum ykkar: <\/em>Gu\u00f0s\u00f3tti eiginkonu og g\u00f3\u00f0ir si\u00f0ir eru v\u00e6nlegri til \u00feess a\u00f0 sn\u00faa kv\u00e6ntum manni til kristni heldur en h\u00e1rgrei\u00f0sla og sundurger\u00f0 \u00ed kl\u00e6\u00f0abur\u00f0i. Sj\u00e1 og 2.11-17; 3.8-4.11.<\/p>\n<p><strong>3.6<\/strong><em>Sara: <\/em>Sara fylgdi Abraham \u00ed au\u00f0m\u00fdkt \u00feegar Gu\u00f0 bau\u00f0 \u00feeim a\u00f0 yfirgefa \u00e1tthagana og halda til Kanaanslands (1M\u00f3s 12.-23). Sj\u00e1 og &#8222;<a href=\"https:\/\/biblian.is\/fraedsla\/ordtakasafn\/abraham\/\">Abraham<\/a>&#8222;.<\/p>\n<p><strong>3.7 <\/strong><em>eiginmenn: <\/em>L\u00edfi\u00f0 n\u00fdja \u00ed Gu\u00f0i er sameign kristins hj\u00f3naf\u00f3lks. Sj\u00e1 og Ef 5.25; K\u00f3l 3.19.<\/p>\n<p><strong>3.15<\/strong><em>Drottin: <\/em>Sj\u00e1 athugagrein vi\u00f0 1.3.<\/p>\n<p><strong>3.18<\/strong><em>Kristur d\u00f3&#8230;lifandi ger \u00ed anda: <\/em>\u00deetta vers er l\u00edklega \u00e6vaforn kristilegur s\u00e1lmur. \u00dev\u00ed er fagna\u00f0, a\u00f0 Kristur d\u00f3 til \u00feess a\u00f0 fyrirgefa syndir og Gu\u00f0 reisti hann upp fr\u00e1 dau\u00f0um (sj\u00e1 athugagreinar vi\u00f0 1.3 og 1.19).<\/p>\n<p><strong>3.19<\/strong><em>til andanna \u00ed var\u00f0haldi: <\/em>&#8222;Andarnir&#8220; eru er \u00feeir, sem \u00f3hl\u00fd\u00f0nu\u00f0ust \u00e1 d\u00f6gum N\u00f3a og hlutu \u00fev\u00ed a\u00f0 farast \u00ed syndafl\u00f3\u00f0inu (3.20). Kristur pr\u00e9dikar fyrir \u00feeim, enda nj\u00f3ta einnig \u00feeir g\u00f3\u00f0s af hj\u00e1lpr\u00e6\u00f0isverki hans.<\/p>\n<p><strong>3.20 <\/strong><em>\u00e1 d\u00f6gum N\u00f3a: <\/em>\u00de\u00f3tt illska mannanna \u00e1 j\u00f6r\u00f0inni v\u00e6ri or\u00f0in mikil, var N\u00f3i r\u00e9ttl\u00e1tur og vanda\u00f0ur ma\u00f0ur, sem gekk me\u00f0 Gu\u00f0i (1M\u00f3s 6.1-7.24). Sj\u00e1 og Es 14.14; Matt 24.37-39; Heb 11.7; 2P\u00e9t 2.5).<\/p>\n<p><strong>3.21 <\/strong><em>fyrirmyndan sk\u00edrnarinnar: <\/em>Gu\u00f0 bjarga\u00f0i N\u00f3a og fj\u00f6lskyldu hans \u00ed vatnsfl\u00f3\u00f0inu mikla. Sk\u00edrnin frelsar \u00fe\u00e1, sem sem tr\u00faa \u00e1 Jes\u00fa Krist og eru hinn n\u00fdi l\u00fd\u00f0ur Gu\u00f0s. H\u00fan veldur fyrirgefningu syndanna og er b\u00e6n til Gu\u00f0s um g\u00f3\u00f0a samvisku. Sk\u00edrnarvatni\u00f0 minnir \u00e1 eil\u00edfa s\u00e1luhj\u00e1lp hans. P\u00e1ll postuli l\u00edkir bj\u00f6rgun \u00cdsraelsl\u00fd\u00f0s undan bylgjum Rau\u00f0a hafsins vi\u00f0 sk\u00edrnina \u00ed 1Kor 10.1,2.<\/p>\n<p><strong>3.22 <\/strong><em>til himna&#8230;\u00e1 h\u00e6gri h\u00f6nd&#8230;englar: <\/em>Sj\u00e1 athugagrein vi\u00f0 1.4 (\u00e1 himnum). \u00cd Post 1.9-11 segir fr\u00e1 \u00fev\u00ed, er Jes\u00fas steig upp til himins. Hei\u00f0urss\u00e6ti hins valdamikla og virta var konungi \u00e1 h\u00e6gri h\u00f6nd (R\u00f3m 8.34; Ef 1.19-21).<\/p>\n","protected":false},"excerpt":{"rendered":"<p>3.1-5 skulu\u00f0 \u00fei\u00f0, eiginkonur, vera eftirl\u00e1tar eiginm\u00f6nnum ykkar: Gu\u00f0s\u00f3tti eiginkonu <a href=\"https:\/\/biblian.is\/fraedsla\/ritskyring\/fyrra-petursbref-3-kafli\/\"> [&#8230;]<\/a><\/p>\n","protected":false},"author":1,"featured_media":0,"parent":4829,"menu_order":0,"comment_status":"closed","ping_status":"closed","template":"","meta":{"footnotes":""},"class_list":["post-5726","page","type-page","status-publish","hentry"],"_links":{"self":[{"href":"https:\/\/biblian.is\/fraedsla\/wp-json\/wp\/v2\/pages\/5726","targetHints":{"allow":["GET"]}}],"collection":[{"href":"https:\/\/biblian.is\/fraedsla\/wp-json\/wp\/v2\/pages"}],"about":[{"href":"https:\/\/biblian.is\/fraedsla\/wp-json\/wp\/v2\/types\/page"}],"author":[{"embeddable":true,"href":"https:\/\/biblian.is\/fraedsla\/wp-json\/wp\/v2\/users\/1"}],"replies":[{"embeddable":true,"href":"https:\/\/biblian.is\/fraedsla\/wp-json\/wp\/v2\/comments?post=5726"}],"version-history":[{"count":0,"href":"https:\/\/biblian.is\/fraedsla\/wp-json\/wp\/v2\/pages\/5726\/revisions"}],"up":[{"embeddable":true,"href":"https:\/\/biblian.is\/fraedsla\/wp-json\/wp\/v2\/pages\/4829"}],"wp:attachment":[{"href":"https:\/\/biblian.is\/fraedsla\/wp-json\/wp\/v2\/media?parent=5726"}],"curies":[{"name":"wp","href":"https:\/\/api.w.org\/{rel}","templated":true}]}}