{"id":5720,"date":"2019-06-18T17:33:25","date_gmt":"2019-06-18T17:33:25","guid":{"rendered":"https:\/\/biblian.is\/fraedsla\/?page_id=5720"},"modified":"2026-04-17T13:01:11","modified_gmt":"2026-04-17T13:01:11","slug":"jakobsbrefid-5-kafli","status":"publish","type":"page","link":"https:\/\/biblian.is\/fraedsla\/ritskyring\/jakobsbrefid-5-kafli\/","title":{"rendered":"Jakobsbr\u00e9fi\u00f0 5. kafli"},"content":{"rendered":"<p><strong>5.1 <\/strong><em>au\u00f0menn: <\/em>H\u00f6fundur Jakobsbr\u00e9fsins amast ekki vi\u00f0 eignum og fj\u00e1rmunum \u00ed sj\u00e1lfu s\u00e9r, enda geta st\u00f6ndugir menn nota\u00f0 peninga s\u00edna \u00f6\u00f0rum til styrktar og hj\u00e1lpar. Hitt er verra, \u00feegar f\u00f3lk elskar f\u00e9\u00f0 og l\u00e6tur s\u00e9r f\u00e1tt um \u00fearfir f\u00e1t\u00e6klinga og b\u00f3nbjargamanna. \u00dea\u00f0 er s\u00fa f\u00e9girnd, sem er &#8222;r\u00f3t allt ills&#8220; (1T\u00edm 6.10). Sj\u00e1 og athugagrein vi\u00f0 1.10.<\/p>\n<p><strong>5.4 <\/strong><em>Launin, sem \u00fei\u00f0 hafi\u00f0 haft af verkam\u00f6nnunum: <\/em>Alsi\u00f0a var a\u00f0 b\u00e6ndur r\u00e9\u00f0u f\u00e1t\u00e6klinga til s\u00e1ningar og uppskeru. B\u00e6\u00f0i \u00ed l\u00f6gm\u00e1li M\u00f3se og kenningu Jes\u00fa Krists er tali\u00f0 afar br\u00fdnt a\u00f0 sta\u00f0grei\u00f0a daglaunam\u00f6nnum sanngj\u00f6rn laun (3M\u00f3s 19.13; 5M\u00f3s 24.14; Matt 20.1-16).<\/p>\n<h3>\u00dereyi\u00f0 \u00ed \u00feolinm\u00e6\u00f0i, au\u00f0s\u00fdni\u00f0 g\u00f3\u00f0vild og l\u00e1ti\u00f0 ekki af a\u00f0 bi\u00f0ja.<\/h3>\n<p>Hinir kristnu eru hvattir til \u00feess a\u00f0 b\u00ed\u00f0a \u00feess \u00ed \u00feolinm\u00e6\u00f0i a\u00f0 Drottinn komi aftur. \u00deeir eru be\u00f0nir a\u00f0 sverja enga ei\u00f0a. Og bi\u00f0ja skulu \u00feeir fyrir \u00f6\u00f0rum, einkum \u00feeim sem villst hafa fr\u00e1 sannleikanum.<\/p>\n<p><strong>5.7 <\/strong><em>\u00feanga\u00f0 til Drottinn kemur: <\/em>Or\u00f0in &#8222;endurkoma Drottins Jes\u00fa&#8220; eru notu\u00f0 um \u00fea\u00f0, \u00feegar Jes\u00fas kemur aftur til \u00feess a\u00f0 d\u00e6ma lifendur og dau\u00f0a og setja \u00e1 stofn Gu\u00f0s r\u00edki. &#8222;Endurkoma&#8220; (\u00e1 gr\u00edsku &#8222;par\u00fas\u00eda&#8220;) kemur nokkrum sinnum fyrir \u00ed N\u00fdja testamenti. &#8222;Par\u00fas\u00eda&#8220; \u00fe\u00fd\u00f0ir raunar &#8222;koma&#8220; og er nota\u00f0 t.d. \u00ed 1Kor 15.23 og 1\u00deess 3.13. \u00cd r\u00f3mverska heimsveldinu \u00e1 fyrstu \u00f6ldinni eftir Krists bur\u00f0 var or\u00f0i\u00f0 haft um \u00fea\u00f0, \u00feegar konungur e\u00f0a keisari s\u00fdndi sig me\u00f0 \u00fev\u00ed a\u00f0 st\u00edga fram \u00e1 svalir e\u00f0a \u00fat \u00e1 tr\u00f6ppur hallar sinnar, fagna\u00f0 af fj\u00f6ldanum, og ennfremur um heims\u00f3kn \u00fej\u00f3\u00f0h\u00f6f\u00f0ingja, sem mannfj\u00f6ldinn hyllti. Sj\u00e1lfur segist Jes\u00fas koma aftur til \u00feess a\u00f0 taka l\u00e6risveina s\u00edna til s\u00edn, til \u00feess a\u00f0 \u00feeir s\u00e9u og \u00fear sem hann er, \u00e1 \u00feeim sta\u00f0, sem hann hefur b\u00fai\u00f0 \u00feeim (J\u00f3h 14.1-3). \u00de\u00e1 segir og h\u00f6fundur Hebreabr\u00e9fsins, a\u00f0 Kristur muni birtast aftur &#8222;til \u00feess a\u00f0 frelsa \u00fe\u00e1 sem b\u00ed\u00f0a hans&#8220; (Heb 9.28). Sj\u00e1 og &#8222;<a href=\"https:\/\/biblian.is\/fraedsla\/ordtakasafn\/endurkoma-drottins-jesu\/\">Endurkoman<\/a>&#8222;.<\/p>\n<p><strong>5.9 <\/strong><em>svo a\u00f0 \u00fei\u00f0 ver\u00f0i\u00f0 ekki d\u00e6md: <\/em>Sj\u00e1 athugagrein vi\u00f0 2.13.<\/p>\n<p><strong>5.10 <\/strong><em>sp\u00e1mennina: <\/em>\u00c1tt er vi\u00f0 sp\u00e1menn \u00cdsraels\u00fej\u00f3\u00f0arinnar til forna, en \u00feeir m\u00e1ttu oft l\u00ed\u00f0a miki\u00f0 fyrir \u00fea\u00f0, a\u00f0 \u00feeir fluttu \u00fej\u00f3\u00f0inni or\u00f0 Gu\u00f0s. Gott d\u00e6mi um sl\u00edkan sp\u00e1mann er Jerem\u00eda, sem uppi var um 6 \u00f6ldum fyrir Krists bur\u00f0 (Jer 19.14-20.2). Rit sp\u00e1mannanna eru var\u00f0veitt \u00ed helgiritasafni Gy\u00f0inga (Gamla testamenti) og eru n\u00fa um 2400 til 2800 \u00e1ra.<\/p>\n<p><strong>5.11 <\/strong><em>\u00feolg\u00e6\u00f0i Jobs: <\/em>Jobsb\u00f3k \u00ed Gamla testamenti segir fr\u00e1 au\u00f0ugum manni, sem m\u00e1tti sj\u00e1 \u00e1 bak b\u00f6rnum s\u00ednum og eignum og missti loks sj\u00e1lfur heilsuna (Job 1.1-2.10). \u00de\u00f3tt Job skildi ekki, hvers vegna allt \u00feetta var \u00e1 hann lagt, h\u00e6tti hann samt ekki a\u00f0 tr\u00faa \u00e1 Gu\u00f0 og treysta honum (Job 19.23-27; 42.1-6), enda kom Gu\u00f0 honum til hj\u00e1lpar um s\u00ed\u00f0ir (Job 42.7-17). Sj\u00e1 og Slm 103.8.<\/p>\n<p><strong>5.14\u00a0<\/strong><em>smyrja hann me\u00f0 ol\u00edu \u00ed nafni Drottins: <\/em>\u00d3l\u00edfuol\u00eda var stundum notu\u00f0 \u00ed l\u00e6kningaskyni til forna. Sj\u00e1 Mrk 6.13; 1Kor 12.27,28.<\/p>\n<p><strong>5.14 <\/strong><em>\u00f6ldunga safna\u00f0arins: <\/em>E\u00f0a &#8222;safna\u00f0arlei\u00f0toga&#8220; e\u00f0a &#8222;presta.&#8220; H\u00e9r er a\u00f0 \u00f6llum l\u00edkindum \u00e1tt vi\u00f0 \u00fe\u00e1 sem h\u00f6f\u00f0u veri\u00f0 valdir (v\u00edg\u00f0ir) til \u00feess a\u00f0 sinna \u00e1kve\u00f0num verkefnum innan safna\u00f0arins.<\/p>\n<p><strong>5.17 <\/strong><em>El\u00eda: <\/em>Hann sag\u00f0i Akab konungi \u00ed \u00cdsrael a\u00f0 Drottinn mundi l\u00e1ta \u00feurrka ganga \u00ed landinu og \u00fea\u00f0 skr\u00e6lna upp af \u00fev\u00ed a\u00f0 Akab d\u00fdrka\u00f0i og tilba\u00f0 Baal, sem var anna\u00f0 \u00e6\u00f0sta go\u00f0 Kanverja. Sj\u00e1 1Kon 17.1-18.46.<\/p>\n","protected":false},"excerpt":{"rendered":"<p>5.1 au\u00f0menn: H\u00f6fundur Jakobsbr\u00e9fsins amast ekki vi\u00f0 eignum og fj\u00e1rmunum <a href=\"https:\/\/biblian.is\/fraedsla\/ritskyring\/jakobsbrefid-5-kafli\/\"> [&#8230;]<\/a><\/p>\n","protected":false},"author":1,"featured_media":0,"parent":4829,"menu_order":0,"comment_status":"closed","ping_status":"closed","template":"","meta":{"footnotes":""},"class_list":["post-5720","page","type-page","status-publish","hentry"],"_links":{"self":[{"href":"https:\/\/biblian.is\/fraedsla\/wp-json\/wp\/v2\/pages\/5720","targetHints":{"allow":["GET"]}}],"collection":[{"href":"https:\/\/biblian.is\/fraedsla\/wp-json\/wp\/v2\/pages"}],"about":[{"href":"https:\/\/biblian.is\/fraedsla\/wp-json\/wp\/v2\/types\/page"}],"author":[{"embeddable":true,"href":"https:\/\/biblian.is\/fraedsla\/wp-json\/wp\/v2\/users\/1"}],"replies":[{"embeddable":true,"href":"https:\/\/biblian.is\/fraedsla\/wp-json\/wp\/v2\/comments?post=5720"}],"version-history":[{"count":0,"href":"https:\/\/biblian.is\/fraedsla\/wp-json\/wp\/v2\/pages\/5720\/revisions"}],"up":[{"embeddable":true,"href":"https:\/\/biblian.is\/fraedsla\/wp-json\/wp\/v2\/pages\/4829"}],"wp:attachment":[{"href":"https:\/\/biblian.is\/fraedsla\/wp-json\/wp\/v2\/media?parent=5720"}],"curies":[{"name":"wp","href":"https:\/\/api.w.org\/{rel}","templated":true}]}}