{"id":5716,"date":"2019-06-18T17:31:09","date_gmt":"2019-06-18T17:31:09","guid":{"rendered":"https:\/\/biblian.is\/fraedsla\/?page_id=5716"},"modified":"2026-04-17T13:01:11","modified_gmt":"2026-04-17T13:01:11","slug":"jakobsbrefid-3-kafli","status":"publish","type":"page","link":"https:\/\/biblian.is\/fraedsla\/ritskyring\/jakobsbrefid-3-kafli\/","title":{"rendered":"Jakobsbr\u00e9fi\u00f0 3. kafli"},"content":{"rendered":"<p><strong>3.1\u00a0<\/strong><em>kennarar: <\/em>Kennsla er ein af n\u00e1\u00f0arg\u00e1fum heilags anda (R\u00f3m 12.6,7); 1Kor 12.27-31). Kennarar voru mj\u00f6g mikils metnir \u00ed frumkirkjunni. En \u00feeir b\u00e1ru l\u00edka r\u00edka \u00e1byrg\u00f0 af \u00fev\u00ed a\u00f0 or\u00f0 \u00feeirra h\u00f6f\u00f0u \u00e1hrif \u00e1 marga.<\/p>\n<p><strong>3.3 <\/strong><em>leggjum hestunum beisli \u00ed munn: <\/em>J\u00e1rnm\u00e9lin, ne\u00f0st \u00e1 h\u00f6fu\u00f0le\u00f0ri beislis, eru sett upp \u00ed hestinn, og taumarnir festir vi\u00f0 hringjurnar \u00e1 \u00feeim. Knapinn heldur um taumana og stj\u00f3rnar hestinum.<\/p>\n<p><strong>3.4 <\/strong><em>st\u00fdri: <\/em>Fj\u00f6l e\u00f0a l\u00f6ng og fremur mj\u00f3 j\u00e1rnplata, fest aftan \u00e1 skutinn \u00e1 b\u00e1tnum. St\u00f6ng tengir hana vi\u00f0 stj\u00f3rnv\u00f6linn e\u00f0a st\u00fdrishj\u00f3li\u00f0. \u00deegar hj\u00f3linu er sn\u00fai\u00f0 gengur st\u00fdri\u00f0 til h\u00e6gri e\u00f0a vinstri eftir atvikum og vi\u00f0 \u00fea\u00f0 breytir b\u00e1turinn um stefnu \u00fdmist \u00e1 bakbor\u00f0a e\u00f0a stj\u00f3rnbor\u00f0a.<\/p>\n<p><strong>3.6\u00a0<\/strong><em>helv\u00edti:<\/em>Um &#8222;helv\u00edti&#8220; notar h\u00f6fundur Jakobsbr\u00e9fsins gr\u00edska or\u00f0i\u00f0<em>gehenna,<\/em>sem dregi\u00f0 er af hebreska heitinu &#8222;Hinnomsdalur.&#8220; Hann er sunnan vi\u00f0 Jer\u00fasalem og \u00fear f\u00f3rnu\u00f0u Kanverjar (og fr\u00e1villingar \u00ed \u00cdsrael) gu\u00f0inum M\u00f3lok b\u00f6rnum fyrir eina t\u00ed\u00f0 (Jer 32.35; 3M\u00f3s 20: 2-5; 2Kon 23.10). Seinna var fari\u00f0 a\u00f0 brenna \u00fearna sorpi fr\u00e1 Jer\u00fasalem. \u00c1 \u00f6ldinni \u00e1\u00f0ur en Jes\u00fas f\u00e6ddist kenndu sumir l\u00e6rimeistarar gy\u00f0inga a\u00f0 vondir menn og illskukindur f\u00e6ru eftir dau\u00f0ann \u00ed sta\u00f0 er l\u00edktist Hinnomsdalnum \u00feegar hann st\u00e6\u00f0i \u00ed lj\u00f3sum logum. \u00cd N\u00fdja testamenti er tala\u00f0 um afdrif rangl\u00e1tra \u00ed r\u00edki dau\u00f0ra (helju), sem er logandi kvalasta\u00f0ur. (L\u00fak 16.23,24; Opb 20.14). Sj\u00e1 og &#8222;<a href=\"https:\/\/biblian.is\/fraedsla\/ordtakasafn\/eldur\/\">Eldur<\/a>&#8222;.<\/p>\n<p><strong>3.9-10\u00a0<\/strong><em>Drottin okkar og f\u00f6\u00f0ur: <\/em>Sj\u00e1 athugagreinar vi\u00f0 1.1 (Drottins Jes\u00fa Krists) og 1.17 (f\u00f6\u00f0ur).<\/p>\n<p><strong>3.15 <\/strong><em>speki&#8230;dj\u00f6fulleg: <\/em>Sj\u00e1 athugagrein vi\u00f0 1.5. S\u00fa speki, sem kemur ekki a\u00f0 ofan (\u00fe.e. fr\u00e1 Gu\u00f0i) er h\u00e9r k\u00f6llu\u00f0 &#8222;jar\u00f0nesk&#8220;. Jar\u00f0nesk speki, sem lei\u00f0ir a\u00f0eins illt af s\u00e9r, er s\u00f6g\u00f0 dj\u00f6fulleg. Dj\u00f6fullinn er h\u00f6f\u00f0ingi illra anda og \u00f3v\u00e6tta, sem standa gegn Gu\u00f0i og tilbi\u00f0jendum hans.<\/p>\n","protected":false},"excerpt":{"rendered":"<p>3.1\u00a0kennarar: Kennsla er ein af n\u00e1\u00f0arg\u00e1fum heilags anda (R\u00f3m 12.6,7); <a href=\"https:\/\/biblian.is\/fraedsla\/ritskyring\/jakobsbrefid-3-kafli\/\"> [&#8230;]<\/a><\/p>\n","protected":false},"author":1,"featured_media":0,"parent":4829,"menu_order":0,"comment_status":"closed","ping_status":"closed","template":"","meta":{"footnotes":""},"class_list":["post-5716","page","type-page","status-publish","hentry"],"_links":{"self":[{"href":"https:\/\/biblian.is\/fraedsla\/wp-json\/wp\/v2\/pages\/5716","targetHints":{"allow":["GET"]}}],"collection":[{"href":"https:\/\/biblian.is\/fraedsla\/wp-json\/wp\/v2\/pages"}],"about":[{"href":"https:\/\/biblian.is\/fraedsla\/wp-json\/wp\/v2\/types\/page"}],"author":[{"embeddable":true,"href":"https:\/\/biblian.is\/fraedsla\/wp-json\/wp\/v2\/users\/1"}],"replies":[{"embeddable":true,"href":"https:\/\/biblian.is\/fraedsla\/wp-json\/wp\/v2\/comments?post=5716"}],"version-history":[{"count":0,"href":"https:\/\/biblian.is\/fraedsla\/wp-json\/wp\/v2\/pages\/5716\/revisions"}],"up":[{"embeddable":true,"href":"https:\/\/biblian.is\/fraedsla\/wp-json\/wp\/v2\/pages\/4829"}],"wp:attachment":[{"href":"https:\/\/biblian.is\/fraedsla\/wp-json\/wp\/v2\/media?parent=5716"}],"curies":[{"name":"wp","href":"https:\/\/api.w.org\/{rel}","templated":true}]}}