{"id":5714,"date":"2019-06-18T17:30:23","date_gmt":"2019-06-18T17:30:23","guid":{"rendered":"https:\/\/biblian.is\/fraedsla\/?page_id=5714"},"modified":"2026-04-17T13:01:11","modified_gmt":"2026-04-17T13:01:11","slug":"jakobsbrefid-2-kafli","status":"publish","type":"page","link":"https:\/\/biblian.is\/fraedsla\/ritskyring\/jakobsbrefid-2-kafli\/","title":{"rendered":"Jakobsbr\u00e9fi\u00f0 2. kafli"},"content":{"rendered":"<p><strong>2.3 <\/strong><em>&#8222;Settu \u00feig h\u00e9rna \u00ed gott s\u00e6ti&#8220;: <\/em>Kristnir menn \u00ed frumkirkjunni hafa ef til vill freistast til \u00feess a\u00f0 hampa \u00feeim au\u00f0ugu og valdamiklu \u00ed \u00feeirri von a\u00f0 s\u00f6fnu\u00f0urinn fengi \u00ed sta\u00f0inn a\u00f0 nj\u00f3ta verndar og fj\u00e1rhaglegs stu\u00f0nings. En h\u00f6fundur Jakobsbr\u00e9fs varar l\u00e6risveina Jes\u00fa vi\u00f0 \u00fev\u00ed a\u00f0 gera upp \u00e1 milli r\u00edkra og f\u00e1t\u00e6kra. Sj\u00e1 og L\u00fak 14.7-14.<\/p>\n<p><strong>2.8 <\/strong><em>hi\u00f0 konunglega bo\u00f0or\u00f0 Ritningarinnar: &#8222;\u00de\u00fa skalt elska n\u00e1unga \u00feinn&#8230;&#8220;: <\/em>\u00deetta bo\u00f0or\u00f0, sem skrifa\u00f0 stendur \u00ed 3M\u00f3s 19.18, kalla\u00f0i sj\u00e1lfur Jes\u00fas &#8222;\u00e6\u00f0st bo\u00f0or\u00f0a&#8220; (Mrk 12.28-31).<\/p>\n<p><strong>2.11\u00a0<\/strong><em>l\u00f6gm\u00e1li\u00f0: <\/em>L\u00f6gm\u00e1l M\u00f3se, sem Drottinn lag\u00f0i fyrir \u00fej\u00f3\u00f0ina \u00ed S\u00edna\u00edey\u00f0im\u00f6rkinni (sj\u00e1 2M\u00f3s 19-35). \u00cd l\u00f6gm\u00e1linu voru fyrirm\u00e6li um \u00fea\u00f0, hvernig menn skyldu haga l\u00edfi s\u00ednu og gu\u00f0sd\u00fdrkun, og hversu \u00feeir skyldu koma fram hver vi\u00f0 annan.<\/p>\n<p><strong>2.12 <\/strong><em>l\u00f6gm\u00e1li frelsisins: <\/em>Sj\u00e1 athugagrein vi\u00f0 1.25.<\/p>\n<p><strong>2.13\u00a0<\/strong><em>\u00ed d\u00f3minum: <\/em>\u00cd br\u00e9fum N\u00fdja testamentis er oft minnst \u00e1 daginn \u00feegar Jes\u00fas kemur aftur (1Kor 15.20-28; 1\u00deess 4.13-18). \u00c1 \u00feeim degi d\u00e6mir og Drottinn \u00fej\u00f3\u00f0irnar (Matt 13.47-50; 25.31-46). Sj\u00e1 og &#8222;<a href=\"https:\/\/biblian.is\/fraedsla\/ordtakasafn\/endurkoma-drottins-jesu\/\">Endurkoman<\/a>&#8222;.<\/p>\n<p><strong>2.13\u00a0<\/strong><em>\u00cd d\u00f3minum m\u00e1 miskunnsemin s\u00edn mest: <\/em>E\u00f0a &#8222;Veri\u00f0 miskunns\u00f6m og \u00fe\u00e1 mun ykkur ver\u00f0a s\u00fdnd miskunn \u00e1 degi d\u00f3msins.&#8220;<\/p>\n<p><strong>2.14-18 <\/strong><em>tr\u00fa&#8230;tr\u00fain ein og s\u00e9r dau\u00f0 vanti hana verkin: <\/em>Sj\u00e1 athugagrein vi\u00f0 1.3. Jakob ber saman tv\u00e6r tegundir af tr\u00fa. \u00d6nnur er s\u00f6nn tr\u00fa \u00ed verki, en hin er a\u00f0eins &#8222;eftirl\u00edking&#8220; af tr\u00fa. H\u00fan er \u00e1n verka og \u00feess vegna dau\u00f0.<\/p>\n<p><strong>2.19 <\/strong><em>illu andarnir: <\/em>Illir andar, annarleg \u00f6fl a\u00f0 verki og l\u00fata valdi dj\u00f6fulsins. Sj\u00e1 og L\u00fak 4.31-34.<\/p>\n<p><strong>2.21 <\/strong><em>Abraham&#8230;\u00cdsak: <\/em>Abraham var \u00e6ttfa\u00f0ir \u00cdsraelsmanna. Gu\u00f0 h\u00e9t honum \u00fev\u00ed a\u00f0 hann skyldi eignast fj\u00f6lda ni\u00f0ja og mundu \u00feeir ver\u00f0a mikil \u00fej\u00f3\u00f0 (1M\u00f3s 15.4,5; 17.1-5). Abraham s\u00fdndi einst\u00e6\u00f0an tr\u00faarstyrk, \u00feegar hann \u00e6tla\u00f0i a\u00f0 hl\u00fd\u00f0a fyrirm\u00e6lum Drottins me\u00f0 \u00fev\u00ed a\u00f0 f\u00f3rna \u00cdsak syni s\u00ednum (1M\u00f3s 22.1-8). Drottinn kom veg fyrir \u00feetta \u00e1 s\u00ed\u00f0ustu stundu og hr\u00f3sa\u00f0i Abraham fyrir tr\u00faarsta\u00f0festu hans. Sj\u00e1 n\u00e1nar &#8222;<a href=\"https:\/\/biblian.is\/fraedsla\/ordtakasafn\/abraham\/\">Abraham<\/a>&#8222;.<\/p>\n<p><strong>2.25\u00a0<\/strong><em>Rahab: <\/em>Rahab var sk\u00e6kja \u00ed Jer\u00edk\u00f3 \u00ed Kanaanslandi. H\u00fan li\u00f0sinnti tveimur nj\u00f3snurum \u00cdsraelsmanna, sem h\u00f6f\u00f0u lauma\u00f0 s\u00e9r inn \u00ed Jer\u00edk\u00f3 \u00e1\u00f0ur en her landa \u00feeirra kom \u00feanga\u00f0 og lag\u00f0i borgina undir sig.<\/p>\n","protected":false},"excerpt":{"rendered":"<p>2.3 &#8222;Settu \u00feig h\u00e9rna \u00ed gott s\u00e6ti&#8220;: Kristnir menn \u00ed <a href=\"https:\/\/biblian.is\/fraedsla\/ritskyring\/jakobsbrefid-2-kafli\/\"> [&#8230;]<\/a><\/p>\n","protected":false},"author":1,"featured_media":0,"parent":4829,"menu_order":0,"comment_status":"closed","ping_status":"closed","template":"","meta":{"footnotes":""},"class_list":["post-5714","page","type-page","status-publish","hentry"],"_links":{"self":[{"href":"https:\/\/biblian.is\/fraedsla\/wp-json\/wp\/v2\/pages\/5714","targetHints":{"allow":["GET"]}}],"collection":[{"href":"https:\/\/biblian.is\/fraedsla\/wp-json\/wp\/v2\/pages"}],"about":[{"href":"https:\/\/biblian.is\/fraedsla\/wp-json\/wp\/v2\/types\/page"}],"author":[{"embeddable":true,"href":"https:\/\/biblian.is\/fraedsla\/wp-json\/wp\/v2\/users\/1"}],"replies":[{"embeddable":true,"href":"https:\/\/biblian.is\/fraedsla\/wp-json\/wp\/v2\/comments?post=5714"}],"version-history":[{"count":0,"href":"https:\/\/biblian.is\/fraedsla\/wp-json\/wp\/v2\/pages\/5714\/revisions"}],"up":[{"embeddable":true,"href":"https:\/\/biblian.is\/fraedsla\/wp-json\/wp\/v2\/pages\/4829"}],"wp:attachment":[{"href":"https:\/\/biblian.is\/fraedsla\/wp-json\/wp\/v2\/media?parent=5714"}],"curies":[{"name":"wp","href":"https:\/\/api.w.org\/{rel}","templated":true}]}}