{"id":5710,"date":"2019-06-18T17:27:19","date_gmt":"2019-06-18T17:27:19","guid":{"rendered":"https:\/\/biblian.is\/fraedsla\/?page_id=5710"},"modified":"2026-04-17T13:01:10","modified_gmt":"2026-04-17T13:01:10","slug":"hebreabrefid-13-kafli","status":"publish","type":"page","link":"https:\/\/biblian.is\/fraedsla\/ritskyring\/hebreabrefid-13-kafli\/","title":{"rendered":"Hebreabr\u00e9fi\u00f0 13. kafli"},"content":{"rendered":"<p><strong>13.3 <\/strong><em>Minnist bandingjanna: <\/em>Sj\u00e1 athugagrein vi\u00f0 10.33,34.<\/p>\n<p><strong>13.9 <\/strong><em>ekki mat af \u00fdmsu tagi: <\/em>\u00cd l\u00f6gm\u00e1li M\u00f3se var kve\u00f0i\u00f0 \u00e1 um \u00fea\u00f0, hva\u00f0a f\u00e6\u00f0utegundir menn skyldu ekki leggja s\u00e9r til munns. H\u00f6fundur segir h\u00e9r, a\u00f0 \u00feessar reglur s\u00e9u ekki s\u00fdnu \u00fe\u00fd\u00f0ingarminni en trausti\u00f0 \u00e1 g\u00e6sku Gu\u00f0s. Sj\u00e1 og athugagreinar vi\u00f0 9.10 og 9.13.<\/p>\n<p><strong>13.12 <\/strong><em>\u00deess vegna lei\u00f0 Jes\u00fas fyrir utan hli\u00f0i\u00f0: <\/em>Jes\u00fas var krossfestur utan vi\u00f0 m\u00fara Jer\u00fasalemsborgar \u00fear sem heitir &#8222;Hausk\u00fapusta\u00f0ur&#8220; (L\u00fak 23.26-49).<\/p>\n<p><strong>13.14 <\/strong><em>leitum vi\u00f0 hinnar komandi: <\/em>Sj\u00e1 athugagreinar vi\u00f0 11.10 og 12.22.<\/p>\n<p><strong>13.18 <\/strong><em>Bi\u00f0ji\u00f0 fyrir m\u00e9r: <\/em>H\u00f6fundur Hebreabr\u00e9fsins (sem ekki er vita\u00f0 me\u00f0 vissu hver var) kann a\u00f0 hafa seti\u00f0 \u00ed fangelsi \u00feegar hann skrifa\u00f0i \u00fea\u00f0.<\/p>\n<p><strong>13.20 <\/strong><em>Drottin vorn Jes\u00fa, hinn mikla hir\u00f0i sau\u00f0anna: <\/em>&#8222;Drottinn&#8220; er \u00e1 gr\u00edsku <em>kyrios.<\/em>\u00deegar or\u00f0i\u00f0 er nota\u00f0 um Jes\u00fa, beinir \u00fea\u00f0 huganum a\u00f0 valdi hans og m\u00e6tti. &#8222;Kristur&#8220; er <em>christos<\/em>\u00e1 gr\u00edsku og \u00fe\u00fd\u00f0ir &#8222;hinn smur\u00f0i&#8220; (\u00e1 hebresku: Mess\u00edas). Sj\u00e1 &#8222;Drottinn (nota\u00f0 um Jes\u00fa)&#8220;. Jes\u00fas nefndi sj\u00e1lfan sig &#8222;g\u00f3\u00f0a hir\u00f0inn&#8220; (J\u00f3h 10.10-16).<\/p>\n<p><strong>13.20<\/strong><em>me\u00f0 bl\u00f3\u00f0i eil\u00edfs s\u00e1ttm\u00e1la: <\/em>Sj\u00e1 athugagrein vi\u00f0 9.18-22.<\/p>\n<p><strong>13.23 <\/strong><em>T\u00edm\u00f3teus: <\/em>T\u00edm\u00f3teus \u00feessi m\u00e1 vel hafa veri\u00f0 reisubr\u00f3\u00f0ir P\u00e1ls og a\u00f0sto\u00f0arma\u00f0ur (Post 16.1-3), s\u00e1 er s\u00ed\u00f0ar var\u00f0 s\u00e1 safna\u00f0arlei\u00f0togi sem tv\u00f6 br\u00e9fa N\u00fdja testamentis eru vi\u00f0 kennd (Sj\u00e1 innganginn a\u00f0 <a href=\"https:\/\/biblian.is\/fraedsla\/ritskyring\/fyrra-timoteusarbref-inngangur\/\">Fyrra<\/a> og <a href=\"https:\/\/biblian.is\/fraedsla\/ritskyring\/sidara-timoteusarbref-inngangur\/\">S\u00ed\u00f0ara T\u00edm\u00f3teusarbr\u00e9fi<\/a>).<\/p>\n<p><strong>13.24 <\/strong><em>\u00cdtal\u00edu: <\/em>\u00deegar h\u00f6fundur Hebreabr\u00e9fsins samdi ritverk sitt, kann hann a\u00f0 hafa veri\u00f0 \u00ed R\u00f3m \u00e1 \u00cdtal\u00edu, h\u00f6fu\u00f0borg r\u00f3mverska heimsveldisins.<\/p>\n","protected":false},"excerpt":{"rendered":"<p>13.3 Minnist bandingjanna: Sj\u00e1 athugagrein vi\u00f0 10.33,34. 13.9 ekki mat <a href=\"https:\/\/biblian.is\/fraedsla\/ritskyring\/hebreabrefid-13-kafli\/\"> [&#8230;]<\/a><\/p>\n","protected":false},"author":1,"featured_media":0,"parent":4829,"menu_order":0,"comment_status":"closed","ping_status":"closed","template":"","meta":{"footnotes":""},"class_list":["post-5710","page","type-page","status-publish","hentry"],"_links":{"self":[{"href":"https:\/\/biblian.is\/fraedsla\/wp-json\/wp\/v2\/pages\/5710","targetHints":{"allow":["GET"]}}],"collection":[{"href":"https:\/\/biblian.is\/fraedsla\/wp-json\/wp\/v2\/pages"}],"about":[{"href":"https:\/\/biblian.is\/fraedsla\/wp-json\/wp\/v2\/types\/page"}],"author":[{"embeddable":true,"href":"https:\/\/biblian.is\/fraedsla\/wp-json\/wp\/v2\/users\/1"}],"replies":[{"embeddable":true,"href":"https:\/\/biblian.is\/fraedsla\/wp-json\/wp\/v2\/comments?post=5710"}],"version-history":[{"count":0,"href":"https:\/\/biblian.is\/fraedsla\/wp-json\/wp\/v2\/pages\/5710\/revisions"}],"up":[{"embeddable":true,"href":"https:\/\/biblian.is\/fraedsla\/wp-json\/wp\/v2\/pages\/4829"}],"wp:attachment":[{"href":"https:\/\/biblian.is\/fraedsla\/wp-json\/wp\/v2\/media?parent=5710"}],"curies":[{"name":"wp","href":"https:\/\/api.w.org\/{rel}","templated":true}]}}