{"id":5708,"date":"2019-06-18T17:26:17","date_gmt":"2019-06-18T17:26:17","guid":{"rendered":"https:\/\/biblian.is\/fraedsla\/?page_id=5708"},"modified":"2026-04-17T13:01:10","modified_gmt":"2026-04-17T13:01:10","slug":"hebreabrefid-12-kafli","status":"publish","type":"page","link":"https:\/\/biblian.is\/fraedsla\/ritskyring\/hebreabrefid-12-kafli\/","title":{"rendered":"Hebreabr\u00e9fi\u00f0 12. kafli"},"content":{"rendered":"<p><strong>12.1 <\/strong><em>umkringd sl\u00edkum fj\u00f6lda votta: <\/em>\u00c1tt er vi\u00f0 \u00feau sem hafa veri\u00f0 tr\u00fa allt fr\u00e1 \u00f6r\u00f3fi alda, \u00fear \u00e1 me\u00f0al f\u00f3lki\u00f0, sem tali\u00f0 er upp \u00ed 11. kap\u00edtula Hebreabr\u00e9fsins. Myndin, sem h\u00f6fundur breg\u00f0ur h\u00e9r upp, minnir \u00e1 mannmerg\u00f0ina \u00e1 \u00e1horfendap\u00f6llum \u00ed\u00fer\u00f3ttavalla.<\/p>\n<p><strong>12.1 <\/strong><em>synd og \u00fereytum \u00feolg\u00f3\u00f0 \u00fea\u00f0 skei\u00f0: <\/em>Sj\u00e1 athugagrein vi\u00f0 1.3 (hreinsa\u00f0i okkur af syndum okkar). P\u00e1ll postuli l\u00edkir l\u00edfi \u00ed tr\u00fa vi\u00f0 kapphlaup. Endim\u00f6rk hlaupabrautarinnar og sigurlaunin eru l\u00edfi\u00f0 me\u00f0 Kristi og \u00ed honum, upprisan fr\u00e1 dau\u00f0um. \u00dea\u00f0 eru ver\u00f0launin himnesku, sem kristnum manni hlotnast (Fil 3.12-16). Til \u00feess a\u00f0 svo megi ver\u00f0a, \u00fearf hann a\u00f0 &#8222;beina sj\u00f3num s\u00ednum til Jes\u00fa, h\u00f6fundar og fullkomnara tr\u00faarinnar.&#8220;<\/p>\n<p><strong>12.2 <\/strong><em>til h\u00e6gri handar: <\/em>Sj\u00e1 athugagrein vi\u00f0 1.3 (til h\u00e6gri handar).<\/p>\n<p><strong>12.4\u00a0<\/strong>kosta\u00f0 ykkur l\u00edfi\u00f0: E\u00f0a &#8222;ska\u00f0a\u00f0 ykkur.&#8220;<\/p>\n<p><strong>12.9\u00a0<\/strong><em>himnesks f\u00f6\u00f0ur: <\/em>Gu\u00f0s.<\/p>\n<p><strong>12.10 <\/strong><em>ver\u00f0um heil\u00f6g: <\/em>&#8222;Tekin fr\u00e1&#8220; handa Gu\u00f0i e\u00f0a &#8222;\u00fatvalin&#8220; til \u00feess a\u00f0 \u00fej\u00f3na honum.<\/p>\n<p><strong>12.16 <\/strong><em>Esa\u00fa&#8230;l\u00e9t af hendi frumbur\u00f0arr\u00e9tt sinn: <\/em>\u00dear e\u00f0 Esa\u00fa, sonur \u00cdsaks, f\u00e6ddist \u00e1 undan Jakobi br\u00f3\u00f0ur s\u00ednum, bar honum svonefndur &#8222;frumbur\u00f0arr\u00e9ttur.&#8220; \u00deennan r\u00e9tt seldi hann Jakobi, br\u00f3\u00f0ur s\u00ednum, fyrir eina m\u00e1lt\u00ed\u00f0 (1M\u00f3s 25.27-34). H\u00f6fundur Hebreabr\u00e9fsins heldur \u00fev\u00ed fram, a\u00f0 \u00feeir sem lifa \u00f3gu\u00f0lega fyrirgeri r\u00e9tti s\u00ednum sem b\u00f6rn Gu\u00f0s, \u00e1 sama h\u00e1tt og Esa\u00fa frumbur\u00f0arr\u00e9ttinum.<\/p>\n<p><strong>12.18 <\/strong><em>fjalls sem \u00e1 ver\u00f0ur \u00fereifa\u00f0: <\/em>H\u00e9r er v\u00edsa\u00f0 til \u00feess er Drottinn tala\u00f0i til l\u00fd\u00f0sins af S\u00edna\u00edfjalli (2M\u00f3s 19.16-25).<\/p>\n<p><strong>12.22\u00a0<\/strong><em>S\u00edonfjalls og borgar Gu\u00f0s lifanda, hinnar himnesku Jer\u00fasalem: <\/em>Dav\u00ed\u00f0 konungur hert\u00f3k borg Jeb\u00fas\u00edta, Jer\u00fasalem, a\u00f0 me\u00f0t\u00f6ldu klettavirkinu S\u00edon e\u00f0a &#8222;S\u00edonfjalli&#8220; (2Sam 5.6-10; 1Kro 11.4-9). Virki\u00f0 var nefnt &#8222;borg Dav\u00ed\u00f0s.&#8220; Sonur Dav\u00ed\u00f0s, Sal\u00f3mon konungur, reisti \u00fear s\u00ed\u00f0ar musteri (1Kon 6-8).<\/p>\n<p>Um &#8222;hina himnesku Jer\u00fasalem&#8220; sj\u00e1 athugagrein vi\u00f0 11.10. \u00cd Opinberunarb\u00f3k J\u00f3hannesar r\u00e6\u00f0ir um n\u00fdjan himin og n\u00fdja j\u00f6r\u00f0, og &#8222;borgina helgu, n\u00fdja Jer\u00fasalem,&#8220; sem st\u00edgur ni\u00f0ur af himni fr\u00e1 Gu\u00f0i b\u00fain eins og br\u00fa\u00f0ur sem skartar fyrir manni s\u00ednum (Opb 21.1,2).<\/p>\n<p><strong>12.23 <\/strong><em>safna\u00f0ar frumgetinna: <\/em>Allra elska\u00f0ra Gu\u00f0s barna (sj\u00e1 athugagrein vi\u00f0 1.6).<\/p>\n<p><strong>12.24 <\/strong><em>Jes\u00fa, me\u00f0algangara n\u00fds s\u00e1ttm\u00e1la: <\/em>Sj\u00e1 athugagreinar vi\u00f0 7.22 og 8.6.<\/p>\n<p><strong>12.24\u00a0<\/strong><em>bl\u00f3\u00f0 Abels: <\/em>Sj\u00e1 &#8222;<a href=\"https:\/\/biblian.is\/fraedsla\/ritskyring\/hebreabrefid-11-kafli\/\">Tr\u00famenn, sem nefndir eru \u00ed 11. kap\u00edtula Hebreabr\u00e9fsins<\/a>&#8222;. Sj\u00e1 og 1M\u00f3s 4.1-16.<\/p>\n<p><strong>12.25 <\/strong><em>\u00feeir&#8230;komust ekki undan: <\/em>L\u00fd\u00f0ur Gu\u00f0s sneri oft baki vi\u00f0 honum og \u00f3hl\u00fd\u00f0na\u00f0ist l\u00f6gm\u00e1linu, sem Gu\u00f0 f\u00f3l M\u00f3se \u00e1 S\u00edna\u00edfjalli (2M\u00f3s 20.22). En jafnvel Gu\u00f0s \u00fatvalda \u00fej\u00f3\u00f0 komst ekki hj\u00e1 hirtingu, \u00feegar h\u00fan haf\u00f0i a\u00f0 engu bo\u00f0or\u00f0 hans.<\/p>\n<p><strong>12.28 <\/strong><em>r\u00edki, sem ekki getur bifast: <\/em>\u00deetta er r\u00edki Gu\u00f0s \u00e1 himnum, sem aldrei getur \u00e1 grunn gengi\u00f0, af \u00fev\u00ed a\u00f0 \u00fea\u00f0 er fullkomi\u00f0 og mun vara a\u00f0 eil\u00edfu (Heb 7.22-8.13; 9.15).<\/p>\n<p><strong>12.29 <\/strong><em>okkar Gu\u00f0 er ey\u00f0andi eldur: <\/em>Sj\u00e1 athugagrein vi\u00f0 10.27. Sj\u00e1 og 5M\u00f3s 4.24.<\/p>\n","protected":false},"excerpt":{"rendered":"<p>12.1 umkringd sl\u00edkum fj\u00f6lda votta: \u00c1tt er vi\u00f0 \u00feau sem <a href=\"https:\/\/biblian.is\/fraedsla\/ritskyring\/hebreabrefid-12-kafli\/\"> [&#8230;]<\/a><\/p>\n","protected":false},"author":1,"featured_media":0,"parent":4829,"menu_order":0,"comment_status":"closed","ping_status":"closed","template":"","meta":{"footnotes":""},"class_list":["post-5708","page","type-page","status-publish","hentry"],"_links":{"self":[{"href":"https:\/\/biblian.is\/fraedsla\/wp-json\/wp\/v2\/pages\/5708","targetHints":{"allow":["GET"]}}],"collection":[{"href":"https:\/\/biblian.is\/fraedsla\/wp-json\/wp\/v2\/pages"}],"about":[{"href":"https:\/\/biblian.is\/fraedsla\/wp-json\/wp\/v2\/types\/page"}],"author":[{"embeddable":true,"href":"https:\/\/biblian.is\/fraedsla\/wp-json\/wp\/v2\/users\/1"}],"replies":[{"embeddable":true,"href":"https:\/\/biblian.is\/fraedsla\/wp-json\/wp\/v2\/comments?post=5708"}],"version-history":[{"count":0,"href":"https:\/\/biblian.is\/fraedsla\/wp-json\/wp\/v2\/pages\/5708\/revisions"}],"up":[{"embeddable":true,"href":"https:\/\/biblian.is\/fraedsla\/wp-json\/wp\/v2\/pages\/4829"}],"wp:attachment":[{"href":"https:\/\/biblian.is\/fraedsla\/wp-json\/wp\/v2\/media?parent=5708"}],"curies":[{"name":"wp","href":"https:\/\/api.w.org\/{rel}","templated":true}]}}