{"id":5706,"date":"2019-06-18T17:24:06","date_gmt":"2019-06-18T17:24:06","guid":{"rendered":"https:\/\/biblian.is\/fraedsla\/?page_id=5706"},"modified":"2022-12-16T13:59:00","modified_gmt":"2022-12-16T13:59:00","slug":"hebreabrefid-10-kafli","status":"publish","type":"page","link":"https:\/\/biblian.is\/fraedsla\/ritskyring\/hebreabrefid-10-kafli\/","title":{"rendered":"Hebreabr\u00e9fi\u00f0 10. kafli"},"content":{"rendered":"<p><strong>10.3-4 <\/strong><em>er minnt \u00e1 syndirnar: <\/em>L\u00f6gm\u00e1l M\u00f3se afm\u00e1ir ekki syndir og \u00fea\u00f0 frelsar ekki. En \u00fea\u00f0 minnir menn \u00e1, a\u00f0 \u00feeir hafa broti\u00f0 af s\u00e9r, syndga\u00f0 (sj\u00e1 og R\u00f3m 3.20).<\/p>\n<p><strong>10.11\u00a0<\/strong><em>prestur er hvern dag bundinn vi\u00f0 helgi\u00fej\u00f3nustu s\u00edna: <\/em>Sj\u00e1 <a href=\"https:\/\/biblian.is\/fraedsla\/ordtakasafn\/prestarnir-i-israel\/\">&#8222;Prestar \u00ed \u00cdsrael&#8220;<\/a>. Sj\u00e1 og 2M\u00f3s 29.38.<\/p>\n<p><strong>10.12\u00a0<\/strong><em>h\u00e6gri h\u00f6nd: <\/em>Sj\u00e1 athugagrein vi\u00f0 1.3 (til h\u00e6gri handar).<\/p>\n<p><strong>10.14 <\/strong><em>me\u00f0 einni f\u00f3rn: <\/em>Sj\u00e1 athugagreinar vi\u00f0 2.17; 7.22; 9.25.<\/p>\n<p><strong>10.15 <\/strong><em>Heilagur andi: <\/em>Sj\u00e1 athugagrein vi\u00f0 2.4 (heilags anda).<\/p>\n<p><strong>10.18 <\/strong><em>syndirnar eru fyrirgefnar: <\/em>Sj\u00e1 athugagrein vi\u00f0 1.3 (hreinsa\u00f0i okkur af syndum okkar).<\/p>\n<h3>B\u00fai\u00f0 ykkur undir endurkomu Drottins<\/h3>\n<p><em>S\u00e1 dagur f\u00e6rist n\u00e6r, \u00feegar Jes\u00fas kemur aftur, og \u00fev\u00ed ber l\u00e6risveinum hans a\u00f0 hvetja hver annan til k\u00e6rleika og g\u00f3\u00f0ra verka og kappkosta a\u00f0 hafa hreina samvisku. <\/em><\/p>\n<p><strong>10.19,20 <\/strong><em>hi\u00f0 heilaga&#8230;fortjaldi\u00f0: <\/em>Sj\u00e1 athugagreinar vi\u00f0 6.19; 8.2; 9.2-4.<\/p>\n<p><strong>10.21 <\/strong><em>mikinn prest: <\/em>Sj\u00e1 athugagreinar vi\u00f0 2.17; 4.14 og 9.14.<\/p>\n<p><strong>10.25 <\/strong><em>dagurinn f\u00e6rist n\u00e6r: <\/em>Sj\u00e1 athugagrein vi\u00f0 9.28.<\/p>\n<p><strong>10.27 <\/strong><em>\u00f3ttaleg bi\u00f0 eftir d\u00f3mi og heitum eldi: <\/em>Andst\u00e6\u00f0ingar Gu\u00f0s brj\u00f3ta af s\u00e9r \u00feegar \u00feeir skella skollaeyrum vi\u00f0 fagna\u00f0arerindi Gu\u00f0s, \u00fe\u00f3tt \u00feeim hafi veri\u00f0 bo\u00f0a\u00f0 \u00fea\u00f0. \u00deeir ver\u00f0a d\u00e6mdir af Gu\u00f0i og hlj\u00f3ta \u00feunga refsingu. \u00cd N\u00fdja testamenti er v\u00ed\u00f0a tala\u00f0 um afdrif rangl\u00e1tra \u00ed r\u00edki dau\u00f0ra (helju), sem er logandi kvalasta\u00f0ur (fremur \u00fe\u00f3 \u00e1stand en sta\u00f0ur). (Sj\u00e1 Matt 5.22; L\u00fak16.23,24; Opb 20.14).<\/p>\n<p><strong>10.32\u00a0<\/strong><em>lj\u00f3sinu: <\/em>V\u00ed\u00f0a \u00ed Bibl\u00edunni t\u00e1knar lj\u00f3si\u00f0 Gu\u00f0 e\u00f0a Gu\u00f0s or\u00f0 (1J\u00f3h 1.5; Slm 119.105), en auk \u00feess f\u00f3lk og vi\u00f0bur\u00f0i sem bera Gu\u00f0i og sannleika hans vitni (Jes 49.6). L\u00e6risveinar Jes\u00fa og me\u00f0haldsmenn eru l\u00edka nefndir &#8222;b\u00f6rn lj\u00f3ssins&#8220; (J\u00f3h 12.36; Ef 5.8).<\/p>\n<p><strong>10.33,34 <\/strong><em>\u00fei\u00f0 sj\u00e1lf, sm\u00e1nu\u00f0 og a\u00f0\u00ferengd&#8230;\u00fei\u00f0 voru\u00f0 r\u00e6nd eignum ykkar: <\/em>\u00deegar Hebreabr\u00e9fi\u00f0 var skrifa\u00f0, voru kristnir menn v\u00ed\u00f0a litnir hornauga af samborgurum s\u00ednum og yfirv\u00f6ldum, enda bl\u00f6ndu\u00f0u \u00feeir ekki ge\u00f0i vi\u00f0 hverja sem var. \u00deeir t\u00f3ku t.d. ekki \u00fe\u00e1tt \u00ed \u00fdmsum f\u00e9lags- og tr\u00faarath\u00f6fnum samt\u00edmans e\u00f0a launhelgum, \u00fear sem menn unnu ei\u00f0a sem voru leyndarm\u00e1l, af \u00fev\u00ed a\u00f0 \u00feeim \u00fe\u00f3tti sl\u00edkt str\u00ed\u00f0a gegn kristinni tr\u00fa og kristnum si\u00f0. Me\u00f0 \u00feessu k\u00f6llu\u00f0u \u00feeir yfir sig einelti og alls konar m\u00f3tgj\u00f6r\u00f0ir. Stundum voru meira a\u00f0 segja eignir \u00feeirra teknar fr\u00e1 \u00feeim. Sumir hinna kristnu m\u00e1ttu s\u00e6ta ofs\u00f3knum r\u00f3mverskra stj\u00f3rnvalda af \u00fev\u00ed a\u00f0 \u00feeir neitu\u00f0u a\u00f0 tilbi\u00f0ja keisarann \u00ed R\u00f3m sem gu\u00f0 v\u00e6ri.<\/p>\n<p><strong>10.38 <\/strong><em>Minn r\u00e9ttl\u00e1ti mun lifa fyrir tr\u00fana: <\/em>E\u00f0a &#8222;S\u00e1 sem Gu\u00f0 r\u00e9ttl\u00e6tir fyrir tr\u00fana mun lifa.&#8220;<\/p>\n<p><strong>10.39 <\/strong><em>frelsumst: <\/em>Sj\u00e1 athugagrein vi\u00f0 1.14.<\/p>\n","protected":false},"excerpt":{"rendered":"<p>10.3-4 er minnt \u00e1 syndirnar: L\u00f6gm\u00e1l M\u00f3se afm\u00e1ir ekki syndir <a href=\"https:\/\/biblian.is\/fraedsla\/ritskyring\/hebreabrefid-10-kafli\/\"> [&#8230;]<\/a><\/p>\n","protected":false},"author":1,"featured_media":0,"parent":4829,"menu_order":0,"comment_status":"closed","ping_status":"closed","template":"","meta":{"footnotes":""},"class_list":["post-5706","page","type-page","status-publish","hentry"],"_links":{"self":[{"href":"https:\/\/biblian.is\/fraedsla\/wp-json\/wp\/v2\/pages\/5706","targetHints":{"allow":["GET"]}}],"collection":[{"href":"https:\/\/biblian.is\/fraedsla\/wp-json\/wp\/v2\/pages"}],"about":[{"href":"https:\/\/biblian.is\/fraedsla\/wp-json\/wp\/v2\/types\/page"}],"author":[{"embeddable":true,"href":"https:\/\/biblian.is\/fraedsla\/wp-json\/wp\/v2\/users\/1"}],"replies":[{"embeddable":true,"href":"https:\/\/biblian.is\/fraedsla\/wp-json\/wp\/v2\/comments?post=5706"}],"version-history":[{"count":0,"href":"https:\/\/biblian.is\/fraedsla\/wp-json\/wp\/v2\/pages\/5706\/revisions"}],"up":[{"embeddable":true,"href":"https:\/\/biblian.is\/fraedsla\/wp-json\/wp\/v2\/pages\/4829"}],"wp:attachment":[{"href":"https:\/\/biblian.is\/fraedsla\/wp-json\/wp\/v2\/media?parent=5706"}],"curies":[{"name":"wp","href":"https:\/\/api.w.org\/{rel}","templated":true}]}}