{"id":5704,"date":"2019-06-18T17:22:36","date_gmt":"2019-06-18T17:22:36","guid":{"rendered":"https:\/\/biblian.is\/fraedsla\/?page_id=5704"},"modified":"2022-12-16T13:59:01","modified_gmt":"2022-12-16T13:59:01","slug":"hebreabrefid-9-kafli","status":"publish","type":"page","link":"https:\/\/biblian.is\/fraedsla\/ritskyring\/hebreabrefid-9-kafli\/","title":{"rendered":"Hebreabr\u00e9fi\u00f0 9. kafli"},"content":{"rendered":"<p><strong>9.1\u00a0<\/strong><em>fyrri s\u00e1ttm\u00e1linn: <\/em>L\u00f6gm\u00e1l M\u00f3se (sj\u00e1 athugagrein vi\u00f0 8.6).<\/p>\n<p><strong>9.2-4\u00a0<\/strong><em>Tjaldb\u00fa\u00f0&#8230;s\u00e1ttm\u00e1ls\u00f6rkin: <\/em>Tjaldb\u00fa\u00f0inni og helgigripum hennar er l\u00fdst \u00ed 2M\u00f3s 25-27 og 36.8-38.31. Sj\u00e1 &#8222;<a href=\"https:\/\/biblian.is\/fraedsla\/ordtakasafn\/samfundatjaldid\/\">Samfundatjaldi\u00f0<\/a>&#8222;.<\/p>\n<p><strong>9.4\u00a0<\/strong><em>gullkeri\u00f0 me\u00f0 manna \u00ed: <\/em>Sj\u00e1 athugagrein vi\u00f0 2.4 (t\u00e1knum og undrum); sj\u00e1 og 2M\u00f3s 16.33.<\/p>\n<p><strong>9.6,7\u00a0<\/strong><em>Prestarnir&#8230;\u00e6\u00f0sti presturinn: <\/em>Prestar b\u00e1ru fram f\u00f3rnir, g\u00e6ttu \u00feess a\u00f0 loga\u00f0i \u00e1 lj\u00f3sastikunni og s\u00e1u um a\u00f0 endurn\u00fdja sko\u00f0unarbrau\u00f0in. Sj\u00e1 athugagrein vi\u00f0 2.17. \u00c6\u00f0sti presturinn g\u00e9kk me\u00f0 f\u00f3rnarbl\u00f3\u00f0i\u00f0 inn \u00ed hi\u00f0 allrahelgasta einu sinni \u00e1 \u00e1ri, \u00e1 fri\u00f0\u00fe\u00e6gingardaginn (3M\u00f3s 16.2-34).<\/p>\n<p><strong>9.8\u00a0<\/strong><em>heilagur andi: <\/em>Sj\u00e1 athugagrein vi\u00f0 2.4 (heilags anda).<\/p>\n<p><strong>9.10 <\/strong><em>ytri fyrirm\u00e6li: <\/em>Samkv\u00e6mt l\u00f6gm\u00e1li M\u00f3se margt, sem taldist \u00fdmist hreint e\u00f0a \u00f3hreint. F\u00f3lk gat or\u00f0i\u00f0 \u00f3hreint af \u00e1kve\u00f0num sj\u00fakd\u00f3mum, \u00feegar \u00fea\u00f0 snerti l\u00edk, e\u00f0a ef \u00fea\u00f0 \u00e1tu vissa f\u00e6\u00f0u, eins og tila\u00f0mynda sv\u00ednakj\u00f6t e\u00f0a s\u00e9rstakar fisktegundir. Kve\u00f0i\u00f0 var \u00e1 um \u00fea\u00f0 \u00ed l\u00f6gm\u00e1linu, hva\u00f0 f\u00f3lk \u00e6tti a\u00f0 sni\u00f0ganga til \u00feess a\u00f0 ver\u00f0a ekki \u00f3hreint (sj\u00e1 einkum 3M\u00f3s 11-18). Lika voru \u00ed l\u00f6gm\u00e1linu fyrirm\u00e6li og lei\u00f0beiningar um \u00fea\u00f0, hvernig menn g\u00e6tu or\u00f0i\u00f0 hreinir \u00e1 n\u00fdjaleik me\u00f0 \u00fev\u00ed a\u00f0 halda kyrru fyrir um hr\u00ed\u00f0, en \u00fevo s\u00e9r s\u00ed\u00f0an og f\u00e6ra hina r\u00e9ttu f\u00f3rn.<\/p>\n<p><strong>9.11 <\/strong><em>sem komin eru: <\/em>\u00cd sumum handritum &#8222;hinna komandi g\u00e6\u00f0a.&#8220;<\/p>\n<p><strong>9.12 <\/strong><em>\u00ed eitt skipti fyrir \u00f6ll&#8230;afla\u00f0i eil\u00edfrar lausnar:<\/em>H\u00f6fundur Hebreabr\u00e9fsins nefnir oftar en einu sinni f\u00f3rnina, sem Kristur f\u00e6r\u00f0i og hreinsa\u00f0i me\u00f0 \u00fev\u00ed mennina af syndum \u00feeirra. Sj\u00e1 og 1.3;2.17; 9.25,26.<\/p>\n<p><strong>9.13 <\/strong><em>menn, er \u00f3hreinir hafa gerst: <\/em>L\u00f6gm\u00e1l M\u00f3se haf\u00f0i a\u00f0 geyma upptalningar \u00e1 \u00fdmsu, sem tali\u00f0 var \u00f3hreint og \u00f3hreinka\u00f0i \u00fe\u00e1, sem \u00feess neyttu og \u00fe\u00f3 ekki v\u00e6ri nema snertu \u00fea\u00f0 (2M\u00f3s 11-5; 16.15,16; 17.10-18.30). Sj\u00e1 og &#8222;<a href=\"https:\/\/biblian.is\/fraedsla\/ordtakasafn\/hreinsanir-hreint-og-ohreint\/\">Hreinsanir (hreint og \u00f3hreint)<\/a>&#8222;. Sj\u00e1 og 4M\u00f3s 19.9,17-19.<\/p>\n<p><strong>9.14 <\/strong><em>\u00ed krafti eil\u00edfs anda bori\u00f0 sj\u00e1lfan sig fram fyrir Gu\u00f0 sem l\u00fdtalausa f\u00f3rn: <\/em>Jes\u00fas g\u00e9kk inn \u00ed &#8222;hina st\u00e6rri og fullkomnari fjaldb\u00fa\u00f0, sem ekki er me\u00f0 h\u00f6ndum ger\u00f0&#8220; (\u00fe.e. \u00ed himininn inn) og bar sj\u00e1lfan sig fram fyrir Gu\u00f0 sem l\u00fdtalausa f\u00f3rn. \u00deetta ger\u00f0i hann &#8222;\u00ed krafti eil\u00edfs anda&#8220; og hreinsa\u00f0i me\u00f0 \u00fev\u00ed samvisku manna af dau\u00f0um verkum, svo a\u00f0 \u00feeir geta n\u00fa \u00fej\u00f3na\u00f0 lifanda Gu\u00f0i. \u00deetta er hinn n\u00fdi s\u00e1ttm\u00e1li, sem l\u00fdsir hinn fyrr \u00fareltan.<\/p>\n<p><strong>9.14 <\/strong><em>okkar: <\/em>\u00cd sumum handritum &#8222;ykkar.&#8220;<\/p>\n<p><strong>9.15 <\/strong><em>n\u00fds s\u00e1ttm\u00e1la..<strong>.<\/strong>fyrri s\u00e1ttm\u00e1lanum: <\/em>Sj\u00e1 athugagreinar vi\u00f0 7.22 og 8.6.<\/p>\n<p><strong>9.18 <\/strong><em>\u00e1n bl\u00f3\u00f0s: <\/em>E\u00f0a &#8222;\u00e1n dau\u00f0a.&#8220;<\/p>\n<p><strong>9.18-22 <\/strong><em>bl\u00f3\u00f0: <\/em>\u00c1 t\u00edmum Bibl\u00edunnar var l\u00edfskrafturinn haldinn vera \u00ed bl\u00f3\u00f0inu og var \u00fea\u00f0 \u00fev\u00ed tali\u00f0 heilagt. Sj\u00e1 2M\u00f3s 24.4-8.<\/p>\n<p><strong>9.19\u00a0<\/strong><em>bl\u00f3\u00f0 k\u00e1lfanna og hafranna: <\/em>&#8222;Og hafranna&#8220; vantar \u00ed sum handrit.<\/p>\n<p><strong>9.23,24\u00a0<\/strong><em>eftirmyndir \u00feeirra hluta sem \u00e1 himnum eru: <\/em>Sj\u00e1 athugagrein 8.5. F\u00f3rnirnar, sem l\u00fdst er \u00ed 9.18-22 voru prestleg h\u00e1ttsemi, sem minnti l\u00fd\u00f0inn \u00e1 samf\u00e9lagi\u00f0 vi\u00f0 Gu\u00f0. \u00cd \u00feeirra sta\u00f0 kemur n\u00fa f\u00f3rnin, sem Kristur f\u00e6r\u00f0i og afm\u00e1\u00f0i me\u00f0 henni syndina.<\/p>\n<p><strong>9.25 <\/strong><em>hann&#8230;.eins og \u00e6\u00f0sti presturinn: <\/em>Sj\u00e1 athugagreinar vi\u00f0 2.17 og 7.22. F\u00f3rn Krists var algild og fullkomin og \u00feess vegna f\u00e6r\u00f0 \u00ed eitt skipti fyrir \u00f6ll.<\/p>\n<p><strong>9.27 <\/strong><em>f\u00e1 sinn d\u00f3m: <\/em>Sj\u00e1 athugagrein vi\u00f0 10.27.<\/p>\n<p><strong>9.28\u00a0<\/strong><em>aftur mun hann birtast: <\/em>V\u00ed\u00f0a \u00ed N\u00fdja testamenti er sta\u00f0h\u00e6ft, a\u00f0 Jes\u00fas muni koma aftur (Fil. 1.10; 2.16; 3.20,21; 1\u00deess 4.13-18). \u00deeir, sem \u00e1 hann tr\u00faa, mega horfa vongla\u00f0ir fram til \u00feess dags, \u00fev\u00ed a\u00f0 \u00feeir munu frelsa\u00f0ir ver\u00f0a (1\u00deess 5.1-11). Sj\u00e1 og &#8222;<a href=\"https:\/\/biblian.is\/fraedsla\/ordtakasafn\/endurkoma-drottins-jesu\/\">Endurkoman<\/a>&#8222;.<\/p>\n","protected":false},"excerpt":{"rendered":"<p>9.1\u00a0fyrri s\u00e1ttm\u00e1linn: L\u00f6gm\u00e1l M\u00f3se (sj\u00e1 athugagrein vi\u00f0 8.6). 9.2-4\u00a0Tjaldb\u00fa\u00f0&#8230;s\u00e1ttm\u00e1ls\u00f6rkin: Tjaldb\u00fa\u00f0inni <a href=\"https:\/\/biblian.is\/fraedsla\/ritskyring\/hebreabrefid-9-kafli\/\"> [&#8230;]<\/a><\/p>\n","protected":false},"author":1,"featured_media":0,"parent":4829,"menu_order":0,"comment_status":"closed","ping_status":"closed","template":"","meta":{"footnotes":""},"class_list":["post-5704","page","type-page","status-publish","hentry"],"_links":{"self":[{"href":"https:\/\/biblian.is\/fraedsla\/wp-json\/wp\/v2\/pages\/5704","targetHints":{"allow":["GET"]}}],"collection":[{"href":"https:\/\/biblian.is\/fraedsla\/wp-json\/wp\/v2\/pages"}],"about":[{"href":"https:\/\/biblian.is\/fraedsla\/wp-json\/wp\/v2\/types\/page"}],"author":[{"embeddable":true,"href":"https:\/\/biblian.is\/fraedsla\/wp-json\/wp\/v2\/users\/1"}],"replies":[{"embeddable":true,"href":"https:\/\/biblian.is\/fraedsla\/wp-json\/wp\/v2\/comments?post=5704"}],"version-history":[{"count":0,"href":"https:\/\/biblian.is\/fraedsla\/wp-json\/wp\/v2\/pages\/5704\/revisions"}],"up":[{"embeddable":true,"href":"https:\/\/biblian.is\/fraedsla\/wp-json\/wp\/v2\/pages\/4829"}],"wp:attachment":[{"href":"https:\/\/biblian.is\/fraedsla\/wp-json\/wp\/v2\/media?parent=5704"}],"curies":[{"name":"wp","href":"https:\/\/api.w.org\/{rel}","templated":true}]}}