{"id":5702,"date":"2019-06-18T17:20:10","date_gmt":"2019-06-18T17:20:10","guid":{"rendered":"https:\/\/biblian.is\/fraedsla\/?page_id=5702"},"modified":"2022-12-16T13:59:01","modified_gmt":"2022-12-16T13:59:01","slug":"hebreabrefid-8-kafli","status":"publish","type":"page","link":"https:\/\/biblian.is\/fraedsla\/ritskyring\/hebreabrefid-8-kafli\/","title":{"rendered":"Hebreabr\u00e9fi\u00f0 8. kafli"},"content":{"rendered":"<p><strong>8.1 <\/strong><em>til h\u00e6gri handar: <\/em>Sj\u00e1 athugagrein vi\u00f0 1.3 (til h\u00e6gri handar).<\/p>\n<p><strong>8.2 <\/strong><em>\u00ed helgid\u00f3minum, hinni s\u00f6nnu tjaldb\u00fa\u00f0: <\/em>Sj\u00e1 athugagrein vi\u00f0 6.19. \u00de\u00f3tt helgid\u00f3murinn (&#8222;hi\u00f0 allrahelgasta&#8220;) hafi veri\u00f0 \u00ed tjaldb\u00fa\u00f0inni (og s\u00ed\u00f0ar \u00ed musterinu) segir h\u00f6fundur a\u00f0 n\u00fa s\u00e9 helgd\u00f3murinn \u00ed &#8222;hinni s\u00f6nnu tjaldb\u00fa\u00f0&#8220; (\u00e1 himnum). Sj\u00e1 og athugagrein vi\u00f0 8.5.<\/p>\n<p><strong>8.5 <\/strong><em>tjaldb\u00fa\u00f0in&#8230;er eftirl\u00edking og skuggi hinnar himnesku: <\/em>Gu\u00f0 sag\u00f0i M\u00f3se n\u00e1kv\u00e6mlega fyrir um \u00fea\u00f0, hvernig fyrsta tjaldb\u00fa\u00f0in \u00e6tti a\u00f0 vera (2M\u00f3s 25.40). \u00cd henni b\u00e1ru prestar \u00cdsraelsmanna fram f\u00f3rnir, og seinna \u00ed musterinu. En b\u00e6\u00f0i tjaldb\u00fa\u00f0in og musteri\u00f0 voru ekki nema svipur hj\u00e1 sj\u00f3n samanbori\u00f0 vi\u00f0 hinar eil\u00edfu tjaldb\u00fa\u00f0ir, helgid\u00f3minn \u00e1 himnum.<\/p>\n<p><strong>8.6 <\/strong><em>s\u00e1ttm\u00e1la: <\/em>Sj\u00e1 athugagrein vi\u00f0 7.22. Or\u00f0i\u00f0 &#8222;s\u00e1ttm\u00e1li&#8220; merkir &#8222;samningur.&#8220; \u00cd hinum &#8222;fyrri s\u00e1ttm\u00e1la&#8220; (8.7; sj\u00e1 og 2M\u00f3s 19.1-20.17) h\u00e9t Gu\u00f0 a\u00f0 vernda og blessa \u00cdsraels\u00fej\u00f3\u00f0ina og gefa henni land til eignar. \u00cd sta\u00f0inn skuldbatt f\u00f3lki\u00f0 sig til \u00feess a\u00f0 breyta eftir l\u00f6gm\u00e1li M\u00f3se, b\u00e6\u00f0i fyrirm\u00e6lum um helgihaldi\u00f0 (9.1) og reglum sem \u00e1ttu a\u00f0 tryggja r\u00e9ttl\u00e6ti og fri\u00f0 \u00ed samskiptum manna. Umfram allt skyldi \u00fea\u00f0 ekki a\u00f0ra gu\u00f0i hafa en Drottin. En mannf\u00f3lki\u00f0 var \u00f3f\u00e6rt um a\u00f0 hl\u00fd\u00f0a hinum fyrri s\u00e1ttm\u00e1la. \u00dev\u00ed ger\u00f0i Gu\u00f0 vi\u00f0 \u00fea\u00f0 n\u00fdjan s\u00e1ttm\u00e1la, sem ekki var rita\u00f0ur \u00e1 steint\u00f6flur, heldur lag\u00f0ur \u00fev\u00ed \u00ed brj\u00f3st og rita\u00f0ur \u00e1 hj\u00f6rtu \u00feess (Jer 31.31-34).<\/p>\n<p><strong>8.13 <\/strong><em>n\u00fdjan s\u00e1ttm\u00e1la: <\/em>sj\u00e1 athugagrein vi\u00f0 7.22.<\/p>\n","protected":false},"excerpt":{"rendered":"<p>8.1 til h\u00e6gri handar: Sj\u00e1 athugagrein vi\u00f0 1.3 (til h\u00e6gri <a href=\"https:\/\/biblian.is\/fraedsla\/ritskyring\/hebreabrefid-8-kafli\/\"> [&#8230;]<\/a><\/p>\n","protected":false},"author":1,"featured_media":0,"parent":4829,"menu_order":0,"comment_status":"closed","ping_status":"closed","template":"","meta":{"footnotes":""},"class_list":["post-5702","page","type-page","status-publish","hentry"],"_links":{"self":[{"href":"https:\/\/biblian.is\/fraedsla\/wp-json\/wp\/v2\/pages\/5702","targetHints":{"allow":["GET"]}}],"collection":[{"href":"https:\/\/biblian.is\/fraedsla\/wp-json\/wp\/v2\/pages"}],"about":[{"href":"https:\/\/biblian.is\/fraedsla\/wp-json\/wp\/v2\/types\/page"}],"author":[{"embeddable":true,"href":"https:\/\/biblian.is\/fraedsla\/wp-json\/wp\/v2\/users\/1"}],"replies":[{"embeddable":true,"href":"https:\/\/biblian.is\/fraedsla\/wp-json\/wp\/v2\/comments?post=5702"}],"version-history":[{"count":0,"href":"https:\/\/biblian.is\/fraedsla\/wp-json\/wp\/v2\/pages\/5702\/revisions"}],"up":[{"embeddable":true,"href":"https:\/\/biblian.is\/fraedsla\/wp-json\/wp\/v2\/pages\/4829"}],"wp:attachment":[{"href":"https:\/\/biblian.is\/fraedsla\/wp-json\/wp\/v2\/media?parent=5702"}],"curies":[{"name":"wp","href":"https:\/\/api.w.org\/{rel}","templated":true}]}}