{"id":5700,"date":"2019-06-18T17:19:37","date_gmt":"2019-06-18T17:19:37","guid":{"rendered":"https:\/\/biblian.is\/fraedsla\/?page_id=5700"},"modified":"2022-12-16T13:59:01","modified_gmt":"2022-12-16T13:59:01","slug":"hebreabrefid-7-kafli","status":"publish","type":"page","link":"https:\/\/biblian.is\/fraedsla\/ritskyring\/hebreabrefid-7-kafli\/","title":{"rendered":"Hebreabr\u00e9fi\u00f0 7. kafli"},"content":{"rendered":"<p><strong>7.1-3 <\/strong><em>Melk\u00edsedek&#8230;prestur Gu\u00f0s Hins h\u00e6sta&#8230;um aldur: <\/em>Sj\u00e1 athugagrein vi\u00f0 5.6 (Melk\u00edsedek). Abraham votta\u00f0i Melk\u00edsedek vir\u00f0ingu s\u00edna me\u00f0 \u00fev\u00ed a\u00f0 gefa honum t\u00edund af \u00f6llum eigum s\u00ednum (1M\u00f3s 14.18-20). Hebreska nafni\u00f0 &#8222;Melk\u00edsedek&#8220; \u00fe\u00fd\u00f0ir <em>r\u00e9ttl\u00e1tur konungur<\/em>. &#8222;Salem&#8220;, \u00fear sem hann r\u00edkti, merkir <em>fri\u00f0ur. <\/em>B\u00e6\u00f0i n\u00f6fnin minna \u00e1, a\u00f0 Kristur f\u00e6rir r\u00e9ttl\u00e6ti og fri\u00f0.<\/p>\n<p><strong>7.5 <\/strong><em>Lev\u00edsonum&#8230;er bo\u00f0i\u00f0 a\u00f0 taka t\u00edund af l\u00fd\u00f0num: <\/em>Samkv\u00e6mt l\u00f6gm\u00e1li M\u00f3se skyldu \u00cdsraelsmenn gjalda Gu\u00f0i t\u00edund af tekjum s\u00ednum. \u00deessi f\u00f3rn e\u00f0a skattur var afhentur prestunum, afkomendum Lev\u00ed, en hann var einn af t\u00f3lf sonum Jakobs \u00e6ttf\u00f6\u00f0ur (1M\u00f3s 35.23-26; 4M\u00f3s 18.20-32). \u00deegar \u00cdsraelsmenn t\u00f3ku s\u00e9r Kanaansland til eignar og skiptu \u00e1 milli \u00e6ttkv\u00edslanna t\u00f3lf, fengu afkomendur Lev\u00ed ekkert \u00ed sinn hlut (4M\u00f3s 1.47-53). \u00cd \u00feess sta\u00f0 var \u00feeim fali\u00f0 a\u00f0 \u00fej\u00f3na Gu\u00f0i og hafa \u00e1 hendi helgihaldi\u00f0 og gu\u00f0sd\u00fdrkunina. \u00dev\u00ed var Lev\u00edtum heimilt a\u00f0 taka vi\u00f0 t\u00edund af landb\u00fana\u00f0ar- og kvikfj\u00e1rafur\u00f0um manna og hafa s\u00e9r og fj\u00f6lskyldum s\u00ednum til l\u00edfsvi\u00f0urv\u00e6ris.<\/p>\n<p><strong>7.6 <\/strong><em>blessa\u00f0i \u00feann er fyrirheitin haf\u00f0i: <\/em>H\u00f6fundur Hebreabr\u00e9fsins kve\u00f0ur Mesk\u00edsedek meiri en Abraham, enda hafi s\u00e1 fyrrnefndi blessa\u00f0 hinn s\u00ed\u00f0arnefnda (1M\u00f3s 14.20).<\/p>\n<p><strong>7.9-11 <\/strong><em>Lev\u00ed&#8230;Fyrirm\u00e6li um presta&#8230;ekki a\u00f0 h\u00e6tti Arons? <\/em>Sj\u00e1 athugagrein vi\u00f0 7.5. Aron var af \u00e6ttkv\u00edsl Lev\u00ed. Hann hj\u00e1lpa\u00f0i M\u00f3se br\u00f3\u00f0ur s\u00ednum a\u00f0 lei\u00f0a \u00cdsraelsmenn \u00fat \u00far Egyptalandi og var\u00f0 fyrstur manna \u00e6\u00f0sti prestur \u00ed \u00cdsrael (2M\u00f3s 28.1; 4M\u00f3s 18.1-7).<\/p>\n<p><strong>7.13-15 <\/strong><em>Drottinn vor er af J\u00fada \u00e6tt&#8230;l\u00edkur Melk\u00edsedek: <\/em>\u00cd Matteusargu\u00f0spjalli er \u00e6tt J\u00f3sefs \u00ed Nasaret ekki rakin til Lev\u00ed, heldur til J\u00fada, forf\u00f6\u00f0ur Dav\u00ed\u00f0s konungs (1M\u00f3s 49.8-10; Matt 1.1-17). Melk\u00edsedek var alls \u00f3skyldur presta\u00e6ttinni, sem fr\u00e1 Lev\u00ed var komin. H\u00f6fundur Hebreabr\u00e9fsins skrifar, a\u00f0 hvorki Melk\u00edsedek n\u00e9 Jes\u00fas hafi \u00fev\u00ed or\u00f0i\u00f0 \u00e6\u00f0stu prestar samkv\u00e6mt l\u00f6gm\u00e1li M\u00f3se, heldur af \u00fev\u00ed a\u00f0 \u00ed \u00feeim b\u00fdr l\u00edf og kraftur sem \u00fer\u00fdtur ekki (7.16), en \u00fea\u00f0 gildir ekki um prestana af Lev\u00ed\u00e6tt, sem eru dau\u00f0legir menn (7.8).<\/p>\n<p><strong>7.22 <\/strong><em>Jes\u00fas er or\u00f0inn \u00e1byrg\u00f0arma\u00f0ur betri s\u00e1ttm\u00e1la: <\/em>Jes\u00fas er me\u00f0algangari hins n\u00fdja s\u00e1ttm\u00e1la, af \u00fev\u00ed a\u00f0 hann bar fram sj\u00e1lfan sig sem f\u00f3rn fyrir Gu\u00f0i til syndafyrirgefningar. \u00dea\u00f0 \u00fe\u00fd\u00f0ir \u00fe\u00f3 ekki, a\u00f0 gamli s\u00e1ttm\u00e1linn sem reis \u00e1 l\u00f6gm\u00e1li M\u00f3se s\u00e9 a\u00f0 engu or\u00f0inn (Matt 5.17; R\u00f3m 3.31). En allir \u00feeir, sem \u00e1 tr\u00faa \u00e1 Jes\u00fa, hinn mikla \u00e6\u00f0sta prest, munu vissulega sj\u00e1 hj\u00e1lpr\u00e6\u00f0i Gu\u00f0s (Gal 3.1-14).<\/p>\n<p><strong>7.25\u00a0<\/strong><em>til fulls frelsa\u00f0: <\/em>E\u00f0a &#8222;frelsa\u00f0 um eil\u00edfa t\u00ed\u00f0.&#8220;<\/p>\n<p><strong>7.26 <\/strong><em>\u00e6\u00f0sta prests&#8230;syndurum&#8230;himnunum h\u00e6rri: <\/em>Sj\u00e1 athugagreinar vi\u00f0 2.7 og 1.3 (hreinsa\u00f0i okkur af syndum okkar). &#8222;Himnunum h\u00e6rri&#8220; g\u00e6ti \u00fe\u00fdtt &#8222;meiri en englarnir&#8220;.<\/p>\n<p><strong>7.28 <\/strong><em>L\u00f6gm\u00e1li\u00f0 skipar presta&#8230;ei\u00f0urinn&#8230;skipar \u00e6\u00f0sta prest sem er sonur: <\/em>\u00cd l\u00f6gm\u00e1li M\u00f3se er m.a. kve\u00f0i\u00f0 \u00e1 um skyldur prestanna. En fyrirheiti Gu\u00f0s \u00feess efnis, a\u00f0 mannkyni\u00f0 yr\u00f0i leyst fr\u00e1 syndum s\u00ednum, r\u00e6ttist \u00ed syni hans Jes\u00fa Kristi. Sj\u00e1 Slm 110.4 og athugagrein vi\u00f0 2.17.<\/p>\n<p>&nbsp;<\/p>\n","protected":false},"excerpt":{"rendered":"<p>7.1-3 Melk\u00edsedek&#8230;prestur Gu\u00f0s Hins h\u00e6sta&#8230;um aldur: Sj\u00e1 athugagrein vi\u00f0 5.6 <a href=\"https:\/\/biblian.is\/fraedsla\/ritskyring\/hebreabrefid-7-kafli\/\"> [&#8230;]<\/a><\/p>\n","protected":false},"author":1,"featured_media":0,"parent":4829,"menu_order":0,"comment_status":"closed","ping_status":"closed","template":"","meta":{"footnotes":""},"class_list":["post-5700","page","type-page","status-publish","hentry"],"_links":{"self":[{"href":"https:\/\/biblian.is\/fraedsla\/wp-json\/wp\/v2\/pages\/5700","targetHints":{"allow":["GET"]}}],"collection":[{"href":"https:\/\/biblian.is\/fraedsla\/wp-json\/wp\/v2\/pages"}],"about":[{"href":"https:\/\/biblian.is\/fraedsla\/wp-json\/wp\/v2\/types\/page"}],"author":[{"embeddable":true,"href":"https:\/\/biblian.is\/fraedsla\/wp-json\/wp\/v2\/users\/1"}],"replies":[{"embeddable":true,"href":"https:\/\/biblian.is\/fraedsla\/wp-json\/wp\/v2\/comments?post=5700"}],"version-history":[{"count":0,"href":"https:\/\/biblian.is\/fraedsla\/wp-json\/wp\/v2\/pages\/5700\/revisions"}],"up":[{"embeddable":true,"href":"https:\/\/biblian.is\/fraedsla\/wp-json\/wp\/v2\/pages\/4829"}],"wp:attachment":[{"href":"https:\/\/biblian.is\/fraedsla\/wp-json\/wp\/v2\/media?parent=5700"}],"curies":[{"name":"wp","href":"https:\/\/api.w.org\/{rel}","templated":true}]}}