{"id":5696,"date":"2019-06-18T17:16:04","date_gmt":"2019-06-18T17:16:04","guid":{"rendered":"https:\/\/biblian.is\/fraedsla\/?page_id=5696"},"modified":"2026-04-17T13:01:10","modified_gmt":"2026-04-17T13:01:10","slug":"hebreabrefid-5-kafli","status":"publish","type":"page","link":"https:\/\/biblian.is\/fraedsla\/ritskyring\/hebreabrefid-5-kafli\/","title":{"rendered":"Hebreabr\u00e9fi\u00f0 5. kafli"},"content":{"rendered":"<p><strong>5.1-3 <\/strong><em>\u00e6\u00f0sti prestur&#8230;bera fram g\u00e1fur og f\u00f3rnir: <\/em>Sj\u00e1 athugagrein vi\u00f0 2.17 og &#8222;<a href=\"https:\/\/biblian.is\/fraedsla\/ordtakasafn\/prestarnir-i-israel\/\">Prestar \u00ed \u00cdsrael<\/a>&#8222;.<\/p>\n<p><strong>5.4 <\/strong><em>Aron: <\/em>Aron, br\u00f3\u00f0ir M\u00f3se, var af Gu\u00f0i kj\u00f6rinn til \u00feess a\u00f0 ver\u00f0a fyrstur \u00e6\u00f0sti prestur (2M\u00f3s 28.1-29.35).<\/p>\n<p><strong>5.6 <\/strong><em>Melk\u00edsedeks: <\/em>\u00cd Gamla testamenti er Melk\u00edsedek, konungur \u00ed Salem, kalla\u00f0ur prestur Hins h\u00e6sta Gu\u00f0s (1M\u00f3s 14.17-20). Hann blessa\u00f0i Abrahams \u00e6ttf\u00f6\u00f0ur og \u00e1r\u00e9tta\u00f0i s\u00e9rstaka vel\u00fe\u00f3knun Gu\u00f0s \u00ed hans gar\u00f0. \u00dear e\u00f0 andl\u00e1ts Melk\u00edsedeks er ekki geti\u00f0 \u00ed Fyrstu M\u00f3seb\u00f3k, h\u00e9ldu sumir l\u00e6rimeistarar Gy\u00f0inga \u00fev\u00ed fram, a\u00f0 hann mundi lifa a\u00f0 eil\u00edfu. Sj\u00e1 og athugagrein vi\u00f0 7.1-3 og Slm 110.4.<\/p>\n<p><strong>5.9 <\/strong><em>eil\u00edft hj\u00e1lpr\u00e6\u00f0i: <\/em>Sj\u00e1 athugagrein vi\u00f0 1.14.<\/p>\n<h3>Hverfum fr\u00e1 breytni sem lei\u00f0ir til dau\u00f0a<\/h3>\n<p><em>\u00deeir, sem Kristi fylgja, eru \u00e1minntir um a\u00f0 vera sta\u00f0fastir og falla ekki fr\u00e1, halda heldur \u00e1fram a\u00f0 vera sterkir \u00ed tr\u00fanni. \u00deeir eru hvattir til \u00feess a\u00f0 breyta eftir \u00feeim, sem tr\u00faa og eru st\u00f6\u00f0uglyndir.<\/em><\/p>\n<p><strong>5.12 <\/strong><em>mj\u00f3lk en ekki fasta f\u00e6\u00f0u: <\/em>Margir h\u00f6f\u00f0u heyrt fagna\u00f0arbo\u00f0skapinn um Krist, en h\u00f6f\u00f0u a\u00f0eins takmarka\u00f0an skilning \u00e1 honum. \u00deeir \u00feurftu \u00fev\u00ed \u00e1 a\u00f0 halda meiri fr\u00e6\u00f0slu um grundvallaratri\u00f0i tr\u00faarinnar, sem h\u00f6fundur l\u00edkir vi\u00f0 mj\u00f3lkina, sem b\u00f6rnin drekka. \u00deeir, sem \u00feroska\u00f0ri eru or\u00f0nir, skilja betur fr\u00e6\u00f0sluna fyrir lengra komna. Henni l\u00edkir h\u00f6fundur vi\u00f0 fasta f\u00e6\u00f0u handa fullor\u00f0num.<\/p>\n","protected":false},"excerpt":{"rendered":"<p>5.1-3 \u00e6\u00f0sti prestur&#8230;bera fram g\u00e1fur og f\u00f3rnir: Sj\u00e1 athugagrein vi\u00f0 <a href=\"https:\/\/biblian.is\/fraedsla\/ritskyring\/hebreabrefid-5-kafli\/\"> [&#8230;]<\/a><\/p>\n","protected":false},"author":1,"featured_media":0,"parent":4829,"menu_order":0,"comment_status":"closed","ping_status":"closed","template":"","meta":{"footnotes":""},"class_list":["post-5696","page","type-page","status-publish","hentry"],"_links":{"self":[{"href":"https:\/\/biblian.is\/fraedsla\/wp-json\/wp\/v2\/pages\/5696","targetHints":{"allow":["GET"]}}],"collection":[{"href":"https:\/\/biblian.is\/fraedsla\/wp-json\/wp\/v2\/pages"}],"about":[{"href":"https:\/\/biblian.is\/fraedsla\/wp-json\/wp\/v2\/types\/page"}],"author":[{"embeddable":true,"href":"https:\/\/biblian.is\/fraedsla\/wp-json\/wp\/v2\/users\/1"}],"replies":[{"embeddable":true,"href":"https:\/\/biblian.is\/fraedsla\/wp-json\/wp\/v2\/comments?post=5696"}],"version-history":[{"count":0,"href":"https:\/\/biblian.is\/fraedsla\/wp-json\/wp\/v2\/pages\/5696\/revisions"}],"up":[{"embeddable":true,"href":"https:\/\/biblian.is\/fraedsla\/wp-json\/wp\/v2\/pages\/4829"}],"wp:attachment":[{"href":"https:\/\/biblian.is\/fraedsla\/wp-json\/wp\/v2\/media?parent=5696"}],"curies":[{"name":"wp","href":"https:\/\/api.w.org\/{rel}","templated":true}]}}