{"id":5694,"date":"2019-06-18T17:15:05","date_gmt":"2019-06-18T17:15:05","guid":{"rendered":"https:\/\/biblian.is\/fraedsla\/?page_id=5694"},"modified":"2022-12-16T13:59:00","modified_gmt":"2022-12-16T13:59:00","slug":"hebreabrefid-4-kafli","status":"publish","type":"page","link":"https:\/\/biblian.is\/fraedsla\/ritskyring\/hebreabrefid-4-kafli\/","title":{"rendered":"Hebreabr\u00e9fi\u00f0 4. kafli"},"content":{"rendered":"<p><strong>4.1 <\/strong><em>til hv\u00edldar hans: <\/em>\u00deegar \u00cdsraelsmenn fl\u00fd\u00f0u fr\u00e1 Egyptalandi var fer\u00f0inni heiti\u00f0 til Kanaanslands. \u00dear vonu\u00f0ust \u00feeir til a\u00f0 f\u00e1 a\u00f0 b\u00faa vi\u00f0 frelsi, fri\u00f0 og fars\u00e6ld. En \u00feeir, sem \u00f3hl\u00fd\u00f0nu\u00f0ust Drottni \u00e1 ey\u00f0imerkurg\u00f6ngunni, fengu ekki a\u00f0 fara inn \u00ed fyrirheitna landi\u00f0 (sj\u00e1 athugagrein vi\u00f0 3.16). Gu\u00f0 hefur b\u00fai\u00f0 \u00feeim, sem tr\u00faa \u00e1 Krist, sta\u00f0 \u00e1 himnum \u00fear sem \u00feeir munu f\u00e1 a\u00f0 hv\u00edlast fr\u00e1 erfi\u00f0i s\u00ednu og vera heima hj\u00e1 Drottni a\u00f0 eil\u00edfu. Sj\u00e1 og &#8222;<a href=\"https:\/\/biblian.is\/fraedsla\/ordtakasafn\/eilift-lif\/\">Eil\u00edft l\u00edf<\/a>&#8222;.<\/p>\n<p><strong>4.7 <\/strong><em>Dav\u00ed\u00f0s: <\/em>Dav\u00ed\u00f0 sat \u00e1 valdast\u00f3li um 1000 \u00e1rum fyrir Krists bur\u00f0 og var af m\u00f6rgum talinn mestur konunga \u00cdsraelsmanna.<\/p>\n<p><strong>4.8 <\/strong><em>J\u00f3s\u00faa: <\/em>\u00c1\u00f0ur en M\u00f3se anda\u00f0ist var J\u00f3s\u00faa kj\u00f6rinn eftirma\u00f0ur hans og kom \u00fea\u00f0 hans hlut a\u00f0 lei\u00f0a \u00cdsraelsmenn inn \u00ed Kanaansland (5M\u00f3s 31.1-8). \u00deeir t\u00f3ku megni\u00f0 af landinu til eignar og lif\u00f0u stundum fri\u00f0art\u00edma (J\u00f3s 21.44), \u00fe\u00f3tt &#8222;hv\u00edldin&#8220; bi\u00f0i betri t\u00edma.<\/p>\n<p><strong>4.9,10 <\/strong><em>sabbatshv\u00edld: <\/em>H\u00f6fundur l\u00edkir &#8222;hv\u00edld Gu\u00f0s&#8220; vi\u00f0 hv\u00edldardag Gy\u00f0inga (sabbatinn). Sj\u00e1 &#8222;Dagatal Gy\u00f0inga og h\u00e1t\u00ed\u00f0ar \u00feeirra&#8220;. Or\u00f0i\u00f0 &#8222;sabbat&#8220; \u00fe\u00fd\u00f0ir &#8222;hv\u00edld&#8220; e\u00f0a &#8222;hl\u00e9 fr\u00e1 st\u00f6rfum&#8220; og bar hverjum manni a\u00f0 halda hv\u00edldardaginn heilagan (2M\u00f3s 20.8-11; 5M\u00f3s 5.12-15).<\/p>\n<p><strong>4.11 <\/strong><em>til \u00feessarar hv\u00edldar: <\/em>Sj\u00e1 athugagrein vi\u00f0 4.1. H\u00f6fundur minnir \u00e1, a\u00f0 \u00feeir sem sem hafna Drottni og tr\u00faa ekki \u00e1 Krist, muni ekki f\u00e1 a\u00f0 ganga inn til hv\u00edldar Gu\u00f0s.<\/p>\n<p><strong>4.12 <\/strong><em>tv\u00edeggju\u00f0u sver\u00f0i: <\/em>Hi\u00f0 kr\u00f6ftuga or\u00f0 Gu\u00f0s getur veri\u00f0 d\u00f3msor\u00f0, sem sm\u00fdgur l\u00edkt og h\u00e1rbeitt sver\u00f0 inn \u00ed s\u00e1larfylgsni manna, greinir a\u00f0 gott og illt, og d\u00e6mir hugsanir, or\u00f0 og ger\u00f0ir. Fyrir gu\u00f0sor\u00f0inu ver\u00f0a engir hlutir faldir.<\/p>\n<p><strong>4.12\u00a0<\/strong><em>hjartans: <\/em>Til forna var \u00e1liti\u00f0, a\u00f0 hugsanir manna, vilji \u00feeirra og tilfinningar byggju \u00ed hjartanu.<\/p>\n<h3>Vi\u00f0 h\u00f6fum mikinn \u00e6\u00f0sta prest, Jes\u00fa Gu\u00f0s son.<\/h3>\n<p><em>Gu\u00f0 setti Jes\u00fa Krist til a\u00f0 vera hinn mikla \u00e6\u00f0sta prest. Hann l\u00e6r\u00f0i a\u00f0 hl\u00fd\u00f0a me\u00f0 \u00fev\u00ed a\u00f0 \u00fej\u00e1st og gefur \u00f6llum sem honum fylgja eil\u00edft hj\u00e1lpr\u00e6\u00f0i.<\/em><\/p>\n<p><strong>4.14 <\/strong><em>\u00e6\u00f0sta prest&#8230;Jes\u00fa Gu\u00f0s son: <\/em>Sj\u00e1 athugagrein vi\u00f0 2.17 og &#8222;<a href=\"https:\/\/biblian.is\/fraedsla\/ordtakasafn\/guds-sonur\/\">Gu\u00f0s sonur<\/a>&#8222;. Sj\u00e1 og J\u00f3h 17.1-5; Post 1.6-11; Ef 1.19-22.<\/p>\n<p><strong>4.15 <\/strong><em>\u00e1n syndar: <\/em>Sj\u00e1 athugagrein vi\u00f0 1.3 (hreinsa\u00f0i okkur a\u00f0 syndum okkar). Sj\u00e1 og L\u00fak 4.1-13.<\/p>\n","protected":false},"excerpt":{"rendered":"<p>4.1 til hv\u00edldar hans: \u00deegar \u00cdsraelsmenn fl\u00fd\u00f0u fr\u00e1 Egyptalandi var <a href=\"https:\/\/biblian.is\/fraedsla\/ritskyring\/hebreabrefid-4-kafli\/\"> [&#8230;]<\/a><\/p>\n","protected":false},"author":1,"featured_media":0,"parent":4829,"menu_order":0,"comment_status":"closed","ping_status":"closed","template":"","meta":{"footnotes":""},"class_list":["post-5694","page","type-page","status-publish","hentry"],"_links":{"self":[{"href":"https:\/\/biblian.is\/fraedsla\/wp-json\/wp\/v2\/pages\/5694","targetHints":{"allow":["GET"]}}],"collection":[{"href":"https:\/\/biblian.is\/fraedsla\/wp-json\/wp\/v2\/pages"}],"about":[{"href":"https:\/\/biblian.is\/fraedsla\/wp-json\/wp\/v2\/types\/page"}],"author":[{"embeddable":true,"href":"https:\/\/biblian.is\/fraedsla\/wp-json\/wp\/v2\/users\/1"}],"replies":[{"embeddable":true,"href":"https:\/\/biblian.is\/fraedsla\/wp-json\/wp\/v2\/comments?post=5694"}],"version-history":[{"count":0,"href":"https:\/\/biblian.is\/fraedsla\/wp-json\/wp\/v2\/pages\/5694\/revisions"}],"up":[{"embeddable":true,"href":"https:\/\/biblian.is\/fraedsla\/wp-json\/wp\/v2\/pages\/4829"}],"wp:attachment":[{"href":"https:\/\/biblian.is\/fraedsla\/wp-json\/wp\/v2\/media?parent=5694"}],"curies":[{"name":"wp","href":"https:\/\/api.w.org\/{rel}","templated":true}]}}