{"id":5692,"date":"2019-06-18T17:13:37","date_gmt":"2019-06-18T17:13:37","guid":{"rendered":"https:\/\/biblian.is\/fraedsla\/?page_id=5692"},"modified":"2026-04-17T13:01:10","modified_gmt":"2026-04-17T13:01:10","slug":"hebreabrefid-3-kafli","status":"publish","type":"page","link":"https:\/\/biblian.is\/fraedsla\/ritskyring\/hebreabrefid-3-kafli\/","title":{"rendered":"Hebreabr\u00e9fi\u00f0 3. kafli"},"content":{"rendered":"<p><strong>3.1 <\/strong><em>Jes\u00fa, postula og \u00e6\u00f0sta prests: <\/em>Or\u00f0i\u00f0 postuli \u00fe\u00fd\u00f0ir sendima\u00f0ur. Hann rekur erindi yfirmanns s\u00edns. Sj\u00e1 og athugagrein vi\u00f0 2.17.<\/p>\n<p><strong>3.2 <\/strong><em>\u00f6llu: <\/em>\u00deetta or\u00f0 vantar \u00ed sum handrit.<\/p>\n<p><strong>3.5 <\/strong><em>M\u00f3se var a\u00f0 s\u00f6nnu tr\u00far: <\/em>Sj\u00e1 &#8222;<a href=\"https:\/\/biblian.is\/fraedsla\/ordtakasafn\/mose\/\">M\u00f3se<\/a>&#8222;.<\/p>\n<p><strong>3.6 <\/strong><em>Kristur: <\/em>&#8222;Kristur&#8220; er \u00e1 gr\u00edsku <em>christos<\/em>og er s\u00f6mu merkingar og hebreska or\u00f0i\u00f0 <em>Mess\u00edas<\/em>, sem \u00fe\u00fd\u00f0ir &#8222;hinn smur\u00f0i&#8220; e\u00f0a &#8222;\u00fatvaldi.&#8220; Gu\u00f0 sendi einkason sinn, Jes\u00fa Krist, til \u00feess a\u00f0 lei\u00f0a l\u00fd\u00f0 sinn.<\/p>\n<p><em>H\u00e9r r\u00e6\u00f0ur h\u00f6fundur lesendum fr\u00e1 \u00fev\u00ed a\u00f0 \u00f3hl\u00fd\u00f0nast Gu\u00f0i, en hvetur \u00fe\u00e1 til \u00feess a\u00f0 halda fast vi\u00f0 tr\u00fana, svo a\u00f0 \u00feeir f\u00e1i a\u00f0 ganga inn til hv\u00edldar Drottins.<\/em><\/p>\n<p><strong>3.7 <\/strong><em>heilagur andi: <\/em>Sj\u00e1 athugagrein vi\u00f0 2.4 (<a href=\"https:\/\/biblian.is\/fraedsla\/ordtakasafn\/heilagur-andi\/\">heilags anda<\/a>).<\/p>\n<p><strong>3.8,9\u00a0<\/strong><em>forher\u00f0i\u00f0 ekki hj\u00f6rtu y\u00f0ar eins og \u00ed ey\u00f0im\u00f6rkinni&#8230;(fe\u00f0ur y\u00f0ar) freistu\u00f0u m\u00edn: <\/em>Eftir a\u00f0 \u00cdsralelsmenn fl\u00fd\u00f0u fr\u00e1 Egyptalandi reiku\u00f0u \u00feeir um ey\u00f0im\u00f6rkina \u00ed fj\u00f6rut\u00edu \u00e1r. \u00deeir freistu\u00f0u Drottins me\u00f0 \u00fev\u00ed a\u00f0 kveina fyrir augliti hans og \u00f3hl\u00fd\u00f0nast bo\u00f0um hans (2M\u00f3s 15.23; 17.7; 5M\u00f3s 6.16; 4M\u00f3s 14.21-23).<\/p>\n<p><strong>3.13\u00a0<\/strong><em>syndarinnar: <\/em>Sj\u00e1 athugagrein vi\u00f01.3 (hreinsa\u00f0i okkur af syndum okkar).<\/p>\n<p><strong>3.16\u00a0<\/strong><em>\u00fat af Egyptalandi: <\/em>Sj\u00e1 athugagrein vi\u00f0 3.8,9. F\u00e6st af f\u00f3lkinu f\u00e9kk a\u00f0 fara inn \u00ed fyrirheitna\u00f0 landi\u00f0 Kanaan, vegna \u00feess hve margir h\u00f6f\u00f0u m\u00f6gla\u00f0 gegn Drottni og \u00f3hl\u00fd\u00f0nast honum (4M\u00f3s 14.1-35).<\/p>\n","protected":false},"excerpt":{"rendered":"<p>3.1 Jes\u00fa, postula og \u00e6\u00f0sta prests: Or\u00f0i\u00f0 postuli \u00fe\u00fd\u00f0ir sendima\u00f0ur. <a href=\"https:\/\/biblian.is\/fraedsla\/ritskyring\/hebreabrefid-3-kafli\/\"> [&#8230;]<\/a><\/p>\n","protected":false},"author":1,"featured_media":0,"parent":4829,"menu_order":0,"comment_status":"closed","ping_status":"closed","template":"","meta":{"footnotes":""},"class_list":["post-5692","page","type-page","status-publish","hentry"],"_links":{"self":[{"href":"https:\/\/biblian.is\/fraedsla\/wp-json\/wp\/v2\/pages\/5692","targetHints":{"allow":["GET"]}}],"collection":[{"href":"https:\/\/biblian.is\/fraedsla\/wp-json\/wp\/v2\/pages"}],"about":[{"href":"https:\/\/biblian.is\/fraedsla\/wp-json\/wp\/v2\/types\/page"}],"author":[{"embeddable":true,"href":"https:\/\/biblian.is\/fraedsla\/wp-json\/wp\/v2\/users\/1"}],"replies":[{"embeddable":true,"href":"https:\/\/biblian.is\/fraedsla\/wp-json\/wp\/v2\/comments?post=5692"}],"version-history":[{"count":0,"href":"https:\/\/biblian.is\/fraedsla\/wp-json\/wp\/v2\/pages\/5692\/revisions"}],"up":[{"embeddable":true,"href":"https:\/\/biblian.is\/fraedsla\/wp-json\/wp\/v2\/pages\/4829"}],"wp:attachment":[{"href":"https:\/\/biblian.is\/fraedsla\/wp-json\/wp\/v2\/media?parent=5692"}],"curies":[{"name":"wp","href":"https:\/\/api.w.org\/{rel}","templated":true}]}}