{"id":5670,"date":"2019-06-17T14:53:18","date_gmt":"2019-06-17T14:53:18","guid":{"rendered":"https:\/\/biblian.is\/fraedsla\/?page_id=5670"},"modified":"2025-06-27T02:06:54","modified_gmt":"2025-06-27T02:06:54","slug":"titusarbrefid-3-kafli","status":"publish","type":"page","link":"https:\/\/biblian.is\/fraedsla\/ritskyring\/titusarbrefid-3-kafli\/","title":{"rendered":"T\u00edtusarbr\u00e9fi\u00f0 3. kafli"},"content":{"rendered":"<p><strong>3.1 <\/strong><em>a\u00f0 l\u00fata h\u00f6f\u00f0ingjum og yfirv\u00f6ldum: <\/em>L\u00e6risveinum Jes\u00fa ber a\u00f0 hl\u00fd\u00f0a yfirv\u00f6ldum af \u00fev\u00ed a\u00f0 \u00feau eru \u00fej\u00f3nar Gu\u00f0s. Yfirv\u00f6ldin g\u00e6tu banna\u00f0 l\u00e6risveinunum a\u00f0 koma saman, e\u00f0a jafnvel teki\u00f0 \u00fe\u00e1 af l\u00edfi, ef \u00feeir risu \u00ed einhverju gegn \u00feeim. \u00dea\u00f0 g\u00e6ti au\u00f0veldlega komi\u00f0 \u00ed veg fyrir, a\u00f0 fagna\u00f0arerindi\u00f0 breiddist \u00fat um r\u00f3mverska heimsveldi\u00f0.<\/p>\n<p><strong>3.5 <\/strong><em>laug endurf\u00e6\u00f0ingar og endurn\u00fdjunar heilags anda: <\/em>H\u00e9r er \u00e1tt vi\u00f0 sk\u00edrnina. P\u00e1ll kenndi, a\u00f0 \u00ed sk\u00edrninni risu l\u00e6risveinar Krists upp l\u00edkt og Kristur, og \u00e6ttu eftir \u00fea\u00f0 a\u00f0 lifa n\u00fdju l\u00edfi (sj\u00e1 R\u00f3m 6.3-5). \u00dea\u00f0 er &#8222;endurn\u00fdjun heilags anda&#8220;, sem h\u00e9r r\u00e6\u00f0ir um \u00ed 3.5. Sj\u00e1 og &#8222;<a href=\"https:\/\/biblian.is\/fraedsla\/ordtakasafn\/skirn\/\">Sk\u00edrn<\/a>&#8220; og &#8222;<a href=\"https:\/\/biblian.is\/fraedsla\/ordtakasafn\/heilagur-andi\/\">Heilagur andi<\/a>&#8222;.<\/p>\n<p><strong>3.9 <\/strong><em>heimskulegar \u00fer\u00e6tur&#8230;l\u00f6gm\u00e1lsst\u00e6lur: <\/em>Sj\u00e1 athugagreinar vi\u00f0 1.10,11 og 1.14.<\/p>\n<p><strong>3.11\u00a0<\/strong><em>syndugur: <\/em>Sj\u00e1 &#8222;<a href=\"https:\/\/biblian.is\/fraedsla\/ordtakasafn\/synd\/\">Synd<\/a>&#8222;.<\/p>\n<p><strong>3.12 <\/strong><em>Artemas&#8230;T\u00fdk\u00edkus: <\/em>Artemas er hvergi nefndur \u00ed N\u00fdja testamenti nema h\u00e9r. T\u00fdk\u00edkus var einn samverkamanna P\u00e1ls, sem f\u00f3l honum a\u00f0 bera bo\u00f0 og f\u00e6ra s\u00e9r fr\u00e9ttir (Post 20.4; Ef 6.21,22; K\u00f3l 4.7,8 og 2T\u00edm 4.12).<\/p>\n<p><strong>3.12 <\/strong><em>Nik\u00f3p\u00f3lis: <\/em>Hafnarb\u00e6r \u00e1 vesturstr\u00f6nd Akkeu. Siglingar \u00e1 Mi\u00f0jar\u00f0arhafi g\u00e1tu veri\u00f0 st\u00f3rh\u00e6ttulegar a\u00f0 vetri til. S\u00fa getur hafa veri\u00f0 ors\u00f6k til \u00feess a\u00f0 h\u00f6fundur \u00e1kva\u00f0 a\u00f0 hafa vetursetu \u00ed Nik\u00f3p\u00f3lis.<\/p>\n<p><strong>3.13\u00a0<\/strong><em>Senasar&#8230;Apoll\u00f3ss: <\/em>Senas er hvergi nefndur \u00ed N\u00fdja testamenti nema h\u00e9r. Apoll\u00f3s \u00feessi kann a\u00f0 vera s\u00e1 sami og r\u00e6tt er um \u00ed 1Kor 3.1-9; 16.12 og Post 18.24.<\/p>\n<p><strong>3.15 <\/strong><em>N\u00e1\u00f0: <\/em>Gr\u00edska or\u00f0i\u00f0 <em>charis<\/em>, sem \u00fe\u00fdtt er \u00e1 \u00edslensku me\u00f0 &#8222;n\u00e1\u00f0&#8220; merkir h\u00e9r sem annars sta\u00f0ar velgj\u00f6r\u00f0ir, \u00f3ver\u00f0skulda\u00f0a g\u00e6sku og miskunnsemd Drottins.<\/p>\n","protected":false},"excerpt":{"rendered":"<p>3.1 a\u00f0 l\u00fata h\u00f6f\u00f0ingjum og yfirv\u00f6ldum: L\u00e6risveinum Jes\u00fa ber a\u00f0 <a href=\"https:\/\/biblian.is\/fraedsla\/ritskyring\/titusarbrefid-3-kafli\/\"> [&#8230;]<\/a><\/p>\n","protected":false},"author":1,"featured_media":0,"parent":4829,"menu_order":0,"comment_status":"closed","ping_status":"closed","template":"","meta":{"footnotes":""},"class_list":["post-5670","page","type-page","status-publish","hentry"],"_links":{"self":[{"href":"https:\/\/biblian.is\/fraedsla\/wp-json\/wp\/v2\/pages\/5670","targetHints":{"allow":["GET"]}}],"collection":[{"href":"https:\/\/biblian.is\/fraedsla\/wp-json\/wp\/v2\/pages"}],"about":[{"href":"https:\/\/biblian.is\/fraedsla\/wp-json\/wp\/v2\/types\/page"}],"author":[{"embeddable":true,"href":"https:\/\/biblian.is\/fraedsla\/wp-json\/wp\/v2\/users\/1"}],"replies":[{"embeddable":true,"href":"https:\/\/biblian.is\/fraedsla\/wp-json\/wp\/v2\/comments?post=5670"}],"version-history":[{"count":0,"href":"https:\/\/biblian.is\/fraedsla\/wp-json\/wp\/v2\/pages\/5670\/revisions"}],"up":[{"embeddable":true,"href":"https:\/\/biblian.is\/fraedsla\/wp-json\/wp\/v2\/pages\/4829"}],"wp:attachment":[{"href":"https:\/\/biblian.is\/fraedsla\/wp-json\/wp\/v2\/media?parent=5670"}],"curies":[{"name":"wp","href":"https:\/\/api.w.org\/{rel}","templated":true}]}}