{"id":5668,"date":"2019-06-17T14:52:10","date_gmt":"2019-06-17T14:52:10","guid":{"rendered":"https:\/\/biblian.is\/fraedsla\/?page_id=5668"},"modified":"2025-06-27T02:06:54","modified_gmt":"2025-06-27T02:06:54","slug":"titusarbrefid-2-kafli","status":"publish","type":"page","link":"https:\/\/biblian.is\/fraedsla\/ritskyring\/titusarbrefid-2-kafli\/","title":{"rendered":"T\u00edtusarbr\u00e9fi\u00f0 2. kafli"},"content":{"rendered":"<p><strong>2.3\u00a0<\/strong><em>\u00e1nau\u00f0 ofdrykkjunnar: <\/em>Alsi\u00f0a var, a\u00f0 menn neyttu v\u00edns a\u00f0 fornu, og \u00fe\u00f3tti ekki \u00e1m\u00e6lisvert. En s\u00e1, sem skenkti meiru \u00e1 hj\u00e1 s\u00e9r en g\u00f3\u00f0u h\u00f3fi gegndi, e\u00f0a drakk jafnvel fr\u00e1 s\u00e9r vit og r\u00e6nu, m\u00e1tti me\u00f0 r\u00e9ttu heita \u00ed &#8222;\u00e1nau\u00f0 ofdrykkjunnar.&#8220; Sj\u00e1 og 1T\u00edm 3.8.<\/p>\n<p><strong>2.4,5 <\/strong><em>hinar ungu&#8230;sk\u00edrl\u00edfar: <\/em>\u00cd \u00feann t\u00ed\u00f0 skyldu konur vera eiginm\u00f6nnum s\u00ednum undirgefnar. Var liti\u00f0 svo \u00e1, a\u00f0 hollusta vi\u00f0 heimili, b\u00f3nda og b\u00f6rn jafngilti \u00fej\u00f3nustu vi\u00f0 sj\u00e1lfan frelsarann Jes\u00fa Krist (Ef 5.21-25).<\/p>\n<p><strong>2.9 <\/strong><em>\u00fer\u00e6la&#8230;h\u00fasb\u00e6ndum: <\/em>H\u00f6fundur bi\u00f0ur T\u00edtus a\u00f0 hvetja \u00fer\u00e6la til \u00feess a\u00f0 vera eigendum s\u00ednum tr\u00fair og h\u00fasb\u00e6ndurna a\u00f0 s\u00ednu leyti milda og g\u00f3\u00f0a \u00fer\u00e6lunum (Ef 6.5-9). Sj\u00e1 og &#8222;<a href=\"https:\/\/biblian.is\/fraedsla\/samtidarsaga-bibliunnar\/thraelar-og-thjonustufolk-a-dogum-jesu\/\">\u00der\u00e6lar og \u00fej\u00f3nustuf\u00f3lk \u00e1 d\u00f6gum Jes\u00fa<\/a>&#8222;.<\/p>\n<p><strong>2.11 <\/strong><em>s\u00e1luhj\u00e1lpar \u00f6llum m\u00f6nnum: <\/em>&#8222;A\u00f0 frelsast&#8220; merkir a\u00f0 ma\u00f0urinn &#8222;losnar fr\u00e1 synd og hvers kyns illsku&#8220; vegna \u00feess sem Gu\u00f0 hefur fyrir hann gert og gerir enn. \u00deannig hlotnast m\u00f6nnum &#8222;s\u00e1luhj\u00e1lp.&#8220; M\u00e1 einnig or\u00f0a svo: &#8222;A\u00f0 \u00f6\u00f0last eil\u00edft l\u00edf.&#8220; Sj\u00e1 og &#8222;<a href=\"https:\/\/biblian.is\/fraedsla\/ordtakasafn\/hjalpraedi\/\">K\u00e6rleikur Gu\u00f0s frelsar (Hj\u00e1lpr\u00e6\u00f0i)<\/a>&#8222;.<\/p>\n<p><strong>2.13\u00a0<\/strong><em>Gu\u00f0 og frelsari vor Jes\u00fas Kristur opinberist \u00ed d\u00fdr\u00f0 sinni: <\/em>\u00cd br\u00e9fum s\u00ednum minnist P\u00e1ll oft \u00e1 daginn, \u00feegar Jes\u00fas kemur aftur (1Kor 15.20-28; Fil 1.10; 2.16; 3.20,21). Sj\u00e1 og &#8222;<a href=\"https:\/\/biblian.is\/fraedsla\/ordtakasafn\/endurkoma-drottins-jesu\/\">Endurkoman<\/a>&#8222;.<\/p>\n<p>&nbsp;<\/p>\n","protected":false},"excerpt":{"rendered":"<p>2.3\u00a0\u00e1nau\u00f0 ofdrykkjunnar: Alsi\u00f0a var, a\u00f0 menn neyttu v\u00edns a\u00f0 fornu, <a href=\"https:\/\/biblian.is\/fraedsla\/ritskyring\/titusarbrefid-2-kafli\/\"> [&#8230;]<\/a><\/p>\n","protected":false},"author":1,"featured_media":0,"parent":4829,"menu_order":0,"comment_status":"closed","ping_status":"closed","template":"","meta":{"footnotes":""},"class_list":["post-5668","page","type-page","status-publish","hentry"],"_links":{"self":[{"href":"https:\/\/biblian.is\/fraedsla\/wp-json\/wp\/v2\/pages\/5668","targetHints":{"allow":["GET"]}}],"collection":[{"href":"https:\/\/biblian.is\/fraedsla\/wp-json\/wp\/v2\/pages"}],"about":[{"href":"https:\/\/biblian.is\/fraedsla\/wp-json\/wp\/v2\/types\/page"}],"author":[{"embeddable":true,"href":"https:\/\/biblian.is\/fraedsla\/wp-json\/wp\/v2\/users\/1"}],"replies":[{"embeddable":true,"href":"https:\/\/biblian.is\/fraedsla\/wp-json\/wp\/v2\/comments?post=5668"}],"version-history":[{"count":0,"href":"https:\/\/biblian.is\/fraedsla\/wp-json\/wp\/v2\/pages\/5668\/revisions"}],"up":[{"embeddable":true,"href":"https:\/\/biblian.is\/fraedsla\/wp-json\/wp\/v2\/pages\/4829"}],"wp:attachment":[{"href":"https:\/\/biblian.is\/fraedsla\/wp-json\/wp\/v2\/media?parent=5668"}],"curies":[{"name":"wp","href":"https:\/\/api.w.org\/{rel}","templated":true}]}}