{"id":5662,"date":"2019-06-17T14:45:49","date_gmt":"2019-06-17T14:45:49","guid":{"rendered":"https:\/\/biblian.is\/fraedsla\/?page_id=5662"},"modified":"2025-06-27T02:12:20","modified_gmt":"2025-06-27T02:12:20","slug":"sidara-timoteusarbref-4-kafli","status":"publish","type":"page","link":"https:\/\/biblian.is\/fraedsla\/ritskyring\/sidara-timoteusarbref-4-kafli\/","title":{"rendered":"S\u00ed\u00f0ara T\u00edm\u00f3teusarbr\u00e9f 4. kafli"},"content":{"rendered":"<p><strong>4.1 <\/strong><em>endurkomu hans og r\u00edki: <\/em>Sj\u00e1 athugagrein vi\u00f0 3.1 (\u00e1 s\u00ed\u00f0ustu d\u00f6gum). Sj\u00e1 og Fil 3.20;4.5 og &#8222;<a href=\"https:\/\/biblian.is\/fraedsla\/ordtakasafn\/endurkoma-drottins-jesu\/\">Endurkoman<\/a>&#8222;.<\/p>\n<p><strong>4.4\u00a0<\/strong><em>kynjas\u00f6gum: <\/em>Sj\u00e1 athugagreinar vi\u00f0 2.16-18 og 1T\u00edm 1.3,4.<\/p>\n<p><strong>4.5 <\/strong><em>fagna\u00f0arbo\u00f0a: <\/em>Sj\u00e1 athugagrein vi\u00f0 1.8 (fagna\u00f0arerindisins).<\/p>\n<p><strong>4.6\u00a0<\/strong><em>f\u00f3rnf\u00e6rt: <\/em>Prestar \u00ed \u00cdsrael f\u00e6r\u00f0u dreypif\u00f3rnir, brennif\u00f3rnir og heillaf\u00f3rnir \u00e1 altari musterisins \u00ed Jer\u00fasalem. Sj\u00e1 4M\u00f3s 28.7; 1Kon 9.25; Fil 2.17. Postulinn b\u00fdst vi\u00f0 a\u00f0 \u00e6vi hans muni senn \u00e1 enda runnin.<\/p>\n<p><strong>4.7,8\u00a0<\/strong><em>fullna\u00f0 skei\u00f0i\u00f0&#8230;sveigur r\u00e9ttl\u00e6tisins: <\/em>\u00deeir sem f\u00f3ru me\u00f0 sigur af h\u00f3lmi \u00ed \u00ed\u00fer\u00f3ttakeppnum til forna hlutu \u00ed ver\u00f0laun krans \u00far gr\u00e6nu laufi. \u00dear kemur, a\u00f0 laufin visna, en s\u00e1 sigursveigur sem l\u00e6risveinar Jes\u00fa hlj\u00f3ta a\u00f0 launum fyrir a\u00f0 standa st\u00f6\u00f0ugir allt til enda, hann varir um eil\u00edfa t\u00ed\u00f0. Sj\u00e1 og 1Kor 9.25; 1P\u00e9t 5.4; Opb 3.11.<\/p>\n<p><strong>4.8 <\/strong><em>\u00e1 \u00feeim degi: <\/em>\u00c1 degi d\u00f3msins, efsta degi. Sj\u00e1 athugagrein vi\u00f0 4.1.<\/p>\n<h3>Heilr\u00e6\u00f0i a\u00f0 lokum og kve\u00f0jur<\/h3>\n<p><em>P\u00e1ll heitir \u00e1 T\u00edm\u00f3teus a\u00f0 vitja s\u00edn \u00ed fangelsinu. Hann nefnir me\u00f0 nafni f\u00f3lk, sem T\u00edm\u00f3teusi er kunnugt, og l\u00e6tur \u00fdmis fyrirm\u00e6li og bei\u00f0nir flj\u00f3ta me\u00f0. Br\u00e9finu l\u00fdkur svo me\u00f0 kve\u00f0jum.<\/em><\/p>\n<p><strong>4.10\u00a0<\/strong><em>Demas&#8230;Dalmat\u00edu: <\/em>Demes er og nefndur \u00ed K\u00f3l 4.14 og Flm 24, en Kreskesar er hvergi annars sta\u00f0ar geti\u00f0 \u00ed Bibl\u00edunni. T\u00edtus var einn traustasti samherji P\u00e1ls (2Kor 7.5-7, 13.-16; 8.1-24; 12.14-18; Gal 2.1-3; T\u00edtus 1.4).<\/p>\n<p><strong>4.11-13\u00a0<\/strong><em>L\u00fakas&#8230;Karpusi: <\/em>Um L\u00fakas sj\u00e1 innganginn a\u00f0 Postulas\u00f6gunni \u00e1 bls. 2005. Sj\u00e1 og K\u00f3l 4.14; Flm 24. Mark\u00fas kann a\u00f0 vera J\u00f3hannes Mark\u00fas, fer\u00f0af\u00e9lagi P\u00e1ls (Post 12.12,25; 13.13; 15.37-39). Um T\u00fdk\u00edkus sj\u00e1 Post 20.4; Ef 6.21,22;K\u00f3l 4.7,8; T\u00edt 3.12. Karpus er hvergi annars sta\u00f0ar nefndur \u00e1 nafn.<\/p>\n<p><strong>4.13\u00a0<\/strong><em>b\u00e6kurnar, einkanlega skinnb\u00e6kurnar: <\/em><span style=\"color: #ff0000;\"><strong>Yfirlitstexta um &#8222;B\u00f3krollur&#8220; vantar.<\/strong><\/span><\/p>\n<p><strong>4.17 <\/strong><em>\u00far gini lj\u00f3nsins: <\/em>Ekki er vita\u00f0 hvort h\u00f6fundur \u00e1 h\u00e9r vi\u00f0 lj\u00f3n \u00ed b\u00f3kstaflegri merkingu e\u00f0a hvort honum eru \u00ed hug mennirnir, sem voru andst\u00e6\u00f0ingar P\u00e1ls. Sj\u00e1 og 1Kor 15.32.<\/p>\n<p>&nbsp;<\/p>\n","protected":false},"excerpt":{"rendered":"<p>4.1 endurkomu hans og r\u00edki: Sj\u00e1 athugagrein vi\u00f0 3.1 (\u00e1 <a href=\"https:\/\/biblian.is\/fraedsla\/ritskyring\/sidara-timoteusarbref-4-kafli\/\"> [&#8230;]<\/a><\/p>\n","protected":false},"author":1,"featured_media":0,"parent":4829,"menu_order":0,"comment_status":"closed","ping_status":"closed","template":"","meta":{"footnotes":""},"class_list":["post-5662","page","type-page","status-publish","hentry"],"_links":{"self":[{"href":"https:\/\/biblian.is\/fraedsla\/wp-json\/wp\/v2\/pages\/5662","targetHints":{"allow":["GET"]}}],"collection":[{"href":"https:\/\/biblian.is\/fraedsla\/wp-json\/wp\/v2\/pages"}],"about":[{"href":"https:\/\/biblian.is\/fraedsla\/wp-json\/wp\/v2\/types\/page"}],"author":[{"embeddable":true,"href":"https:\/\/biblian.is\/fraedsla\/wp-json\/wp\/v2\/users\/1"}],"replies":[{"embeddable":true,"href":"https:\/\/biblian.is\/fraedsla\/wp-json\/wp\/v2\/comments?post=5662"}],"version-history":[{"count":0,"href":"https:\/\/biblian.is\/fraedsla\/wp-json\/wp\/v2\/pages\/5662\/revisions"}],"up":[{"embeddable":true,"href":"https:\/\/biblian.is\/fraedsla\/wp-json\/wp\/v2\/pages\/4829"}],"wp:attachment":[{"href":"https:\/\/biblian.is\/fraedsla\/wp-json\/wp\/v2\/media?parent=5662"}],"curies":[{"name":"wp","href":"https:\/\/api.w.org\/{rel}","templated":true}]}}