{"id":5658,"date":"2019-06-17T14:43:30","date_gmt":"2019-06-17T14:43:30","guid":{"rendered":"https:\/\/biblian.is\/fraedsla\/?page_id=5658"},"modified":"2025-06-27T02:10:13","modified_gmt":"2025-06-27T02:10:13","slug":"sidara-timoteusarbref-3-kafli","status":"publish","type":"page","link":"https:\/\/biblian.is\/fraedsla\/ritskyring\/sidara-timoteusarbref-3-kafli\/","title":{"rendered":"S\u00ed\u00f0ara T\u00edm\u00f3teusarbr\u00e9f 3. kafli"},"content":{"rendered":"<p><strong>3.1 <\/strong><em>\u00e1 s\u00ed\u00f0ustu d\u00f6gum: <\/em>&#8222;S\u00ed\u00f0ustu dagar&#8220; eru endir aldanna, \u00feegar Gu\u00f0 mun d\u00e6ma heiminn. V\u00ed\u00f0a \u00ed N\u00fdja testamenti er gert r\u00e1\u00f0 fyrir, a\u00f0 \u00fe\u00e1 muni villukenningar va\u00f0a uppi (2\u00deess 2.1-12; 2T\u00edm 3.1-9; 2P\u00e9t 3.3). Sj\u00e1 og &#8222;<a href=\"https:\/\/biblian.is\/fraedsla\/ordtakasafn\/efstu-dagar\/\">Efstu dagar<\/a>&#8222;.<\/p>\n<p><strong>3.6\u00a0<\/strong><em>mennirnir sem smeygja s\u00e9r inn \u00e1 heimilin og v\u00e9la kvensniftir sem syndum eru hla\u00f0nar: <\/em>Villukennendur beittu \u00feeirri l\u00e6v\u00edslegu a\u00f0fer\u00f0 a\u00f0 koma s\u00e9r inn undir hj\u00e1 kvenf\u00f3lki til \u00feess a\u00f0 n\u00e1 s\u00ed\u00f0an t\u00f6kum \u00e1 fj\u00f6lskyldum \u00feeirra.<\/p>\n<p><strong>3.8 <\/strong><em>Jannes og Jambres: <\/em>N\u00f6fn \u00feessara manna eru ekki nefnd \u00ed Gamla testamenti. En forn s\u00f6gn var a\u00f0 egypsku t\u00f6framennirnir tveir, sem settu sig upp \u00e1 m\u00f3ti M\u00f3se, hef\u00f0u heita\u00f0 \u00feetta. Sj\u00e1 2M\u00f3s 7.11,22.<\/p>\n<p><strong>3.11 <\/strong><em>ofs\u00f3knum og \u00fej\u00e1ningum&#8230;\u00ed Ant\u00edokk\u00edu, \u00cdk\u00f3n\u00edum og L\u00fdstru: <\/em>P\u00e1li og Barnabasi g\u00e9kk vel a\u00f0 pr\u00e9dika fagna\u00f0arerindi\u00f0 \u00ed Ant\u00edokk\u00edu \u00ed P\u00edsid\u00edu (Post 13.14-52). Sj\u00e1 n\u00e1nar um \u00cdk\u00f3n\u00edum og L\u00fdstru \u00ed Post 14.1-20.<\/p>\n<p><strong>3.15,16\u00a0<\/strong><em>heilagar ritningar&#8230;innbl\u00e1sin af Gu\u00f0i: <\/em>Helgirit Gy\u00f0inga (Gamla testamenti). Rit N\u00fdja testamentis voru or\u00f0in til m\u00f6rg hver, en \u00feau hafa veri\u00f0 torfengin og \u00feeim haf\u00f0i ekki enn veri\u00f0 safna\u00f0 saman.<\/p>\n","protected":false},"excerpt":{"rendered":"<p>3.1 \u00e1 s\u00ed\u00f0ustu d\u00f6gum: &#8222;S\u00ed\u00f0ustu dagar&#8220; eru endir aldanna, \u00feegar <a href=\"https:\/\/biblian.is\/fraedsla\/ritskyring\/sidara-timoteusarbref-3-kafli\/\"> [&#8230;]<\/a><\/p>\n","protected":false},"author":1,"featured_media":0,"parent":4829,"menu_order":0,"comment_status":"closed","ping_status":"closed","template":"","meta":{"footnotes":""},"class_list":["post-5658","page","type-page","status-publish","hentry"],"_links":{"self":[{"href":"https:\/\/biblian.is\/fraedsla\/wp-json\/wp\/v2\/pages\/5658","targetHints":{"allow":["GET"]}}],"collection":[{"href":"https:\/\/biblian.is\/fraedsla\/wp-json\/wp\/v2\/pages"}],"about":[{"href":"https:\/\/biblian.is\/fraedsla\/wp-json\/wp\/v2\/types\/page"}],"author":[{"embeddable":true,"href":"https:\/\/biblian.is\/fraedsla\/wp-json\/wp\/v2\/users\/1"}],"replies":[{"embeddable":true,"href":"https:\/\/biblian.is\/fraedsla\/wp-json\/wp\/v2\/comments?post=5658"}],"version-history":[{"count":0,"href":"https:\/\/biblian.is\/fraedsla\/wp-json\/wp\/v2\/pages\/5658\/revisions"}],"up":[{"embeddable":true,"href":"https:\/\/biblian.is\/fraedsla\/wp-json\/wp\/v2\/pages\/4829"}],"wp:attachment":[{"href":"https:\/\/biblian.is\/fraedsla\/wp-json\/wp\/v2\/media?parent=5658"}],"curies":[{"name":"wp","href":"https:\/\/api.w.org\/{rel}","templated":true}]}}