{"id":5656,"date":"2019-06-17T14:42:43","date_gmt":"2019-06-17T14:42:43","guid":{"rendered":"https:\/\/biblian.is\/fraedsla\/?page_id=5656"},"modified":"2025-06-27T02:12:00","modified_gmt":"2025-06-27T02:12:00","slug":"sidara-timoteusarbref-2-kafli","status":"publish","type":"page","link":"https:\/\/biblian.is\/fraedsla\/ritskyring\/sidara-timoteusarbref-2-kafli\/","title":{"rendered":"S\u00ed\u00f0ara T\u00edm\u00f3teusarbr\u00e9f 2. kafli"},"content":{"rendered":"<p><strong>2.8 <\/strong><em>af kyni Dav\u00ed\u00f0s: <\/em>V\u00ed\u00f0a \u00ed N\u00fdja testamenti er \u00feess geti\u00f0, a\u00f0 Jes\u00fas hafi veri\u00f0 &#8222;af \u00e6tt og kyni Dav\u00ed\u00f0s&#8220;, fr\u00e6gasta konungsins \u00ed \u00cdsrael (Matt 1.1-17; L\u00fak 2.1-4; R\u00f3m 1.1-4).<\/p>\n<p><strong>2.9 <\/strong><em>\u00ed fj\u00f6trum: <\/em>Sj\u00e1 athugagrein vi\u00f0 1.8 (Fyrirver\u00f0 \u00feig \u00fev\u00ed ekki)<\/p>\n<p><strong>2.9\u00a0<\/strong><em>or\u00f0 Gu\u00f0s: <\/em>Sj\u00e1 athugagrein vi\u00f0 1.8 (fagna\u00f0arerindisins).<\/p>\n<p><strong>2.10 <\/strong><em>hj\u00e1lpr\u00e6\u00f0i\u00f0: <\/em>\u00cd gr\u00edska frumtextanum segir: &#8222;hj\u00e1lpr\u00e6\u00f0i me\u00f0 eil\u00edfri d\u00fdr\u00f0.&#8220; Or\u00f0in eru s\u00f6mu merkingar og &#8222;eil\u00edft l\u00edf.&#8220; P\u00e1ll skilgreinir eil\u00edft l\u00edf \u00feannig, a\u00f0 \u00fea\u00f0 s\u00e9 f\u00f3lgi\u00f0 \u00ed \u00fev\u00ed a\u00f0 r\u00edsa upp til n\u00fds l\u00edfs me\u00f0 Kristi (R\u00f3m 6.4-8; 1Kor 15.20-55). Sj\u00e1 &#8222;<a href=\"https:\/\/biblian.is\/fraedsla\/ordtakasafn\/eilift-lif\/\">Eil\u00edft l\u00edf<\/a>&#8222;.<\/p>\n<p><strong>2.16-18 <\/strong><em>vanheilagt h\u00e9g\u00f3matal&#8230;segja upprisuna \u00feegar um gar\u00f0 gengna: <\/em>Kenningu \u00feeirra F\u00edletusar og H\u00fdmeneusar \u00feess efnis, a\u00f0 hinir dau\u00f0u hef\u00f0u \u00feegar veri\u00f0 reistir upp, kallar P\u00e1ll f\u00e1fengilegt h\u00e9g\u00f3mahjal. \u00deeir kunna og a\u00f0 hafa haldi\u00f0 \u00fev\u00ed fram, a\u00f0 l\u00edfi\u00f0 n\u00fdja \u00ed Kristi v\u00e6ri einungis andlegs en ekki l\u00edkamlegs e\u00f0lis. \u00dea\u00f0 kom ekki heim vi\u00f0 kenningu P\u00e1ls um \u00fea\u00f0 hvernig dau\u00f0ir r\u00edsa upp (1\u00deess 4.13-18) n\u00e9 heldur er \u00fea\u00f0 \u00ed samr\u00e6mi vi\u00f0 \u00fea\u00f0 sem hann kenndi um hinn andlega, \u00f3forgengilega l\u00edkama, er \u00feeim hlotnast sem erfa Gu\u00f0s r\u00edki (1Kor 15.35-55).<\/p>\n<p>H\u00fdmeneusar er og geti\u00f0 \u00ed 1T\u00edm 1.20, og segist P\u00e1ll \u00fear hafa &#8222;selt hann Satan \u00e1 vald&#8220;, og merkir \u00fea\u00f0 v\u00e6ntanlega a\u00f0 H\u00fdmeneus hafi veri\u00f0 rekinn \u00far s\u00f6fnu\u00f0inum.<\/p>\n<p><strong>2.21 <\/strong><em>h\u00fasb\u00f3ndanum: <\/em>Gu\u00f0i er h\u00e9r l\u00edkt vi\u00f0 heimilisf\u00f6\u00f0ur.<\/p>\n<p><strong>2.22 <\/strong><em>\u00e6skunnar girndir: <\/em>H\u00e9r kemur margt til greina; sumir a\u00f0hyllast kenningar, sem kitla eyrun (4.3), a\u00f0rir gera sig seka um taumleysi (3.3) og enn a\u00f0rir elska muna\u00f0arl\u00edfi\u00f0 meira en Gu\u00f0 (3.4).<\/p>\n<p><strong>2.26 <\/strong><em>dj\u00f6fulsins: <\/em>Dj\u00f6fullinn er h\u00f6f\u00f0ingi ill\u00fey\u00f0is og annarlegra afla, sem standa gegn Gu\u00f0i og l\u00fd\u00f0 hans.<\/p>\n","protected":false},"excerpt":{"rendered":"<p>2.8 af kyni Dav\u00ed\u00f0s: V\u00ed\u00f0a \u00ed N\u00fdja testamenti er \u00feess <a href=\"https:\/\/biblian.is\/fraedsla\/ritskyring\/sidara-timoteusarbref-2-kafli\/\"> [&#8230;]<\/a><\/p>\n","protected":false},"author":1,"featured_media":0,"parent":4829,"menu_order":0,"comment_status":"closed","ping_status":"closed","template":"","meta":{"footnotes":""},"class_list":["post-5656","page","type-page","status-publish","hentry"],"_links":{"self":[{"href":"https:\/\/biblian.is\/fraedsla\/wp-json\/wp\/v2\/pages\/5656","targetHints":{"allow":["GET"]}}],"collection":[{"href":"https:\/\/biblian.is\/fraedsla\/wp-json\/wp\/v2\/pages"}],"about":[{"href":"https:\/\/biblian.is\/fraedsla\/wp-json\/wp\/v2\/types\/page"}],"author":[{"embeddable":true,"href":"https:\/\/biblian.is\/fraedsla\/wp-json\/wp\/v2\/users\/1"}],"replies":[{"embeddable":true,"href":"https:\/\/biblian.is\/fraedsla\/wp-json\/wp\/v2\/comments?post=5656"}],"version-history":[{"count":0,"href":"https:\/\/biblian.is\/fraedsla\/wp-json\/wp\/v2\/pages\/5656\/revisions"}],"up":[{"embeddable":true,"href":"https:\/\/biblian.is\/fraedsla\/wp-json\/wp\/v2\/pages\/4829"}],"wp:attachment":[{"href":"https:\/\/biblian.is\/fraedsla\/wp-json\/wp\/v2\/media?parent=5656"}],"curies":[{"name":"wp","href":"https:\/\/api.w.org\/{rel}","templated":true}]}}