{"id":5651,"date":"2019-06-17T14:37:27","date_gmt":"2019-06-17T14:37:27","guid":{"rendered":"https:\/\/biblian.is\/fraedsla\/?page_id=5651"},"modified":"2025-06-27T02:08:44","modified_gmt":"2025-06-27T02:08:44","slug":"sidara-timoteusarbref-inngangur","status":"publish","type":"page","link":"https:\/\/biblian.is\/fraedsla\/ritskyring\/sidara-timoteusarbref-inngangur\/","title":{"rendered":"S\u00ed\u00f0ara T\u00edm\u00f3teusarbr\u00e9f &#8211; Inngangur"},"content":{"rendered":"<p><em>Herm\u00f6nnum er kenndur sj\u00e1lfsagi og \u00feeir \u00fej\u00e1lfa\u00f0ir \u00ed a\u00f0 taka hverju sem a\u00f0 h\u00f6ndum ber, jafnvel \u00fej\u00e1ningu og dau\u00f0a. \u00cd \u00feessu br\u00e9fi lesum vi\u00f0 um \u00fea\u00f0, hvers vegna T\u00edm\u00f3teusi er sagt a\u00f0 vera g\u00f3\u00f0ur herma\u00f0ur Krists Jes\u00fa.<\/em><em>\u00a0<\/em><\/p>\n<h3>Hver eru s\u00e9rkenni S\u00ed\u00f0ara T\u00edm\u00f3teusarbr\u00e9fs?<\/h3>\n<p>T\u00f3nninn \u00ed \u00feessu br\u00e9fi er pers\u00f3nulegri en \u00ed Fyrra T\u00edm\u00f3teusarbr\u00e9fi. T\u00edm\u00f3teus er P\u00e1li sem &#8222;elska\u00f0 barn&#8220; og P\u00e1ll minnist hans \u00e1n afl\u00e1ts \u00ed b\u00e6num s\u00ednum (1.2,3). M\u00f3\u00f0ir T\u00edm\u00f3teusar og amma eru b\u00e1\u00f0ar nefndar \u00e1 nafn. Og P\u00e1ll minnir T\u00edm\u00f3teus \u00e1, er hann lag\u00f0i yfir hann hendur og T\u00edm\u00f3teus \u00f6\u00f0la\u00f0ist n\u00e1\u00f0argj\u00f6f heilags anda, sem lei\u00f0beina mundi honum \u00ed starfi hans.<\/p>\n<h3>Hvert var tilefni S\u00ed\u00f0ara T\u00edm\u00f3teusarbr\u00e9fs?<\/h3>\n<p>\u00ddmsar breytingar ur\u00f0u \u00ed frumkirkjunni \u00e1 fyrstu \u00f6ldinni eftir Krists bur\u00f0. \u00dear kom, a\u00f0 lei\u00f0togar safna\u00f0anna g\u00e1tu b\u00faist vi\u00f0 a\u00f0 ver\u00f0a hnepptir \u00ed var\u00f0hald e\u00f0a me\u00f0 \u00f6\u00f0rum h\u00e6tti gr\u00e1tt leiknir af r\u00f3mverskum yfirv\u00f6ldum. Innan kirkjunnar spruttu upp n\u00fdjar kenningar, sem f\u00f3ru \u00ed b\u00e1ga vi\u00f0 hi\u00f0 upprunalega fagna\u00f0arerindi um dau\u00f0a Jes\u00fa \u00e1 krossinum og upprisu hans fr\u00e1 dau\u00f0um. H\u00f6fundur br\u00e9fsins segir T\u00edm\u00f3teusi a\u00f0 hann skuli vera &#8222;g\u00f3\u00f0ur herma\u00f0ur Krists Jes\u00fa&#8220; og l\u00e6ra a\u00f0 \u00feola illt (2.1,3). Sumir \u00feeir, sem segjast vera l\u00e6risveinar Jes\u00fa, hafa \u00feegar lent \u00ed &#8222;sn\u00f6ru dj\u00f6fulsins&#8220; og \u00fev\u00ed r\u00e1\u00f0leggur br\u00e9fritarinn T\u00edm\u00f3teusi a\u00f0 for\u00f0ast &#8222;\u00e6skunnar girndir&#8220; (2.20-26; 3.1-9). Hann hvetur T\u00edm\u00f3teus til \u00feess a\u00f0 halda \u00ferautg\u00f3\u00f0ur \u00e1fram a\u00f0 pr\u00e9dika or\u00f0i\u00f0, jafnvel \u00fe\u00f3 \u00fear a\u00f0 komi, a\u00f0 menn \u00feoli ekki &#8222;hina heiln\u00e6mu kenningu&#8220; (4.2,3-5).<\/p>\n<h3>N\u00e1nar um br\u00e9fi\u00f0<\/h3>\n<p>Af S\u00ed\u00f0ara T\u00edm\u00f3teusarbr\u00e9fi m\u00e1 r\u00e1\u00f0a, a\u00f0 P\u00e1ll situr \u00ed fangelsi \u00feegar \u00fea\u00f0 er skrifa\u00f0 (1.8,16) og b\u00fdst vi\u00f0 a\u00f0 ver\u00f0a tekinn af l\u00edfi innan skamms (4.6). T\u00edm\u00f3teus var P\u00e1li sem sonur (1T\u00edm 1.2), enda h\u00f6f\u00f0u \u00feeir veri\u00f0 reisubr\u00e6\u00f0ur og \u00e1tt me\u00f0 s\u00e9r n\u00e1i\u00f0 samstarf (R\u00f3m 16.21; 1Kor 16.10; Fil 2.19; Post 16.1-3).<\/p>\n<p>\u00deetta br\u00e9f, eins og Fyrra T\u00edm\u00f3teusarbr\u00e9f, hefur tr\u00falega veri\u00f0 rita\u00f0 ekki l\u00f6ngu \u00e1\u00f0ur en P\u00e1ll var allur. En l\u00edka m\u00e1 vera, a\u00f0 \u00fea\u00f0 hafi veri\u00f0 skrifa\u00f0 af l\u00e6risveini hans og \u00ed hans nafni, jafnvel kynsl\u00f3\u00f0 e\u00f0a tveimur eftir P\u00e1ls dag. Ekkert \u00fe\u00f3tti athugavert vi\u00f0 a\u00f0 skilja eftir sig skrif \u00ed annars nafni og sl\u00edkt var ekki \u00f3algengt \u00e1 fyrstu \u00f6ldinni. \u00dea\u00f0 var \u00fevert \u00e1 m\u00f3ti \u00e1liti\u00f0 mikill hei\u00f0ur fyrir \u00feann sem riti\u00f0 var eigna\u00f0.<\/p>\n<h3>Efnisyfirlit S\u00ed\u00f0ara T\u00edm\u00f3teusarbr\u00e9fs<\/h3>\n<ul>\n<li><strong>H\u00f6fundur upp\u00f6rvar T\u00edm\u00f3teus og leggur honum l\u00edfsreglurnar (1.1-2.26)<\/strong><\/li>\n<li><strong>Hugdirfska og tr\u00famennska allt til enda (3.1-4.8)<\/strong><\/li>\n<li><strong>Heilr\u00e6\u00f0i a\u00f0 lokum og kve\u00f0jur (4.9-22)<\/strong><\/li>\n<\/ul>\n","protected":false},"excerpt":{"rendered":"<p>Herm\u00f6nnum er kenndur sj\u00e1lfsagi og \u00feeir \u00fej\u00e1lfa\u00f0ir \u00ed a\u00f0 taka <a href=\"https:\/\/biblian.is\/fraedsla\/ritskyring\/sidara-timoteusarbref-inngangur\/\"> [&#8230;]<\/a><\/p>\n","protected":false},"author":1,"featured_media":0,"parent":4829,"menu_order":0,"comment_status":"closed","ping_status":"closed","template":"","meta":{"footnotes":""},"class_list":["post-5651","page","type-page","status-publish","hentry"],"_links":{"self":[{"href":"https:\/\/biblian.is\/fraedsla\/wp-json\/wp\/v2\/pages\/5651","targetHints":{"allow":["GET"]}}],"collection":[{"href":"https:\/\/biblian.is\/fraedsla\/wp-json\/wp\/v2\/pages"}],"about":[{"href":"https:\/\/biblian.is\/fraedsla\/wp-json\/wp\/v2\/types\/page"}],"author":[{"embeddable":true,"href":"https:\/\/biblian.is\/fraedsla\/wp-json\/wp\/v2\/users\/1"}],"replies":[{"embeddable":true,"href":"https:\/\/biblian.is\/fraedsla\/wp-json\/wp\/v2\/comments?post=5651"}],"version-history":[{"count":0,"href":"https:\/\/biblian.is\/fraedsla\/wp-json\/wp\/v2\/pages\/5651\/revisions"}],"up":[{"embeddable":true,"href":"https:\/\/biblian.is\/fraedsla\/wp-json\/wp\/v2\/pages\/4829"}],"wp:attachment":[{"href":"https:\/\/biblian.is\/fraedsla\/wp-json\/wp\/v2\/media?parent=5651"}],"curies":[{"name":"wp","href":"https:\/\/api.w.org\/{rel}","templated":true}]}}