{"id":5647,"date":"2019-06-17T14:34:32","date_gmt":"2019-06-17T14:34:32","guid":{"rendered":"https:\/\/biblian.is\/fraedsla\/?page_id=5647"},"modified":"2022-12-16T13:58:59","modified_gmt":"2022-12-16T13:58:59","slug":"fyrra-timoteusarbref-5-kafli","status":"publish","type":"page","link":"https:\/\/biblian.is\/fraedsla\/ritskyring\/fyrra-timoteusarbref-5-kafli\/","title":{"rendered":"Fyrra T\u00edm\u00f3teusarbr\u00e9f 5. kafli"},"content":{"rendered":"<p><strong>5.1 <\/strong><em>aldra\u00f0an mann: <\/em>\u00de\u00f3tt vera kunni, a\u00f0 h\u00e9r r\u00e6\u00f0i um gamla safna\u00f0arlei\u00f0toga, er hitt l\u00edklegra, a\u00f0 \u00e1tt s\u00e9 vi\u00f0 fullor\u00f0na menn yfirleitt. Hli\u00f0st\u00e6\u00f0an er \u00fe\u00e1 &#8222;aldra\u00f0ar konur&#8220; \u00ed 2. versi, sem \u00e1rei\u00f0anlega \u00fe\u00fd\u00f0ir ekki &#8222;kvenkyns safna\u00f0arlei\u00f0togar.&#8220; \u00cd versum 19-20 r\u00e6\u00f0ir hins vegar um &#8222;\u00f6ldunga&#8220; safna\u00f0arins.<\/p>\n<p><strong>5.3\u00a0<\/strong><em>Hei\u00f0ra ekkjur: <\/em>Me\u00f0 \u00fev\u00ed a\u00f0 taka &#8222;ekkju \u00e1 skr\u00e1 yfir ekkjur&#8220; (5.11) haf\u00f0i s\u00f6fnu\u00f0urinn hana upp fr\u00e1 \u00fev\u00ed \u00e1 framf\u00e6ri s\u00ednu. Nau\u00f0syn \u00feess a\u00f0 framfleyta ekkjum \u00ed frumkirkjunni er l\u00edka l\u00fdst \u00ed Post 6.1-6; 9.36,39 og Jak 1.27. Kirkjan haf\u00f0i \u00far takm\u00f6rku\u00f0um fj\u00e1rmunum a\u00f0 spila, svo a\u00f0eins \u00e1kve\u00f0nar ekkjur (\u00fe\u00e6r sem voru \u00f3umdeilanlega b\u00e1gstaddar) voru teknar &#8222;\u00e1 skr\u00e1&#8220;. Sj\u00e1 og 2M\u00f3s 22.22; 5M\u00f3s 24.17, 19-21; Jes 1.17 og Jer 49.11. A\u00f0 &#8222;hei\u00f0ra&#8220; kann h\u00e9r a\u00f0 merkja a\u00f0 &#8222;borga&#8220;.<\/p>\n<p><strong>5.9\u00a0<\/strong><em>eingift:<\/em>E\u00f0a &#8222;hafi veri\u00f0 tr\u00fa \u00ed hj\u00f3nabandi s\u00ednu&#8220; e\u00f0a &#8222;hafi aldrei skili\u00f0 vi\u00f0 manna sinn.&#8220;<\/p>\n<p><strong>5.10\u00a0<\/strong><em>\u00fevegi\u00f0 f\u00e6tur heilagra: <\/em>&#8222;bo\u00f0i\u00f0 tr\u00fasystkin velkomin heim til s\u00edn.&#8220; \u00c1 t\u00edmum N\u00fdja testamentis gengu menn \u00fdmist berf\u00e6ttir e\u00f0a \u00e1 bandask\u00f3m. S\u00e1, sem r\u00e9\u00f0i fyrir heimilinu, \u00fevo\u00f0i oft auf\u00fasugestum um f\u00e6turna.<\/p>\n<p><strong>5.11-14\u00a0<\/strong><em>ungar ekkjur giftist: <\/em>Ungar ekkjur voru ekki &#8222;teknar \u00e1 skr\u00e1&#8220; yfir hinar nau\u00f0st\u00f6ddu. \u00deess var v\u00e6nst af ekkju, sem tekin haf\u00f0i veri\u00f0 \u00e1 skr\u00e1, a\u00f0 h\u00fan v\u00e6ri upp fr\u00e1 \u00fev\u00ed sk\u00edrl\u00edf (leg\u00f0i ekki lag sitt vi\u00f0 karlmenn) og t\u00e6ki a\u00f0 s\u00e9r a\u00f0 r\u00e6kja \u00e1kve\u00f0nar skyldur s\u00f6nfu\u00f0inum til styrktar. H\u00f6fundur br\u00e9fsins m\u00e6lir me\u00f0 \u00fev\u00ed, a\u00f0 ungar ekkjur giftst fremur en a\u00f0 fara \u00e1 skr\u00e1 yfir f\u00e9vana ekkjur.<\/p>\n<p><strong>5.16 <\/strong><em>\u00e1 fyrir ekkjum a\u00f0 sj\u00e1: <\/em>Fj\u00f6lskyldum kristinna manna bar a\u00f0 ala \u00f6nn fyrir fr\u00e6ndli\u00f0i s\u00ednu (5.8), a\u00f0 ekkjunum a\u00f0 sj\u00e1lfs\u00f6g\u00f0u me\u00f0t\u00f6ldum. S\u00f6fnu\u00f0urinn skyldi einungis a\u00f0sto\u00f0a \u00fe\u00e6r ekkjur, sem enga \u00e1ttu a\u00f0.<\/p>\n<p><strong>5.16 <\/strong><em>kona&#8230;h\u00fan: <\/em>\u00cd sumum handritum &#8222;karl e\u00f0a kona&#8230;vi\u00f0komandi.<\/p>\n<p><strong>5.17 <\/strong><em>\u00d6ldungar: <\/em>Gr\u00edska or\u00f0i\u00f0 &#8222;presb\u00fdteroi&#8220; m\u00e1 \u00fdmist leggja \u00fat me\u00f0 &#8222;\u00f6ldungar&#8220;, &#8222;safna\u00f0arlei\u00f0togar&#8220; e\u00f0a &#8222;prestar&#8220;. H\u00e9r \u00e1 or\u00f0i\u00f0 l\u00edklega vi\u00f0 um alla \u00fe\u00e1, er h\u00f6f\u00f0u \u00e1 hendi \u00e1byrg\u00f0arst\u00f6rf \u00ed \u00fe\u00e1gu safna\u00f0arins og veittu honum forst\u00f6\u00f0u, a\u00f0 biskupum me\u00f0t\u00f6ldum.<\/p>\n<p><strong>5.17 <\/strong><em>haf\u00f0ir \u00ed tv\u00f6f\u00f6ldum metum: <\/em>E\u00f0a &#8222;f\u00e1i greidd tv\u00f6f\u00f6ld laun.&#8220;<\/p>\n<p><strong>5.20 <\/strong><em>\u00c1v\u00edta brotlega \u00ed vi\u00f0urvist allra: <\/em>\u00deessi a\u00f0fer\u00f0 minnir mj\u00f6g \u00e1 \u00fea\u00f0, sem Matteus gu\u00f0spjallama\u00f0ur hefur eftir sj\u00e1lfum Jes\u00fa (Matt 18.15-17). Framfer\u00f0i lei\u00f0togans snerti \u00ed raun alla safna\u00f0armenn og \u00fev\u00ed taldist r\u00e9tt a\u00f0 yfirheyra hann og \u00e1telja a\u00f0 \u00feeim vi\u00f0st\u00f6ddum.<\/p>\n<p><strong>5.21\u00a0<\/strong><em>engla: <\/em>Sj\u00e1 athugagrein vi\u00f0 3.16 (anda&#8230;englum).<\/p>\n<p><strong>5.22\u00a0<\/strong><em>v\u00edgja nokkurn mann: <\/em>Sj\u00e1 athugagrein um v\u00edgslu \u00ed <a href=\"https:\/\/biblian.is\/fraedsla\/ritskyring\/fyrra-timoteusarbref-inngangur\/\">Inngangi a\u00f0 Fyrra T\u00edm\u00f3teusarbr\u00e9fi<\/a>.<\/p>\n","protected":false},"excerpt":{"rendered":"<p>5.1 aldra\u00f0an mann: \u00de\u00f3tt vera kunni, a\u00f0 h\u00e9r r\u00e6\u00f0i um <a href=\"https:\/\/biblian.is\/fraedsla\/ritskyring\/fyrra-timoteusarbref-5-kafli\/\"> [&#8230;]<\/a><\/p>\n","protected":false},"author":1,"featured_media":0,"parent":4829,"menu_order":0,"comment_status":"closed","ping_status":"closed","template":"","meta":{"footnotes":""},"class_list":["post-5647","page","type-page","status-publish","hentry"],"_links":{"self":[{"href":"https:\/\/biblian.is\/fraedsla\/wp-json\/wp\/v2\/pages\/5647","targetHints":{"allow":["GET"]}}],"collection":[{"href":"https:\/\/biblian.is\/fraedsla\/wp-json\/wp\/v2\/pages"}],"about":[{"href":"https:\/\/biblian.is\/fraedsla\/wp-json\/wp\/v2\/types\/page"}],"author":[{"embeddable":true,"href":"https:\/\/biblian.is\/fraedsla\/wp-json\/wp\/v2\/users\/1"}],"replies":[{"embeddable":true,"href":"https:\/\/biblian.is\/fraedsla\/wp-json\/wp\/v2\/comments?post=5647"}],"version-history":[{"count":0,"href":"https:\/\/biblian.is\/fraedsla\/wp-json\/wp\/v2\/pages\/5647\/revisions"}],"up":[{"embeddable":true,"href":"https:\/\/biblian.is\/fraedsla\/wp-json\/wp\/v2\/pages\/4829"}],"wp:attachment":[{"href":"https:\/\/biblian.is\/fraedsla\/wp-json\/wp\/v2\/media?parent=5647"}],"curies":[{"name":"wp","href":"https:\/\/api.w.org\/{rel}","templated":true}]}}