{"id":5635,"date":"2019-06-17T14:18:41","date_gmt":"2019-06-17T14:18:41","guid":{"rendered":"https:\/\/biblian.is\/fraedsla\/?page_id=5635"},"modified":"2025-06-27T02:10:13","modified_gmt":"2025-06-27T02:10:13","slug":"sidara-thessalonikubref-3-kafli","status":"publish","type":"page","link":"https:\/\/biblian.is\/fraedsla\/ritskyring\/sidara-thessalonikubref-3-kafli\/","title":{"rendered":"S\u00ed\u00f0ara \u00deessalon\u00edkubr\u00e9f 3. kafli"},"content":{"rendered":"<p><strong>3.1 <\/strong><em>Bi\u00f0ji\u00f0 fyrir m\u00e9r: <\/em>P\u00e1ll bi\u00f0ur lesendur s\u00edna i\u00f0ulega a\u00f0 bi\u00f0ja fyrir s\u00e9r (R\u00f3m 15.30; Fil 1.19; K\u00f3l 4.3,4). Sj\u00e1 og &#8222;<a href=\"https:\/\/biblian.is\/fraedsla\/ordtakasafn\/baen\/\">B\u00e6n<\/a>&#8222;.<\/p>\n<p><strong>3.8\u00a0<\/strong><em>vann \u00e9g me\u00f0 erfi\u00f0i og striti: <\/em>Sj\u00e1 athugagrein vi\u00f0 1\u00deess 2.9. Sj\u00e1 og Post 18.3 og 1Kor 9.1-18.<\/p>\n<p><strong>3.11\u00a0<\/strong><em>nokkur me\u00f0al ykkar sl\u00e6past: <\/em>Sumt kirkjuf\u00f3lki\u00f0 n\u00edddist tr\u00falega \u00e1 g\u00f3\u00f0semi annarra. L\u00edka m\u00e1 vera, a\u00f0 einhverjum hafi fundist \u00f3\u00fearfi a\u00f0 vinna, \u00far \u00fev\u00ed a\u00f0 endurkoma Jes\u00fa v\u00e6ri \u00e1 n\u00e6stum gr\u00f6sum.<\/p>\n<p><strong>3.17 <\/strong><em>\u00deannig skrifa \u00e9g: <\/em>Br\u00e9fi\u00f0 hefur veri\u00f0 skrifa\u00f0 upp af ritara; en P\u00e1ll skrifar sj\u00e1lfur undir me\u00f0 eigin hendi.<\/p>\n","protected":false},"excerpt":{"rendered":"<p>3.1 Bi\u00f0ji\u00f0 fyrir m\u00e9r: P\u00e1ll bi\u00f0ur lesendur s\u00edna i\u00f0ulega a\u00f0 <a href=\"https:\/\/biblian.is\/fraedsla\/ritskyring\/sidara-thessalonikubref-3-kafli\/\"> [&#8230;]<\/a><\/p>\n","protected":false},"author":1,"featured_media":0,"parent":4829,"menu_order":0,"comment_status":"closed","ping_status":"closed","template":"","meta":{"footnotes":""},"class_list":["post-5635","page","type-page","status-publish","hentry"],"_links":{"self":[{"href":"https:\/\/biblian.is\/fraedsla\/wp-json\/wp\/v2\/pages\/5635","targetHints":{"allow":["GET"]}}],"collection":[{"href":"https:\/\/biblian.is\/fraedsla\/wp-json\/wp\/v2\/pages"}],"about":[{"href":"https:\/\/biblian.is\/fraedsla\/wp-json\/wp\/v2\/types\/page"}],"author":[{"embeddable":true,"href":"https:\/\/biblian.is\/fraedsla\/wp-json\/wp\/v2\/users\/1"}],"replies":[{"embeddable":true,"href":"https:\/\/biblian.is\/fraedsla\/wp-json\/wp\/v2\/comments?post=5635"}],"version-history":[{"count":0,"href":"https:\/\/biblian.is\/fraedsla\/wp-json\/wp\/v2\/pages\/5635\/revisions"}],"up":[{"embeddable":true,"href":"https:\/\/biblian.is\/fraedsla\/wp-json\/wp\/v2\/pages\/4829"}],"wp:attachment":[{"href":"https:\/\/biblian.is\/fraedsla\/wp-json\/wp\/v2\/media?parent=5635"}],"curies":[{"name":"wp","href":"https:\/\/api.w.org\/{rel}","templated":true}]}}