{"id":5633,"date":"2019-06-17T14:17:53","date_gmt":"2019-06-17T14:17:53","guid":{"rendered":"https:\/\/biblian.is\/fraedsla\/?page_id=5633"},"modified":"2025-06-27T02:10:13","modified_gmt":"2025-06-27T02:10:13","slug":"sidara-thessalonikubref-2-kafli","status":"publish","type":"page","link":"https:\/\/biblian.is\/fraedsla\/ritskyring\/sidara-thessalonikubref-2-kafli\/","title":{"rendered":"S\u00ed\u00f0ara \u00deessalon\u00edkubr\u00e9f 2. kafli"},"content":{"rendered":"<p><strong>2.1 <\/strong><em>vi\u00f0 s\u00f6fnumst til hans: <\/em>H\u00e9r r\u00e6\u00f0ir P\u00e1ll um \u00fea\u00f0, er l\u00e6risveinar Jes\u00fa sem d\u00e1nir eru, safnast til hans, \u00e1samt \u00feeim sem ver\u00f0a \u00e1 l\u00edfi vi\u00f0 endurkomu hans (1\u00deess 4.13-17).<\/p>\n<p><strong>2.2\u00a0<\/strong><em>a\u00f0 dagur Drottins s\u00e9 \u00feegar fyrir h\u00f6ndum: <\/em>Skilningur sumra safna\u00f0armanna \u00ed \u00deessalon\u00edku \u00e1 endurkomu Jes\u00fa var \u00f3lj\u00f3s vegna rangrar fr\u00e6\u00f0slu villukennenda.<\/p>\n<p><strong>2.3\u00a0<\/strong><em>sonur gl\u00f6tunarinnar: <\/em>S\u00e1, sem setur sig \u00e1 m\u00f3ti Gu\u00f0i og gerir sj\u00e1lfan sig a\u00f0 Gu\u00f0i (2.4). Satan getur l\u00e1ti\u00f0 illmenni vinna kraftaverk til \u00feess a\u00f0 menn haldi, a\u00f0 vi\u00f0komandi s\u00e9 gu\u00f0legrar \u00e6ttar (2.9). Sj\u00e1 og Dan 11.29-39; 1J\u00f3h 2.18.<\/p>\n<p><strong>2.4\u00a0<\/strong><em>musteri Gu\u00f0s: <\/em>Musteri\u00f0 \u00ed Jer\u00fasalem var mi\u00f0st\u00f6\u00f0 gu\u00f0sd\u00fdrkunar Gy\u00f0inga \u00feanga\u00f0 til R\u00f3mverjar l\u00f6g\u00f0u \u00fea\u00f0 \u00ed r\u00fast \u00e1ri\u00f0 70 e.Kr. S\u00e1, sem settist \u00ed musteri Gu\u00f0s og ger\u00f0i sj\u00e1lfan sig a\u00f0 Gu\u00f0i, yr\u00f0i sekur um h\u00f6fu\u00f0synd. \u00deetta haf\u00f0i \u00fe\u00f3 gerst tveimur \u00f6ldum \u00e1\u00f0ur, e\u00f0a \u00e1ri\u00f0 168 f. Kr., \u00feegar Ant\u00edokkus Ep\u00edfanes S\u00fdrlandskonungur kom fyrir styttu af sj\u00e1lfum s\u00e9r \u00ed musterinu.<\/p>\n<p><strong>2.7\u00a0<\/strong><em>ry\u00f0ja \u00feeim burt sem stendur \u00ed vegi: <\/em>Ekki er vita\u00f0, hver \u00feetta hefur veri\u00f0. Sumir fr\u00e6\u00f0imenn telja, a\u00f0 \u00fea\u00f0 s\u00e9u r\u00f3mversku yfirv\u00f6ldin, sem h\u00e9ldu uppi l\u00f6gum og reglu \u00ed keisarad\u00e6minu, svo a\u00f0 engum hef\u00f0i li\u00f0ist a\u00f0 ry\u00f0ja l\u00e6risveinum Krists \u00far vegi. A\u00f0rir \u00e1l\u00edta, a\u00f0 \u00e1tt s\u00e9 vi\u00f0 heilagan anda, e\u00f0a \u00fe\u00e1 erkiengilinn Mikael (1\u00deess 4.16), e\u00f0a jafnvel engilinn sem kasta\u00f0i Satan \u00ed undirdj\u00fapi\u00f0 (Opb 20.1-3).<\/p>\n<p><strong>2.8\u00a0<\/strong><em>tort\u00edma honum me\u00f0 anda munns s\u00edns: <\/em>\u00cd Jobsb\u00f3k er \u00fev\u00ed l\u00fdst, hvernig illvirkjar hverfa &#8222;fyrir andgusti Gu\u00f0s&#8220; (Job 4.8,9). Sj\u00e1 og Opb 19.11-16.<\/p>\n<p><strong>2.9\u00a0<\/strong><em>\u00deegar l\u00f6gleysinginn kemur&#8230;Satan: <\/em>Sj\u00e1 athugagrein vi\u00f0 2.3. Satan notar &#8222;l\u00f6gleysingjann&#8220; til \u00feess a\u00f0 blekkja f\u00f3lk.<\/p>\n<p><strong>2.10\u00a0<\/strong><em>\u00e1 gl\u00f6tunarlei\u00f0: <\/em>Or\u00f0i\u00f0 &#8222;gl\u00f6tun&#8220; er haft um afdrif \u00feeirra, sem ekki vilja tr\u00faa \u00e1 Jes\u00fa Krist.<\/p>\n<p><strong>2.10 <\/strong><em>ver\u00f0a h\u00f3pin: <\/em>A\u00f0 &#8222;ver\u00f0a h\u00f3lpinn&#8220; er sama og a\u00f0 &#8222;eignast eil\u00edft l\u00edf.&#8220; Sj\u00e1 n\u00e1nar &#8222;<a href=\"https:\/\/biblian.is\/fraedsla\/ordtakasafn\/hjalpraedi\/\">K\u00e6rleikur Gu\u00f0s frelsar (Hj\u00e1lpr\u00e6\u00f0i)<\/a>&#8222;.<\/p>\n<p><strong>2.13 <\/strong><em>Gu\u00f0 \u00fatvaldi ykkur&#8230;&#8230;l\u00e9t andann helga ykkur: <\/em>P\u00e1ll v\u00edkur oft a\u00f0 \u00fev\u00ed \u00ed br\u00e9fum s\u00ednum, a\u00f0 Gu\u00f0 hafi \u00fatvali\u00f0 menn til \u00feess a\u00f0 heyra til Gu\u00f0s l\u00fd\u00f0. Sj\u00e1 athugagrein vi\u00f0 1\u00deess 5.19,20 og &#8222;<a href=\"https:\/\/biblian.is\/fraedsla\/ordtakasafn\/heilagur-andi\/\">Heilagur andi<\/a>&#8222;. Sj\u00e1 og athugagrein vi\u00f0 1\u00deess 4.3.<\/p>\n<p><strong>2.16\u00a0<\/strong><em>Gu\u00f0, fa\u00f0ir vor&#8230;gaf oss \u00ed n\u00e1\u00f0 eil\u00edfa huggun:<\/em>Sj\u00e1 athugagrein vi\u00f0 1.1 (Gu\u00f0i, f\u00f6\u00f0ur vorum). Or\u00f0i\u00f0 &#8222;huggun&#8220; (\u00e1 gr\u00edsku &#8222;paraklesis&#8220;) er hi\u00f0 samstofna or\u00f0inu &#8222;huggari&#8220;, sem Jes\u00fas hefur um heilagan anda \u00ed J\u00f3h 14.16.<\/p>\n<p><strong>2.16 <\/strong><em>Drottinn vor Jes\u00fas Kristur: <\/em>Sj\u00e1 athugagrein vi\u00f0 1.1 (Gu\u00f0i, f\u00f6\u00f0ur vorum).<\/p>\n","protected":false},"excerpt":{"rendered":"<p>2.1 vi\u00f0 s\u00f6fnumst til hans: H\u00e9r r\u00e6\u00f0ir P\u00e1ll um \u00fea\u00f0, <a href=\"https:\/\/biblian.is\/fraedsla\/ritskyring\/sidara-thessalonikubref-2-kafli\/\"> [&#8230;]<\/a><\/p>\n","protected":false},"author":1,"featured_media":0,"parent":4829,"menu_order":0,"comment_status":"closed","ping_status":"closed","template":"","meta":{"footnotes":""},"class_list":["post-5633","page","type-page","status-publish","hentry"],"_links":{"self":[{"href":"https:\/\/biblian.is\/fraedsla\/wp-json\/wp\/v2\/pages\/5633","targetHints":{"allow":["GET"]}}],"collection":[{"href":"https:\/\/biblian.is\/fraedsla\/wp-json\/wp\/v2\/pages"}],"about":[{"href":"https:\/\/biblian.is\/fraedsla\/wp-json\/wp\/v2\/types\/page"}],"author":[{"embeddable":true,"href":"https:\/\/biblian.is\/fraedsla\/wp-json\/wp\/v2\/users\/1"}],"replies":[{"embeddable":true,"href":"https:\/\/biblian.is\/fraedsla\/wp-json\/wp\/v2\/comments?post=5633"}],"version-history":[{"count":0,"href":"https:\/\/biblian.is\/fraedsla\/wp-json\/wp\/v2\/pages\/5633\/revisions"}],"up":[{"embeddable":true,"href":"https:\/\/biblian.is\/fraedsla\/wp-json\/wp\/v2\/pages\/4829"}],"wp:attachment":[{"href":"https:\/\/biblian.is\/fraedsla\/wp-json\/wp\/v2\/media?parent=5633"}],"curies":[{"name":"wp","href":"https:\/\/api.w.org\/{rel}","templated":true}]}}